{"id":4453,"date":"2024-06-07T02:32:49","date_gmt":"2024-06-07T02:32:49","guid":{"rendered":"https:\/\/www.hyflexpack.com\/?post_type=product&#038;p=4453"},"modified":"2025-11-04T09:22:10","modified_gmt":"2025-11-04T09:22:10","slug":"cold-seal-film-solutions","status":"publish","type":"product","link":"https:\/\/www.hyflexpack.com\/ro\/product\/cold-seal-film-solutions\/","title":{"rendered":"UV Coating Cold Seal Film Solutions High Barrier Shrink Wrap Plastic Film\u00a0"},"content":{"rendered":"<div class=\"wp-block-columns is-layout-flex wp-container-core-columns-is-layout-9d6595d7 wp-block-columns-is-layout-flex\">\n<div class=\"wp-block-column is-layout-flow wp-block-column-is-layout-flow\">\n<h3 class=\"wp-block-heading\">Caracteristici ale filmului de \u00eenalt\u0103 calitate cu acoperire UV \u0219i sigilare la rece<\/h3>\n\n\n\n<ul class=\"wp-block-list\">\n<li>Tratament superior de acoperire UV: Filmele Cold Seal utilizeaz\u0103 o tehnologie avansat\u0103 de acoperire UV pentru a spori rezisten\u021ba la abraziune \u0219i str\u0103lucirea filmului, oferind efecte vizuale \u0219i propriet\u0103\u021bi de protec\u021bie mai bune.<\/li>\n<\/ul>\n\n\n\n<p><\/p>\n\n\n\n<ul class=\"wp-block-list\">\n<li>Sigilare eficient\u0103 la rece: Sigilare f\u0103r\u0103 \u00eenc\u0103lzire, u\u0219or de utilizat, trebuie doar s\u0103 aplica\u021bi presiune pentru a realiza o etan\u0219are str\u00e2ns\u0103, potrivit\u0103 pentru o varietate de aplica\u021bii de ambalare.<\/li>\n<\/ul>\n\n\n\n<p><\/p>\n\n\n\n<ul class=\"wp-block-list\">\n<li>Performan\u021b\u0103 ridicat\u0103 de barier\u0103: Materialele de \u00eenalt\u0103 calitate ofer\u0103 performan\u021be excelente de barier\u0103, \u00eempiedic\u00e2nd \u00een mod eficient p\u0103trunderea oxigenului, umidit\u0103\u021bii etc. pentru a men\u021bine prospe\u021bimea \u0219i calitatea produselor.<\/li>\n<\/ul>\n\n\n\n<p><\/p>\n\n\n\n<ul class=\"wp-block-list\">\n<li>Serviciul OEM\/ODM: Furnizarea de servicii personalizate \u0219i personalizate pentru a satisface nevoile unice ale clien\u021bilor \u0219i pentru a sprijini proiectarea m\u0103rcii \u0219i pozi\u021bionarea pe pia\u021b\u0103.<\/li>\n<\/ul>\n\n\n\n<p><\/p>\n\n\n\n<ul class=\"wp-block-list\">\n<li>Materiale ecologice: Utiliza\u021bi materiale ecologice care respect\u0103 standardele interna\u021bionale, sunt sigure \u0219i non-toxice \u0219i contribuie la obiectivul de dezvoltare durabil\u0103.<\/li>\n<\/ul>\n<\/div>\n\n\n\n<div class=\"wp-block-column is-layout-flow wp-block-column-is-layout-flow\">\n<figure class=\"wp-block-image size-full\"><img fetchpriority=\"high\" decoding=\"async\" width=\"750\" height=\"750\" src=\"https:\/\/www.hyflexpack.com\/wp-content\/uploads\/2024\/06\/wholesale-Cold-Seal-Film-OEMODM-3.webp\" alt=\"en-gros Cold Seal Film OEMODM\" class=\"wp-image-4456\" srcset=\"https:\/\/www.hyflexpack.com\/wp-content\/uploads\/2024\/06\/wholesale-Cold-Seal-Film-OEMODM-3.webp 750w, https:\/\/www.hyflexpack.com\/wp-content\/uploads\/2024\/06\/wholesale-Cold-Seal-Film-OEMODM-3-300x300.webp 300w, https:\/\/www.hyflexpack.com\/wp-content\/uploads\/2024\/06\/wholesale-Cold-Seal-Film-OEMODM-3-150x150.webp 150w, https:\/\/www.hyflexpack.com\/wp-content\/uploads\/2024\/06\/wholesale-Cold-Seal-Film-OEMODM-3-12x12.webp 12w, https:\/\/www.hyflexpack.com\/wp-content\/uploads\/2024\/06\/wholesale-Cold-Seal-Film-OEMODM-3-285x285.webp 285w, https:\/\/www.hyflexpack.com\/wp-content\/uploads\/2024\/06\/wholesale-Cold-Seal-Film-OEMODM-3-270x270.webp 270w, https:\/\/www.hyflexpack.com\/wp-content\/uploads\/2024\/06\/wholesale-Cold-Seal-Film-OEMODM-3-540x540.webp 540w, https:\/\/www.hyflexpack.com\/wp-content\/uploads\/2024\/06\/wholesale-Cold-Seal-Film-OEMODM-3-660x660.webp 660w\" sizes=\"(max-width: 750px) 100vw, 750px\" \/><\/figure>\n<\/div>\n<\/div>","protected":false},"excerpt":{"rendered":"<p>Filmele noastre de sigilare la rece acoperite cu UV ofer\u0103 o rezisten\u021b\u0103 excelent\u0103 la abraziune \u0219i luciu \u0219i nu necesit\u0103 c\u0103ldur\u0103 pentru o sigilare eficient\u0103, ceea ce le face potrivite pentru o gam\u0103 larg\u0103 de aplica\u021bii de ambalare. Sus\u021bin\u00e2nd servicii personalizate de personalizare OEM\/ODM \u0219i folosind materiale ecologice care sunt sigure \u0219i non-toxice, acestea sunt ideale pentru \u00eenalt\u0103 calitate.<\/p>\n<h3>Avantajele acoperirii UV Furnizor de film de etan\u0219are la rece<\/h3>\n<ul>\n<li><strong>Proiectare personalizat\u0103<\/strong>: Oferim servicii personalizate de design pentru pungi de ceai, inclusiv materiale, dimensiuni \u0219i personalizare a modelului de imprimare pentru a satisface nevoile clien\u021bilor, sus\u021bin\u00e2nd OEM \u0219i ODM.<\/li>\n<li><strong>Avantaj concuren\u021bial<\/strong>: Aceste pungi de ceai pot spori semnificativ competitivitatea pe pia\u021b\u0103 a produselor prin designul lor multifunc\u021bional (cum ar fi \u00eenchiderea autosigilant\u0103 \u0219i cu s\u00e2rm\u0103 metalic\u0103) \u0219i imprimarea de \u00eenalt\u0103 calitate.<\/li>\n<li><strong>Materiale ecologice<\/strong>: Utilizarea de materiale ecologice, cum ar fi materialele compozite biodegradabile sau reciclabile. Acest lucru r\u0103spunde nevoilor ecologice ale consumatorilor \u0219i ajut\u0103 \u00eentreprinderile s\u0103 \u00ee\u0219i construiasc\u0103 o imagine de marc\u0103 ecologic\u0103.<\/li>\n<li><strong>Eficien\u021ba produc\u021biei<\/strong>: Echipamentele \u0219i tehnicile moderne de produc\u021bie pot cre\u0219te eficien\u021ba produc\u021biei, pot reduce costurile unitare \u0219i pot asigura o aprovizionare constant\u0103 cu produse de \u00eenalt\u0103 calitate.<\/li>\n<li><strong>Mostr\u0103 gratuit\u0103<\/strong>: Un serviciu de mostre gratuite este oferit pentru a evalua produsele.<\/li>\n<\/ul>\n<p>Huiyang Packaging se angajeaz\u0103 s\u0103 furnizeze clien\u021bilor folii de \u00eenalt\u0103 calitate, personalizate pentru sigilarea la rece, pentru a ajuta clien\u021bii s\u0103-\u0219i \u00eembun\u0103t\u0103\u021beasc\u0103 imaginea produselor \u0219i nevoile de protec\u021bie a mediului \u0219i pentru a spori competitivitatea pe pia\u021b\u0103.<\/p>","protected":false},"featured_media":4455,"comment_status":"open","ping_status":"closed","template":"","meta":[],"product_brand":[],"product_cat":[53,86],"product_tag":[],"class_list":{"0":"post-4453","1":"product","2":"type-product","3":"status-publish","4":"has-post-thumbnail","6":"product_cat-packaging-film-supplier","7":"product_cat-cold-seal-film","9":"first","10":"instock","11":"shipping-taxable","12":"product-type-simple"},"_links":{"self":[{"href":"https:\/\/www.hyflexpack.com\/ro\/wp-json\/wp\/v2\/product\/4453","targetHints":{"allow":["GET"]}}],"collection":[{"href":"https:\/\/www.hyflexpack.com\/ro\/wp-json\/wp\/v2\/product"}],"about":[{"href":"https:\/\/www.hyflexpack.com\/ro\/wp-json\/wp\/v2\/types\/product"}],"replies":[{"embeddable":true,"href":"https:\/\/www.hyflexpack.com\/ro\/wp-json\/wp\/v2\/comments?post=4453"}],"wp:featuredmedia":[{"embeddable":true,"href":"https:\/\/www.hyflexpack.com\/ro\/wp-json\/wp\/v2\/media\/4455"}],"wp:attachment":[{"href":"https:\/\/www.hyflexpack.com\/ro\/wp-json\/wp\/v2\/media?parent=4453"}],"wp:term":[{"taxonomy":"product_brand","embeddable":true,"href":"https:\/\/www.hyflexpack.com\/ro\/wp-json\/wp\/v2\/product_brand?post=4453"},{"taxonomy":"product_cat","embeddable":true,"href":"https:\/\/www.hyflexpack.com\/ro\/wp-json\/wp\/v2\/product_cat?post=4453"},{"taxonomy":"product_tag","embeddable":true,"href":"https:\/\/www.hyflexpack.com\/ro\/wp-json\/wp\/v2\/product_tag?post=4453"}],"curies":[{"name":"wp","href":"https:\/\/api.w.org\/{rel}","templated":true}]}}