{"id":4437,"date":"2024-06-06T04:04:49","date_gmt":"2024-06-06T04:04:49","guid":{"rendered":"https:\/\/www.hyflexpack.com\/?post_type=product&#038;p=4437"},"modified":"2024-06-06T06:06:29","modified_gmt":"2024-06-06T06:06:29","slug":"custom-printed-roll-stock-film","status":"publish","type":"product","link":"https:\/\/www.hyflexpack.com\/ro\/product\/custom-printed-roll-stock-film\/","title":{"rendered":"Filme imprimate personalizate pentru ambalarea bomboanelor Lolipop Sachet"},"content":{"rendered":"<div class=\"wp-block-columns is-layout-flex wp-container-core-columns-is-layout-9d6595d7 wp-block-columns-is-layout-flex\">\n<div class=\"wp-block-column is-layout-flow wp-block-column-is-layout-flow\">\n<h3 class=\"wp-block-heading\">Caracteristici ale filmelor tip\u0103rite de \u00eenalt\u0103 calitate<\/h3>\n\n\n\n<ul class=\"wp-block-list\">\n<li>Imprimare de \u00eenalt\u0103 calitate: filmul imprimat personalizat adopt\u0103 cea mai avansat\u0103 tehnologie de imprimare cu culori str\u0103lucitoare \u0219i modele clare pentru a \u00eembun\u0103t\u0103\u021bi imaginea de marc\u0103.<\/li>\n<\/ul>\n\n\n\n<p><\/p>\n\n\n\n<ul class=\"wp-block-list\">\n<li>Protec\u021bie excelent\u0103: Materialele laminate de \u00eenalt\u0103 calitate ofer\u0103 o protec\u021bie excelent\u0103 \u00eempotriva umezelii, prafului \u0219i UV pentru a se asigura c\u0103 bomboanele r\u0103m\u00e2n proaspete \u00een timpul transportului \u0219i depozit\u0103rii.<\/li>\n<\/ul>\n\n\n\n<p><\/p>\n\n\n\n<ul class=\"wp-block-list\">\n<li>Automatizare extrem de eficient\u0103: Proiectat pentru a fi potrivit pentru o varietate de ma\u0219ini automate de ambalare, acesta \u00eembun\u0103t\u0103\u021be\u0219te semnificativ eficien\u021ba produc\u021biei, reduce opera\u021biunile manuale, economise\u0219te costurile de produc\u021bie \u0219i \u00eembun\u0103t\u0103\u021be\u0219te eficien\u021ba general\u0103 a produc\u021biei.<\/li>\n<\/ul>\n\n\n\n<p><\/p>\n\n\n\n<ul class=\"wp-block-list\">\n<li>Materiale ecologice: Utilizarea de materiale ecologice care respect\u0103 standardele interna\u021bionale este sigur\u0103 \u0219i non-toxic\u0103, asigur\u00e2nd c\u0103 ambalajul produsului este prietenos cu consumatorii \u0219i cu mediul \u0219i contribuind la dezvoltarea durabil\u0103.<\/li>\n<\/ul>\n<\/div>\n\n\n\n<div class=\"wp-block-column is-layout-flow wp-block-column-is-layout-flow\">\n<figure class=\"wp-block-image size-full\"><img fetchpriority=\"high\" decoding=\"async\" width=\"750\" height=\"750\" src=\"https:\/\/www.hyflexpack.com\/wp-content\/uploads\/2024\/06\/Custom-Printed-Roll-Stock-14.webp\" alt=\"Role imprimate personalizate \" class=\"wp-image-4446\" srcset=\"https:\/\/www.hyflexpack.com\/wp-content\/uploads\/2024\/06\/Custom-Printed-Roll-Stock-14.webp 750w, https:\/\/www.hyflexpack.com\/wp-content\/uploads\/2024\/06\/Custom-Printed-Roll-Stock-14-300x300.webp 300w, https:\/\/www.hyflexpack.com\/wp-content\/uploads\/2024\/06\/Custom-Printed-Roll-Stock-14-150x150.webp 150w, https:\/\/www.hyflexpack.com\/wp-content\/uploads\/2024\/06\/Custom-Printed-Roll-Stock-14-12x12.webp 12w, https:\/\/www.hyflexpack.com\/wp-content\/uploads\/2024\/06\/Custom-Printed-Roll-Stock-14-285x285.webp 285w, https:\/\/www.hyflexpack.com\/wp-content\/uploads\/2024\/06\/Custom-Printed-Roll-Stock-14-270x270.webp 270w, https:\/\/www.hyflexpack.com\/wp-content\/uploads\/2024\/06\/Custom-Printed-Roll-Stock-14-540x540.webp 540w, https:\/\/www.hyflexpack.com\/wp-content\/uploads\/2024\/06\/Custom-Printed-Roll-Stock-14-660x660.webp 660w\" sizes=\"(max-width: 750px) 100vw, 750px\" \/><\/figure>\n<\/div>\n<\/div>","protected":false},"excerpt":{"rendered":"<p>Afla\u021bi mai multe despre folia stocat\u0103 pe role cu imprimare personalizat\u0103, conceput\u0103 pentru ambalarea bomboanelor \u0219i a pungilor de acadele, cu materiale premium care asigur\u0103 o protec\u021bie superioar\u0103 \u0219i men\u021bin bomboanele proaspete. Compatibile cu o varietate de ma\u0219ini automate de ambalare, realiz\u00e2nd o produc\u021bie automatizat\u0103 eficient\u0103 \u0219i economisind costurile. Alege\u021bi-ne pentru cea mai bun\u0103 solu\u021bie de ambalare.<\/p>\n<h3>Avantajele furnizorului de folii imprimate \u00een rulouri<\/h3>\n<ul>\n<li><strong>Proiectare personalizat\u0103<\/strong>: Furnizarea de solu\u021bii de design personalizate \u0219i ambalaje personalizate cu diferite specifica\u021bii, dimensiuni \u0219i modele de imprimare \u00een func\u021bie de nevoile clien\u021bilor.<\/li>\n<li><strong>Asigurarea calit\u0103\u021bii<\/strong>: Controla\u021bi cu stricte\u021be procesul de produc\u021bie \u0219i alege\u021bi materiale de \u00eenalt\u0103 calitate \u0219i echipamente avansate pentru a asigura o calitate stabil\u0103 \u0219i fiabil\u0103 a produselor.<\/li>\n<li><strong>Livrare la timp<\/strong>: Optimizarea procesului de produc\u021bie, \u00eembun\u0103t\u0103\u021birea eficien\u021bei produc\u021biei, pentru a asigura livrarea la timp a comenzilor clien\u021bilor, pentru a satisface nevoile urgente ale clien\u021bilor.<\/li>\n<li><strong>Asisten\u021b\u0103 tehnic\u0103 profesional\u0103<\/strong>: Echipa tehnic\u0103 experimentat\u0103 pentru a oferi asisten\u021b\u0103 tehnic\u0103 profesional\u0103 \u0219i servicii post-v\u00e2nzare pentru a asigura un r\u0103spuns \u00een timp util \u0219i o solu\u021bie la cerere.<\/li>\n<li><strong>Mostr\u0103 gratuit\u0103<\/strong>: Oferi\u021bi servicii gratuite de e\u0219antionare pentru a evalua produsele.<\/li>\n<\/ul>\n<p>Huiyang Packaging se angajeaz\u0103 s\u0103 pun\u0103 la dispozi\u021bia clien\u021bilor pelicule de \u00eenalt\u0103 calitate, personalizate, pentru a-i ajuta s\u0103-\u0219i \u00eembun\u0103t\u0103\u021beasc\u0103 imaginea produselor \u0219i competitivitatea pe pia\u021b\u0103. cerere pentru produsele lor.<\/p>","protected":false},"featured_media":4438,"comment_status":"open","ping_status":"closed","template":"","meta":[],"product_brand":[],"product_cat":[53],"product_tag":[],"class_list":{"0":"post-4437","1":"product","2":"type-product","3":"status-publish","4":"has-post-thumbnail","6":"product_cat-packaging-film-supplier","8":"first","9":"instock","10":"shipping-taxable","11":"product-type-simple"},"_links":{"self":[{"href":"https:\/\/www.hyflexpack.com\/ro\/wp-json\/wp\/v2\/product\/4437","targetHints":{"allow":["GET"]}}],"collection":[{"href":"https:\/\/www.hyflexpack.com\/ro\/wp-json\/wp\/v2\/product"}],"about":[{"href":"https:\/\/www.hyflexpack.com\/ro\/wp-json\/wp\/v2\/types\/product"}],"replies":[{"embeddable":true,"href":"https:\/\/www.hyflexpack.com\/ro\/wp-json\/wp\/v2\/comments?post=4437"}],"wp:featuredmedia":[{"embeddable":true,"href":"https:\/\/www.hyflexpack.com\/ro\/wp-json\/wp\/v2\/media\/4438"}],"wp:attachment":[{"href":"https:\/\/www.hyflexpack.com\/ro\/wp-json\/wp\/v2\/media?parent=4437"}],"wp:term":[{"taxonomy":"product_brand","embeddable":true,"href":"https:\/\/www.hyflexpack.com\/ro\/wp-json\/wp\/v2\/product_brand?post=4437"},{"taxonomy":"product_cat","embeddable":true,"href":"https:\/\/www.hyflexpack.com\/ro\/wp-json\/wp\/v2\/product_cat?post=4437"},{"taxonomy":"product_tag","embeddable":true,"href":"https:\/\/www.hyflexpack.com\/ro\/wp-json\/wp\/v2\/product_tag?post=4437"}],"curies":[{"name":"wp","href":"https:\/\/api.w.org\/{rel}","templated":true}]}}