{"id":4426,"date":"2024-06-06T03:33:02","date_gmt":"2024-06-06T03:33:02","guid":{"rendered":"https:\/\/www.hyflexpack.com\/?post_type=product&#038;p=4426"},"modified":"2024-06-06T03:33:05","modified_gmt":"2024-06-06T03:33:05","slug":"wholesale-roll-stock-film","status":"publish","type":"product","link":"https:\/\/www.hyflexpack.com\/ro\/product\/wholesale-roll-stock-film\/","title":{"rendered":"Filme de stoc cu ridicata pentru ambalarea automat\u0103 a bomboanelor de fructe"},"content":{"rendered":"<div class=\"wp-block-columns is-layout-flex wp-container-core-columns-is-layout-9d6595d7 wp-block-columns-is-layout-flex\">\n<div class=\"wp-block-column is-layout-flow wp-block-column-is-layout-flow\">\n<h3 class=\"wp-block-heading\">Features of High Quality Roll Stock Films<\/h3>\n\n\n\n<ul class=\"wp-block-list\">\n<li>High Quality Printing: The roll stock films adopting the most advanced printing technology ensure bright colors and clear patterns, which greatly enhances the brand image and makes your products more attractive on the shelves.<\/li>\n<\/ul>\n\n\n\n<p><\/p>\n\n\n\n<ul class=\"wp-block-list\">\n<li>Excellent Protection Performance: The high-quality laminated material has excellent moisture and dust resistance performance, ensuring that the candy stays fresh during the packaging process and on the shelves, prolonging the shelf life of the product.<\/li>\n<\/ul>\n\n\n\n<p><\/p>\n\n\n\n<ul class=\"wp-block-list\">\n<li>Efficient Automation: Suitable for all types of automatic packaging machines, it significantly improves production efficiency, reduces manual operation, saves production costs, and enhances overall production efficiency.<\/li>\n<\/ul>\n\n\n\n<p><\/p>\n\n\n\n<ul class=\"wp-block-list\">\n<li>Environmentally Friendly Materials: Adopting environmentally friendly materials in line with international standards, safe and non-toxic, ensuring that product packaging is friendly to consumers and the environment, and contributing to sustainable development.<\/li>\n<\/ul>\n<\/div>\n\n\n\n<div class=\"wp-block-column is-layout-flow wp-block-column-is-layout-flow\">\n<figure class=\"wp-block-image size-full\"><img fetchpriority=\"high\" decoding=\"async\" width=\"750\" height=\"750\" src=\"https:\/\/www.hyflexpack.com\/wp-content\/uploads\/2024\/06\/Custom-Roll-Stock-Films-10.webp\" alt=\"Filme personalizate \u00een rulouri\" class=\"wp-image-4436\" srcset=\"https:\/\/www.hyflexpack.com\/wp-content\/uploads\/2024\/06\/Custom-Roll-Stock-Films-10.webp 750w, https:\/\/www.hyflexpack.com\/wp-content\/uploads\/2024\/06\/Custom-Roll-Stock-Films-10-300x300.webp 300w, https:\/\/www.hyflexpack.com\/wp-content\/uploads\/2024\/06\/Custom-Roll-Stock-Films-10-150x150.webp 150w, https:\/\/www.hyflexpack.com\/wp-content\/uploads\/2024\/06\/Custom-Roll-Stock-Films-10-12x12.webp 12w, https:\/\/www.hyflexpack.com\/wp-content\/uploads\/2024\/06\/Custom-Roll-Stock-Films-10-285x285.webp 285w, https:\/\/www.hyflexpack.com\/wp-content\/uploads\/2024\/06\/Custom-Roll-Stock-Films-10-270x270.webp 270w, https:\/\/www.hyflexpack.com\/wp-content\/uploads\/2024\/06\/Custom-Roll-Stock-Films-10-540x540.webp 540w, https:\/\/www.hyflexpack.com\/wp-content\/uploads\/2024\/06\/Custom-Roll-Stock-Films-10-660x660.webp 660w\" sizes=\"(max-width: 750px) 100vw, 750px\" \/><\/figure>\n<\/div>\n<\/div>","protected":false},"excerpt":{"rendered":"<p>Discover customized roll stock films that feature high-quality printing and lamination technology for superior protection and eye-catching appearance. Enhance your brand appeal by choosing our packaging films for your packaging solutions. Welcome to inquire about free samples!<\/p>\n<h3>Advantages of Candy Roll Stock Films<\/h3>\n<ul>\n<li><strong>Proiectare personalizat\u0103<\/strong>: We provide customized design beverage packaging bag service, including material, size, and printing pattern customization to meet customer needs, and support OEM and ODM.<\/li>\n<li><strong>Produc\u021bie<\/strong>: Cu echipamente \u0219i tehnologii avansate, putem finaliza produc\u021bia comenzii cu eficien\u021b\u0103 ridicat\u0103 \u0219i calitate ridicat\u0103 \u0219i putem livra la timp.<\/li>\n<li><strong>Inspec\u021bia calit\u0103\u021bii<\/strong>: Respecta\u021bi cu stricte\u021be standardele de calitate \u0219i cerin\u021bele de siguran\u021b\u0103 alimentar\u0103 pentru produc\u021bie, pentru a v\u0103 asigura c\u0103 produsele \u00eendeplinesc standardele.<\/li>\n<li><strong>Serviciul clien\u021bi<\/strong>: 24 de ore pentru a oferi un r\u0103spuns rapid \u0219i un serviciu de asisten\u021b\u0103 pentru clien\u021bi grijuliu.<\/li>\n<li><strong>Mostr\u0103 gratuit\u0103<\/strong>\uff1a Furniza\u021bi servicii gratuite de e\u0219antionare pentru a evalua produsele.<\/li>\n<\/ul>\n<p>Huiyang Packaging is committed to providing customers with high-quality, custom roll stock films to help customers improve their product image and enhance market competitiveness.<\/p>","protected":false},"featured_media":4427,"comment_status":"open","ping_status":"closed","template":"","meta":[],"product_brand":[],"product_cat":[53],"product_tag":[],"class_list":{"0":"post-4426","1":"product","2":"type-product","3":"status-publish","4":"has-post-thumbnail","6":"product_cat-packaging-film-supplier","8":"first","9":"instock","10":"shipping-taxable","11":"product-type-simple"},"_links":{"self":[{"href":"https:\/\/www.hyflexpack.com\/ro\/wp-json\/wp\/v2\/product\/4426","targetHints":{"allow":["GET"]}}],"collection":[{"href":"https:\/\/www.hyflexpack.com\/ro\/wp-json\/wp\/v2\/product"}],"about":[{"href":"https:\/\/www.hyflexpack.com\/ro\/wp-json\/wp\/v2\/types\/product"}],"replies":[{"embeddable":true,"href":"https:\/\/www.hyflexpack.com\/ro\/wp-json\/wp\/v2\/comments?post=4426"}],"wp:featuredmedia":[{"embeddable":true,"href":"https:\/\/www.hyflexpack.com\/ro\/wp-json\/wp\/v2\/media\/4427"}],"wp:attachment":[{"href":"https:\/\/www.hyflexpack.com\/ro\/wp-json\/wp\/v2\/media?parent=4426"}],"wp:term":[{"taxonomy":"product_brand","embeddable":true,"href":"https:\/\/www.hyflexpack.com\/ro\/wp-json\/wp\/v2\/product_brand?post=4426"},{"taxonomy":"product_cat","embeddable":true,"href":"https:\/\/www.hyflexpack.com\/ro\/wp-json\/wp\/v2\/product_cat?post=4426"},{"taxonomy":"product_tag","embeddable":true,"href":"https:\/\/www.hyflexpack.com\/ro\/wp-json\/wp\/v2\/product_tag?post=4426"}],"curies":[{"name":"wp","href":"https:\/\/api.w.org\/{rel}","templated":true}]}}