{"id":3790,"date":"2024-05-25T03:03:49","date_gmt":"2024-05-25T03:03:49","guid":{"rendered":"https:\/\/hyflexpack.com\/?post_type=product&#038;p=3790"},"modified":"2024-05-25T03:03:51","modified_gmt":"2024-05-25T03:03:51","slug":"film-de-ambalare-tort-en-gros","status":"publish","type":"product","link":"https:\/\/www.hyflexpack.com\/ro\/product\/wholesale-cake-packaging-film\/","title":{"rendered":"Comer\u021b cu ridicata Cake Packaging Film Folie de aluminiu Material de ambalare a alimentelor Laminating Film 35mm"},"content":{"rendered":"<div class=\"wp-block-columns is-layout-flex wp-container-core-columns-is-layout-9d6595d7 wp-block-columns-is-layout-flex\">\n<div class=\"wp-block-column is-layout-flow wp-block-column-is-layout-flow\">\n<h3 class=\"wp-block-heading\">Caracteristici ale filmului de ambalare a torturilor de \u00eenalt\u0103 calitate<\/h3>\n\n\n\n<ul class=\"wp-block-list\">\n<li>Material din folie de aluminiu de \u00eenalt\u0103 calitate: folia de ambalaj pentru tort este fabricat\u0103 din folie de aluminiu de \u00eenalt\u0103 calitate, care asigur\u0103 siguran\u021ba \u0219i durabilitatea ambalajului alimentar \u0219i protejeaz\u0103 \u00een mod eficient prospe\u021bimea \u0219i calitatea tortului \u0219i a altor produse alimentare.<\/li>\n<\/ul>\n\n\n\n<p><\/p>\n\n\n\n<ul class=\"wp-block-list\">\n<li>Tehnologie de laminare multistrat: Este adoptat\u0103 tehnologia avansat\u0103 de laminare multistrat, care face ca filmul s\u0103 aib\u0103 propriet\u0103\u021bi excelente de antioxidare, umiditate \u0219i rezisten\u021b\u0103 la murd\u0103rie \u0219i men\u021bine gustul \u0219i aspectul alimentelor.<\/li>\n<\/ul>\n\n\n\n<p><\/p>\n\n\n\n<ul class=\"wp-block-list\">\n<li>Grosime de 35 mm: Grosimea just\u0103 de 35 mm asigur\u0103 rezisten\u021ba \u0219i stabilitatea foliei f\u0103r\u0103 a cre\u0219te greutatea \u0219i costul ambalajului, oferind clien\u021bilor o solu\u021bie economic\u0103.<\/li>\n<\/ul>\n\n\n\n<p><\/p>\n\n\n\n<ul class=\"wp-block-list\">\n<li>Pozi\u021bionarea m\u0103rcii: Designul \u0219i imprimarea personalizate pot fi utilizate pentru a eviden\u021bia imaginea \u0219i mesajul m\u0103rcii pentru a atrage mai mul\u021bi consumatori.<\/li>\n<\/ul>\n\n\n\n<p><\/p>\n\n\n\n<ul class=\"wp-block-list\">\n<li>Sustenabilitate: Utiliza\u021bi materiale biodegradabile sau introduce\u021bi pungi reciclabile pentru a r\u0103spunde preferin\u021belor consumatorilor pentru produse ecologice.<\/li>\n<\/ul>\n<\/div>\n\n\n\n<div class=\"wp-block-column is-layout-flow wp-block-column-is-layout-flow\">\n<figure class=\"wp-block-image size-full\"><img fetchpriority=\"high\" decoding=\"async\" width=\"750\" height=\"750\" src=\"https:\/\/hyflexpack.com\/wp-content\/uploads\/2024\/05\/Wholesale-Cake-Packaging-Film-7.webp\" alt=\"Cu ridicata Cake Packaging Film\" class=\"wp-image-3797\" srcset=\"https:\/\/www.hyflexpack.com\/wp-content\/uploads\/2024\/05\/Wholesale-Cake-Packaging-Film-7.webp 750w, https:\/\/www.hyflexpack.com\/wp-content\/uploads\/2024\/05\/Wholesale-Cake-Packaging-Film-7-300x300.webp 300w, https:\/\/www.hyflexpack.com\/wp-content\/uploads\/2024\/05\/Wholesale-Cake-Packaging-Film-7-150x150.webp 150w, https:\/\/www.hyflexpack.com\/wp-content\/uploads\/2024\/05\/Wholesale-Cake-Packaging-Film-7-285x285.webp 285w, https:\/\/www.hyflexpack.com\/wp-content\/uploads\/2024\/05\/Wholesale-Cake-Packaging-Film-7-270x270.webp 270w, https:\/\/www.hyflexpack.com\/wp-content\/uploads\/2024\/05\/Wholesale-Cake-Packaging-Film-7-540x540.webp 540w, https:\/\/www.hyflexpack.com\/wp-content\/uploads\/2024\/05\/Wholesale-Cake-Packaging-Film-7-660x660.webp 660w\" sizes=\"(max-width: 750px) 100vw, 750px\" \/><\/figure>\n<\/div>\n<\/div>","protected":false},"excerpt":{"rendered":"<p>Explora\u021bi foliile noastre pentru ambalarea pr\u0103jiturilor cu materiale de \u00eenalt\u0103 calitate, tehnologie avansat\u0103 \u0219i servicii personalizate personalizate pentru a oferi clien\u021bilor solu\u021bii de ambalare flexibile sigure \u0219i fiabile pentru a asigura prospe\u021bimea \u0219i calitatea alimentelor. Contacta\u021bi-ne ast\u0103zi pentru a personaliza solu\u021bii exclusive de ambalare!<\/p>\n<h3>Avantajele foliei pentru ambalarea pr\u0103jiturilor<\/h3>\n<ul>\n<li><strong>Serviciu personalizat<\/strong>: Furniza\u021bi servicii personalizate personalizate pentru a satisface nevoile specifice ale diferi\u021bilor clien\u021bi prin personalizarea detaliilor, cum ar fi dimensiunea, culoarea \u0219i imprimarea p\u00e2n\u0103 la 10 culori \u00een func\u021bie de nevoile clien\u021bilor.<\/li>\n<li><strong>Produc\u021bie eficient\u0103<\/strong>: Cu un echipament de produc\u021bie avansat \u0219i o echip\u0103 tehnic\u0103, suntem capabili s\u0103 r\u0103spundem rapid la comenzile clien\u021bilor \u0219i s\u0103 asigur\u0103m o calitate ridicat\u0103 \u0219i livrarea la timp a produselor.<\/li>\n<li><strong>Asisten\u021b\u0103 tehnic\u0103 profesional\u0103<\/strong>: Echipa tehnic\u0103 experimentat\u0103 pentru a oferi asisten\u021b\u0103 tehnic\u0103 profesional\u0103 \u0219i servicii post-v\u00e2nzare pentru a asigura un r\u0103spuns \u00een timp util \u0219i o solu\u021bie la cerere.<\/li>\n<li><strong>Mostr\u0103 gratuit\u0103<\/strong>: Oferi\u021bi servicii gratuite de e\u0219antionare pentru a evalua produsele.<\/li>\n<\/ul>\n<p>Huiyang Packaging se angajeaz\u0103 s\u0103 ofere clien\u021bilor folii personalizate de \u00eenalt\u0103 calitate pentru ambalarea pr\u0103jiturilor, pentru a-i ajuta s\u0103-\u0219i \u00eembun\u0103t\u0103\u021beasc\u0103 imaginea produsului \u0219i competitivitatea pe pia\u021b\u0103. cererea pentru produsele lor.<\/p>","protected":false},"featured_media":3793,"comment_status":"open","ping_status":"closed","template":"","meta":[],"product_brand":[],"product_cat":[53],"product_tag":[],"class_list":{"0":"post-3790","1":"product","2":"type-product","3":"status-publish","4":"has-post-thumbnail","6":"product_cat-packaging-film-supplier","8":"first","9":"instock","10":"shipping-taxable","11":"product-type-simple"},"_links":{"self":[{"href":"https:\/\/www.hyflexpack.com\/ro\/wp-json\/wp\/v2\/product\/3790","targetHints":{"allow":["GET"]}}],"collection":[{"href":"https:\/\/www.hyflexpack.com\/ro\/wp-json\/wp\/v2\/product"}],"about":[{"href":"https:\/\/www.hyflexpack.com\/ro\/wp-json\/wp\/v2\/types\/product"}],"replies":[{"embeddable":true,"href":"https:\/\/www.hyflexpack.com\/ro\/wp-json\/wp\/v2\/comments?post=3790"}],"wp:featuredmedia":[{"embeddable":true,"href":"https:\/\/www.hyflexpack.com\/ro\/wp-json\/wp\/v2\/media\/3793"}],"wp:attachment":[{"href":"https:\/\/www.hyflexpack.com\/ro\/wp-json\/wp\/v2\/media?parent=3790"}],"wp:term":[{"taxonomy":"product_brand","embeddable":true,"href":"https:\/\/www.hyflexpack.com\/ro\/wp-json\/wp\/v2\/product_brand?post=3790"},{"taxonomy":"product_cat","embeddable":true,"href":"https:\/\/www.hyflexpack.com\/ro\/wp-json\/wp\/v2\/product_cat?post=3790"},{"taxonomy":"product_tag","embeddable":true,"href":"https:\/\/www.hyflexpack.com\/ro\/wp-json\/wp\/v2\/product_tag?post=3790"}],"curies":[{"name":"wp","href":"https:\/\/api.w.org\/{rel}","templated":true}]}}