{"id":3299,"date":"2024-05-22T08:39:40","date_gmt":"2024-05-22T08:39:40","guid":{"rendered":"https:\/\/hyflexpack.com\/?post_type=product&#038;p=3299"},"modified":"2024-05-22T08:39:41","modified_gmt":"2024-05-22T08:39:41","slug":"geanta-cu-burduf-lateral-personalizat","status":"publish","type":"product","link":"https:\/\/www.hyflexpack.com\/ro\/product\/customized-side-gusset-bag\/","title":{"rendered":"Personalizate Side Gusset Bag Sp\u0103l\u0103torie Detergent Laminate ag\u0103\u021bat gaura de plastic pungi de ambalare"},"content":{"rendered":"<div class=\"wp-block-columns is-layout-flex wp-container-core-columns-is-layout-9d6595d7 wp-block-columns-is-layout-flex\">\n<div class=\"wp-block-column is-layout-flow wp-block-column-is-layout-flow\">\n<h3 class=\"wp-block-heading\">Caracteristici de \u00eenalt\u0103 calitate Side Gusset Bag<\/h3>\n\n\n\n<ul class=\"wp-block-list\">\n<li>Designul pungii Side Gusset: pungile noastre pentru detergent de rufe ofer\u0103 un plus de rezisten\u021b\u0103 \u0219i stabilitate pentru a se asigura c\u0103 pungile pot rezista la greutate \u0219i \u00ee\u0219i pot p\u0103stra forma.<\/li>\n<\/ul>\n\n\n\n<p><\/p>\n\n\n\n<ul class=\"wp-block-list\">\n<li>Design cu g\u0103uri de ag\u0103\u021bare: pungile sunt echipate cu g\u0103uri de ag\u0103\u021bare pentru o expunere u\u0219oar\u0103 pe rafturi, sporind vizibilitatea \u0219i atractivitatea produselor dvs.<\/li>\n<\/ul>\n\n\n\n<p><\/p>\n\n\n\n<ul class=\"wp-block-list\">\n<li>Material laminat: materialul laminat de \u00eenalt\u0103 calitate cu rezisten\u021b\u0103 la umiditate, rupere \u0219i contaminare protejeaz\u0103 calitatea detergentului de rufe.<\/li>\n<\/ul>\n\n\n\n<p><\/p>\n\n\n\n<ul class=\"wp-block-list\">\n<li>Amprent\u0103 redus\u0103 de carbon: designul u\u0219or reduce efectiv costurile de transport \u0219i emisiile de carbon, sus\u021bin\u00e2nd dezvoltarea durabil\u0103.<\/li>\n<\/ul>\n\n\n\n<p><\/p>\n\n\n\n<ul class=\"wp-block-list\">\n<li>Imprimare de \u00eenalt\u0103 calitate: ofer\u0103 servicii de imprimare personalizate de \u00eenalt\u0103 defini\u021bie \u0219i suport\u0103 mai multe culori \u0219i modele pentru a \u00eembun\u0103t\u0103\u021bi imaginea m\u0103rcii \u0219i competitivitatea pe pia\u021b\u0103.<\/li>\n<\/ul>\n<\/div>\n\n\n\n<div class=\"wp-block-column is-layout-flow wp-block-column-is-layout-flow\">\n<figure class=\"wp-block-image size-full\"><img fetchpriority=\"high\" decoding=\"async\" width=\"750\" height=\"750\" src=\"https:\/\/hyflexpack.com\/wp-content\/uploads\/2024\/05\/Customized-Side-Gusset-Bag-1.webp\" alt=\"Personalizat Side Gusset sac\" class=\"wp-image-3300\" srcset=\"https:\/\/www.hyflexpack.com\/wp-content\/uploads\/2024\/05\/Customized-Side-Gusset-Bag-1.webp 750w, https:\/\/www.hyflexpack.com\/wp-content\/uploads\/2024\/05\/Customized-Side-Gusset-Bag-1-300x300.webp 300w, https:\/\/www.hyflexpack.com\/wp-content\/uploads\/2024\/05\/Customized-Side-Gusset-Bag-1-150x150.webp 150w, https:\/\/www.hyflexpack.com\/wp-content\/uploads\/2024\/05\/Customized-Side-Gusset-Bag-1-285x285.webp 285w, https:\/\/www.hyflexpack.com\/wp-content\/uploads\/2024\/05\/Customized-Side-Gusset-Bag-1-270x270.webp 270w, https:\/\/www.hyflexpack.com\/wp-content\/uploads\/2024\/05\/Customized-Side-Gusset-Bag-1-540x540.webp 540w, https:\/\/www.hyflexpack.com\/wp-content\/uploads\/2024\/05\/Customized-Side-Gusset-Bag-1-660x660.webp 660w\" sizes=\"(max-width: 750px) 100vw, 750px\" \/><\/figure>\n<\/div>\n<\/div>","protected":false},"excerpt":{"rendered":"<p>Explora\u021bi pungile noastre personalizate cu burduf lateral pentru detergent de rufe, fabricate din materiale laminate de \u00eenalt\u0103 calitate, cu g\u0103uri de ag\u0103\u021bat, fermoare autosigilante \u0219i modele u\u0219or de rupt, ecologice \u0219i func\u021bionale. Contacta\u021bi-ne ast\u0103zi pentru a v\u0103 ajuta brandul s\u0103 ias\u0103 \u00een eviden\u021b\u0103 pe pia\u021b\u0103.<\/p>\n<h3>Avantajele sacului cu burduf lateral<\/h3>\n<ul>\n<li><strong>Proiectare personalizat\u0103<\/strong>:Oferim servicii personalizate de design pentru ambalarea b\u0103uturilor, inclusiv personalizarea materialului, dimensiunii \u0219i a modelului de imprimare pentru a satisface nevoile de branding ale clientului, sprijin OEM \u0219i ODM.<\/li>\n<li><strong>Produc\u021bie<\/strong>:Cu echipamente \u0219i tehnologii avansate, suntem capabili s\u0103 finaliz\u0103m produc\u021bia comenzii cu eficien\u021b\u0103 ridicat\u0103 \u0219i calitate ridicat\u0103 \u0219i putem livra la timp.<\/li>\n<li><strong>Inspec\u021bia calit\u0103\u021bii<\/strong>:Respecta\u021bi cu stricte\u021be standardele de calitate \u0219i cerin\u021bele de siguran\u021b\u0103 alimentar\u0103 pentru a v\u0103 asigura c\u0103 produsele \u00eendeplinesc standardele.<\/li>\n<li><strong>Serviciul clien\u021bi<\/strong>:Oferi\u021bi un r\u0103spuns rapid \u0219i un serviciu de asisten\u021b\u0103 pentru clien\u021bi atent 24 de ore pe zi.<\/li>\n<li><strong>Mostr\u0103 gratuit\u0103<\/strong>:Oferi\u021bi servicii gratuite de e\u0219antionare pentru a evalua produsele.<\/li>\n<\/ul>\n<p>Huiyang Packaging se angajeaz\u0103 s\u0103 ofere clien\u021bilor saci cu burduf lateral de \u00eenalt\u0103 calitate \u0219i personaliza\u021bi pentru a ajuta clien\u021bii s\u0103-\u0219i \u00eembun\u0103t\u0103\u021beasc\u0103 imaginea produsului \u0219i s\u0103 sporeasc\u0103 competitivitatea pe pia\u021b\u0103.<\/p>","protected":false},"featured_media":3300,"comment_status":"open","ping_status":"closed","template":"","meta":[],"product_brand":[],"product_cat":[52],"product_tag":[],"class_list":{"0":"post-3299","1":"product","2":"type-product","3":"status-publish","4":"has-post-thumbnail","6":"product_cat-custom-daily-chemical-packaging","8":"first","9":"instock","10":"shipping-taxable","11":"product-type-simple"},"_links":{"self":[{"href":"https:\/\/www.hyflexpack.com\/ro\/wp-json\/wp\/v2\/product\/3299","targetHints":{"allow":["GET"]}}],"collection":[{"href":"https:\/\/www.hyflexpack.com\/ro\/wp-json\/wp\/v2\/product"}],"about":[{"href":"https:\/\/www.hyflexpack.com\/ro\/wp-json\/wp\/v2\/types\/product"}],"replies":[{"embeddable":true,"href":"https:\/\/www.hyflexpack.com\/ro\/wp-json\/wp\/v2\/comments?post=3299"}],"wp:featuredmedia":[{"embeddable":true,"href":"https:\/\/www.hyflexpack.com\/ro\/wp-json\/wp\/v2\/media\/3300"}],"wp:attachment":[{"href":"https:\/\/www.hyflexpack.com\/ro\/wp-json\/wp\/v2\/media?parent=3299"}],"wp:term":[{"taxonomy":"product_brand","embeddable":true,"href":"https:\/\/www.hyflexpack.com\/ro\/wp-json\/wp\/v2\/product_brand?post=3299"},{"taxonomy":"product_cat","embeddable":true,"href":"https:\/\/www.hyflexpack.com\/ro\/wp-json\/wp\/v2\/product_cat?post=3299"},{"taxonomy":"product_tag","embeddable":true,"href":"https:\/\/www.hyflexpack.com\/ro\/wp-json\/wp\/v2\/product_tag?post=3299"}],"curies":[{"name":"wp","href":"https:\/\/api.w.org\/{rel}","templated":true}]}}