{"id":3293,"date":"2024-05-22T07:49:56","date_gmt":"2024-05-22T07:49:56","guid":{"rendered":"https:\/\/hyflexpack.com\/?post_type=product&#038;p=3293"},"modified":"2024-05-22T07:49:57","modified_gmt":"2024-05-22T07:49:57","slug":"china-supply-washing-powder-pouches","status":"publish","type":"product","link":"https:\/\/www.hyflexpack.com\/ro\/product\/china-supply-washing-powder-pouches\/","title":{"rendered":"China aprovizionare sp\u0103lare pulbere Pouches ag\u0103\u021bat gaura Easy Tear Design Zipper pungi"},"content":{"rendered":"<div class=\"wp-block-columns is-layout-flex wp-container-core-columns-is-layout-9d6595d7 wp-block-columns-is-layout-flex\">\n<div class=\"wp-block-column is-layout-flow wp-block-column-is-layout-flow\">\n<h3 class=\"wp-block-heading\">Caracteristici ale pungilor de praf de sp\u0103lat de \u00eenalt\u0103 calitate<\/h3>\n\n\n\n<ul class=\"wp-block-list\">\n<li>Design cu orificii de ag\u0103\u021bare: pungile noastre pentru praf de sp\u0103lat sunt echipate cu orificii de ag\u0103\u021bare pentru o afi\u0219are u\u0219oar\u0103 pe rafturi, sporind vizibilitatea \u0219i atractivitatea produsului.<\/li>\n\n\n\n<li>Fila de rupere convenabil\u0103: pungile pentru detergen\u021bi sunt proiectate cu file u\u0219or de rupt, ceea ce permite utilizatorilor s\u0103 deschid\u0103 cu u\u0219urin\u021b\u0103 pachetul pentru acces convenabil la detergen\u021bi, f\u0103r\u0103 a fi nevoie s\u0103 utilizeze foarfece sau alte instrumente.<\/li>\n\n\n\n<li>Fermoar autosigilant: echipat cu un fermoar autosigilant pentru a se asigura c\u0103 punga poate fi sigilat\u0103 de mai multe ori pentru a men\u021bine detergentul de rufe proasp\u0103t \u0219i rezistent la umiditate.<\/li>\n\n\n\n<li>Material reciclabil: Utilizarea materialelor reciclabile ecologice reduce povara asupra mediului \u0219i este \u00een conformitate cu conceptul ecologic.<\/li>\n\n\n\n<li>Imprimare de \u00eenalt\u0103 calitate: furnizat\u0103 cu servicii de imprimare personalizate de \u00eenalt\u0103 defini\u021bie, care accept\u0103 mai multe culori \u0219i modele, ajut\u00e2nd m\u0103rcile s\u0103 ias\u0103 \u00een eviden\u021b\u0103 pe pia\u021b\u0103.<\/li>\n\n\n\n<li>Varietate de op\u021biuni: furniz\u0103m servicii personalizate cu diferite dimensiuni, forme \u0219i modele de imprimare pentru a r\u0103spunde nevoilor diferitelor m\u0103rci \u0219i pie\u021be.<\/li>\n<\/ul>\n<\/div>\n\n\n\n<div class=\"wp-block-column is-layout-flow wp-block-column-is-layout-flow\">\n<figure class=\"wp-block-image size-full\"><img fetchpriority=\"high\" decoding=\"async\" width=\"750\" height=\"750\" src=\"https:\/\/hyflexpack.com\/wp-content\/uploads\/2024\/05\/China-Supply-Washing-Powder-Pouches-1.webp\" alt=\"China aprovizionare sp\u0103lare pulbere Pouches\" class=\"wp-image-3294\" srcset=\"https:\/\/www.hyflexpack.com\/wp-content\/uploads\/2024\/05\/China-Supply-Washing-Powder-Pouches-1.webp 750w, https:\/\/www.hyflexpack.com\/wp-content\/uploads\/2024\/05\/China-Supply-Washing-Powder-Pouches-1-300x300.webp 300w, https:\/\/www.hyflexpack.com\/wp-content\/uploads\/2024\/05\/China-Supply-Washing-Powder-Pouches-1-150x150.webp 150w, https:\/\/www.hyflexpack.com\/wp-content\/uploads\/2024\/05\/China-Supply-Washing-Powder-Pouches-1-285x285.webp 285w, https:\/\/www.hyflexpack.com\/wp-content\/uploads\/2024\/05\/China-Supply-Washing-Powder-Pouches-1-270x270.webp 270w, https:\/\/www.hyflexpack.com\/wp-content\/uploads\/2024\/05\/China-Supply-Washing-Powder-Pouches-1-540x540.webp 540w, https:\/\/www.hyflexpack.com\/wp-content\/uploads\/2024\/05\/China-Supply-Washing-Powder-Pouches-1-660x660.webp 660w\" sizes=\"(max-width: 750px) 100vw, 750px\" \/><\/figure>\n<\/div>\n<\/div>","protected":false},"excerpt":{"rendered":"<p>Afla\u021bi mai multe despre pungile noastre pentru praf de sp\u0103lat cu orificii de ag\u0103\u021bat, design convenabil pentru rupere \u0219i fermoar cu auto-sigilare, fabricate din materiale reciclabile ecologice pentru a asigura c\u0103 praful de sp\u0103lat este proasp\u0103t \u0219i rezistent la umiditate. Contacta\u021bi-ne ast\u0103zi pentru a afla mai multe despre op\u021biunile de personalizare.<\/p>\n<h3>Avantajele pungilor pentru praf de sp\u0103lat<\/h3>\n<ul>\n<li><strong>Personalizare<\/strong>: Echipa noastr\u0103 de profesioni\u0219ti poate oferi solu\u021bii de ambalare personalizate \u00een func\u021bie de nevoile m\u0103rcii dvs., asigur\u00e2nd o potrivire perfect\u0103 cu imaginea m\u0103rcii dvs.<\/li>\n<li><strong>R\u0103spuns rapid<\/strong>: Procesul de produc\u021bie eficient \u0219i echipa de r\u0103spuns rapid asigur\u0103 c\u0103 fiecare pas de la proiectare la livrare poate fi finalizat rapid.<\/li>\n<li><strong>Monitorizarea \u00eentregului proces<\/strong>: Testarea strict\u0103 a calit\u0103\u021bii este efectuat\u0103 \u00een fiecare etap\u0103, de la procurarea materiei prime p\u00e2n\u0103 la livrarea produsului finit, pentru a se asigura c\u0103 calitatea produsului corespunde celor mai \u00eenalte standarde.<\/li>\n<li><strong>Servicii de calitate pentru clien\u021bi<\/strong>:Oferim servicii profesionale de proiectare a ambalajelor \u0219i consultan\u021b\u0103 \u00een marketing pentru a ajuta clien\u021bii s\u0103 aleag\u0103 cele mai potrivite solu\u021bii de ambalare pentru a-\u0219i atinge obiectivele de marc\u0103.<\/li>\n<li><strong>Mostr\u0103 gratuit\u0103<\/strong>:Oferim servicii gratuite de e\u0219antionare pentru a v\u0103 evalua produsele.<\/li>\n<\/ul>\n<p>Huiyang Packaging se angajeaz\u0103 s\u0103 furnizeze clien\u021bilor pungi personalizate de praf de sp\u0103lat de \u00eenalt\u0103 calitate, pentru a ajuta clien\u021bii s\u0103 \u00eembun\u0103t\u0103\u021beasc\u0103 imaginea produsului \u0219i s\u0103 sporeasc\u0103 competitivitatea pe pia\u021b\u0103.<\/p>","protected":false},"featured_media":3294,"comment_status":"open","ping_status":"closed","template":"","meta":[],"product_brand":[],"product_cat":[52],"product_tag":[],"class_list":{"0":"post-3293","1":"product","2":"type-product","3":"status-publish","4":"has-post-thumbnail","6":"product_cat-custom-daily-chemical-packaging","8":"first","9":"instock","10":"shipping-taxable","11":"product-type-simple"},"_links":{"self":[{"href":"https:\/\/www.hyflexpack.com\/ro\/wp-json\/wp\/v2\/product\/3293","targetHints":{"allow":["GET"]}}],"collection":[{"href":"https:\/\/www.hyflexpack.com\/ro\/wp-json\/wp\/v2\/product"}],"about":[{"href":"https:\/\/www.hyflexpack.com\/ro\/wp-json\/wp\/v2\/types\/product"}],"replies":[{"embeddable":true,"href":"https:\/\/www.hyflexpack.com\/ro\/wp-json\/wp\/v2\/comments?post=3293"}],"wp:featuredmedia":[{"embeddable":true,"href":"https:\/\/www.hyflexpack.com\/ro\/wp-json\/wp\/v2\/media\/3294"}],"wp:attachment":[{"href":"https:\/\/www.hyflexpack.com\/ro\/wp-json\/wp\/v2\/media?parent=3293"}],"wp:term":[{"taxonomy":"product_brand","embeddable":true,"href":"https:\/\/www.hyflexpack.com\/ro\/wp-json\/wp\/v2\/product_brand?post=3293"},{"taxonomy":"product_cat","embeddable":true,"href":"https:\/\/www.hyflexpack.com\/ro\/wp-json\/wp\/v2\/product_cat?post=3293"},{"taxonomy":"product_tag","embeddable":true,"href":"https:\/\/www.hyflexpack.com\/ro\/wp-json\/wp\/v2\/product_tag?post=3293"}],"curies":[{"name":"wp","href":"https:\/\/api.w.org\/{rel}","templated":true}]}}