{"id":3288,"date":"2024-05-22T02:01:11","date_gmt":"2024-05-22T02:01:11","guid":{"rendered":"https:\/\/hyflexpack.com\/?post_type=product&#038;p=3288"},"modified":"2024-05-22T07:17:09","modified_gmt":"2024-05-22T07:17:09","slug":"wholesale-washing-powder-bag","status":"publish","type":"product","link":"https:\/\/www.hyflexpack.com\/ro\/product\/wholesale-washing-powder-bag\/","title":{"rendered":"Sp\u0103lare cu ridicata Powder Bag Fin \/ Lap Seal Pouch imprimare Easy Tear ambalare"},"content":{"rendered":"<div class=\"wp-block-columns is-layout-flex wp-container-core-columns-is-layout-9d6595d7 wp-block-columns-is-layout-flex\">\n<div class=\"wp-block-column is-layout-flow wp-block-column-is-layout-flow\">\n<h3 class=\"wp-block-heading\">Caracteristici de \u00eenalt\u0103 calitate de sp\u0103lare Powder Bag<\/h3>\n\n\n\n<ul class=\"wp-block-list\">\n<li>Fin\/Lap Seal Pouch Design: punga noastr\u0103 de praf de sp\u0103lat este proiectat\u0103 cu sigiliu fin\/lap pentru a asigura un ambalaj robust cu o performan\u021b\u0103 superioar\u0103 de etan\u0219are, protej\u00e2nd praful de sp\u0103lat de umiditate \u0219i contaminare.<\/li>\n<\/ul>\n\n\n\n<p><\/p>\n\n\n\n<ul class=\"wp-block-list\">\n<li>Design convenabil al filelor de rupere: Fiecare pung\u0103 este proiectat\u0103 cu file u\u0219or de rupt, care faciliteaz\u0103 utilizatorilor deschiderea rapid\u0103 \u0219i u\u0219oar\u0103 a pachetului f\u0103r\u0103 a utiliza foarfece sau alte instrumente.<\/li>\n<\/ul>\n\n\n\n<p><\/p>\n\n\n\n<ul class=\"wp-block-list\">\n<li>Material de \u00eenalt\u0103 calitate \u0219i durabil: Sunt utilizate materiale de \u00eenalt\u0103 rezisten\u021b\u0103, rezistente la rupere \u0219i antistatice pentru a se asigura c\u0103 pungile nu sunt u\u0219or de rupt \u00een timpul transportului \u0219i utiliz\u0103rii.<\/li>\n<\/ul>\n\n\n\n<p><\/p>\n\n\n\n<ul class=\"wp-block-list\">\n<li>Ecologic \u0219i durabil: Utilizarea materialelor reciclabile ecologice, precum \u0219i designul u\u0219or reduc povara asupra mediului, reduc costurile de transport \u0219i emisiile de carbon \u0219i sus\u021bin conceptul ecologic.<\/li>\n<\/ul>\n\n\n\n<p><\/p>\n\n\n\n<ul class=\"wp-block-list\">\n<li>Afi\u0219area m\u0103rcii: \u00cembun\u0103t\u0103\u021birea imaginii de marc\u0103 \u0219i a competitivit\u0103\u021bii pe pia\u021b\u0103 a produsului prin design de imprimare rafinat.<\/li>\n<\/ul>\n<\/div>\n\n\n\n<div class=\"wp-block-column is-layout-flow wp-block-column-is-layout-flow\">\n<figure class=\"wp-block-image size-full\"><img fetchpriority=\"high\" decoding=\"async\" width=\"750\" height=\"750\" src=\"https:\/\/hyflexpack.com\/wp-content\/uploads\/2024\/05\/Wholesale-Washing-Powder-Bag-1.webp\" alt=\"Saco\u0219\u0103 cu ridicata pentru sp\u0103larea pudrei\" class=\"wp-image-3289\" srcset=\"https:\/\/www.hyflexpack.com\/wp-content\/uploads\/2024\/05\/Wholesale-Washing-Powder-Bag-1.webp 750w, https:\/\/www.hyflexpack.com\/wp-content\/uploads\/2024\/05\/Wholesale-Washing-Powder-Bag-1-300x300.webp 300w, https:\/\/www.hyflexpack.com\/wp-content\/uploads\/2024\/05\/Wholesale-Washing-Powder-Bag-1-150x150.webp 150w, https:\/\/www.hyflexpack.com\/wp-content\/uploads\/2024\/05\/Wholesale-Washing-Powder-Bag-1-285x285.webp 285w, https:\/\/www.hyflexpack.com\/wp-content\/uploads\/2024\/05\/Wholesale-Washing-Powder-Bag-1-270x270.webp 270w, https:\/\/www.hyflexpack.com\/wp-content\/uploads\/2024\/05\/Wholesale-Washing-Powder-Bag-1-540x540.webp 540w, https:\/\/www.hyflexpack.com\/wp-content\/uploads\/2024\/05\/Wholesale-Washing-Powder-Bag-1-660x660.webp 660w\" sizes=\"(max-width: 750px) 100vw, 750px\" \/><\/figure>\n<\/div>\n<\/div>","protected":false},"excerpt":{"rendered":"<p>Explora\u021bi punga pentru praf de sp\u0103lat fin\/lap seal pouch sunt fabricate din materiale reciclabile prietenoase cu mediul \u0219i concepute cu o deschidere convenabil\u0103 pentru rupere, pentru a v\u0103 asigura c\u0103 detergentul de rufe r\u0103m\u00e2ne proasp\u0103t \u0219i sigur. Alege\u021bi una dintre solu\u021biile noastre de ambalare pentru a v\u0103 \u00eembun\u0103t\u0103\u021bi imaginea de marc\u0103 \u0219i pentru a ie\u0219i \u00een eviden\u021b\u0103 pe pia\u021b\u0103. Contacta\u021bi-ne ast\u0103zi pentru a afla mai multe despre op\u021biunile de personalizare \u0219i uni\u021bi-v\u0103 m\u00e2inile pentru succes.<\/p>\n<h3>Avantajele pungii de praf de sp\u0103lat<\/h3>\n<ul>\n<li><strong>Proiectare personalizat\u0103<\/strong>:Inclusiv materialul, dimensiunea \u0219i imprimarea Design personalizat: Oferim servicii de ambalare a b\u0103uturilor de design personalizat cu model personalizat pentru a satisface nevoile clientului, sprijin OEM \u0219i ODM.<\/li>\n<li><strong>Produc\u021bie<\/strong>:Cu echipamente \u0219i tehnologii avansate, suntem capabili s\u0103 finaliz\u0103m produc\u021bia comenzii cu eficien\u021b\u0103 ridicat\u0103 \u0219i calitate ridicat\u0103 \u0219i putem livra la timp.<\/li>\n<li><strong>Inspec\u021bia calit\u0103\u021bii<\/strong>:Respecta\u021bi cu stricte\u021be standardele de calitate \u0219i cerin\u021bele de siguran\u021b\u0103 alimentar\u0103 pentru a v\u0103 asigura c\u0103 produsele \u00eendeplinesc standardele.<\/li>\n<li><strong>Serviciul clien\u021bi<\/strong>:Oferi\u021bi un r\u0103spuns rapid \u0219i un serviciu de asisten\u021b\u0103 pentru clien\u021bi atent 24 de ore pe zi.<\/li>\n<li><strong>Mostr\u0103 gratuit\u0103<\/strong>:Oferi\u021bi servicii gratuite de e\u0219antionare pentru a evalua produsele.<\/li>\n<\/ul>\n<p>Huiyang Packaging se angajeaz\u0103 s\u0103 ofere clien\u021bilor o calitate \u00eenalt\u0103 \u0219i personalizat\u0103 a pungii de praf de sp\u0103lat pentru a ajuta clien\u021bii s\u0103-\u0219i \u00eembun\u0103t\u0103\u021beasc\u0103 imaginea produsului \u0219i s\u0103 sporeasc\u0103 competitivitatea pe pia\u021b\u0103.<\/p>","protected":false},"featured_media":3290,"comment_status":"closed","ping_status":"closed","template":"","meta":[],"product_brand":[],"product_cat":[52],"product_tag":[],"class_list":{"0":"post-3288","1":"product","2":"type-product","3":"status-publish","4":"has-post-thumbnail","6":"product_cat-custom-daily-chemical-packaging","8":"first","9":"instock","10":"shipping-taxable","11":"product-type-simple"},"_links":{"self":[{"href":"https:\/\/www.hyflexpack.com\/ro\/wp-json\/wp\/v2\/product\/3288","targetHints":{"allow":["GET"]}}],"collection":[{"href":"https:\/\/www.hyflexpack.com\/ro\/wp-json\/wp\/v2\/product"}],"about":[{"href":"https:\/\/www.hyflexpack.com\/ro\/wp-json\/wp\/v2\/types\/product"}],"replies":[{"embeddable":true,"href":"https:\/\/www.hyflexpack.com\/ro\/wp-json\/wp\/v2\/comments?post=3288"}],"wp:featuredmedia":[{"embeddable":true,"href":"https:\/\/www.hyflexpack.com\/ro\/wp-json\/wp\/v2\/media\/3290"}],"wp:attachment":[{"href":"https:\/\/www.hyflexpack.com\/ro\/wp-json\/wp\/v2\/media?parent=3288"}],"wp:term":[{"taxonomy":"product_brand","embeddable":true,"href":"https:\/\/www.hyflexpack.com\/ro\/wp-json\/wp\/v2\/product_brand?post=3288"},{"taxonomy":"product_cat","embeddable":true,"href":"https:\/\/www.hyflexpack.com\/ro\/wp-json\/wp\/v2\/product_cat?post=3288"},{"taxonomy":"product_tag","embeddable":true,"href":"https:\/\/www.hyflexpack.com\/ro\/wp-json\/wp\/v2\/product_tag?post=3288"}],"curies":[{"name":"wp","href":"https:\/\/api.w.org\/{rel}","templated":true}]}}