{"id":3119,"date":"2024-05-22T01:29:17","date_gmt":"2024-05-22T01:29:17","guid":{"rendered":"https:\/\/hyflexpack.com\/?post_type=product&#038;p=3119"},"modified":"2024-05-22T01:29:18","modified_gmt":"2024-05-22T01:29:18","slug":"custom-washing-powder-bags","status":"publish","type":"product","link":"https:\/\/www.hyflexpack.com\/ro\/product\/custom-washing-powder-bags\/","title":{"rendered":"Saco\u0219e personalizate pentru sp\u0103larea pudrei Saco\u0219e cu fermoar Permanent Ambalaje reciclabile"},"content":{"rendered":"<div class=\"wp-block-columns is-layout-flex wp-container-core-columns-is-layout-9d6595d7 wp-block-columns-is-layout-flex\">\n<div class=\"wp-block-column is-layout-flow wp-block-column-is-layout-flow\">\n<h3 class=\"wp-block-heading\">Caracteristici ale pungilor de praf de sp\u0103lat de \u00eenalt\u0103 calitate<\/h3>\n\n\n\n<ul class=\"wp-block-list\">\n<li>Design stand-up: pungile de praf de sp\u0103lat sunt proiectate cu un design stand-up, care este convenabil pentru afi\u0219are \u0219i depozitare \u0219i asigur\u0103 c\u0103 produsele sunt mai frumoase \u0219i mai stabile atunci c\u00e2nd sunt afi\u0219ate pe rafturi.<\/li>\n<\/ul>\n\n\n\n<p><\/p>\n\n\n\n<ul class=\"wp-block-list\">\n<li>\u00cenchiderea sacului cu fermoar: echipat cu \u00eenchidere convenabil\u0103 cu fermoar, este u\u0219or de utilizat \u0219i poate fi deschis \u0219i \u00eenchis de mai multe ori pentru a asigura etan\u0219area \u0219i prospe\u021bimea sacului de detergent de rufe.<\/li>\n<\/ul>\n\n\n\n<p><\/p>\n\n\n\n<ul class=\"wp-block-list\">\n<li>Material durabil de \u00eenalt\u0103 calitate: Fabricat din material de \u00eenalt\u0103 rezisten\u021b\u0103 cu caracteristici rezistente la rupere \u0219i la umiditate pentru a proteja con\u021binutul de mediul extern.<\/li>\n<\/ul>\n\n\n\n<p><\/p>\n\n\n\n<ul class=\"wp-block-list\">\n<li>Durabil din punct de vedere ecologic: Folosind materiale reciclabile ecologice, \u00eendepline\u0219te standardele de mediu \u0219i r\u0103spunde conceptului de protec\u021bie ecologic\u0103 a mediului. Design u\u0219or, reduc\u00e2nd efectiv costurile de transport \u0219i emisiile de carbon.<\/li>\n<\/ul>\n\n\n\n<p><\/p>\n\n\n\n<ul class=\"wp-block-list\">\n<li>Design cu capacitate mare: O varietate de op\u021biuni de capacitate sunt disponibile pentru a satisface nevoile diferite ale familiilor \u0219i \u00eentreprinderilor.<\/li>\n<\/ul>\n<\/div>\n\n\n\n<div class=\"wp-block-column is-layout-flow wp-block-column-is-layout-flow\">\n<h2 class=\"wp-block-heading\"><\/h2>\n\n\n\n<figure class=\"wp-block-image size-full\"><img fetchpriority=\"high\" decoding=\"async\" width=\"750\" height=\"750\" src=\"https:\/\/hyflexpack.com\/wp-content\/uploads\/2024\/05\/Custom-Washing-Powder-Bags-1.webp\" alt=\"Pungi personalizate pentru sp\u0103larea pudrei\" class=\"wp-image-3280\" srcset=\"https:\/\/www.hyflexpack.com\/wp-content\/uploads\/2024\/05\/Custom-Washing-Powder-Bags-1.webp 750w, https:\/\/www.hyflexpack.com\/wp-content\/uploads\/2024\/05\/Custom-Washing-Powder-Bags-1-300x300.webp 300w, https:\/\/www.hyflexpack.com\/wp-content\/uploads\/2024\/05\/Custom-Washing-Powder-Bags-1-150x150.webp 150w, https:\/\/www.hyflexpack.com\/wp-content\/uploads\/2024\/05\/Custom-Washing-Powder-Bags-1-285x285.webp 285w, https:\/\/www.hyflexpack.com\/wp-content\/uploads\/2024\/05\/Custom-Washing-Powder-Bags-1-270x270.webp 270w, https:\/\/www.hyflexpack.com\/wp-content\/uploads\/2024\/05\/Custom-Washing-Powder-Bags-1-540x540.webp 540w, https:\/\/www.hyflexpack.com\/wp-content\/uploads\/2024\/05\/Custom-Washing-Powder-Bags-1-660x660.webp 660w\" sizes=\"(max-width: 750px) 100vw, 750px\" \/><\/figure>\n<\/div>\n<\/div>","protected":false},"excerpt":{"rendered":"<p>Afla\u021bi mai multe despre pungile noastre de praf de sp\u0103lat cu fermoar cu design stand-up, materiale reciclabile ecologice, echipate cu \u00eenchidere convenabil\u0103 cu fermoar pentru a proteja detergentul de rufe proasp\u0103t \u0219i durabil. Cu servicii personalizate de personalizare \u0219i control strict al calit\u0103\u021bii, suntem alegerea ideal\u0103 pentru a v\u0103 combina marca cu conceptul de protec\u021bie a mediului.<\/p>\n<h3>Avantajele pungilor de praf de sp\u0103lat<\/h3>\n<ul>\n<li><strong>Personalizare personalizat\u0103<\/strong>: Furnizarea de servicii personalizate de diferite dimensiuni, forme \u0219i modele de imprimare \u00een func\u021bie de nevoile clien\u021bilor pentru a satisface afi\u0219area personalizat\u0103 a m\u0103rcii.<\/li>\n<li><strong>Echipa de profesioni\u0219ti<\/strong>: O echip\u0103 profesionist\u0103 r\u0103spunde rapid la nevoile clien\u021bilor \u0219i finalizeaz\u0103 eficient procesul de la proiectare la produc\u021bie pentru a asigura livrarea la timp.<\/li>\n<li><strong>Controlul calit\u0103\u021bii<\/strong>: Controlul strict al calit\u0103\u021bii \u00een fiecare etap\u0103, toate \u00een conformitate cu standardele ridicate, precum \u0219i produsele printr-o serie de certific\u0103ri interna\u021bionale de calitate pentru a asigura o calitate fiabil\u0103.<\/li>\n<li><strong>Serviciul clien\u021bi<\/strong>: Furnizarea de servicii profesionale de consultan\u021b\u0103 privind produsele \u0219i pia\u021ba pentru a ajuta clien\u021bii s\u0103 aleag\u0103 cele mai bune solu\u021bii de ambalare \u0219i pentru a r\u0103spunde rapid la feedback-ul \u0219i \u00eentreb\u0103rile clien\u021bilor.<\/li>\n<li><strong>Mostr\u0103 gratuit\u0103<\/strong>:Oferim servicii gratuite de e\u0219antionare pentru a evalua produsele.<\/li>\n<\/ul>\n<p>Huiyang Packaging se angajeaz\u0103 s\u0103 furnizeze clien\u021bilor saci de praf de sp\u0103lat de \u00eenalt\u0103 calitate \u0219i personaliza\u021bi pentru a ajuta clien\u021bii s\u0103-\u0219i \u00eembun\u0103t\u0103\u021beasc\u0103 imaginea produsului \u0219i s\u0103 sporeasc\u0103 competitivitatea pe pia\u021b\u0103.<\/p>","protected":false},"featured_media":3284,"comment_status":"open","ping_status":"closed","template":"","meta":[],"product_brand":[],"product_cat":[52],"product_tag":[],"class_list":{"0":"post-3119","1":"product","2":"type-product","3":"status-publish","4":"has-post-thumbnail","6":"product_cat-custom-daily-chemical-packaging","8":"first","9":"instock","10":"shipping-taxable","11":"product-type-simple"},"_links":{"self":[{"href":"https:\/\/www.hyflexpack.com\/ro\/wp-json\/wp\/v2\/product\/3119","targetHints":{"allow":["GET"]}}],"collection":[{"href":"https:\/\/www.hyflexpack.com\/ro\/wp-json\/wp\/v2\/product"}],"about":[{"href":"https:\/\/www.hyflexpack.com\/ro\/wp-json\/wp\/v2\/types\/product"}],"replies":[{"embeddable":true,"href":"https:\/\/www.hyflexpack.com\/ro\/wp-json\/wp\/v2\/comments?post=3119"}],"wp:featuredmedia":[{"embeddable":true,"href":"https:\/\/www.hyflexpack.com\/ro\/wp-json\/wp\/v2\/media\/3284"}],"wp:attachment":[{"href":"https:\/\/www.hyflexpack.com\/ro\/wp-json\/wp\/v2\/media?parent=3119"}],"wp:term":[{"taxonomy":"product_brand","embeddable":true,"href":"https:\/\/www.hyflexpack.com\/ro\/wp-json\/wp\/v2\/product_brand?post=3119"},{"taxonomy":"product_cat","embeddable":true,"href":"https:\/\/www.hyflexpack.com\/ro\/wp-json\/wp\/v2\/product_cat?post=3119"},{"taxonomy":"product_tag","embeddable":true,"href":"https:\/\/www.hyflexpack.com\/ro\/wp-json\/wp\/v2\/product_tag?post=3119"}],"curies":[{"name":"wp","href":"https:\/\/api.w.org\/{rel}","templated":true}]}}