{"id":3058,"date":"2024-05-21T09:42:09","date_gmt":"2024-05-21T09:42:09","guid":{"rendered":"https:\/\/hyflexpack.com\/?post_type=product&#038;p=3058"},"modified":"2024-05-21T09:42:10","modified_gmt":"2024-05-21T09:42:10","slug":"custom-best-shampoo-packaging-bags","status":"publish","type":"product","link":"https:\/\/www.hyflexpack.com\/ro\/product\/custom-best-shampoo-packaging-bags\/","title":{"rendered":"Personalizat Cel mai bun sampon de ambalare pungi Stand Up Pouch cu Spout Refill pungi"},"content":{"rendered":"<div class=\"wp-block-columns is-layout-flex wp-container-core-columns-is-layout-9d6595d7 wp-block-columns-is-layout-flex\">\n<div class=\"wp-block-column is-layout-flow wp-block-column-is-layout-flow\">\n<h3 class=\"wp-block-heading\">Features of High Quality Shampoo Packaging<\/h3>\n\n\n\n<ul class=\"wp-block-list\">\n<li>Eco-friendly: the shampoo packaging is made of environmentally friendly materials, which meets environmental standards and reduces the impact of plastic waste on the environment.<\/li>\n<\/ul>\n\n\n\n<p><\/p>\n\n\n\n<ul class=\"wp-block-list\">\n<li>Reusable: the shampoo bag is designed to be refillable to extend the service life and reduce resource waste, in line with the concept of sustainable development.<\/li>\n<\/ul>\n\n\n\n<p><\/p>\n\n\n\n<ul class=\"wp-block-list\">\n<li>Premium Design: the upright bag design makes the product display more attractive, saves space and is easy to store and carry. Equipped with a convenient nozzle for user-friendly use, reducing liquid spillage and waste.<\/li>\n<\/ul>\n\n\n\n<p><\/p>\n\n\n\n<ul class=\"wp-block-list\">\n<li>Durable Material: shampoo packaging is made of high quality material with excellent durability, leak-proof and tear-proof to protect product integrity.<\/li>\n<\/ul>\n\n\n\n<p><\/p>\n\n\n\n<ul class=\"wp-block-list\">\n<li>Moisture and Oxygen Resistant: Multi-layer composite design provides excellent moisture and oxygen resistance to extend product shelf life.<\/li>\n<\/ul>\n<\/div>\n\n\n\n<div class=\"wp-block-column is-layout-flow wp-block-column-is-layout-flow\">\n<h2 class=\"wp-block-heading\"><\/h2>\n\n\n\n<figure class=\"wp-block-image size-full\"><img fetchpriority=\"high\" decoding=\"async\" width=\"750\" height=\"750\" src=\"https:\/\/hyflexpack.com\/wp-content\/uploads\/2024\/05\/Custom-Shampoo-Packaging-1.jpg\" alt=\"Ambalaje personalizate pentru \u0219ampon\" class=\"wp-image-3059\" srcset=\"https:\/\/www.hyflexpack.com\/wp-content\/uploads\/2024\/05\/Custom-Shampoo-Packaging-1.jpg 750w, https:\/\/www.hyflexpack.com\/wp-content\/uploads\/2024\/05\/Custom-Shampoo-Packaging-1-300x300.jpg 300w, https:\/\/www.hyflexpack.com\/wp-content\/uploads\/2024\/05\/Custom-Shampoo-Packaging-1-150x150.jpg 150w, https:\/\/www.hyflexpack.com\/wp-content\/uploads\/2024\/05\/Custom-Shampoo-Packaging-1-285x285.jpg 285w, https:\/\/www.hyflexpack.com\/wp-content\/uploads\/2024\/05\/Custom-Shampoo-Packaging-1-270x270.jpg 270w, https:\/\/www.hyflexpack.com\/wp-content\/uploads\/2024\/05\/Custom-Shampoo-Packaging-1-540x540.jpg 540w, https:\/\/www.hyflexpack.com\/wp-content\/uploads\/2024\/05\/Custom-Shampoo-Packaging-1-660x660.jpg 660w\" sizes=\"(max-width: 750px) 100vw, 750px\" \/><\/figure>\n<\/div>\n<\/div>","protected":false},"excerpt":{"rendered":"<p>Our customized shampoo packaging for stand-up pouches combines high quality, environmental protection and convenience. Choosing our products will not only increase your brand value significantly, but also positively respond to the concept of environmental protection, becoming your best partner in the field of shampoo packaging.<\/p>\n<h3>Advantages of Shampoo Packaging<\/h3>\n<ul>\n<li><strong>Proiectare personalizat\u0103<\/strong>:Oferim servicii personalizate de design pentru ambalarea b\u0103uturilor, inclusiv personalizarea materialului, dimensiunii \u0219i a modelului de imprimare pentru a satisface nevoile de branding ale clientului, sprijin OEM \u0219i ODM.<\/li>\n<li><strong>Produc\u021bie<\/strong>:Cu echipamente \u0219i tehnologii avansate, suntem capabili s\u0103 finaliz\u0103m produc\u021bia comenzii cu eficien\u021b\u0103 ridicat\u0103 \u0219i calitate ridicat\u0103 \u0219i putem livra la timp.<\/li>\n<li><strong>Inspec\u021bia calit\u0103\u021bii<\/strong>: Respecta\u021bi cu stricte\u021be standardele de calitate \u0219i cerin\u021bele de siguran\u021b\u0103 alimentar\u0103 pentru produc\u021bie, pentru a v\u0103 asigura c\u0103 produsele \u00eendeplinesc standardele.<\/li>\n<li><strong>Serviciul clien\u021bi<\/strong>: 24 de ore pentru a oferi un r\u0103spuns rapid \u0219i un serviciu de asisten\u021b\u0103 pentru clien\u021bi grijuliu.<\/li>\n<li><strong>Mostr\u0103 gratuit\u0103<\/strong>:Oferi\u021bi servicii gratuite de e\u0219antionare pentru a evalua produsele.<\/li>\n<\/ul>\n<p>Huiyang Packaging is committed to providing customers with high quality and customized shampoo packaging bags to help customers enhance their product image and market competitiveness.<\/p>\n<p>&nbsp;<\/p>","protected":false},"featured_media":3059,"comment_status":"open","ping_status":"closed","template":"","meta":[],"product_brand":[],"product_cat":[52],"product_tag":[],"class_list":{"0":"post-3058","1":"product","2":"type-product","3":"status-publish","4":"has-post-thumbnail","6":"product_cat-custom-daily-chemical-packaging","8":"first","9":"instock","10":"shipping-taxable","11":"product-type-simple"},"_links":{"self":[{"href":"https:\/\/www.hyflexpack.com\/ro\/wp-json\/wp\/v2\/product\/3058","targetHints":{"allow":["GET"]}}],"collection":[{"href":"https:\/\/www.hyflexpack.com\/ro\/wp-json\/wp\/v2\/product"}],"about":[{"href":"https:\/\/www.hyflexpack.com\/ro\/wp-json\/wp\/v2\/types\/product"}],"replies":[{"embeddable":true,"href":"https:\/\/www.hyflexpack.com\/ro\/wp-json\/wp\/v2\/comments?post=3058"}],"wp:featuredmedia":[{"embeddable":true,"href":"https:\/\/www.hyflexpack.com\/ro\/wp-json\/wp\/v2\/media\/3059"}],"wp:attachment":[{"href":"https:\/\/www.hyflexpack.com\/ro\/wp-json\/wp\/v2\/media?parent=3058"}],"wp:term":[{"taxonomy":"product_brand","embeddable":true,"href":"https:\/\/www.hyflexpack.com\/ro\/wp-json\/wp\/v2\/product_brand?post=3058"},{"taxonomy":"product_cat","embeddable":true,"href":"https:\/\/www.hyflexpack.com\/ro\/wp-json\/wp\/v2\/product_cat?post=3058"},{"taxonomy":"product_tag","embeddable":true,"href":"https:\/\/www.hyflexpack.com\/ro\/wp-json\/wp\/v2\/product_tag?post=3058"}],"curies":[{"name":"wp","href":"https:\/\/api.w.org\/{rel}","templated":true}]}}