{"id":3052,"date":"2024-05-20T09:23:17","date_gmt":"2024-05-20T09:23:17","guid":{"rendered":"https:\/\/hyflexpack.com\/?post_type=product&#038;p=3052"},"modified":"2024-05-20T09:23:18","modified_gmt":"2024-05-20T09:23:18","slug":"pungi-stand-up-en-gros","status":"publish","type":"product","link":"https:\/\/www.hyflexpack.com\/ro\/product\/stand-up-pouches-wholesale\/","title":{"rendered":"Biodegradabil Stand Up Pouches Comer\u021b cu ridicata Sampon Bag Lichid Ambalaje Imprimate Spout Refillable Squeeze Pouches"},"content":{"rendered":"<div class=\"wp-block-columns is-layout-flex wp-container-core-columns-is-layout-9d6595d7 wp-block-columns-is-layout-flex\">\n<div class=\"wp-block-column is-layout-flow wp-block-column-is-layout-flow\">\n<h3 class=\"wp-block-heading\">Caracteristici de \u00eenalt\u0103 calitate Stand Up Pouches<\/h3>\n\n\n\n<ul class=\"wp-block-list\">\n<li>Certificare de mediu: Pungile noastre stand up sunt fabricate din materiale biodegradabile ecologice pentru a contribui la reducerea de\u0219eurilor din plastic \u0219i la promovarea sustenabilit\u0103\u021bii. Toate materialele au trecut printr-o certificare de mediu strict\u0103 pentru a se asigura c\u0103 sunt prietenoase cu mediul.<\/li>\n<\/ul>\n\n\n\n<p><\/p>\n\n\n\n<ul class=\"wp-block-list\">\n<li>Design superior: Adoptarea designului pungii de \u0219ampon asigur\u0103 stabilitate \u0219i estetic\u0103 \u00een timpul afi\u0219\u0103rii \u0219i utiliz\u0103rii, economisind \u00een acela\u0219i timp spa\u021biu de depozitare.Fiecare pung\u0103 este echipat\u0103 cu o duz\u0103 pentru turnare \u0219i \u00eendep\u0103rtare u\u0219oar\u0103 pentru a minimiza scurgerile \u0219i de\u0219eurile.<\/li>\n<\/ul>\n\n\n\n<p><\/p>\n\n\n\n<ul class=\"wp-block-list\">\n<li>Material premium: Utilizarea materialului plastic de \u00eenalt\u0103 calitate asigur\u0103 c\u0103 pungile sunt durabile, rezistente la scurgeri, rezistente la rupere \u0219i protejeaz\u0103 con\u021binutul. Materialul compozit multistrat asigur\u0103 o rezisten\u021b\u0103 superioar\u0103 la umiditate \u0219i oxigen, prelungind durata de depozitare a produselor.<\/li>\n<\/ul>\n\n\n\n<p><\/p>\n\n\n\n<ul class=\"wp-block-list\">\n<li>Reutilizabile: pungile stand up sunt concepute pentru a putea fi reumplute, prelungind durata de via\u021b\u0103 \u0219i reduc\u00e2nd costurile de utilizare, minimiz\u00e2nd \u00een acela\u0219i timp risipa de resurse.<\/li>\n<\/ul>\n<\/div>\n\n\n\n<div class=\"wp-block-column is-layout-flow wp-block-column-is-layout-flow\">\n<h2 class=\"wp-block-heading\"><\/h2>\n\n\n\n<figure class=\"wp-block-image size-full\"><img fetchpriority=\"high\" decoding=\"async\" width=\"750\" height=\"750\" src=\"https:\/\/hyflexpack.com\/wp-content\/uploads\/2024\/05\/Stand-Up-Pouches-Wholesale-3.webp\" alt=\"Stand Up Pouches cu ridicata\" class=\"wp-image-3055\" srcset=\"https:\/\/www.hyflexpack.com\/wp-content\/uploads\/2024\/05\/Stand-Up-Pouches-Wholesale-3.webp 750w, https:\/\/www.hyflexpack.com\/wp-content\/uploads\/2024\/05\/Stand-Up-Pouches-Wholesale-3-300x300.webp 300w, https:\/\/www.hyflexpack.com\/wp-content\/uploads\/2024\/05\/Stand-Up-Pouches-Wholesale-3-150x150.webp 150w, https:\/\/www.hyflexpack.com\/wp-content\/uploads\/2024\/05\/Stand-Up-Pouches-Wholesale-3-285x285.webp 285w, https:\/\/www.hyflexpack.com\/wp-content\/uploads\/2024\/05\/Stand-Up-Pouches-Wholesale-3-270x270.webp 270w, https:\/\/www.hyflexpack.com\/wp-content\/uploads\/2024\/05\/Stand-Up-Pouches-Wholesale-3-540x540.webp 540w, https:\/\/www.hyflexpack.com\/wp-content\/uploads\/2024\/05\/Stand-Up-Pouches-Wholesale-3-660x660.webp 660w\" sizes=\"(max-width: 750px) 100vw, 750px\" \/><\/figure>\n<\/div>\n<\/div>","protected":false},"excerpt":{"rendered":"<p>Afla\u021bi mai multe despre pungile noastre biodegradabile pentru \u0219ampon, confec\u021bionate din materiale ecologice, cu gura de scurgere \u0219i m\u00e2nere, care sunt proiectate elegant, u\u0219or de utilizat \u0219i durabile. Oferind servicii personalizate de personalizare \u0219i control strict al calit\u0103\u021bii, acestea sunt o op\u021biune de aprovizionare ideal\u0103 pentru a v\u0103 ajuta s\u0103 v\u0103 face\u021bi brandul mai ecologic \u0219i mai eficient. bine a\u021bi venit s\u0103 ne consulta\u021bi oric\u00e2nd!<\/p>\n<h3>Avantajele pungilor Stand Up<\/h3>\n<ul>\n<li><strong>Proiectare personalizat\u0103<\/strong>:Oferim servicii personalizate de design pentru ambalarea b\u0103uturilor, inclusiv personalizarea materialului, dimensiunii \u0219i a modelului de imprimare pentru a satisface nevoile de branding ale clientului, sprijin OEM \u0219i ODM.<\/li>\n<li><strong>Produc\u021bie<\/strong>:Cu echipamente \u0219i tehnologii avansate, suntem capabili s\u0103 finaliz\u0103m produc\u021bia comenzii cu eficien\u021b\u0103 ridicat\u0103 \u0219i calitate ridicat\u0103 \u0219i putem livra la timp.<\/li>\n<li><strong>Controlul calit\u0103\u021bii<\/strong>:Respecta\u021bi cu stricte\u021be standardele de calitate \u0219i cerin\u021bele de siguran\u021b\u0103 alimentar\u0103 pentru produc\u021bie, printr-o serie de certific\u0103ri interna\u021bionale de calitate, pentru a asigura o calitate fiabil\u0103, astfel \u00eenc\u00e2t clien\u021bii s\u0103 poat\u0103 fi siguri.<\/li>\n<li><strong>Servicii de consultan\u021b\u0103 de calitate<\/strong>:Oferim servicii profesionale de consultan\u021b\u0103 privind produsele \u0219i pia\u021ba pentru a ajuta clien\u021bii s\u0103 aleag\u0103 cele mai potrivite solu\u021bii de ambalare. Sistemul perfect de servicii post-v\u00e2nzare, rezolv\u0103 rapid orice probleme \u0219i preocup\u0103ri ale clien\u021bilor.<\/li>\n<li><strong>Mostr\u0103 gratuit\u0103<\/strong>:Oferi\u021bi servicii gratuite de e\u0219antionare pentru a evalua produsele.<\/li>\n<\/ul>\n<p>Huiyang Packaging se angajeaz\u0103 s\u0103 ofere clien\u021bilor pungi \u0219i saci stand up personaliza\u021bi de \u00eenalt\u0103 calitate, pentru a ajuta clien\u021bii s\u0103 \u00ee\u0219i \u00eembun\u0103t\u0103\u021beasc\u0103 imaginea produsului \u0219i competitivitatea pe pia\u021b\u0103.<\/p>","protected":false},"featured_media":3056,"comment_status":"open","ping_status":"closed","template":"","meta":[],"product_brand":[],"product_cat":[52],"product_tag":[],"class_list":{"0":"post-3052","1":"product","2":"type-product","3":"status-publish","4":"has-post-thumbnail","6":"product_cat-custom-daily-chemical-packaging","8":"first","9":"instock","10":"shipping-taxable","11":"product-type-simple"},"_links":{"self":[{"href":"https:\/\/www.hyflexpack.com\/ro\/wp-json\/wp\/v2\/product\/3052","targetHints":{"allow":["GET"]}}],"collection":[{"href":"https:\/\/www.hyflexpack.com\/ro\/wp-json\/wp\/v2\/product"}],"about":[{"href":"https:\/\/www.hyflexpack.com\/ro\/wp-json\/wp\/v2\/types\/product"}],"replies":[{"embeddable":true,"href":"https:\/\/www.hyflexpack.com\/ro\/wp-json\/wp\/v2\/comments?post=3052"}],"wp:featuredmedia":[{"embeddable":true,"href":"https:\/\/www.hyflexpack.com\/ro\/wp-json\/wp\/v2\/media\/3056"}],"wp:attachment":[{"href":"https:\/\/www.hyflexpack.com\/ro\/wp-json\/wp\/v2\/media?parent=3052"}],"wp:term":[{"taxonomy":"product_brand","embeddable":true,"href":"https:\/\/www.hyflexpack.com\/ro\/wp-json\/wp\/v2\/product_brand?post=3052"},{"taxonomy":"product_cat","embeddable":true,"href":"https:\/\/www.hyflexpack.com\/ro\/wp-json\/wp\/v2\/product_cat?post=3052"},{"taxonomy":"product_tag","embeddable":true,"href":"https:\/\/www.hyflexpack.com\/ro\/wp-json\/wp\/v2\/product_tag?post=3052"}],"curies":[{"name":"wp","href":"https:\/\/api.w.org\/{rel}","templated":true}]}}