{"id":3038,"date":"2024-05-20T06:44:42","date_gmt":"2024-05-20T06:44:42","guid":{"rendered":"https:\/\/hyflexpack.com\/?post_type=product&#038;p=3038"},"modified":"2024-05-20T06:44:43","modified_gmt":"2024-05-20T06:44:43","slug":"wholesale-plastic-pouch","status":"publish","type":"product","link":"https:\/\/www.hyflexpack.com\/ro\/product\/wholesale-plastic-pouch\/","title":{"rendered":"Comer\u021b cu ridicata din plastic Pouch Liquid Packs Stand Up Spout Pouch cu m\u00e2ner Sp\u0103l\u0103torie Ambalaje"},"content":{"rendered":"<div class=\"wp-block-columns is-layout-flex wp-container-core-columns-is-layout-9d6595d7 wp-block-columns-is-layout-flex\">\n<div class=\"wp-block-column is-layout-flow wp-block-column-is-layout-flow\">\n<h3 class=\"wp-block-heading\">Caracteristici ale pungii de plastic de \u00eenalt\u0103 calitate<\/h3>\n\n\n\n<ul class=\"wp-block-list\">\n<li>Designul pungii Stand Up: Punga noastr\u0103 flexibil\u0103 este proiectat\u0103 s\u0103 stea \u00een picioare, ceea ce nu numai c\u0103 economise\u0219te spa\u021biu de depozitare, dar asigur\u0103 \u0219i estetic\u0103 \u0219i stabilitate atunci c\u00e2nd expune\u021bi produsul.<\/li>\n<\/ul>\n\n\n\n<p><\/p>\n\n\n\n<ul class=\"wp-block-list\">\n<li>Cu gura de scurgere \u0219i m\u00e2ner: fiecare pung\u0103 de plastic este echipat\u0103 cu o gur\u0103 de scurgere convenabil\u0103 \u0219i un m\u00e2ner robust, facilit\u00e2nd utilizatorilor s\u0103 toarne lichide \u0219i s\u0103 reduc\u0103 scurgerile \u0219i de\u0219eurile.<\/li>\n<\/ul>\n\n\n\n<p><\/p>\n\n\n\n<ul class=\"wp-block-list\">\n<li>Materiale de \u00eenalt\u0103 calitate: Pungile din plastic sunt fabricate din materiale de \u00eenalt\u0103 calitate care sunt durabile, rezistente la scurgeri \u0219i la rupere, asigur\u00e2ndu-se c\u0103 produsul r\u0103m\u00e2ne intact \u00een timpul transportului \u0219i utiliz\u0103rii.<\/li>\n<\/ul>\n\n\n\n<p><\/p>\n\n\n\n<ul class=\"wp-block-list\">\n<li>Design rezistent la scurgeri: Tehnologia avansat\u0103 de etan\u0219are asigur\u0103 c\u0103 lichidele nu se vor scurge, garant\u00e2nd siguran\u021ba produsului \u0219i lini\u0219tea utilizatorilor.<\/li>\n<\/ul>\n\n\n\n<p><\/p>\n\n\n\n<ul class=\"wp-block-list\">\n<li>Materiale reciclabile: Ne-am angajat fa\u021b\u0103 de mediu \u0219i folosim materiale plastice reciclabile pentru a minimiza impactul asupra mediului.<\/li>\n<\/ul>\n\n\n\n<p><\/p>\n\n\n\n<ul class=\"wp-block-list\">\n<li>Amprent\u0103 redus\u0103 de carbon: Designul u\u0219or nu numai c\u0103 reduce costurile de transport, dar reduce \u0219i emisiile de carbon.<\/li>\n<\/ul>\n<\/div>\n\n\n\n<div class=\"wp-block-column is-layout-flow wp-block-column-is-layout-flow\">\n<h2 class=\"wp-block-heading\"><\/h2>\n\n\n\n<figure class=\"wp-block-image size-full\"><img fetchpriority=\"high\" decoding=\"async\" width=\"750\" height=\"750\" src=\"https:\/\/hyflexpack.com\/wp-content\/uploads\/2024\/05\/Wholesale-Plastic-Pouch-2.webp\" alt=\"Pungi de plastic cu ridicata\" class=\"wp-image-3041\" srcset=\"https:\/\/www.hyflexpack.com\/wp-content\/uploads\/2024\/05\/Wholesale-Plastic-Pouch-2.webp 750w, https:\/\/www.hyflexpack.com\/wp-content\/uploads\/2024\/05\/Wholesale-Plastic-Pouch-2-300x300.webp 300w, https:\/\/www.hyflexpack.com\/wp-content\/uploads\/2024\/05\/Wholesale-Plastic-Pouch-2-150x150.webp 150w, https:\/\/www.hyflexpack.com\/wp-content\/uploads\/2024\/05\/Wholesale-Plastic-Pouch-2-285x285.webp 285w, https:\/\/www.hyflexpack.com\/wp-content\/uploads\/2024\/05\/Wholesale-Plastic-Pouch-2-270x270.webp 270w, https:\/\/www.hyflexpack.com\/wp-content\/uploads\/2024\/05\/Wholesale-Plastic-Pouch-2-540x540.webp 540w, https:\/\/www.hyflexpack.com\/wp-content\/uploads\/2024\/05\/Wholesale-Plastic-Pouch-2-660x660.webp 660w\" sizes=\"(max-width: 750px) 100vw, 750px\" \/><\/figure>\n<\/div>\n<\/div>","protected":false},"excerpt":{"rendered":"<p>Afla\u021bi mai multe despre pungile noastre din plastic pentru detergent de rufe cu design stand up cu gura de scurgere \u0219i m\u00e2ner, u\u0219or de utilizat, etan\u0219e \u0219i rezistente la umiditate, ecologice \u0219i durabile, \u0219i oferim servicii personalizate personalizate \u0219i control strict al calit\u0103\u021bii. Bine a\u021bi venit s\u0103 ne contacta\u021bi pentru solu\u021bia perfect\u0103 de ambalaje flexibile personalizate!<\/p>\n<h3>Avantajele pungii de plastic<\/h3>\n<ul>\n<li><strong>Design personalizat<\/strong>:Oferim servicii personalizate \u00een diferite dimensiuni, forme, culori \u0219i modele de imprimare pentru a satisface nevoile de branding ale diferi\u021bilor clien\u021bi.<\/li>\n<li><strong>Produc\u021bie<\/strong>:Cu echipamente \u0219i tehnologii avansate, suntem capabili s\u0103 finaliz\u0103m produc\u021bia comenzii cu eficien\u021b\u0103 ridicat\u0103 \u0219i calitate ridicat\u0103 \u0219i s\u0103 livr\u0103m la timp.<\/li>\n<li><strong>Monitorizare full-range<\/strong>:Controlul strict al calit\u0103\u021bii este efectuat la fiecare pas, de la achizi\u021bionarea materiei prime p\u00e2n\u0103 la ie\u0219irea produselor finite din fabric\u0103, \u0219i am trecut o serie de certific\u0103ri interna\u021bionale de calitate pentru a asigura o calitate fiabil\u0103.<\/li>\n<li><strong>Servicii de calitate pentru clien\u021bi<\/strong>:Furnizarea de produse profesionale \u0219i servicii de consultan\u021b\u0103 de pia\u021b\u0103 pentru a ajuta clien\u021bii s\u0103 aleag\u0103 cele mai potrivite solu\u021bii de ambalare \u0219i un sistem perfect de servicii post-v\u00e2nzare.<\/li>\n<li><strong>Mostr\u0103 gratuit\u0103<\/strong>:Oferim servicii gratuite de e\u0219antionare pentru a evalua produsele.<\/li>\n<\/ul>\n<p>Huiyang Packaging se angajeaz\u0103 s\u0103 furnizeze clien\u021bilor pungi de plastic personalizate de \u00eenalt\u0103 calitate, pentru a ajuta clien\u021bii s\u0103 \u00eembun\u0103t\u0103\u021beasc\u0103 imaginea produsului \u0219i s\u0103 sporeasc\u0103 competitivitatea pe pia\u021b\u0103.<\/p>","protected":false},"featured_media":3040,"comment_status":"open","ping_status":"closed","template":"","meta":[],"product_brand":[],"product_cat":[52],"product_tag":[],"class_list":{"0":"post-3038","1":"product","2":"type-product","3":"status-publish","4":"has-post-thumbnail","6":"product_cat-custom-daily-chemical-packaging","8":"first","9":"instock","10":"shipping-taxable","11":"product-type-simple"},"_links":{"self":[{"href":"https:\/\/www.hyflexpack.com\/ro\/wp-json\/wp\/v2\/product\/3038","targetHints":{"allow":["GET"]}}],"collection":[{"href":"https:\/\/www.hyflexpack.com\/ro\/wp-json\/wp\/v2\/product"}],"about":[{"href":"https:\/\/www.hyflexpack.com\/ro\/wp-json\/wp\/v2\/types\/product"}],"replies":[{"embeddable":true,"href":"https:\/\/www.hyflexpack.com\/ro\/wp-json\/wp\/v2\/comments?post=3038"}],"wp:featuredmedia":[{"embeddable":true,"href":"https:\/\/www.hyflexpack.com\/ro\/wp-json\/wp\/v2\/media\/3040"}],"wp:attachment":[{"href":"https:\/\/www.hyflexpack.com\/ro\/wp-json\/wp\/v2\/media?parent=3038"}],"wp:term":[{"taxonomy":"product_brand","embeddable":true,"href":"https:\/\/www.hyflexpack.com\/ro\/wp-json\/wp\/v2\/product_brand?post=3038"},{"taxonomy":"product_cat","embeddable":true,"href":"https:\/\/www.hyflexpack.com\/ro\/wp-json\/wp\/v2\/product_cat?post=3038"},{"taxonomy":"product_tag","embeddable":true,"href":"https:\/\/www.hyflexpack.com\/ro\/wp-json\/wp\/v2\/product_tag?post=3038"}],"curies":[{"name":"wp","href":"https:\/\/api.w.org\/{rel}","templated":true}]}}