{"id":3009,"date":"2024-05-18T08:25:55","date_gmt":"2024-05-18T08:25:55","guid":{"rendered":"https:\/\/hyflexpack.com\/?post_type=product&#038;p=3009"},"modified":"2024-05-18T08:25:56","modified_gmt":"2024-05-18T08:25:56","slug":"customized-liquid-pouches","status":"publish","type":"product","link":"https:\/\/www.hyflexpack.com\/ro\/product\/customized-liquid-pouches\/","title":{"rendered":"Pungi de lichid personalizate Pungi din plastic Stand-Up Pouch imprimate Spalat vase Lichid Spout Pouch"},"content":{"rendered":"<p><\/p>\n\n\n\n<div class=\"wp-block-columns is-layout-flex wp-container-core-columns-is-layout-9d6595d7 wp-block-columns-is-layout-flex\">\n<div class=\"wp-block-column is-layout-flow wp-block-column-is-layout-flow\">\n<h3 class=\"wp-block-heading\">Caracteristici ale pungilor pentru lichide de \u00eenalt\u0103 calitate<\/h3>\n\n\n\n<ul class=\"wp-block-list\">\n<li>Portabilitate \u0219i economie de spa\u021biu: acest design de pungi pentru lichide este compact \u0219i u\u0219or, u\u0219or de depozitat \u0219i transportat, potrivit pentru uz casnic \u0219i \u00een aer liber.<\/li>\n\n\n\n<li>Design autoportant: Structura de sine st\u0103t\u0103toare a pungii \u00eei permite s\u0103 stea ferm, f\u0103c\u00e2ndu-l u\u0219or de plasat \u00een timpul utiliz\u0103rii \u0219i mai pu\u021bin probabil s\u0103 se r\u0103stoarne.<\/li>\n\n\n\n<li>Design cu gura de scurgere: Proiectat cu o duz\u0103 pentru un control u\u0219or al volumului de turnare, prevenind risipa \u0219i reduc\u00e2nd posibilitatea scurgerilor de lichid.<\/li>\n\n\n\n<li>Materiale ecologice: Materialele plastice reciclabile sunt adesea utilizate pentru a minimiza impactul asupra mediului, sus\u021bin\u00e2nd \u00een acela\u0219i timp un stil de via\u021b\u0103 ecologic.<\/li>\n\n\n\n<li>Construc\u021bie multistrat: Construc\u021bia din plastic multistrat ofer\u0103 o rezisten\u021b\u0103 excelent\u0103 la umiditate, oxigen \u0219i parfum, asigur\u00e2nd c\u0103 lichidul de sp\u0103lat vase r\u0103m\u00e2ne \u00een stare optim\u0103 pentru o perioad\u0103 lung\u0103 de timp.<\/li>\n\n\n\n<li>U\u0219or de utilizat \u0219i de depozitat: Designul duzei permite turnarea precis\u0103 \u0219i poate fi sigilat cu u\u0219urin\u021b\u0103 dup\u0103 utilizare pentru a-l p\u0103stra curat \u0219i lichidul igienic.<\/li>\n\n\n\n<li>Versatilitate: \u00cen plus fa\u021b\u0103 de lichidul de sp\u0103lat vase, acesta poate fi utilizat \u0219i pentru ambalarea altor produse lichide, cum ar fi dezinfectant pentru m\u00e2ini, detergent de rufe etc., cu o gam\u0103 larg\u0103 de aplicabilitate.<\/li>\n<\/ul>\n<\/div>\n\n\n\n<div class=\"wp-block-column is-layout-flow wp-block-column-is-layout-flow\">\n<h2 class=\"wp-block-heading\"><\/h2>\n\n\n\n<figure class=\"wp-block-image size-full\"><img fetchpriority=\"high\" decoding=\"async\" width=\"750\" height=\"750\" src=\"https:\/\/hyflexpack.com\/wp-content\/uploads\/2024\/05\/Customized-Liquid-Pouches-7.webp\" alt=\"Pungi pentru lichide personalizate (\" class=\"wp-image-3016\" srcset=\"https:\/\/www.hyflexpack.com\/wp-content\/uploads\/2024\/05\/Customized-Liquid-Pouches-7.webp 750w, https:\/\/www.hyflexpack.com\/wp-content\/uploads\/2024\/05\/Customized-Liquid-Pouches-7-300x300.webp 300w, https:\/\/www.hyflexpack.com\/wp-content\/uploads\/2024\/05\/Customized-Liquid-Pouches-7-150x150.webp 150w, https:\/\/www.hyflexpack.com\/wp-content\/uploads\/2024\/05\/Customized-Liquid-Pouches-7-285x285.webp 285w, https:\/\/www.hyflexpack.com\/wp-content\/uploads\/2024\/05\/Customized-Liquid-Pouches-7-270x270.webp 270w, https:\/\/www.hyflexpack.com\/wp-content\/uploads\/2024\/05\/Customized-Liquid-Pouches-7-540x540.webp 540w, https:\/\/www.hyflexpack.com\/wp-content\/uploads\/2024\/05\/Customized-Liquid-Pouches-7-660x660.webp 660w\" sizes=\"(max-width: 750px) 100vw, 750px\" \/><\/figure>\n<\/div>\n<\/div>","protected":false},"excerpt":{"rendered":"<p>Aceast\u0103 pung\u0103 pentru lichide din plastic stand-up este ideal\u0103 pentru ambalarea lichidului de sp\u0103lat vase, proiectat\u0103 cu duz\u0103 pentru turnare u\u0219oar\u0103 \u0219i precis\u0103 \u0219i rezistent\u0103 la scurgeri, materialul ecologic poate fi reciclat. Structura multistrat asigur\u0103 prospe\u021bimea produsului, imprimarea frumoas\u0103 \u00eembun\u0103t\u0103\u021be\u0219te imaginea m\u0103rcii, u\u0219oar\u0103 \u0219i u\u0219or de depozitat, potrivit\u0103 pentru uz casnic \u0219i exterior, economic\u0103. Contacta\u021bi-ne ast\u0103zi pentru solu\u021bii personalizate!<\/p>\n<h3>Avantajele pungilor de lichide pentru b\u0103uturi<\/h3>\n<ul>\n<li><strong>Proiectare personalizat\u0103<\/strong>:Oferim servicii de design personalizat pentru pungi pentru lichide, sprijinind OEM \u0219i ODM, afi\u0219\u00e2nd logo-ul m\u0103rcii \u0219i informa\u021bii despre produs pentru a spori con\u0219tientizarea m\u0103rcii \u0219i atractivitatea pe pia\u021b\u0103.<\/li>\n<li><strong>Varietate de modele<\/strong>:O varietate de modele \u0219i dimensiuni sunt disponibile pentru a satisface nevoile diferi\u021bilor clien\u021bi, oferind solu\u021bii de ambalare adecvate pentru o varietate de produse lichide de sp\u0103lat vase.<\/li>\n<li><strong>Serviciul clien\u021bi<\/strong>:Oferi\u021bi un r\u0103spuns rapid \u0219i un serviciu de asisten\u021b\u0103 pentru clien\u021bi atent 24 de ore pe zi.<\/li>\n<li><strong>Asigurarea calit\u0103\u021bii<\/strong>:Sistem strict de control al calit\u0103\u021bii pentru a asigura calitatea ridicat\u0103 \u0219i consecven\u021ba fiec\u0103rui sac.<\/li>\n<li><strong>Rentabil<\/strong>: \u00cen compara\u021bie cu formele tradi\u021bionale de ambalare, designul pungii este mai rentabil, reduc\u00e2nd costurile de ambalare, transport \u0219i depozitare \u0219i \u00eembun\u0103t\u0103\u021bind rentabilitatea.<\/li>\n<li><strong>Mostr\u0103 gratuit\u0103<\/strong>:Oferim servicii gratuite de e\u0219antionare pentru a v\u0103 evalua produsul.<\/li>\n<\/ul>\n<p>Huiyang Packaging se angajeaz\u0103 s\u0103 furnizeze clien\u021bilor pungi de lichid personalizate de \u00eenalt\u0103 calitate pentru a ajuta clien\u021bii s\u0103-\u0219i \u00eembun\u0103t\u0103\u021beasc\u0103 imaginea produsului \u0219i s\u0103 sporeasc\u0103 competitivitatea pe pia\u021b\u0103.<\/p>","protected":false},"featured_media":3011,"comment_status":"open","ping_status":"closed","template":"","meta":[],"product_brand":[],"product_cat":[52],"product_tag":[],"class_list":{"0":"post-3009","1":"product","2":"type-product","3":"status-publish","4":"has-post-thumbnail","6":"product_cat-custom-daily-chemical-packaging","8":"first","9":"instock","10":"shipping-taxable","11":"product-type-simple"},"_links":{"self":[{"href":"https:\/\/www.hyflexpack.com\/ro\/wp-json\/wp\/v2\/product\/3009","targetHints":{"allow":["GET"]}}],"collection":[{"href":"https:\/\/www.hyflexpack.com\/ro\/wp-json\/wp\/v2\/product"}],"about":[{"href":"https:\/\/www.hyflexpack.com\/ro\/wp-json\/wp\/v2\/types\/product"}],"replies":[{"embeddable":true,"href":"https:\/\/www.hyflexpack.com\/ro\/wp-json\/wp\/v2\/comments?post=3009"}],"wp:featuredmedia":[{"embeddable":true,"href":"https:\/\/www.hyflexpack.com\/ro\/wp-json\/wp\/v2\/media\/3011"}],"wp:attachment":[{"href":"https:\/\/www.hyflexpack.com\/ro\/wp-json\/wp\/v2\/media?parent=3009"}],"wp:term":[{"taxonomy":"product_brand","embeddable":true,"href":"https:\/\/www.hyflexpack.com\/ro\/wp-json\/wp\/v2\/product_brand?post=3009"},{"taxonomy":"product_cat","embeddable":true,"href":"https:\/\/www.hyflexpack.com\/ro\/wp-json\/wp\/v2\/product_cat?post=3009"},{"taxonomy":"product_tag","embeddable":true,"href":"https:\/\/www.hyflexpack.com\/ro\/wp-json\/wp\/v2\/product_tag?post=3009"}],"curies":[{"name":"wp","href":"https:\/\/api.w.org\/{rel}","templated":true}]}}