{"id":2971,"date":"2024-05-16T10:01:07","date_gmt":"2024-05-16T10:01:07","guid":{"rendered":"https:\/\/hyflexpack.com\/?post_type=product&#038;p=2971"},"modified":"2025-03-14T06:49:44","modified_gmt":"2025-03-14T06:49:44","slug":"customized-coffee-packages-zipper-bag","status":"publish","type":"product","link":"https:\/\/www.hyflexpack.com\/ro\/product\/customized-coffee-packages-zipper-bag\/","title":{"rendered":"Personalizate pachete de cafea Zipper Bag Stand-up Pouches cu supap\u0103 de verificare ambalare alimente"},"content":{"rendered":"<div class=\"wp-block-columns is-layout-flex wp-container-core-columns-is-layout-9d6595d7 wp-block-columns-is-layout-flex\">\n<div class=\"wp-block-column is-layout-flow wp-block-column-is-layout-flow\">\n<h3 class=\"wp-block-heading\">Caracteristici ale pachetelor de cafea de \u00eenalt\u0103 calitate<\/h3>\n\n\n\n<ul class=\"wp-block-list\">\n<li>Designul pungii cu fermoar: Pachetele de cafea au un fermoar convenabil \u0219i un design u\u0219or de rupt, facilit\u00e2nd utilizatorilor s\u0103 deschid\u0103 \u0219i s\u0103 \u00eenchid\u0103 punga pentru a p\u0103stra cafeaua proasp\u0103t\u0103 \u0219i aromat\u0103.<\/li>\n<\/ul>\n\n\n\n<p><\/p>\n\n\n\n<ul class=\"wp-block-list\">\n<li>Design de pung\u0103 stand-up: Spre deosebire de pungile plate tradi\u021bionale, aceste pungi au un design de pung\u0103 stand-up, care permite pungii s\u0103 r\u0103m\u00e2n\u0103 stabil\u0103 atunci c\u00e2nd este umplut\u0103 \u0219i ajut\u0103 la expunerea produsului pe raft.<\/li>\n<\/ul>\n\n\n\n<p><\/p>\n\n\n\n<ul class=\"wp-block-list\">\n<li>Tehnologie cu valv\u0103 de re\u021binere: Tehnologia \u00eencorporat\u0103 a supapei de re\u021binere evacueaz\u0103 gazul din interiorul ambalajului pentru a men\u021bine prospe\u021bimea \u0219i calitatea cafelei, \u00eempiedic\u00e2nd p\u0103trunderea oxigenului \u0219i a umidit\u0103\u021bii \u00een ambalaj.<\/li>\n<\/ul>\n\n\n\n<p><\/p>\n\n\n\n<ul class=\"wp-block-list\">\n<li>Material de calitate alimentar\u0103: Produs cu material alimentar pentru a asigura c\u0103 produsul \u00eendepline\u0219te standardele de s\u0103n\u0103tate \u0219i siguran\u021b\u0103 \u0219i poate fi utilizat \u00een siguran\u021b\u0103 pentru ambalarea alimentelor.<\/li>\n<\/ul>\n\n\n\n<p><\/p>\n\n\n\n<ul class=\"wp-block-list\">\n<li>Imprimare personalizat\u0103: Imprimarea personalizat\u0103 poate fi realizat\u0103 \u00een func\u021bie de nevoile clientului, inclusiv logo-ul m\u0103rcii, informa\u021biile despre produs \u0219i designul pentru a atrage consumatorii, \u00eembun\u0103t\u0103\u021bind imaginea m\u0103rcii \u0219i competitivitatea pe pia\u021b\u0103.<\/li>\n<\/ul>\n\n\n\n<p><\/p>\n\n\n\n<ul class=\"wp-block-list\">\n<li>Multifunc\u021bionalitate: Pe l\u00e2ng\u0103 cafea, aceste pungi sunt potrivite \u0219i pentru ambalarea altor produse alimentare \u0219i nealimentare, cum ar fi snacks-uri, nuci, bomboane \u0219i a\u0219a mai departe.<\/li>\n<\/ul>\n<\/div>\n\n\n\n<div class=\"wp-block-column is-layout-flow wp-block-column-is-layout-flow\">\n<h3 class=\"wp-block-heading\"><\/h3>\n\n\n\n<figure class=\"wp-block-image size-full\"><img fetchpriority=\"high\" decoding=\"async\" width=\"750\" height=\"750\" src=\"https:\/\/hyflexpack.com\/wp-content\/uploads\/2024\/05\/Customized-Coffee-Packages-4.webp\" alt=\"Pachete de cafea personalizate (1)\" class=\"wp-image-2975\" srcset=\"https:\/\/www.hyflexpack.com\/wp-content\/uploads\/2024\/05\/Customized-Coffee-Packages-4.webp 750w, https:\/\/www.hyflexpack.com\/wp-content\/uploads\/2024\/05\/Customized-Coffee-Packages-4-300x300.webp 300w, https:\/\/www.hyflexpack.com\/wp-content\/uploads\/2024\/05\/Customized-Coffee-Packages-4-150x150.webp 150w, https:\/\/www.hyflexpack.com\/wp-content\/uploads\/2024\/05\/Customized-Coffee-Packages-4-285x285.webp 285w, https:\/\/www.hyflexpack.com\/wp-content\/uploads\/2024\/05\/Customized-Coffee-Packages-4-270x270.webp 270w, https:\/\/www.hyflexpack.com\/wp-content\/uploads\/2024\/05\/Customized-Coffee-Packages-4-540x540.webp 540w, https:\/\/www.hyflexpack.com\/wp-content\/uploads\/2024\/05\/Customized-Coffee-Packages-4-660x660.webp 660w\" sizes=\"(max-width: 750px) 100vw, 750px\" \/><\/figure>\n<\/div>\n<\/div>","protected":false},"excerpt":{"rendered":"<p>Explora\u021bi pachetele de cafea pungi cu fermoar pungi stand-up, echipate cu supap\u0103 de re\u021binere pentru ambalarea alimentelor, combin\u0103 perfect confortul \u0219i func\u021bionalitatea. Fabricat din materiale de \u00eenalt\u0103 calitate pentru a men\u021bine prospe\u021bimea \u0219i gustul cafelei. Contacta\u021bi-ne acum \u0219i haide\u021bi s\u0103 cre\u0103m \u00eempreun\u0103 solu\u021bii excep\u021bionale de ambalare a cafelei!<\/p>\n<h3>Avantajele pachetelor de cafea<\/h3>\n<ul>\n<li><strong>Proiectare personalizat\u0103<\/strong>: Oferim servicii personalizate de proiectare a pachetelor de cafea, inclusiv personalizarea materialului, a dimensiunii \u0219i a modelului de imprimare pentru a satisface nevoile clientului, suport OEM \u0219i ODM.<\/li>\n<li><strong>Produc\u021bie<\/strong>: Cu echipamente \u0219i tehnologii avansate, suntem capabili s\u0103 producem comenzi cu eficien\u021b\u0103 \u0219i calitate ridicate \u0219i s\u0103 livr\u0103m la timp.<\/li>\n<li><strong>Inspec\u021bia calit\u0103\u021bii<\/strong>: Respect\u0103m cu stricte\u021be standardele de calitate \u0219i cerin\u021bele de siguran\u021b\u0103 alimentar\u0103 pentru a ne asigura c\u0103 produsele noastre \u00eendeplinesc standardele.<\/li>\n<li><strong>Echipa de asisten\u021b\u0103 tehnic\u0103<\/strong>: Echipa noastr\u0103 are o experien\u021b\u0103 bogat\u0103 \u00een industrie \u0219i cuno\u0219tin\u021be profesionale pentru a oferi asisten\u021b\u0103 tehnic\u0103 \u0219i servicii de consultan\u021b\u0103 24 de ore din 24 clien\u021bilor no\u0219tri.<\/li>\n<li><strong>E\u0219antioane gratuite<\/strong>: V\u0103 oferim mostre gratuite pentru a evalua produsele noastre.<\/li>\n<\/ul>\n<p>Huiyang Packaging se angajeaz\u0103 s\u0103 furnizeze clien\u021bilor ambalaje de cafea personalizate \u0219i de \u00eenalt\u0103 calitate, pentru a ajuta clien\u021bii s\u0103-\u0219i \u00eembun\u0103t\u0103\u021beasc\u0103 imaginea produsului \u0219i s\u0103-\u0219i sporeasc\u0103 competitivitatea pe pia\u021b\u0103.<\/p>","protected":false},"featured_media":2972,"comment_status":"open","ping_status":"closed","template":"","meta":[],"product_brand":[],"product_cat":[55],"product_tag":[],"class_list":{"0":"post-2971","1":"product","2":"type-product","3":"status-publish","4":"has-post-thumbnail","6":"product_cat-custom-coffee-packaging","8":"first","9":"instock","10":"shipping-taxable","11":"product-type-simple"},"_links":{"self":[{"href":"https:\/\/www.hyflexpack.com\/ro\/wp-json\/wp\/v2\/product\/2971","targetHints":{"allow":["GET"]}}],"collection":[{"href":"https:\/\/www.hyflexpack.com\/ro\/wp-json\/wp\/v2\/product"}],"about":[{"href":"https:\/\/www.hyflexpack.com\/ro\/wp-json\/wp\/v2\/types\/product"}],"replies":[{"embeddable":true,"href":"https:\/\/www.hyflexpack.com\/ro\/wp-json\/wp\/v2\/comments?post=2971"}],"wp:featuredmedia":[{"embeddable":true,"href":"https:\/\/www.hyflexpack.com\/ro\/wp-json\/wp\/v2\/media\/2972"}],"wp:attachment":[{"href":"https:\/\/www.hyflexpack.com\/ro\/wp-json\/wp\/v2\/media?parent=2971"}],"wp:term":[{"taxonomy":"product_brand","embeddable":true,"href":"https:\/\/www.hyflexpack.com\/ro\/wp-json\/wp\/v2\/product_brand?post=2971"},{"taxonomy":"product_cat","embeddable":true,"href":"https:\/\/www.hyflexpack.com\/ro\/wp-json\/wp\/v2\/product_cat?post=2971"},{"taxonomy":"product_tag","embeddable":true,"href":"https:\/\/www.hyflexpack.com\/ro\/wp-json\/wp\/v2\/product_tag?post=2971"}],"curies":[{"name":"wp","href":"https:\/\/api.w.org\/{rel}","templated":true}]}}