{"id":2947,"date":"2024-05-15T09:00:31","date_gmt":"2024-05-15T09:00:31","guid":{"rendered":"https:\/\/hyflexpack.com\/?post_type=product&#038;p=2947"},"modified":"2025-11-04T09:11:31","modified_gmt":"2025-11-04T09:11:31","slug":"factory-price-juice-packaging-bags","status":"publish","type":"product","link":"https:\/\/www.hyflexpack.com\/ro\/product\/factory-price-juice-packaging-bags\/","title":{"rendered":"Pre\u021bul fabricii Juice Packaging Bags OEM Stand Up Spout Pouches pentru b\u0103uturi lichide"},"content":{"rendered":"<div class=\"wp-block-columns is-layout-flex wp-container-core-columns-is-layout-9d6595d7 wp-block-columns-is-layout-flex\">\n<div class=\"wp-block-column is-layout-flow wp-block-column-is-layout-flow\">\n<h3 class=\"wp-block-heading\">  Pungi personalizate pentru ambalarea sucurilor Caracteristici<\/h3>\n\n\n\n<ul class=\"wp-block-list\">\n<li><strong>Caracteristici de design:<\/strong> Pungile noastre personalizate de ambalare a sucului sunt proiectate nu numai cu deschideri pentru paie pentru ca utilizatorii s\u0103 bea direct, ci \u0219i cu o form\u0103 neregulat\u0103 a m\u00e2nerului de prindere a m\u00e2inii, care adaug\u0103 caracteristici unice de aspect \u0219i \u00eel face mai competitiv pe pia\u021b\u0103.<\/li>\n<\/ul>\n\n\n\n<p><\/p>\n\n\n\n<ul class=\"wp-block-list\">\n<li><strong>Material de \u00eenalt\u0103 calitate: <\/strong>Selecta\u021bi un material alimentar rezistent la scurgeri, respirabil, rezistent la acizi \u0219i alcalii pentru a asigura prospe\u021bimea \u0219i calitatea b\u0103uturii.<\/li>\n<\/ul>\n\n\n\n<p><\/p>\n\n\n\n<ul class=\"wp-block-list\">\n<li><strong>Domeniul de aplicare:<\/strong> Potrivit pentru toate tipurile de b\u0103uturi lichide, cum ar fi suc de fructe, ceai, b\u0103uturi func\u021bionale etc. Poate fi utilizat convenabil \u00een diferite ocazii.<\/li>\n<\/ul>\n\n\n\n<p><\/p>\n\n\n\n<ul class=\"wp-block-list\">\n<li><strong>Pozi\u021bionarea m\u0103rcii: <\/strong>Eviden\u021bia\u021bi imaginea \u0219i mesajul m\u0103rcii prin design \u0219i imprimare personalizate pentru a atrage mai mul\u021bi consumatori.<\/li>\n<\/ul>\n\n\n\n<p><\/p>\n\n\n\n<ul class=\"wp-block-list\">\n<li><strong>Sustenabilitate: <\/strong>Lua\u021bi \u00een considerare utilizarea de materiale biodegradabile sau lansarea de pungi reciclabile, \u00een conformitate cu preferin\u021ba consumatorilor pentru produse ecologice.<\/li>\n<\/ul>\n<\/div>\n\n\n\n<div class=\"wp-block-column is-layout-flow wp-block-column-is-layout-flow\">\n<figure class=\"wp-block-image size-full\"><img fetchpriority=\"high\" decoding=\"async\" width=\"750\" height=\"750\" src=\"https:\/\/www.hyflexpack.com\/wp-content\/uploads\/2024\/05\/Juice-Packaging-Bags-Factory-Price.webp\" alt=\"Pungi de ambalare a sucului-Factory-Price\" class=\"wp-image-8006\" srcset=\"https:\/\/www.hyflexpack.com\/wp-content\/uploads\/2024\/05\/Juice-Packaging-Bags-Factory-Price.webp 750w, https:\/\/www.hyflexpack.com\/wp-content\/uploads\/2024\/05\/Juice-Packaging-Bags-Factory-Price-300x300.webp 300w, https:\/\/www.hyflexpack.com\/wp-content\/uploads\/2024\/05\/Juice-Packaging-Bags-Factory-Price-150x150.webp 150w, https:\/\/www.hyflexpack.com\/wp-content\/uploads\/2024\/05\/Juice-Packaging-Bags-Factory-Price-12x12.webp 12w, https:\/\/www.hyflexpack.com\/wp-content\/uploads\/2024\/05\/Juice-Packaging-Bags-Factory-Price-285x285.webp 285w, https:\/\/www.hyflexpack.com\/wp-content\/uploads\/2024\/05\/Juice-Packaging-Bags-Factory-Price-270x270.webp 270w, https:\/\/www.hyflexpack.com\/wp-content\/uploads\/2024\/05\/Juice-Packaging-Bags-Factory-Price-540x540.webp 540w, https:\/\/www.hyflexpack.com\/wp-content\/uploads\/2024\/05\/Juice-Packaging-Bags-Factory-Price-660x660.webp 660w\" sizes=\"(max-width: 750px) 100vw, 750px\" \/><\/figure>\n<\/div>\n<\/div>\n\n\n\n<div class=\"wp-block-columns is-layout-flex wp-container-core-columns-is-layout-9d6595d7 wp-block-columns-is-layout-flex\">\n<div class=\"wp-block-column is-layout-flow wp-block-column-is-layout-flow\">\n<figure class=\"wp-block-image size-full\"><img decoding=\"async\" width=\"750\" height=\"750\" src=\"https:\/\/www.hyflexpack.com\/wp-content\/uploads\/2024\/05\/OEM-Juice-Packaging-Bags-Factory-Price.webp\" alt=\"OEM-Juice Packaging Bags-Factory-Price\" class=\"wp-image-8008\" srcset=\"https:\/\/www.hyflexpack.com\/wp-content\/uploads\/2024\/05\/OEM-Juice-Packaging-Bags-Factory-Price.webp 750w, https:\/\/www.hyflexpack.com\/wp-content\/uploads\/2024\/05\/OEM-Juice-Packaging-Bags-Factory-Price-300x300.webp 300w, https:\/\/www.hyflexpack.com\/wp-content\/uploads\/2024\/05\/OEM-Juice-Packaging-Bags-Factory-Price-150x150.webp 150w, https:\/\/www.hyflexpack.com\/wp-content\/uploads\/2024\/05\/OEM-Juice-Packaging-Bags-Factory-Price-12x12.webp 12w, https:\/\/www.hyflexpack.com\/wp-content\/uploads\/2024\/05\/OEM-Juice-Packaging-Bags-Factory-Price-285x285.webp 285w, https:\/\/www.hyflexpack.com\/wp-content\/uploads\/2024\/05\/OEM-Juice-Packaging-Bags-Factory-Price-270x270.webp 270w, https:\/\/www.hyflexpack.com\/wp-content\/uploads\/2024\/05\/OEM-Juice-Packaging-Bags-Factory-Price-540x540.webp 540w, https:\/\/www.hyflexpack.com\/wp-content\/uploads\/2024\/05\/OEM-Juice-Packaging-Bags-Factory-Price-660x660.webp 660w\" sizes=\"(max-width: 750px) 100vw, 750px\" \/><\/figure>\n<\/div>\n\n\n\n<div class=\"wp-block-column is-layout-flow wp-block-column-is-layout-flow\">\n<figure class=\"wp-block-image size-full\"><img decoding=\"async\" width=\"750\" height=\"750\" src=\"https:\/\/www.hyflexpack.com\/wp-content\/uploads\/2024\/05\/OEM-Juice-Packaging-Bags-Factory-Price-2.webp\" alt=\"Pungi de ambalare pentru sucuri OEM - Pre\u021b de fabric\u0103 (2)\" class=\"wp-image-8007\" srcset=\"https:\/\/www.hyflexpack.com\/wp-content\/uploads\/2024\/05\/OEM-Juice-Packaging-Bags-Factory-Price-2.webp 750w, https:\/\/www.hyflexpack.com\/wp-content\/uploads\/2024\/05\/OEM-Juice-Packaging-Bags-Factory-Price-2-300x300.webp 300w, https:\/\/www.hyflexpack.com\/wp-content\/uploads\/2024\/05\/OEM-Juice-Packaging-Bags-Factory-Price-2-150x150.webp 150w, https:\/\/www.hyflexpack.com\/wp-content\/uploads\/2024\/05\/OEM-Juice-Packaging-Bags-Factory-Price-2-12x12.webp 12w, https:\/\/www.hyflexpack.com\/wp-content\/uploads\/2024\/05\/OEM-Juice-Packaging-Bags-Factory-Price-2-285x285.webp 285w, https:\/\/www.hyflexpack.com\/wp-content\/uploads\/2024\/05\/OEM-Juice-Packaging-Bags-Factory-Price-2-270x270.webp 270w, https:\/\/www.hyflexpack.com\/wp-content\/uploads\/2024\/05\/OEM-Juice-Packaging-Bags-Factory-Price-2-540x540.webp 540w, https:\/\/www.hyflexpack.com\/wp-content\/uploads\/2024\/05\/OEM-Juice-Packaging-Bags-Factory-Price-2-660x660.webp 660w\" sizes=\"(max-width: 750px) 100vw, 750px\" \/><\/figure>\n<\/div>\n<\/div>\n\n\n\n<figure class=\"wp-block-embed is-type-video is-provider-youtube wp-block-embed-youtube wp-embed-aspect-16-9 wp-has-aspect-ratio\"><div class=\"wp-block-embed__wrapper\">\n<iframe title=\"AFI\u0218AREA PRODUSELOR\" width=\"940\" height=\"529\" src=\"https:\/\/www.youtube.com\/embed\/cyyJZsfrEBs?feature=oembed\" frameborder=\"0\" allow=\"accelerometer; autoplay; clipboard-write; encrypted-media; gyroscope; picture-in-picture; web-share\" referrerpolicy=\"strict-origin-when-cross-origin\" allowfullscreen><\/iframe>\n<\/div><\/figure>","protected":false},"excerpt":{"rendered":"<p>Sfida\u021bi tradi\u021bia \u0219i \u00eembr\u0103\u021bi\u0219a\u021bi inova\u021bia! Explora\u021bi pungile noastre OEM pentru ambalarea sucurilor, care combin\u0103 un design \u00een picioare cu guri convenabile pentru a v\u0103 facilita \u0219i mai mult fluxul de suc. Forma neregulat\u0103 a m\u00e2nerului este \u0219i mai unic\u0103, ad\u0103ug\u00e2nd un aspect unic brandului dvs. Pentru inova\u021bie, alege\u021bi-ne pentru a injecta via\u021b\u0103 proasp\u0103t\u0103 \u00een brandul dvs.!<\/p>\n<h3>Avantajele furnizorului de pungi pentru ambalarea sucurilor<\/h3>\n<p><!-- wp:list --><\/p>\n<ul><!-- wp:list-item --><\/p>\n<li><strong>Proiectare personalizat\u0103<\/strong>: Oferim servicii personalizate de ambalare a sacilor de suc, inclusiv personalizarea materialului, dimensiunii \u0219i modelului de imprimare pentru a satisface nevoile clien\u021bilor, sus\u021bin\u00e2nd OEM \u0219i ODM.<\/li>\n<p><!-- \/wp:list-item --><\/p>\n<p><!-- wp:list-item --><\/p>\n<li><strong>Livrare rapid\u0103<\/strong>: Un proces de produc\u021bie eficient \u0219i un sistem de gestionare a lan\u021bului de aprovizionare pot r\u0103spunde rapid la comenzile clien\u021bilor \u0219i pot asigura livrarea la timp.<\/li>\n<p><!-- \/wp:list-item --><\/p>\n<p><!-- wp:list-item --><\/p>\n<li><strong>Inspec\u021bia calit\u0103\u021bii<\/strong>: Respecta\u021bi cu stricte\u021be standardele de calitate \u0219i cerin\u021bele de siguran\u021b\u0103 alimentar\u0103 pentru a v\u0103 asigura c\u0103 produsele \u00eendeplinesc standardele.<\/li>\n<p><!-- \/wp:list-item --><\/p>\n<p><!-- wp:list-item --><\/p>\n<li><strong>Echipa de asisten\u021b\u0103 tehnic\u0103<\/strong>: Echipa noastr\u0103 are o experien\u021b\u0103 bogat\u0103 \u00een industrie \u0219i cuno\u0219tin\u021be profesionale \u0219i poate oferi asisten\u021b\u0103 tehnic\u0103 \u0219i servicii de consultan\u021b\u0103 24 de ore din 24 pentru clien\u021bi.<\/li>\n<p><!-- \/wp:list-item --><\/p>\n<p><!-- wp:list-item --><\/p>\n<li><strong>Mostr\u0103 gratuit\u0103<\/strong>: Oferi\u021bi servicii gratuite de e\u0219antionare pentru a evalua produsele.<\/li>\n<p><!-- \/wp:list-item --><\/ul>\n<p><a href=\"https:\/\/www.hyflexpack.com\/ro\/\"><strong>Ambalaje Huiyang<\/strong> <\/a>se angajeaz\u0103 s\u0103 ofere clien\u021bilor pungi de ambalare pentru sucuri OEM personalizate, de \u00eenalt\u0103 calitate, pentru a ajuta clien\u021bii s\u0103-\u0219i \u00eembun\u0103t\u0103\u021beasc\u0103 imaginea produsului \u0219i s\u0103 sporeasc\u0103 competitivitatea pe pia\u021b\u0103.<\/p>\n<p><!-- \/wp:list --><\/p>","protected":false},"featured_media":2952,"comment_status":"open","ping_status":"closed","template":"","meta":[],"product_brand":[],"product_cat":[51,103],"product_tag":[],"class_list":{"0":"post-2947","1":"product","2":"type-product","3":"status-publish","4":"has-post-thumbnail","6":"product_cat-custom-food-packaging-bags","7":"product_cat-beverage-packaging-bags-supplier","9":"first","10":"instock","11":"shipping-taxable","12":"product-type-simple"},"_links":{"self":[{"href":"https:\/\/www.hyflexpack.com\/ro\/wp-json\/wp\/v2\/product\/2947","targetHints":{"allow":["GET"]}}],"collection":[{"href":"https:\/\/www.hyflexpack.com\/ro\/wp-json\/wp\/v2\/product"}],"about":[{"href":"https:\/\/www.hyflexpack.com\/ro\/wp-json\/wp\/v2\/types\/product"}],"replies":[{"embeddable":true,"href":"https:\/\/www.hyflexpack.com\/ro\/wp-json\/wp\/v2\/comments?post=2947"}],"wp:featuredmedia":[{"embeddable":true,"href":"https:\/\/www.hyflexpack.com\/ro\/wp-json\/wp\/v2\/media\/2952"}],"wp:attachment":[{"href":"https:\/\/www.hyflexpack.com\/ro\/wp-json\/wp\/v2\/media?parent=2947"}],"wp:term":[{"taxonomy":"product_brand","embeddable":true,"href":"https:\/\/www.hyflexpack.com\/ro\/wp-json\/wp\/v2\/product_brand?post=2947"},{"taxonomy":"product_cat","embeddable":true,"href":"https:\/\/www.hyflexpack.com\/ro\/wp-json\/wp\/v2\/product_cat?post=2947"},{"taxonomy":"product_tag","embeddable":true,"href":"https:\/\/www.hyflexpack.com\/ro\/wp-json\/wp\/v2\/product_tag?post=2947"}],"curies":[{"name":"wp","href":"https:\/\/api.w.org\/{rel}","templated":true}]}}