{"id":9337,"date":"2026-02-26T02:26:06","date_gmt":"2026-02-26T02:26:06","guid":{"rendered":"https:\/\/www.hyflexpack.com\/?post_type=product&#038;p=9337"},"modified":"2026-02-26T02:26:14","modified_gmt":"2026-02-26T02:26:14","slug":"wholesale-bottle-shrink-sleeve-label","status":"publish","type":"product","link":"https:\/\/www.hyflexpack.com\/pt\/product\/wholesale-bottle-shrink-sleeve-label\/","title":{"rendered":"Etiquetas de manga retr\u00e1til para garrafas de bebidas por atacado, OEM e encomendas de grandes volumes"},"content":{"rendered":"<div class=\"wp-block-columns is-layout-flex wp-container-core-columns-is-layout-9d6595d7 wp-block-columns-is-layout-flex\">\n<div class=\"wp-block-column is-layout-flow wp-block-column-is-layout-flow\">\n<h2 class=\"wp-block-heading\">Carater\u00edsticas das etiquetas de manga retr\u00e1til para garrafas de bebidas por atacado<\/h2>\n\n\n\n<ul class=\"wp-block-list\">\n<li>R\u00f3tulos de manga retr\u00e1til produzidos na f\u00e1brica e optimizados para garrafas de bebidas de \u00e1gua, sumos, refrigerantes e bebidas funcionais.<\/li>\n<\/ul>\n\n\n\n<ul class=\"wp-block-list\">\n<li>Suporte OEM completo, incluindo op\u00e7\u00f5es de materiais, dimens\u00f5es das mangas, r\u00e1cios de retra\u00e7\u00e3o e especifica\u00e7\u00f5es de impress\u00e3o.<\/li>\n<\/ul>\n\n\n\n<ul class=\"wp-block-list\">\n<li>A capacidade de fabrico escal\u00e1vel suporta encomendas em massa e repetidas com qualidade e entrega consistentes.<\/li>\n<\/ul>\n\n\n\n<ul class=\"wp-block-list\">\n<li>Concebida para uma aplica\u00e7\u00e3o suave em linhas de engarrafamento e rotulagem de alta velocidade com distor\u00e7\u00e3o m\u00ednima.<\/li>\n<\/ul>\n\n\n\n<ul class=\"wp-block-list\">\n<li>Pre\u00e7os competitivos por grosso para compradores B2B, distribuidores e fornecedores de embalagens de bebidas.<\/li>\n<\/ul>\n<\/div>\n\n\n\n<div class=\"wp-block-column is-layout-flow wp-block-column-is-layout-flow\">\n<figure class=\"wp-block-image size-full\"><img fetchpriority=\"high\" decoding=\"async\" width=\"1000\" height=\"1000\" src=\"https:\/\/www.hyflexpack.com\/wp-content\/uploads\/2026\/02\/Wholesale-Beverage-Bottle-Shrink-Sleeve-Labels-1.webp\" alt=\"Etiquetas de manga retr\u00e1til para garrafas de bebidas por atacado \" class=\"wp-image-9322\" srcset=\"https:\/\/www.hyflexpack.com\/wp-content\/uploads\/2026\/02\/Wholesale-Beverage-Bottle-Shrink-Sleeve-Labels-1.webp 1000w, https:\/\/www.hyflexpack.com\/wp-content\/uploads\/2026\/02\/Wholesale-Beverage-Bottle-Shrink-Sleeve-Labels-1-300x300.webp 300w, https:\/\/www.hyflexpack.com\/wp-content\/uploads\/2026\/02\/Wholesale-Beverage-Bottle-Shrink-Sleeve-Labels-1-150x150.webp 150w, https:\/\/www.hyflexpack.com\/wp-content\/uploads\/2026\/02\/Wholesale-Beverage-Bottle-Shrink-Sleeve-Labels-1-768x768.webp 768w, https:\/\/www.hyflexpack.com\/wp-content\/uploads\/2026\/02\/Wholesale-Beverage-Bottle-Shrink-Sleeve-Labels-1-12x12.webp 12w, https:\/\/www.hyflexpack.com\/wp-content\/uploads\/2026\/02\/Wholesale-Beverage-Bottle-Shrink-Sleeve-Labels-1-285x285.webp 285w, https:\/\/www.hyflexpack.com\/wp-content\/uploads\/2026\/02\/Wholesale-Beverage-Bottle-Shrink-Sleeve-Labels-1-270x270.webp 270w, https:\/\/www.hyflexpack.com\/wp-content\/uploads\/2026\/02\/Wholesale-Beverage-Bottle-Shrink-Sleeve-Labels-1-540x540.webp 540w, https:\/\/www.hyflexpack.com\/wp-content\/uploads\/2026\/02\/Wholesale-Beverage-Bottle-Shrink-Sleeve-Labels-1-660x660.webp 660w\" sizes=\"(max-width: 1000px) 100vw, 1000px\" \/><\/figure>\n<\/div>\n<\/div>","protected":false},"excerpt":{"rendered":"<p>Como fabricantes experientes de pel\u00edculas de r\u00f3tulos retr\u00e1cteis na China, oferecemos r\u00f3tulos de manga retr\u00e1til personalizados com impress\u00e3o vibrante, prote\u00e7\u00e3o \u00e0 prova de \u00e1gua e op\u00e7\u00f5es de materiais ecol\u00f3gicos. Perfeito para garrafas de todas as formas e ind\u00fastrias. Contacte-nos para obter pre\u00e7os exclusivos para empresas!<\/p>\n<h2>Vantagens do fabricante de etiquetas de manga retr\u00e1til para garrafas<\/h2>\n<ul>\n<li><strong>Design personalizado<\/strong>: Fornecer solu\u00e7\u00f5es de design personalizado de acordo com as necessidades dos clientes, satisfazer diferentes especifica\u00e7\u00f5es, tamanhos e impress\u00e3o at\u00e9 10 cores, e\u00a0<a href=\"https:\/\/www.hyflexpack.com\/pt\/embalagens-flexiveis-personalizadas\/\"><strong>suporte OEM e ODM<\/strong><\/a>\u00a0personaliza\u00e7\u00e3o.<\/li>\n<li><strong>Entrega r\u00e1pida<\/strong>: Com uma capacidade de produ\u00e7\u00e3o eficiente e um sistema de gest\u00e3o da cadeia de abastecimento, podemos responder prontamente \u00e0s encomendas dos clientes para garantir uma entrega atempada.<\/li>\n<li><strong>Suporte completo<\/strong>: Uma equipa t\u00e9cnica profissional e uma equipa de servi\u00e7o p\u00f3s-venda fornecem uma consulta pr\u00e9-venda completa e apoio p\u00f3s-venda para fornecer apoio t\u00e9cnico e solu\u00e7\u00f5es para os clientes.<\/li>\n<li><strong>Amostra gr\u00e1tis<\/strong>: Fornecer um servi\u00e7o de amostra gr\u00e1tis para que possa avaliar os produtos.<\/li>\n<\/ul>\n<p><a href=\"https:\/\/www.hyflexpack.com\/pt\/\"><strong>Embalagens Huiyang<\/strong><\/a> est\u00e1 empenhada em fornecer aos clientes r\u00f3tulos de manga retr\u00e1til para garrafas personalizados e de alta qualidade, para os ajudar a melhorar a imagem dos seus produtos e a competitividade no mercado.<\/p>","protected":false},"featured_media":9322,"comment_status":"closed","ping_status":"closed","template":"","meta":[],"product_brand":[],"product_cat":[84,53],"product_tag":[],"class_list":{"0":"post-9337","1":"product","2":"type-product","3":"status-publish","4":"has-post-thumbnail","6":"product_cat-shrink-sleeve-film","7":"product_cat-packaging-film-supplier","9":"first","10":"instock","11":"shipping-taxable","12":"product-type-simple"},"_links":{"self":[{"href":"https:\/\/www.hyflexpack.com\/pt\/wp-json\/wp\/v2\/product\/9337","targetHints":{"allow":["GET"]}}],"collection":[{"href":"https:\/\/www.hyflexpack.com\/pt\/wp-json\/wp\/v2\/product"}],"about":[{"href":"https:\/\/www.hyflexpack.com\/pt\/wp-json\/wp\/v2\/types\/product"}],"replies":[{"embeddable":true,"href":"https:\/\/www.hyflexpack.com\/pt\/wp-json\/wp\/v2\/comments?post=9337"}],"wp:featuredmedia":[{"embeddable":true,"href":"https:\/\/www.hyflexpack.com\/pt\/wp-json\/wp\/v2\/media\/9322"}],"wp:attachment":[{"href":"https:\/\/www.hyflexpack.com\/pt\/wp-json\/wp\/v2\/media?parent=9337"}],"wp:term":[{"taxonomy":"product_brand","embeddable":true,"href":"https:\/\/www.hyflexpack.com\/pt\/wp-json\/wp\/v2\/product_brand?post=9337"},{"taxonomy":"product_cat","embeddable":true,"href":"https:\/\/www.hyflexpack.com\/pt\/wp-json\/wp\/v2\/product_cat?post=9337"},{"taxonomy":"product_tag","embeddable":true,"href":"https:\/\/www.hyflexpack.com\/pt\/wp-json\/wp\/v2\/product_tag?post=9337"}],"curies":[{"name":"wp","href":"https:\/\/api.w.org\/{rel}","templated":true}]}}