{"id":9336,"date":"2026-02-26T02:45:47","date_gmt":"2026-02-26T02:45:47","guid":{"rendered":"https:\/\/www.hyflexpack.com\/?post_type=product&#038;p=9336"},"modified":"2026-02-26T02:45:51","modified_gmt":"2026-02-26T02:45:51","slug":"custom-shrink-sleeves-for-beverage","status":"publish","type":"product","link":"https:\/\/www.hyflexpack.com\/pt\/product\/custom-shrink-sleeves-for-beverage\/","title":{"rendered":"Mangas retr\u00e1cteis personalizadas para garrafas de bebidas - Fornecimento a granel"},"content":{"rendered":"<div class=\"wp-block-columns is-layout-flex wp-container-core-columns-is-layout-9d6595d7 wp-block-columns-is-layout-flex\">\n<div class=\"wp-block-column is-layout-flow wp-block-column-is-layout-flow\">\n<h2 class=\"wp-block-heading\">Carater\u00edsticas das mangas retr\u00e1cteis personalizadas para bebidas <\/h2>\n\n\n\n<ul class=\"wp-block-list\">\n<li>As nossas mangas retr\u00e1cteis personalizadas para bebidas s\u00e3o adaptadas \u00e0s dimens\u00f5es, espessura e r\u00e1cios de retra\u00e7\u00e3o para se adaptarem a v\u00e1rios formatos de garrafas e requisitos de embalagem de bebidas.<\/li>\n<\/ul>\n\n\n\n<ul class=\"wp-block-list\">\n<li>Optimizado para produ\u00e7\u00e3o de grandes volumes com pre\u00e7os competitivos, ideal para compradores B2B, distribuidores e f\u00e1bricas de engarrafamento.<\/li>\n<\/ul>\n\n\n\n<ul class=\"wp-block-list\">\n<li>Concebida para um comportamento de retra\u00e7\u00e3o consistente, reduzindo as rugas e o desalinhamento durante a aplica\u00e7\u00e3o autom\u00e1tica.<\/li>\n<\/ul>\n\n\n\n<ul class=\"wp-block-list\">\n<li>Suporta a impress\u00e3o de gravuras com cores vibrantes e marcas claras em etiquetas de manga retr\u00e1til.<\/li>\n<\/ul>\n\n\n\n<ul class=\"wp-block-list\">\n<li>A sele\u00e7\u00e3o de materiais, a personaliza\u00e7\u00e3o da impress\u00e3o e a escalabilidade das encomendas est\u00e3o dispon\u00edveis para satisfazer as necessidades de embalagens de bebidas OEM.<\/li>\n<\/ul>\n<\/div>\n\n\n\n<div class=\"wp-block-column is-layout-flow wp-block-column-is-layout-flow\">\n<figure class=\"wp-block-image size-full\"><img fetchpriority=\"high\" decoding=\"async\" width=\"1000\" height=\"1000\" src=\"https:\/\/www.hyflexpack.com\/wp-content\/uploads\/2026\/02\/Custom-Shrink-Sleeves-1.webp\" alt=\"Mangas retr\u00e1cteis personalizadas\" class=\"wp-image-9310\" srcset=\"https:\/\/www.hyflexpack.com\/wp-content\/uploads\/2026\/02\/Custom-Shrink-Sleeves-1.webp 1000w, https:\/\/www.hyflexpack.com\/wp-content\/uploads\/2026\/02\/Custom-Shrink-Sleeves-1-300x300.webp 300w, https:\/\/www.hyflexpack.com\/wp-content\/uploads\/2026\/02\/Custom-Shrink-Sleeves-1-150x150.webp 150w, https:\/\/www.hyflexpack.com\/wp-content\/uploads\/2026\/02\/Custom-Shrink-Sleeves-1-768x768.webp 768w, https:\/\/www.hyflexpack.com\/wp-content\/uploads\/2026\/02\/Custom-Shrink-Sleeves-1-12x12.webp 12w, https:\/\/www.hyflexpack.com\/wp-content\/uploads\/2026\/02\/Custom-Shrink-Sleeves-1-285x285.webp 285w, https:\/\/www.hyflexpack.com\/wp-content\/uploads\/2026\/02\/Custom-Shrink-Sleeves-1-270x270.webp 270w, https:\/\/www.hyflexpack.com\/wp-content\/uploads\/2026\/02\/Custom-Shrink-Sleeves-1-540x540.webp 540w, https:\/\/www.hyflexpack.com\/wp-content\/uploads\/2026\/02\/Custom-Shrink-Sleeves-1-660x660.webp 660w\" sizes=\"(max-width: 1000px) 100vw, 1000px\" \/><\/figure>\n<\/div>\n<\/div>","protected":false},"excerpt":{"rendered":"<p>As nossas mangas retr\u00e1cteis personalizadas para garrafas de bebidas suportam o fornecimento de produ\u00e7\u00e3o a granel e s\u00e3o concebidas para aplica\u00e7\u00f5es de embalagem de bebidas de grande volume. Produzidos com um desempenho de retra\u00e7\u00e3o consistente e um dimensionamento preciso, os nossos r\u00f3tulos de manga retr\u00e1til garantem uma aplica\u00e7\u00e3o suave em linhas de engarrafamento automatizadas. O fabrico direto na f\u00e1brica suporta encomendas em grande escala, prazos de entrega est\u00e1veis e impress\u00e3o personaliz\u00e1vel para marcas de bebidas e fornecedores de embalagens. Contacte-nos hoje para obter pel\u00edcula termo-retr\u00e1til personalizada feita \u00e0 sua medida!<\/p>\n<h2>Vantagens do fornecedor de mangas retr\u00e1cteis personalizadas<\/h2>\n<ul>\n<li><strong>Design personalizado:<\/strong> Fornecemos servi\u00e7os personalizados, incluindo personaliza\u00e7\u00e3o de material, tamanho e padr\u00e3o de impress\u00e3o para atender \u00e0s necessidades do cliente, e oferecemos suporte a OEM e ODM.<\/li>\n<li><strong>Fabrico:<\/strong> Adoptamos linhas de produ\u00e7\u00e3o de comp\u00f3sitos avan\u00e7adas internacionalmente e sistemas de controlo autom\u00e1tico para garantir processos de produ\u00e7\u00e3o eficientes e est\u00e1veis e entregas atempadas.<\/li>\n<li><strong>Controlo de qualidade:<\/strong> Produzir rigorosamente de acordo com as normas de qualidade e os requisitos de seguran\u00e7a alimentar para garantir que os produtos cumprem as normas.<\/li>\n<li><strong>Servi\u00e7o de apoio ao cliente:<\/strong> Fornecer uma resposta r\u00e1pida e um servi\u00e7o de apoio ao cliente atencioso 24 horas por dia.<\/li>\n<li><strong>Amostras gr\u00e1tis:<\/strong> Fazer amostras de pequenos lotes para os clientes experimentarem e avaliarem.<\/li>\n<\/ul>\n<p>A Huiyang Packaging est\u00e1 empenhada em fornecer aos clientes mangas retr\u00e1cteis personalizadas de alta qualidade para os ajudar a melhorar a imagem dos seus produtos e a aumentar a sua competitividade no mercado.<\/p>","protected":false},"featured_media":9310,"comment_status":"closed","ping_status":"closed","template":"","meta":[],"product_brand":[],"product_cat":[84,53],"product_tag":[],"class_list":{"0":"post-9336","1":"product","2":"type-product","3":"status-publish","4":"has-post-thumbnail","6":"product_cat-shrink-sleeve-film","7":"product_cat-packaging-film-supplier","9":"first","10":"instock","11":"shipping-taxable","12":"product-type-simple"},"_links":{"self":[{"href":"https:\/\/www.hyflexpack.com\/pt\/wp-json\/wp\/v2\/product\/9336","targetHints":{"allow":["GET"]}}],"collection":[{"href":"https:\/\/www.hyflexpack.com\/pt\/wp-json\/wp\/v2\/product"}],"about":[{"href":"https:\/\/www.hyflexpack.com\/pt\/wp-json\/wp\/v2\/types\/product"}],"replies":[{"embeddable":true,"href":"https:\/\/www.hyflexpack.com\/pt\/wp-json\/wp\/v2\/comments?post=9336"}],"wp:featuredmedia":[{"embeddable":true,"href":"https:\/\/www.hyflexpack.com\/pt\/wp-json\/wp\/v2\/media\/9310"}],"wp:attachment":[{"href":"https:\/\/www.hyflexpack.com\/pt\/wp-json\/wp\/v2\/media?parent=9336"}],"wp:term":[{"taxonomy":"product_brand","embeddable":true,"href":"https:\/\/www.hyflexpack.com\/pt\/wp-json\/wp\/v2\/product_brand?post=9336"},{"taxonomy":"product_cat","embeddable":true,"href":"https:\/\/www.hyflexpack.com\/pt\/wp-json\/wp\/v2\/product_cat?post=9336"},{"taxonomy":"product_tag","embeddable":true,"href":"https:\/\/www.hyflexpack.com\/pt\/wp-json\/wp\/v2\/product_tag?post=9336"}],"curies":[{"name":"wp","href":"https:\/\/api.w.org\/{rel}","templated":true}]}}