{"id":9335,"date":"2026-02-26T02:31:03","date_gmt":"2026-02-26T02:31:03","guid":{"rendered":"https:\/\/www.hyflexpack.com\/?post_type=product&#038;p=9335"},"modified":"2026-02-26T02:31:15","modified_gmt":"2026-02-26T02:31:15","slug":"custom-printed-pet-twist-film-for-candy","status":"publish","type":"product","link":"https:\/\/www.hyflexpack.com\/pt\/product\/custom-printed-pet-twist-film-for-candy\/","title":{"rendered":"Pel\u00edcula Retorcida PET com Impress\u00e3o Personalizada, Fabricante de Embalagem de Doces Mate"},"content":{"rendered":"<div class=\"wp-block-columns is-layout-flex wp-container-core-columns-is-layout-9d6595d7 wp-block-columns-is-layout-flex\">\n<div class=\"wp-block-column is-layout-flow wp-block-column-is-layout-flow\">\n<h2 class=\"wp-block-heading\">Carater\u00edsticas da pel\u00edcula dupla PET impressa personalizada de alta qualidade<\/h2>\n\n\n\n<ul class=\"wp-block-list\">\n<li>A nossa pel\u00edcula de tor\u00e7\u00e3o PET impressa personalizada \u00e9 fabricada a partir de pel\u00edcula de tor\u00e7\u00e3o PET duradoura, oferecendo um brilho superior, clareza e uma forte fixa\u00e7\u00e3o da tor\u00e7\u00e3o para uma embalagem de doces atractiva.<\/li>\n<\/ul>\n\n\n\n<ul class=\"wp-block-list\">\n<li>Suporta pel\u00edculas PET twist impressas personalizadas com cores vivas e gr\u00e1ficos n\u00edtidos, ideais para embalagens de doces e confeitaria de marca.<\/li>\n<\/ul>\n\n\n\n<ul class=\"wp-block-list\">\n<li>Concebida para embalar por tor\u00e7\u00e3o rebu\u00e7ados e produtos de confeitaria, garantindo um desempenho est\u00e1vel, durabilidade e qualidade de embalagem consistente.<\/li>\n<\/ul>\n\n\n\n<ul class=\"wp-block-list\">\n<li>A nossa linha de produ\u00e7\u00e3o r\u00e1pida assegura um fornecimento est\u00e1vel a granel a tempo para os nossos clientes globais.<\/li>\n<\/ul>\n<\/div>\n\n\n\n<div class=\"wp-block-column is-layout-flow wp-block-column-is-layout-flow\">\n<figure class=\"wp-block-image size-full\"><img fetchpriority=\"high\" decoding=\"async\" width=\"750\" height=\"750\" src=\"https:\/\/www.hyflexpack.com\/wp-content\/uploads\/2026\/02\/Custom-Printed-PET-Twist-Film-1.webp\" alt=\"Pel\u00edcula dupla PET com impress\u00e3o personalizada\" class=\"wp-image-9304\" srcset=\"https:\/\/www.hyflexpack.com\/wp-content\/uploads\/2026\/02\/Custom-Printed-PET-Twist-Film-1.webp 750w, https:\/\/www.hyflexpack.com\/wp-content\/uploads\/2026\/02\/Custom-Printed-PET-Twist-Film-1-300x300.webp 300w, https:\/\/www.hyflexpack.com\/wp-content\/uploads\/2026\/02\/Custom-Printed-PET-Twist-Film-1-150x150.webp 150w, https:\/\/www.hyflexpack.com\/wp-content\/uploads\/2026\/02\/Custom-Printed-PET-Twist-Film-1-12x12.webp 12w, https:\/\/www.hyflexpack.com\/wp-content\/uploads\/2026\/02\/Custom-Printed-PET-Twist-Film-1-285x285.webp 285w, https:\/\/www.hyflexpack.com\/wp-content\/uploads\/2026\/02\/Custom-Printed-PET-Twist-Film-1-270x270.webp 270w, https:\/\/www.hyflexpack.com\/wp-content\/uploads\/2026\/02\/Custom-Printed-PET-Twist-Film-1-540x540.webp 540w, https:\/\/www.hyflexpack.com\/wp-content\/uploads\/2026\/02\/Custom-Printed-PET-Twist-Film-1-660x660.webp 660w\" sizes=\"(max-width: 750px) 100vw, 750px\" \/><\/figure>\n<\/div>\n<\/div>","protected":false},"excerpt":{"rendered":"<p>Pel\u00edcula de tor\u00e7\u00e3o PET impressa personalizada para embalagem de doces por atacado. Trata-se de uma pel\u00edcula PET de alta qualidade para embalagem por tor\u00e7\u00e3o, concebida para embalagem por tor\u00e7\u00e3o de rebu\u00e7ados e doces. Fabricada a partir de material PET de alta qualidade, esta pel\u00edcula proporciona uma excelente reten\u00e7\u00e3o da tor\u00e7\u00e3o, uma clareza de alto brilho excecional e um desempenho de embalagem suave. A impress\u00e3o personalizada aumenta a visibilidade da marca e a atra\u00e7\u00e3o nas prateleiras para aplica\u00e7\u00f5es de embalagem de doces. Contacte-nos hoje e deixe-nos personalizar a sua embalagem alimentar exclusiva!<\/p>\n<h2>Vantagens do fabricante de pel\u00edcula dupla PET<\/h2>\n<ul>\n<li><strong>Design personalizado:<\/strong> Fornecemos servi\u00e7os personalizados, incluindo personaliza\u00e7\u00e3o de material, tamanho e padr\u00e3o de impress\u00e3o para atender \u00e0s necessidades do cliente, e oferecemos suporte a OEM e ODM.<\/li>\n<li><strong>Produ\u00e7\u00e3o est\u00e1vel:<\/strong> Com equipamento e tecnologia avan\u00e7ados, podemos completar a produ\u00e7\u00e3o de encomendas de forma eficiente e com alta qualidade, e podemos entregar a tempo.<\/li>\n<li><strong>Controlo de qualidade:<\/strong> A produ\u00e7\u00e3o \u00e9 efectuada em estrita conformidade com as normas de qualidade e os requisitos de seguran\u00e7a alimentar para garantir que os produtos cumprem as normas.<\/li>\n<li><strong>Servi\u00e7o de apoio ao cliente:<\/strong> 24 horas para fornecer uma resposta r\u00e1pida e um servi\u00e7o de apoio ao cliente atencioso.<\/li>\n<li><strong>Amostra gr\u00e1tis:<\/strong> Fornecer servi\u00e7o de amostra gr\u00e1tis para avaliar o produto.<\/li>\n<\/ul>\n<p>A Huiyang Packaging est\u00e1 empenhada em fornecer aos clientes pel\u00edcula de tor\u00e7\u00e3o PET impressa personalizada de alta qualidade, ajudando-os a melhorar a imagem dos seus produtos e a aumentar a sua competitividade no mercado.<\/p>","protected":false},"featured_media":9304,"comment_status":"closed","ping_status":"closed","template":"","meta":[],"product_brand":[],"product_cat":[89,53],"product_tag":[],"class_list":{"0":"post-9335","1":"product","2":"type-product","3":"status-publish","4":"has-post-thumbnail","6":"product_cat-custom-twist-film","7":"product_cat-packaging-film-supplier","9":"first","10":"instock","11":"shipping-taxable","12":"product-type-simple"},"_links":{"self":[{"href":"https:\/\/www.hyflexpack.com\/pt\/wp-json\/wp\/v2\/product\/9335","targetHints":{"allow":["GET"]}}],"collection":[{"href":"https:\/\/www.hyflexpack.com\/pt\/wp-json\/wp\/v2\/product"}],"about":[{"href":"https:\/\/www.hyflexpack.com\/pt\/wp-json\/wp\/v2\/types\/product"}],"replies":[{"embeddable":true,"href":"https:\/\/www.hyflexpack.com\/pt\/wp-json\/wp\/v2\/comments?post=9335"}],"wp:featuredmedia":[{"embeddable":true,"href":"https:\/\/www.hyflexpack.com\/pt\/wp-json\/wp\/v2\/media\/9304"}],"wp:attachment":[{"href":"https:\/\/www.hyflexpack.com\/pt\/wp-json\/wp\/v2\/media?parent=9335"}],"wp:term":[{"taxonomy":"product_brand","embeddable":true,"href":"https:\/\/www.hyflexpack.com\/pt\/wp-json\/wp\/v2\/product_brand?post=9335"},{"taxonomy":"product_cat","embeddable":true,"href":"https:\/\/www.hyflexpack.com\/pt\/wp-json\/wp\/v2\/product_cat?post=9335"},{"taxonomy":"product_tag","embeddable":true,"href":"https:\/\/www.hyflexpack.com\/pt\/wp-json\/wp\/v2\/product_tag?post=9335"}],"curies":[{"name":"wp","href":"https:\/\/api.w.org\/{rel}","templated":true}]}}