{"id":9334,"date":"2026-02-26T03:03:41","date_gmt":"2026-02-26T03:03:41","guid":{"rendered":"https:\/\/www.hyflexpack.com\/?post_type=product&#038;p=9334"},"modified":"2026-02-26T03:03:56","modified_gmt":"2026-02-26T03:03:56","slug":"custom-printed-mpet-twist-film-bulk","status":"publish","type":"product","link":"https:\/\/www.hyflexpack.com\/pt\/product\/custom-printed-mpet-twist-film-bulk\/","title":{"rendered":"Filme de tor\u00e7\u00e3o MPET personalizado a granel, fornecedor de filme de rolo de embalagem de camada \u00fanica"},"content":{"rendered":"<div class=\"wp-block-columns is-layout-flex wp-container-core-columns-is-layout-9d6595d7 wp-block-columns-is-layout-flex\">\n<div class=\"wp-block-column is-layout-flow wp-block-column-is-layout-flow\">\n<h2 class=\"wp-block-heading\">Carater\u00edsticas da pel\u00edcula de tor\u00e7\u00e3o MPET impressa personalizada de alta qualidade<\/h2>\n\n\n\n<ul class=\"wp-block-list\">\n<li>A nossa pel\u00edcula de tor\u00e7\u00e3o MPET impressa personalizada \u00e9 fabricada a partir de PET metalizado de camada \u00fanica. Esta pel\u00edcula de tor\u00e7\u00e3o proporciona uma reten\u00e7\u00e3o de tor\u00e7\u00e3o fi\u00e1vel e um desempenho de envolvimento suave para embalagens de doces e confeitaria.<\/li>\n<\/ul>\n\n\n\n<ul class=\"wp-block-list\">\n<li>Suporta pel\u00edcula de tor\u00e7\u00e3o MPET impressa personalizada com gr\u00e1ficos n\u00edtidos e reprodu\u00e7\u00e3o de cores est\u00e1vel, ideal para embalagens de doces de marca e designs promocionais.<\/li>\n<\/ul>\n\n\n\n<ul class=\"wp-block-list\">\n<li>Concebida para aplica\u00e7\u00f5es de embalagem por tor\u00e7\u00e3o, oferece resist\u00eancia \u00e0 humidade, durabilidade e desempenho consistente em embalagens de confeitaria.<\/li>\n<\/ul>\n<\/div>\n\n\n\n<div class=\"wp-block-column is-layout-flow wp-block-column-is-layout-flow\">\n<figure class=\"wp-block-image size-full\"><img fetchpriority=\"high\" decoding=\"async\" width=\"750\" height=\"750\" src=\"https:\/\/www.hyflexpack.com\/wp-content\/uploads\/2026\/02\/Custom-Printed-MPET-Twist-Film-Single-Layer-2.webp\" alt=\"Pel\u00edcula retorcida MPET impressa personalizada (camada \u00fanica)\" class=\"wp-image-9302\" srcset=\"https:\/\/www.hyflexpack.com\/wp-content\/uploads\/2026\/02\/Custom-Printed-MPET-Twist-Film-Single-Layer-2.webp 750w, https:\/\/www.hyflexpack.com\/wp-content\/uploads\/2026\/02\/Custom-Printed-MPET-Twist-Film-Single-Layer-2-300x300.webp 300w, https:\/\/www.hyflexpack.com\/wp-content\/uploads\/2026\/02\/Custom-Printed-MPET-Twist-Film-Single-Layer-2-150x150.webp 150w, https:\/\/www.hyflexpack.com\/wp-content\/uploads\/2026\/02\/Custom-Printed-MPET-Twist-Film-Single-Layer-2-12x12.webp 12w, https:\/\/www.hyflexpack.com\/wp-content\/uploads\/2026\/02\/Custom-Printed-MPET-Twist-Film-Single-Layer-2-285x285.webp 285w, https:\/\/www.hyflexpack.com\/wp-content\/uploads\/2026\/02\/Custom-Printed-MPET-Twist-Film-Single-Layer-2-270x270.webp 270w, https:\/\/www.hyflexpack.com\/wp-content\/uploads\/2026\/02\/Custom-Printed-MPET-Twist-Film-Single-Layer-2-540x540.webp 540w, https:\/\/www.hyflexpack.com\/wp-content\/uploads\/2026\/02\/Custom-Printed-MPET-Twist-Film-Single-Layer-2-660x660.webp 660w\" sizes=\"(max-width: 750px) 100vw, 750px\" \/><\/figure>\n<\/div>\n<\/div>","protected":false},"excerpt":{"rendered":"<p>A nossa pel\u00edcula de tor\u00e7\u00e3o MPET impressa personalizada \u00e9 uma pel\u00edcula de embalagem PET metalizada de elevado desempenho, concebida para embalagem de tor\u00e7\u00e3o de doces e confeitaria. Esta pel\u00edcula de tor\u00e7\u00e3o MPET de camada \u00fanica proporciona uma excelente reten\u00e7\u00e3o da tor\u00e7\u00e3o, um aspeto met\u00e1lico de alto brilho e propriedades eficazes de barreira \u00e0 humidade. As nossas op\u00e7\u00f5es de impress\u00e3o personalizadas podem ajudar as marcas a melhorar a identidade e o apelo nas prateleiras em aplica\u00e7\u00f5es de embalagens de tor\u00e7\u00e3o. Contacte-nos hoje e deixe-nos personalizar a sua embalagem alimentar exclusiva!<\/p>\n<h2>Vantagens do fabricante de pel\u00edcula dupla MPET<\/h2>\n<ul>\n<li><strong>Design personalizado:<\/strong> Fornecemos servi\u00e7os personalizados, incluindo personaliza\u00e7\u00e3o de material, tamanho e padr\u00e3o de impress\u00e3o para atender \u00e0s necessidades do cliente, e oferecemos suporte a OEM e ODM.<\/li>\n<li><strong>Fabrico:<\/strong> Com equipamento e tecnologia avan\u00e7ados, podemos completar a produ\u00e7\u00e3o de encomendas de forma eficiente e com alta qualidade, e podemos entregar a tempo.<\/li>\n<li><strong>Controlo de qualidade:<\/strong> A produ\u00e7\u00e3o \u00e9 efectuada em estrita conformidade com as normas de qualidade e os requisitos de seguran\u00e7a alimentar para garantir que os produtos cumprem as normas.<\/li>\n<li><strong>Servi\u00e7o de apoio ao cliente:<\/strong> 24 horas para fornecer uma resposta r\u00e1pida e um servi\u00e7o de apoio ao cliente atencioso.<\/li>\n<li><strong>Amostra gr\u00e1tis:<\/strong> Fornecer servi\u00e7o de amostra gr\u00e1tis para avaliar o produto.<\/li>\n<\/ul>\n<p>A Huiyang Packaging est\u00e1 empenhada em fornecer aos clientes pel\u00edcula de tor\u00e7\u00e3o MPET impressa personalizada de alta qualidade, ajudando os clientes a melhorar a imagem dos seus produtos e a aumentar a sua competitividade no mercado<\/p>","protected":false},"featured_media":9302,"comment_status":"closed","ping_status":"closed","template":"","meta":[],"product_brand":[],"product_cat":[89],"product_tag":[],"class_list":{"0":"post-9334","1":"product","2":"type-product","3":"status-publish","4":"has-post-thumbnail","6":"product_cat-custom-twist-film","8":"first","9":"instock","10":"shipping-taxable","11":"product-type-simple"},"_links":{"self":[{"href":"https:\/\/www.hyflexpack.com\/pt\/wp-json\/wp\/v2\/product\/9334","targetHints":{"allow":["GET"]}}],"collection":[{"href":"https:\/\/www.hyflexpack.com\/pt\/wp-json\/wp\/v2\/product"}],"about":[{"href":"https:\/\/www.hyflexpack.com\/pt\/wp-json\/wp\/v2\/types\/product"}],"replies":[{"embeddable":true,"href":"https:\/\/www.hyflexpack.com\/pt\/wp-json\/wp\/v2\/comments?post=9334"}],"wp:featuredmedia":[{"embeddable":true,"href":"https:\/\/www.hyflexpack.com\/pt\/wp-json\/wp\/v2\/media\/9302"}],"wp:attachment":[{"href":"https:\/\/www.hyflexpack.com\/pt\/wp-json\/wp\/v2\/media?parent=9334"}],"wp:term":[{"taxonomy":"product_brand","embeddable":true,"href":"https:\/\/www.hyflexpack.com\/pt\/wp-json\/wp\/v2\/product_brand?post=9334"},{"taxonomy":"product_cat","embeddable":true,"href":"https:\/\/www.hyflexpack.com\/pt\/wp-json\/wp\/v2\/product_cat?post=9334"},{"taxonomy":"product_tag","embeddable":true,"href":"https:\/\/www.hyflexpack.com\/pt\/wp-json\/wp\/v2\/product_tag?post=9334"}],"curies":[{"name":"wp","href":"https:\/\/api.w.org\/{rel}","templated":true}]}}