{"id":9286,"date":"2026-02-26T02:39:21","date_gmt":"2026-02-26T02:39:21","guid":{"rendered":"https:\/\/www.hyflexpack.com\/?post_type=product&#038;p=9286"},"modified":"2026-02-26T02:39:24","modified_gmt":"2026-02-26T02:39:24","slug":"custom-packaging-film-for-popcorn","status":"publish","type":"product","link":"https:\/\/www.hyflexpack.com\/pt\/product\/custom-packaging-film-for-popcorn\/","title":{"rendered":"Pel\u00edcula de embalagem personalizada para pipocas, pel\u00edcula pl\u00e1stica de rolo laminado com selagem a quente"},"content":{"rendered":"<div class=\"wp-block-columns is-layout-flex wp-container-core-columns-is-layout-9d6595d7 wp-block-columns-is-layout-flex\">\n<div class=\"wp-block-column is-layout-flow wp-block-column-is-layout-flow\">\n<h2 class=\"wp-block-heading\">Pel\u00edcula de embalagem personalizada para pipocas<\/h2>\n\n\n\n<ul class=\"wp-block-list\">\n<li>A nossa pel\u00edcula de embalagem personalizada para pipocas foi especialmente desenvolvida para a embalagem de pipocas, adequada para sacos de almofada e m\u00e1quinas verticais de enchimento e selagem (VFFS).<\/li>\n<\/ul>\n\n\n\n<ul class=\"wp-block-list\">\n<li>A pel\u00edcula de pl\u00e1stico laminado de v\u00e1rias camadas proporciona um desempenho fi\u00e1vel de selagem a quente e uma integridade de selagem consistente durante a embalagem a alta velocidade.<\/li>\n<\/ul>\n\n\n\n<ul class=\"wp-block-list\">\n<li>Protege eficazmente as pipocas da humidade, do \u00f3leo e da contamina\u00e7\u00e3o externa, ajudando a manter a frescura e a croc\u00e2ncia.<\/li>\n<\/ul>\n\n\n\n<ul class=\"wp-block-list\">\n<li>Optimizado para um funcionamento est\u00e1vel em m\u00e1quinas de embalamento de pipocas, reduzindo o desperd\u00edcio de pel\u00edcula e melhorando a efici\u00eancia da produ\u00e7\u00e3o.<\/li>\n<\/ul>\n\n\n\n<ul class=\"wp-block-list\">\n<li>Suporta impress\u00e3o personalizada de alta qualidade com cores vivas e boa ader\u00eancia da tinta, ideal para solu\u00e7\u00f5es de embalagem de pipocas de marca.<\/li>\n<\/ul>\n<\/div>\n\n\n\n<div class=\"wp-block-column is-layout-flow wp-block-column-is-layout-flow\">\n<figure class=\"wp-block-image size-full\"><img fetchpriority=\"high\" decoding=\"async\" width=\"1000\" height=\"1000\" src=\"https:\/\/www.hyflexpack.com\/wp-content\/uploads\/2026\/02\/Custom-Packaging-Film-for-Popcorn-12.webp\" alt=\"Pel\u00edcula de embalagem personalizada para pipocas\" class=\"wp-image-9263\" srcset=\"https:\/\/www.hyflexpack.com\/wp-content\/uploads\/2026\/02\/Custom-Packaging-Film-for-Popcorn-12.webp 1000w, https:\/\/www.hyflexpack.com\/wp-content\/uploads\/2026\/02\/Custom-Packaging-Film-for-Popcorn-12-300x300.webp 300w, https:\/\/www.hyflexpack.com\/wp-content\/uploads\/2026\/02\/Custom-Packaging-Film-for-Popcorn-12-150x150.webp 150w, https:\/\/www.hyflexpack.com\/wp-content\/uploads\/2026\/02\/Custom-Packaging-Film-for-Popcorn-12-768x768.webp 768w, https:\/\/www.hyflexpack.com\/wp-content\/uploads\/2026\/02\/Custom-Packaging-Film-for-Popcorn-12-12x12.webp 12w, https:\/\/www.hyflexpack.com\/wp-content\/uploads\/2026\/02\/Custom-Packaging-Film-for-Popcorn-12-285x285.webp 285w, https:\/\/www.hyflexpack.com\/wp-content\/uploads\/2026\/02\/Custom-Packaging-Film-for-Popcorn-12-270x270.webp 270w, https:\/\/www.hyflexpack.com\/wp-content\/uploads\/2026\/02\/Custom-Packaging-Film-for-Popcorn-12-540x540.webp 540w, https:\/\/www.hyflexpack.com\/wp-content\/uploads\/2026\/02\/Custom-Packaging-Film-for-Popcorn-12-660x660.webp 660w\" sizes=\"(max-width: 1000px) 100vw, 1000px\" \/><\/figure>\n<\/div>\n<\/div>\n\n\n\n<p><\/p>","protected":false},"excerpt":{"rendered":"<p>A nossa pel\u00edcula de embalagem personalizada para pipocas \u00e9 fabricada a partir de pel\u00edcula pl\u00e1stica laminada de selagem a quente, concebida para linhas de embalagem autom\u00e1ticas. Esta pel\u00edcula de embalagem de pipocas de alto desempenho oferece uma forte for\u00e7a de selagem a quente, uma excelente resist\u00eancia \u00e0 humidade e \u00e0 gordura e uma maquinabilidade est\u00e1vel, com impress\u00e3o personalizada dispon\u00edvel para melhorar a apresenta\u00e7\u00e3o da marca. Contacte-nos hoje e deixe-nos personalizar a sua embalagem alimentar exclusiva!<\/p>\n<h2>Vantagens do fabricante de pel\u00edcula de embalagem de pipocas\u00a0<\/h2>\n<ul>\n<li><strong>Design personalizado:<\/strong> Fornecemos servi\u00e7os personalizados, incluindo personaliza\u00e7\u00e3o de material, tamanho e padr\u00e3o de impress\u00e3o para atender \u00e0s necessidades do cliente, e oferecemos suporte a OEM e ODM.<\/li>\n<li><strong>Fabrico:<\/strong> Adoptamos linhas de produ\u00e7\u00e3o de comp\u00f3sitos avan\u00e7adas internacionalmente e sistemas de controlo autom\u00e1tico para garantir processos de produ\u00e7\u00e3o eficientes e est\u00e1veis e entregas atempadas.<\/li>\n<li><strong>Controlo de qualidade:<\/strong> Produzir rigorosamente de acordo com as normas de qualidade e os requisitos de seguran\u00e7a alimentar para garantir que os produtos cumprem as normas.<\/li>\n<li><strong>Servi\u00e7o de apoio ao cliente:<\/strong> Fornecer uma resposta r\u00e1pida e um servi\u00e7o de apoio ao cliente atencioso 24 horas por dia.<\/li>\n<li><strong>Amostras gr\u00e1tis:<\/strong> Fazer amostras de pequenos lotes para os clientes experimentarem e avaliarem.<\/li>\n<\/ul>\n<p>A Huiyang Packaging est\u00e1 empenhada em fornecer aos clientes pel\u00edculas de embalagem personalizadas de alta qualidade para pipocas, ajudando-os a melhorar a imagem dos seus produtos e a aumentar a sua competitividade no mercado.<\/p>","protected":false},"featured_media":9263,"comment_status":"closed","ping_status":"closed","template":"","meta":[],"product_brand":[],"product_cat":[53],"product_tag":[],"class_list":{"0":"post-9286","1":"product","2":"type-product","3":"status-publish","4":"has-post-thumbnail","6":"product_cat-packaging-film-supplier","8":"first","9":"instock","10":"shipping-taxable","11":"product-type-simple"},"_links":{"self":[{"href":"https:\/\/www.hyflexpack.com\/pt\/wp-json\/wp\/v2\/product\/9286","targetHints":{"allow":["GET"]}}],"collection":[{"href":"https:\/\/www.hyflexpack.com\/pt\/wp-json\/wp\/v2\/product"}],"about":[{"href":"https:\/\/www.hyflexpack.com\/pt\/wp-json\/wp\/v2\/types\/product"}],"replies":[{"embeddable":true,"href":"https:\/\/www.hyflexpack.com\/pt\/wp-json\/wp\/v2\/comments?post=9286"}],"wp:featuredmedia":[{"embeddable":true,"href":"https:\/\/www.hyflexpack.com\/pt\/wp-json\/wp\/v2\/media\/9263"}],"wp:attachment":[{"href":"https:\/\/www.hyflexpack.com\/pt\/wp-json\/wp\/v2\/media?parent=9286"}],"wp:term":[{"taxonomy":"product_brand","embeddable":true,"href":"https:\/\/www.hyflexpack.com\/pt\/wp-json\/wp\/v2\/product_brand?post=9286"},{"taxonomy":"product_cat","embeddable":true,"href":"https:\/\/www.hyflexpack.com\/pt\/wp-json\/wp\/v2\/product_cat?post=9286"},{"taxonomy":"product_tag","embeddable":true,"href":"https:\/\/www.hyflexpack.com\/pt\/wp-json\/wp\/v2\/product_tag?post=9286"}],"curies":[{"name":"wp","href":"https:\/\/api.w.org\/{rel}","templated":true}]}}