{"id":9284,"date":"2026-03-04T06:34:37","date_gmt":"2026-03-04T06:34:37","guid":{"rendered":"https:\/\/www.hyflexpack.com\/?post_type=product&#038;p=9284"},"modified":"2026-03-12T06:54:41","modified_gmt":"2026-03-12T06:54:41","slug":"custom-potato-chips-packaging-film","status":"publish","type":"product","link":"https:\/\/www.hyflexpack.com\/pt\/product\/custom-potato-chips-packaging-film\/","title":{"rendered":"Pel\u00edcula personalizada para embalagem de batatas fritas, pl\u00e1stico laminado, poli\u00e9ster, pel\u00edcula de alum\u00ednio"},"content":{"rendered":"<div class=\"wp-block-columns is-layout-flex wp-container-core-columns-is-layout-9d6595d7 wp-block-columns-is-layout-flex\">\n<div class=\"wp-block-column is-layout-flow wp-block-column-is-layout-flow\">\n<h2 class=\"wp-block-heading\">Carater\u00edsticas da pel\u00edcula de embalagem personalizada para batatas fritas<\/h2>\n\n\n\n<ul class=\"wp-block-list\">\n<li>A nossa pel\u00edcula de embalagem personalizada para batatas fritas foi especificamente desenvolvida para embalagens de batatas fritas, adequada para sacos de almofada e m\u00e1quinas de embalagem autom\u00e1ticas de formar, encher e selar.<\/li>\n<\/ul>\n\n\n\n<ul class=\"wp-block-list\">\n<li>A pel\u00edcula pl\u00e1stica laminada multicamada com camadas de poli\u00e9ster e alum\u00ednio proporciona um desempenho de barreira superior e uma prote\u00e7\u00e3o duradoura da embalagem.<\/li>\n<\/ul>\n\n\n\n<ul class=\"wp-block-list\">\n<li>Bloqueia eficazmente a humidade, o oxig\u00e9nio e a luz, ajudando a manter as batatas fritas frescas, estaladi\u00e7as e com um prazo de validade prolongado.<\/li>\n<\/ul>\n\n\n\n<ul class=\"wp-block-list\">\n<li>Suporta pel\u00edcula de embalagem de batatas fritas impressa personalizada de alta qualidade nas camadas interior e exterior para melhorar a marca, as instru\u00e7\u00f5es ou os designs promocionais.<\/li>\n<\/ul>\n\n\n\n<ul class=\"wp-block-list\">\n<li>Concebida com propriedades est\u00e1veis de selagem a quente, assegurando uma forte integridade de selagem e um bom desempenho em linhas de embalagem de snacks de alta velocidade.<\/li>\n<\/ul>\n<\/div>\n\n\n\n<div class=\"wp-block-column is-layout-flow wp-block-column-is-layout-flow\">\n<figure class=\"wp-block-image size-full\"><img fetchpriority=\"high\" decoding=\"async\" width=\"1000\" height=\"1000\" src=\"https:\/\/www.hyflexpack.com\/wp-content\/uploads\/2026\/02\/Custom-Potato-Chips-Packaging-Film-1.webp\" alt=\"Pel\u00edcula de embalagem personalizada para batatas fritas\" class=\"wp-image-9267\" srcset=\"https:\/\/www.hyflexpack.com\/wp-content\/uploads\/2026\/02\/Custom-Potato-Chips-Packaging-Film-1.webp 1000w, https:\/\/www.hyflexpack.com\/wp-content\/uploads\/2026\/02\/Custom-Potato-Chips-Packaging-Film-1-300x300.webp 300w, https:\/\/www.hyflexpack.com\/wp-content\/uploads\/2026\/02\/Custom-Potato-Chips-Packaging-Film-1-150x150.webp 150w, https:\/\/www.hyflexpack.com\/wp-content\/uploads\/2026\/02\/Custom-Potato-Chips-Packaging-Film-1-768x768.webp 768w, https:\/\/www.hyflexpack.com\/wp-content\/uploads\/2026\/02\/Custom-Potato-Chips-Packaging-Film-1-12x12.webp 12w, https:\/\/www.hyflexpack.com\/wp-content\/uploads\/2026\/02\/Custom-Potato-Chips-Packaging-Film-1-285x285.webp 285w, https:\/\/www.hyflexpack.com\/wp-content\/uploads\/2026\/02\/Custom-Potato-Chips-Packaging-Film-1-270x270.webp 270w, https:\/\/www.hyflexpack.com\/wp-content\/uploads\/2026\/02\/Custom-Potato-Chips-Packaging-Film-1-540x540.webp 540w, https:\/\/www.hyflexpack.com\/wp-content\/uploads\/2026\/02\/Custom-Potato-Chips-Packaging-Film-1-660x660.webp 660w\" sizes=\"(max-width: 1000px) 100vw, 1000px\" \/><\/figure>\n<\/div>\n<\/div>","protected":false},"excerpt":{"rendered":"<p>A nossa pel\u00edcula personalizada para embalagem de batatas fritas \u00e9 fabricada a partir de uma estrutura laminada de pl\u00e1stico poli\u00e9ster-alum\u00ednio, concebida para embalagens de snacks de alta velocidade. Esta pel\u00edcula de embalagem de batatas fritas de alta barreira apresenta uma excelente prote\u00e7\u00e3o contra a humidade, o oxig\u00e9nio e a luz, com impress\u00e3o personalizada dispon\u00edvel nas superf\u00edcies interior e exterior para melhorar o impacto da marca e a experi\u00eancia do consumidor. Contacte-nos hoje e deixe-nos personalizar a sua embalagem alimentar exclusiva!<\/p>\n<h2>Vantagens da nossa pel\u00edcula de embalagem personalizada para batatas fritas<\/h2>\n<ul>\n<li>Design personalizado: Fornecemos servi\u00e7os personalizados, incluindo personaliza\u00e7\u00e3o de material, tamanho e padr\u00e3o de impress\u00e3o para atender \u00e0s necessidades do cliente, e apoiamos OEM e ODM.<\/li>\n<li>Fabrico: Adotar linhas de produ\u00e7\u00e3o de comp\u00f3sitos internacionalmente avan\u00e7adas e sistemas de controlo autom\u00e1tico para garantir processos de produ\u00e7\u00e3o eficientes e est\u00e1veis e entregas atempadas.<\/li>\n<li>Inspe\u00e7\u00e3o da qualidade: Produzir rigorosamente de acordo com as normas de qualidade e os requisitos de seguran\u00e7a alimentar para garantir que os produtos cumprem as normas.<\/li>\n<li>Servi\u00e7o ao cliente: Fornecer uma resposta r\u00e1pida e um servi\u00e7o de apoio ao cliente atencioso 24 horas por dia.<\/li>\n<li>Amostras gr\u00e1tis: Criar pequenos lotes de amostras para os clientes experimentarem e avaliarem.<\/li>\n<\/ul>\n<p>A Huiyang Packaging est\u00e1 empenhada em fornecer aos clientes pel\u00edculas para embalagem de batatas fritas personalizadas de alta qualidade, ajudando os clientes a melhorar a imagem dos seus produtos e a aumentar a sua competitividade no mercado.<\/p>","protected":false},"featured_media":9267,"comment_status":"closed","ping_status":"closed","template":"","meta":[],"product_brand":[],"product_cat":[53],"product_tag":[],"class_list":{"0":"post-9284","1":"product","2":"type-product","3":"status-publish","4":"has-post-thumbnail","6":"product_cat-packaging-film-supplier","8":"first","9":"instock","10":"shipping-taxable","11":"product-type-simple"},"_links":{"self":[{"href":"https:\/\/www.hyflexpack.com\/pt\/wp-json\/wp\/v2\/product\/9284","targetHints":{"allow":["GET"]}}],"collection":[{"href":"https:\/\/www.hyflexpack.com\/pt\/wp-json\/wp\/v2\/product"}],"about":[{"href":"https:\/\/www.hyflexpack.com\/pt\/wp-json\/wp\/v2\/types\/product"}],"replies":[{"embeddable":true,"href":"https:\/\/www.hyflexpack.com\/pt\/wp-json\/wp\/v2\/comments?post=9284"}],"wp:featuredmedia":[{"embeddable":true,"href":"https:\/\/www.hyflexpack.com\/pt\/wp-json\/wp\/v2\/media\/9267"}],"wp:attachment":[{"href":"https:\/\/www.hyflexpack.com\/pt\/wp-json\/wp\/v2\/media?parent=9284"}],"wp:term":[{"taxonomy":"product_brand","embeddable":true,"href":"https:\/\/www.hyflexpack.com\/pt\/wp-json\/wp\/v2\/product_brand?post=9284"},{"taxonomy":"product_cat","embeddable":true,"href":"https:\/\/www.hyflexpack.com\/pt\/wp-json\/wp\/v2\/product_cat?post=9284"},{"taxonomy":"product_tag","embeddable":true,"href":"https:\/\/www.hyflexpack.com\/pt\/wp-json\/wp\/v2\/product_tag?post=9284"}],"curies":[{"name":"wp","href":"https:\/\/api.w.org\/{rel}","templated":true}]}}