{"id":9212,"date":"2026-02-04T07:56:05","date_gmt":"2026-02-04T07:56:05","guid":{"rendered":"https:\/\/www.hyflexpack.com\/?post_type=product&#038;p=9212"},"modified":"2026-02-04T07:56:15","modified_gmt":"2026-02-04T07:56:15","slug":"custom-fresh-fruit-veg-packaging-bags","status":"publish","type":"product","link":"https:\/\/www.hyflexpack.com\/pt\/product\/custom-fresh-fruit-veg-packaging-bags\/","title":{"rendered":"Sacos de embalagem personalizados para fruta e legumes frescos, bolsa com fecho de correr e pequenos orif\u00edcios de ventila\u00e7\u00e3o"},"content":{"rendered":"<div class=\"wp-block-columns is-layout-flex wp-container-core-columns-is-layout-9d6595d7 wp-block-columns-is-layout-flex\">\n<div class=\"wp-block-column is-layout-flow wp-block-column-is-layout-flow\">\n<h2 class=\"wp-block-heading\">Custom Fresh Fruit &amp; Veg Packaging Bags Features<\/h2>\n\n\n\n<ul class=\"wp-block-list\">\n<li>These custom fresh fruit &amp; veg packaging bags support customized size, material, thickness, and logo printing to meet diverse fresh produce packaging requirements.<\/li>\n\n\n\n<li>The zipper stand-up pouch with tiny vent holes allows controlled airflow, while the resealable zipper helps maintain freshness after opening.<\/li>\n\n\n\n<li>Designed as fresh produce packaging bags, the tiny vent holes reduce moisture buildup and help extend shelf life of fruits and vegetables.<\/li>\n\n\n\n<li>Made from food-grade, high-strength materials, these fruit and vegetable packaging bags ensure durability during transportation, storage, and retail display.<\/li>\n\n\n\n<li>Eco-friendly and recyclable material options are available for custom fresh fruit &amp; veg packaging bags, supporting sustainable fresh produce packaging solutions.<\/li>\n<\/ul>\n<\/div>\n\n\n\n<div class=\"wp-block-column is-layout-flow wp-block-column-is-layout-flow\">\n<figure class=\"wp-block-image size-full\"><img fetchpriority=\"high\" decoding=\"async\" width=\"1000\" height=\"1000\" src=\"https:\/\/www.hyflexpack.com\/wp-content\/uploads\/2026\/02\/Custom-Fresh-Fruit-Veg-Packaging-Bags-6-1.webp\" alt=\"Custom Fresh Fruit &amp; Veg Packaging Bags\" class=\"wp-image-9182\" srcset=\"https:\/\/www.hyflexpack.com\/wp-content\/uploads\/2026\/02\/Custom-Fresh-Fruit-Veg-Packaging-Bags-6-1.webp 1000w, https:\/\/www.hyflexpack.com\/wp-content\/uploads\/2026\/02\/Custom-Fresh-Fruit-Veg-Packaging-Bags-6-1-300x300.webp 300w, https:\/\/www.hyflexpack.com\/wp-content\/uploads\/2026\/02\/Custom-Fresh-Fruit-Veg-Packaging-Bags-6-1-150x150.webp 150w, https:\/\/www.hyflexpack.com\/wp-content\/uploads\/2026\/02\/Custom-Fresh-Fruit-Veg-Packaging-Bags-6-1-768x768.webp 768w, https:\/\/www.hyflexpack.com\/wp-content\/uploads\/2026\/02\/Custom-Fresh-Fruit-Veg-Packaging-Bags-6-1-12x12.webp 12w, https:\/\/www.hyflexpack.com\/wp-content\/uploads\/2026\/02\/Custom-Fresh-Fruit-Veg-Packaging-Bags-6-1-285x285.webp 285w, https:\/\/www.hyflexpack.com\/wp-content\/uploads\/2026\/02\/Custom-Fresh-Fruit-Veg-Packaging-Bags-6-1-270x270.webp 270w, https:\/\/www.hyflexpack.com\/wp-content\/uploads\/2026\/02\/Custom-Fresh-Fruit-Veg-Packaging-Bags-6-1-540x540.webp 540w, https:\/\/www.hyflexpack.com\/wp-content\/uploads\/2026\/02\/Custom-Fresh-Fruit-Veg-Packaging-Bags-6-1-660x660.webp 660w\" sizes=\"(max-width: 1000px) 100vw, 1000px\" \/><\/figure>\n<\/div>\n<\/div>\n\n\n\n<p><\/p>","protected":false},"excerpt":{"rendered":"<p>Our custom fresh fruit &amp; veg packaging bags feature zipper stand-up pouches with micro vent holes for breathable freshness and protection. Factory wholesale pricing, free samples, and free design service available for fresh produce packaging.<\/p>\n<h3>Fresh Fruit &amp; Veg Packaging Bags Manufacturer Advantages<\/h3>\n<ul>\n<li><strong><a href=\"https:\/\/www.hyflexpack.com\/pt\/embalagens-flexiveis-personalizadas\/\">Servi\u00e7os OEM\/ODM<\/a>:<\/strong>\u00a0We provide customized packaging bag services, including material, size, and printing pattern customization to meet customer needs, and support OEM and ODM.<\/li>\n<li><strong>Efficient<\/strong>\u00a0<strong>Fabrico:<\/strong>\u00a0With advanced equipment and technology, we can complete order production efficiently and with high quality, and deliver on time.<\/li>\n<li><strong>Inspe\u00e7\u00e3o da qualidade:<\/strong>\u00a0A produ\u00e7\u00e3o \u00e9 efectuada em estrita conformidade com as normas de qualidade e os requisitos de seguran\u00e7a alimentar para garantir que os produtos cumprem as normas.<\/li>\n<li><strong>24\/7 Customer Support:<\/strong>\u00a0Fornecer uma resposta r\u00e1pida e um servi\u00e7o de apoio ao cliente atencioso 24 horas por dia.<\/li>\n<li><strong>Free Design:<\/strong>\u00a0Take advantage of our free design services for logos, labels, and artwork to assist in enhancing your packaging and brand identity.<\/li>\n<li><strong>Factory Price<\/strong>: We provide competitive factory prices for you to reap the maximum value for your bulk orders.<\/li>\n<li><strong>Minimum Order Quantity (MOQ):<\/strong>\u00a0Flexible MOQ availability, enabling you to start with low-order levels and scale up as required.<\/li>\n<li><strong>Amostra gr\u00e1tis<\/strong>: Provide a free sample service for you to evaluate the product.<\/li>\n<\/ul>\n<p><a href=\"https:\/\/www.hyflexpack.com\/pt\/\"><strong>Embalagens Huiyang<\/strong><\/a>\u00a0is committed to providing customers with high-quality wholesale and customized fruit packaging bags to help them improve their product image and enhance market competitiveness.<\/p>","protected":false},"featured_media":9182,"comment_status":"closed","ping_status":"closed","template":"","meta":[],"product_brand":[],"product_cat":[106,51],"product_tag":[116,124],"class_list":{"0":"post-9212","1":"product","2":"type-product","3":"status-publish","4":"has-post-thumbnail","6":"product_cat-vegetable-packaging-bags-wholesale","7":"product_cat-custom-food-packaging-bags","8":"product_tag-stand-up-pouch-manufacturer","9":"product_tag-zipper-pouch-manufacturer","11":"first","12":"instock","13":"shipping-taxable","14":"product-type-simple"},"_links":{"self":[{"href":"https:\/\/www.hyflexpack.com\/pt\/wp-json\/wp\/v2\/product\/9212","targetHints":{"allow":["GET"]}}],"collection":[{"href":"https:\/\/www.hyflexpack.com\/pt\/wp-json\/wp\/v2\/product"}],"about":[{"href":"https:\/\/www.hyflexpack.com\/pt\/wp-json\/wp\/v2\/types\/product"}],"replies":[{"embeddable":true,"href":"https:\/\/www.hyflexpack.com\/pt\/wp-json\/wp\/v2\/comments?post=9212"}],"wp:featuredmedia":[{"embeddable":true,"href":"https:\/\/www.hyflexpack.com\/pt\/wp-json\/wp\/v2\/media\/9182"}],"wp:attachment":[{"href":"https:\/\/www.hyflexpack.com\/pt\/wp-json\/wp\/v2\/media?parent=9212"}],"wp:term":[{"taxonomy":"product_brand","embeddable":true,"href":"https:\/\/www.hyflexpack.com\/pt\/wp-json\/wp\/v2\/product_brand?post=9212"},{"taxonomy":"product_cat","embeddable":true,"href":"https:\/\/www.hyflexpack.com\/pt\/wp-json\/wp\/v2\/product_cat?post=9212"},{"taxonomy":"product_tag","embeddable":true,"href":"https:\/\/www.hyflexpack.com\/pt\/wp-json\/wp\/v2\/product_tag?post=9212"}],"curies":[{"name":"wp","href":"https:\/\/api.w.org\/{rel}","templated":true}]}}