{"id":9065,"date":"2026-02-26T07:20:44","date_gmt":"2026-02-26T07:20:44","guid":{"rendered":"https:\/\/www.hyflexpack.com\/?post_type=product&#038;p=9065"},"modified":"2026-02-26T07:20:55","modified_gmt":"2026-02-26T07:20:55","slug":"oem-laundry-pod-packaging-bag","status":"publish","type":"product","link":"https:\/\/www.hyflexpack.com\/pt\/product\/oem-laundry-pod-packaging-bag\/","title":{"rendered":"Saco de embalagem de c\u00e1psula de lavandaria OEM Bolsa de atacado Stand Up Zipper Bag Factory"},"content":{"rendered":"<div class=\"wp-block-columns is-layout-flex wp-container-core-columns-is-layout-9d6595d7 wp-block-columns-is-layout-flex\">\n<div class=\"wp-block-column is-layout-flow wp-block-column-is-layout-flow\">\n<h2 class=\"wp-block-heading\">Por que escolher nossos recursos de saco de embalagem de c\u00e1psula de lavanderia OEM<\/h2>\n\n\n\n<ul class=\"wp-block-list\">\n<li>Especificamente concebido para c\u00e1psulas de roupa, proporcionando uma embalagem segura e est\u00e1vel para transporte e armazenamento.<\/li>\n\n\n\n<li>Constru\u00eddo com materiais comp\u00f3sitos, assegurando uma prote\u00e7\u00e3o de qualidade alimentar \/ qu\u00edmica di\u00e1ria segura e um excelente desempenho de barreira.<\/li>\n\n\n\n<li>As bolsas com fecho de correr permitem abrir e voltar a fechar facilmente, mantendo a frescura e evitando derrames acidentais.<\/li>\n\n\n\n<li>Suporta tamanhos personalizados, impress\u00e3o, tipos de fecho e formas de bolsas, ajudando as marcas a criar solu\u00e7\u00f5es de embalagem distintas.<\/li>\n\n\n\n<li>Fornecimento direto da f\u00e1brica com baixo MOQ, produ\u00e7\u00e3o r\u00e1pida e qualidade est\u00e1vel, ideal para encomendas a granel e expans\u00e3o da marca.<\/li>\n<\/ul>\n<\/div>\n\n\n\n<div class=\"wp-block-column is-layout-flow wp-block-column-is-layout-flow\">\n<figure class=\"wp-block-image size-full\"><img fetchpriority=\"high\" decoding=\"async\" width=\"1000\" height=\"1000\" src=\"https:\/\/www.hyflexpack.com\/wp-content\/uploads\/2026\/01\/Laundry-Detergent-Pod-Packaging-Solutions-1.webp\" alt=\"Solu\u00e7\u00f5es de embalagem de c\u00e1psulas de detergente para a roupa \" class=\"wp-image-9057\" srcset=\"https:\/\/www.hyflexpack.com\/wp-content\/uploads\/2026\/01\/Laundry-Detergent-Pod-Packaging-Solutions-1.webp 1000w, https:\/\/www.hyflexpack.com\/wp-content\/uploads\/2026\/01\/Laundry-Detergent-Pod-Packaging-Solutions-1-300x300.webp 300w, https:\/\/www.hyflexpack.com\/wp-content\/uploads\/2026\/01\/Laundry-Detergent-Pod-Packaging-Solutions-1-150x150.webp 150w, https:\/\/www.hyflexpack.com\/wp-content\/uploads\/2026\/01\/Laundry-Detergent-Pod-Packaging-Solutions-1-768x768.webp 768w, https:\/\/www.hyflexpack.com\/wp-content\/uploads\/2026\/01\/Laundry-Detergent-Pod-Packaging-Solutions-1-12x12.webp 12w, https:\/\/www.hyflexpack.com\/wp-content\/uploads\/2026\/01\/Laundry-Detergent-Pod-Packaging-Solutions-1-285x285.webp 285w, https:\/\/www.hyflexpack.com\/wp-content\/uploads\/2026\/01\/Laundry-Detergent-Pod-Packaging-Solutions-1-270x270.webp 270w, https:\/\/www.hyflexpack.com\/wp-content\/uploads\/2026\/01\/Laundry-Detergent-Pod-Packaging-Solutions-1-540x540.webp 540w, https:\/\/www.hyflexpack.com\/wp-content\/uploads\/2026\/01\/Laundry-Detergent-Pod-Packaging-Solutions-1-660x660.webp 660w\" sizes=\"(max-width: 1000px) 100vw, 1000px\" \/><\/figure>\n<\/div>\n<\/div>\n\n\n\n<div class=\"wp-block-columns is-layout-flex wp-container-core-columns-is-layout-9d6595d7 wp-block-columns-is-layout-flex\">\n<div class=\"wp-block-column is-layout-flow wp-block-column-is-layout-flow\">\n<figure class=\"wp-block-image size-full\"><img decoding=\"async\" width=\"1000\" height=\"1000\" src=\"https:\/\/www.hyflexpack.com\/wp-content\/uploads\/2026\/01\/Laundry-Detergent-Pod-Packaging-Solutions-3.webp\" alt=\"Solu\u00e7\u00f5es de embalagem de c\u00e1psulas de detergente para a roupa\" class=\"wp-image-9059\" srcset=\"https:\/\/www.hyflexpack.com\/wp-content\/uploads\/2026\/01\/Laundry-Detergent-Pod-Packaging-Solutions-3.webp 1000w, https:\/\/www.hyflexpack.com\/wp-content\/uploads\/2026\/01\/Laundry-Detergent-Pod-Packaging-Solutions-3-300x300.webp 300w, https:\/\/www.hyflexpack.com\/wp-content\/uploads\/2026\/01\/Laundry-Detergent-Pod-Packaging-Solutions-3-150x150.webp 150w, https:\/\/www.hyflexpack.com\/wp-content\/uploads\/2026\/01\/Laundry-Detergent-Pod-Packaging-Solutions-3-768x768.webp 768w, https:\/\/www.hyflexpack.com\/wp-content\/uploads\/2026\/01\/Laundry-Detergent-Pod-Packaging-Solutions-3-12x12.webp 12w, https:\/\/www.hyflexpack.com\/wp-content\/uploads\/2026\/01\/Laundry-Detergent-Pod-Packaging-Solutions-3-285x285.webp 285w, https:\/\/www.hyflexpack.com\/wp-content\/uploads\/2026\/01\/Laundry-Detergent-Pod-Packaging-Solutions-3-270x270.webp 270w, https:\/\/www.hyflexpack.com\/wp-content\/uploads\/2026\/01\/Laundry-Detergent-Pod-Packaging-Solutions-3-540x540.webp 540w, https:\/\/www.hyflexpack.com\/wp-content\/uploads\/2026\/01\/Laundry-Detergent-Pod-Packaging-Solutions-3-660x660.webp 660w\" sizes=\"(max-width: 1000px) 100vw, 1000px\" \/><\/figure>\n<\/div>\n\n\n\n<div class=\"wp-block-column is-layout-flow wp-block-column-is-layout-flow\">\n<figure class=\"wp-block-image size-full\"><img decoding=\"async\" width=\"1000\" height=\"1000\" src=\"https:\/\/www.hyflexpack.com\/wp-content\/uploads\/2026\/01\/Laundry-Detergent-Pod-Packaging-Solutions-4.webp\" alt=\"Solu\u00e7\u00f5es de embalagem de c\u00e1psulas de detergente para a roupa\" class=\"wp-image-9060\" srcset=\"https:\/\/www.hyflexpack.com\/wp-content\/uploads\/2026\/01\/Laundry-Detergent-Pod-Packaging-Solutions-4.webp 1000w, https:\/\/www.hyflexpack.com\/wp-content\/uploads\/2026\/01\/Laundry-Detergent-Pod-Packaging-Solutions-4-300x300.webp 300w, https:\/\/www.hyflexpack.com\/wp-content\/uploads\/2026\/01\/Laundry-Detergent-Pod-Packaging-Solutions-4-150x150.webp 150w, https:\/\/www.hyflexpack.com\/wp-content\/uploads\/2026\/01\/Laundry-Detergent-Pod-Packaging-Solutions-4-768x768.webp 768w, https:\/\/www.hyflexpack.com\/wp-content\/uploads\/2026\/01\/Laundry-Detergent-Pod-Packaging-Solutions-4-12x12.webp 12w, https:\/\/www.hyflexpack.com\/wp-content\/uploads\/2026\/01\/Laundry-Detergent-Pod-Packaging-Solutions-4-285x285.webp 285w, https:\/\/www.hyflexpack.com\/wp-content\/uploads\/2026\/01\/Laundry-Detergent-Pod-Packaging-Solutions-4-270x270.webp 270w, https:\/\/www.hyflexpack.com\/wp-content\/uploads\/2026\/01\/Laundry-Detergent-Pod-Packaging-Solutions-4-540x540.webp 540w, https:\/\/www.hyflexpack.com\/wp-content\/uploads\/2026\/01\/Laundry-Detergent-Pod-Packaging-Solutions-4-660x660.webp 660w\" sizes=\"(max-width: 1000px) 100vw, 1000px\" \/><\/figure>\n<\/div>\n<\/div>","protected":false},"excerpt":{"rendered":"<p>Como um fabricante profissional de saco de embalagem de c\u00e1psula de lavandaria OEM, fornecemos sacos com fecho de correr por atacado com forte veda\u00e7\u00e3o, resist\u00eancia \u00e0 humidade e op\u00e7\u00f5es de impress\u00e3o personalizadas. Pre\u00e7os diretos da f\u00e1brica, baixo MOQ, amostras gr\u00e1tis e apoio total OEM\/ODM para marcas globais de detergentes.<\/p>\n<h2>Vantagens do fornecedor de sacos de embalagem de c\u00e1psulas de lavandaria OEM<\/h2>\n<ul>\n<li><strong>Design personalizado:<\/strong>\u00a0Fornecemos servi\u00e7os personalizados, incluindo personaliza\u00e7\u00e3o de material, tamanho e padr\u00e3o de impress\u00e3o para atender \u00e0s necessidades do cliente, e oferecemos suporte a OEM e ODM.<\/li>\n<li><strong>Fabrico:<\/strong>\u00a0Com equipamento e tecnologia avan\u00e7ados, podemos completar a produ\u00e7\u00e3o de encomendas de forma eficiente e com alta qualidade, e podemos entregar a tempo.<\/li>\n<li><strong>Inspe\u00e7\u00e3o da qualidade:<\/strong>\u00a0A produ\u00e7\u00e3o \u00e9 efectuada em estrita conformidade com as normas de qualidade e os requisitos de seguran\u00e7a alimentar para garantir que os produtos cumprem as normas.<\/li>\n<li><strong>Certifica\u00e7\u00e3o\uff1a<\/strong>\u00a0FDA\/BRC\/ISO 9001\/RoHS<\/li>\n<li><strong>Servi\u00e7o ao cliente:<\/strong>\u00a024 horas para fornecer uma resposta r\u00e1pida e um servi\u00e7o de apoio ao cliente atencioso.<\/li>\n<li><strong>Amostra gr\u00e1tis:<\/strong>\u00a0Oferecemos um servi\u00e7o de amostras gratuitas para o ajudar a avaliar o produto.<\/li>\n<li><strong class=\"skrollable skrollable-between\" data-start=\"895\" data-end=\"917\">Pre\u00e7o competitivo:<\/strong>\u00a0Com uma capacidade de produ\u00e7\u00e3o em grande escala e uma gest\u00e3o eficiente em termos de custos, oferecemos pre\u00e7os competitivos sem comprometer a qualidade do produto.<\/li>\n<\/ul>\n<p><a href=\"https:\/\/www.hyflexpack.com\/pt\/\"><strong>Embalagens Huiyang<\/strong><\/a> est\u00e1 empenhada em fornecer aos clientes sacos e bolsas de embalagem de c\u00e1psulas de lavandaria OEM para ajudar os clientes a melhorar a imagem dos seus produtos e a aumentar a sua competitividade no mercado.<\/p>","protected":false},"featured_media":9057,"comment_status":"closed","ping_status":"closed","template":"","meta":[],"product_brand":[],"product_cat":[52],"product_tag":[116,124],"class_list":{"0":"post-9065","1":"product","2":"type-product","3":"status-publish","4":"has-post-thumbnail","6":"product_cat-custom-daily-chemical-packaging","7":"product_tag-stand-up-pouch-manufacturer","8":"product_tag-zipper-pouch-manufacturer","10":"first","11":"instock","12":"shipping-taxable","13":"product-type-simple"},"_links":{"self":[{"href":"https:\/\/www.hyflexpack.com\/pt\/wp-json\/wp\/v2\/product\/9065","targetHints":{"allow":["GET"]}}],"collection":[{"href":"https:\/\/www.hyflexpack.com\/pt\/wp-json\/wp\/v2\/product"}],"about":[{"href":"https:\/\/www.hyflexpack.com\/pt\/wp-json\/wp\/v2\/types\/product"}],"replies":[{"embeddable":true,"href":"https:\/\/www.hyflexpack.com\/pt\/wp-json\/wp\/v2\/comments?post=9065"}],"wp:featuredmedia":[{"embeddable":true,"href":"https:\/\/www.hyflexpack.com\/pt\/wp-json\/wp\/v2\/media\/9057"}],"wp:attachment":[{"href":"https:\/\/www.hyflexpack.com\/pt\/wp-json\/wp\/v2\/media?parent=9065"}],"wp:term":[{"taxonomy":"product_brand","embeddable":true,"href":"https:\/\/www.hyflexpack.com\/pt\/wp-json\/wp\/v2\/product_brand?post=9065"},{"taxonomy":"product_cat","embeddable":true,"href":"https:\/\/www.hyflexpack.com\/pt\/wp-json\/wp\/v2\/product_cat?post=9065"},{"taxonomy":"product_tag","embeddable":true,"href":"https:\/\/www.hyflexpack.com\/pt\/wp-json\/wp\/v2\/product_tag?post=9065"}],"curies":[{"name":"wp","href":"https:\/\/api.w.org\/{rel}","templated":true}]}}