{"id":9064,"date":"2026-02-26T03:55:04","date_gmt":"2026-02-26T03:55:04","guid":{"rendered":"https:\/\/www.hyflexpack.com\/?post_type=product&#038;p=9064"},"modified":"2026-02-26T03:55:09","modified_gmt":"2026-02-26T03:55:09","slug":"laundry-detergent-pod-packaging-bag-oem","status":"publish","type":"product","link":"https:\/\/www.hyflexpack.com\/pt\/product\/laundry-detergent-pod-packaging-bag-oem\/","title":{"rendered":"Saco personalizado para embalagem de detergente para roupa, bolsas Ziplock compostas"},"content":{"rendered":"<div class=\"wp-block-columns is-layout-flex wp-container-core-columns-is-layout-9d6595d7 wp-block-columns-is-layout-flex\">\n<div class=\"wp-block-column is-layout-flow wp-block-column-is-layout-flow\">\n<h2 class=\"wp-block-heading\">Carater\u00edsticas do saco de embalagem de detergente para roupa personalizado<\/h2>\n\n\n\n<ul class=\"wp-block-list\">\n<li>Concebidas para c\u00e1psulas de detergente para a roupa, garantem um manuseamento seguro, uma distribui\u00e7\u00e3o f\u00e1cil e a integridade do produto durante o armazenamento e o transporte.<\/li>\n\n\n\n<li>Fabricadas com bolsas ziplock compostas, oferecem uma excelente resist\u00eancia \u00e0 humidade, aos odores e aos produtos qu\u00edmicos para uma vida \u00fatil prolongada.<\/li>\n\n\n\n<li>Os fechos ziplock de p\u00e9 permitem abrir e voltar a fechar repetidamente, mantendo as c\u00e1psulas de roupa protegidas da humidade e de derrames acidentais.<\/li>\n\n\n\n<li>Suporta tamanhos, materiais, impress\u00e3o e designs de fecho personalizados, ajudando as marcas a criar sacos de embalagem personalizados e \u00fanicos para detergente para a roupa.<\/li>\n\n\n\n<li>Produ\u00e7\u00e3o de alta qualidade, direta da f\u00e1brica, com op\u00e7\u00f5es de baixo MOQ e r\u00e1pida execu\u00e7\u00e3o, ideal para OEM e encomendas em massa.<\/li>\n<\/ul>\n<\/div>\n\n\n\n<div class=\"wp-block-column is-layout-flow wp-block-column-is-layout-flow\">\n<figure class=\"wp-block-image size-full\"><img fetchpriority=\"high\" decoding=\"async\" width=\"1000\" height=\"1000\" src=\"https:\/\/www.hyflexpack.com\/wp-content\/uploads\/2026\/01\/Custom-Laundry-Detergent-Pod-Packaging-1.webp\" alt=\"Embalagens personalizadas de detergente para a roupa \" class=\"wp-image-9043\" srcset=\"https:\/\/www.hyflexpack.com\/wp-content\/uploads\/2026\/01\/Custom-Laundry-Detergent-Pod-Packaging-1.webp 1000w, https:\/\/www.hyflexpack.com\/wp-content\/uploads\/2026\/01\/Custom-Laundry-Detergent-Pod-Packaging-1-300x300.webp 300w, https:\/\/www.hyflexpack.com\/wp-content\/uploads\/2026\/01\/Custom-Laundry-Detergent-Pod-Packaging-1-150x150.webp 150w, https:\/\/www.hyflexpack.com\/wp-content\/uploads\/2026\/01\/Custom-Laundry-Detergent-Pod-Packaging-1-768x768.webp 768w, https:\/\/www.hyflexpack.com\/wp-content\/uploads\/2026\/01\/Custom-Laundry-Detergent-Pod-Packaging-1-12x12.webp 12w, https:\/\/www.hyflexpack.com\/wp-content\/uploads\/2026\/01\/Custom-Laundry-Detergent-Pod-Packaging-1-285x285.webp 285w, https:\/\/www.hyflexpack.com\/wp-content\/uploads\/2026\/01\/Custom-Laundry-Detergent-Pod-Packaging-1-270x270.webp 270w, https:\/\/www.hyflexpack.com\/wp-content\/uploads\/2026\/01\/Custom-Laundry-Detergent-Pod-Packaging-1-540x540.webp 540w, https:\/\/www.hyflexpack.com\/wp-content\/uploads\/2026\/01\/Custom-Laundry-Detergent-Pod-Packaging-1-660x660.webp 660w\" sizes=\"(max-width: 1000px) 100vw, 1000px\" \/><\/figure>\n<\/div>\n<\/div>","protected":false},"excerpt":{"rendered":"<p>O saco de embalagem de c\u00e1psulas de detergente para a roupa personalizado, utilizando bolsas ziplock compostas, foi concebido para c\u00e1psulas de detergente para a roupa e produtos de detergente concentrado que necessitam de uma embalagem segura, resistente \u00e0 humidade e duradoura. Estes sacos ziplock para detergente para a roupa oferecem uma selagem segura, f\u00e1cil distribui\u00e7\u00e3o e impress\u00e3o e tamanho personaliz\u00e1veis, ideais para aplica\u00e7\u00f5es OEM, grossistas e retalhistas. Contacte-nos hoje para obter um or\u00e7amento. Estamos empenhados em fornecer uma solu\u00e7\u00e3o de embalagem de desinfetante \u00fanica, ecol\u00f3gica e de alta qualidade.<\/p>\n<h2>Vantagens do fornecedor de sacos de embalagem de c\u00e1psulas de lavandaria<\/h2>\n<ul>\n<li><strong>Design personalizado:<\/strong>\u00a0Fornecemos servi\u00e7os personalizados, incluindo personaliza\u00e7\u00e3o de material, tamanho e padr\u00e3o de impress\u00e3o para atender \u00e0s necessidades do cliente, e oferecemos suporte a OEM e ODM.<\/li>\n<li><strong>Fabrico:<\/strong>\u00a0Com equipamento e tecnologia avan\u00e7ados, podemos completar a produ\u00e7\u00e3o de encomendas de forma eficiente e com alta qualidade, e podemos entregar a tempo.<\/li>\n<li><strong>Inspe\u00e7\u00e3o da qualidade:<\/strong>\u00a0A produ\u00e7\u00e3o \u00e9 efectuada em estrita conformidade com as normas de qualidade e os requisitos de seguran\u00e7a alimentar para garantir que os produtos cumprem as normas.<\/li>\n<li><strong>Certifica\u00e7\u00e3o\uff1a<\/strong>\u00a0FDA\/BRC\/ISO 9001\/RoHS<\/li>\n<li><strong>Servi\u00e7o ao cliente:<\/strong>\u00a024 horas para fornecer uma resposta r\u00e1pida e um servi\u00e7o de apoio ao cliente atencioso.<\/li>\n<li><strong>Amostra gr\u00e1tis:<\/strong>\u00a0Oferecemos um servi\u00e7o de amostras gratuitas para o ajudar a avaliar o produto.<\/li>\n<li><strong class=\"skrollable skrollable-between\" data-start=\"895\" data-end=\"917\">Pre\u00e7o competitivo:<\/strong>\u00a0Com uma capacidade de produ\u00e7\u00e3o em grande escala e uma gest\u00e3o eficiente em termos de custos, oferecemos pre\u00e7os competitivos sem comprometer a qualidade do produto.<\/li>\n<\/ul>\n<p><a href=\"https:\/\/www.hyflexpack.com\/pt\/\"><strong>Embalagens Huiyang<\/strong><\/a> est\u00e1 empenhada em fornecer aos clientes sacos de embalagem de c\u00e1psulas de detergente para a roupa e bolsas para ajudar os clientes a melhorar a imagem dos seus produtos e a aumentar a sua competitividade no mercado.<\/p>","protected":false},"featured_media":9043,"comment_status":"closed","ping_status":"closed","template":"","meta":[],"product_brand":[],"product_cat":[52],"product_tag":[116,124],"class_list":{"0":"post-9064","1":"product","2":"type-product","3":"status-publish","4":"has-post-thumbnail","6":"product_cat-custom-daily-chemical-packaging","7":"product_tag-stand-up-pouch-manufacturer","8":"product_tag-zipper-pouch-manufacturer","10":"first","11":"instock","12":"shipping-taxable","13":"product-type-simple"},"_links":{"self":[{"href":"https:\/\/www.hyflexpack.com\/pt\/wp-json\/wp\/v2\/product\/9064","targetHints":{"allow":["GET"]}}],"collection":[{"href":"https:\/\/www.hyflexpack.com\/pt\/wp-json\/wp\/v2\/product"}],"about":[{"href":"https:\/\/www.hyflexpack.com\/pt\/wp-json\/wp\/v2\/types\/product"}],"replies":[{"embeddable":true,"href":"https:\/\/www.hyflexpack.com\/pt\/wp-json\/wp\/v2\/comments?post=9064"}],"wp:featuredmedia":[{"embeddable":true,"href":"https:\/\/www.hyflexpack.com\/pt\/wp-json\/wp\/v2\/media\/9043"}],"wp:attachment":[{"href":"https:\/\/www.hyflexpack.com\/pt\/wp-json\/wp\/v2\/media?parent=9064"}],"wp:term":[{"taxonomy":"product_brand","embeddable":true,"href":"https:\/\/www.hyflexpack.com\/pt\/wp-json\/wp\/v2\/product_brand?post=9064"},{"taxonomy":"product_cat","embeddable":true,"href":"https:\/\/www.hyflexpack.com\/pt\/wp-json\/wp\/v2\/product_cat?post=9064"},{"taxonomy":"product_tag","embeddable":true,"href":"https:\/\/www.hyflexpack.com\/pt\/wp-json\/wp\/v2\/product_tag?post=9064"}],"curies":[{"name":"wp","href":"https:\/\/api.w.org\/{rel}","templated":true}]}}