{"id":9063,"date":"2026-02-26T07:56:01","date_gmt":"2026-02-26T07:56:01","guid":{"rendered":"https:\/\/www.hyflexpack.com\/?post_type=product&#038;p=9063"},"modified":"2026-02-26T07:56:50","modified_gmt":"2026-02-26T07:56:50","slug":"washing-machine-cleaner-packaging-oem","status":"publish","type":"product","link":"https:\/\/www.hyflexpack.com\/pt\/product\/washing-machine-cleaner-packaging-oem\/","title":{"rendered":"Embalagem para m\u00e1quina de lavar roupa personalizada, bolsas Ziplock compostas com suporte"},"content":{"rendered":"<div class=\"wp-block-columns is-layout-flex wp-container-core-columns-is-layout-9d6595d7 wp-block-columns-is-layout-flex\">\n<div class=\"wp-block-column is-layout-flow wp-block-column-is-layout-flow\">\n<h2 class=\"wp-block-heading\">Carater\u00edsticas da embalagem do detergente para m\u00e1quinas de lavar roupa<\/h2>\n\n\n\n<ul class=\"wp-block-list\">\n<li>Concebida especificamente para embalagens de produtos de limpeza para m\u00e1quinas de lavar roupa, adequada para f\u00f3rmulas em p\u00f3, comprimidos e granulados, garantindo um desempenho est\u00e1vel durante o armazenamento e o transporte.<\/li>\n\n\n\n<li>As bolsas ziplock compostas de alta qualidade oferecem uma excelente barreira \u00e0 humidade, resist\u00eancia qu\u00edmica e durabilidade, ideais para produtos de limpeza dom\u00e9sticos e de lavandaria.<\/li>\n\n\n\n<li>As bolsas de p\u00e9 com fechos ziplock resistentes permitem a abertura e selagem repetidas, aumentando a comodidade do utilizador e protegendo os produtos de limpeza da m\u00e1quina de lavar roupa da humidade e da contamina\u00e7\u00e3o.<\/li>\n\n\n\n<li>Suportam tamanhos, materiais, espessuras e impress\u00e3o de log\u00f3tipos personalizados, ajudando as marcas a criar embalagens personalizadas de produtos de limpeza para m\u00e1quinas de lavar roupa diferenciadas e alinhadas com o posicionamento no mercado.<\/li>\n\n\n\n<li>Produ\u00e7\u00e3o direta da f\u00e1brica com controlo de qualidade est\u00e1vel, op\u00e7\u00f5es de baixo MOQ e prazos de entrega eficientes para bolsas stand up ziplock por atacado e projectos de embalagem OEM.<\/li>\n<\/ul>\n<\/div>\n\n\n\n<div class=\"wp-block-column is-layout-flow wp-block-column-is-layout-flow\">\n<figure class=\"wp-block-image size-full\"><img fetchpriority=\"high\" decoding=\"async\" width=\"1000\" height=\"1000\" src=\"https:\/\/www.hyflexpack.com\/wp-content\/uploads\/2026\/01\/Customized-Washing-Machine-Cleaner-Packaging-1.webp\" alt=\"Embalagem personalizada de limpador de m\u00e1quina de lavar roupa \" class=\"wp-image-9052\" srcset=\"https:\/\/www.hyflexpack.com\/wp-content\/uploads\/2026\/01\/Customized-Washing-Machine-Cleaner-Packaging-1.webp 1000w, https:\/\/www.hyflexpack.com\/wp-content\/uploads\/2026\/01\/Customized-Washing-Machine-Cleaner-Packaging-1-300x300.webp 300w, https:\/\/www.hyflexpack.com\/wp-content\/uploads\/2026\/01\/Customized-Washing-Machine-Cleaner-Packaging-1-150x150.webp 150w, https:\/\/www.hyflexpack.com\/wp-content\/uploads\/2026\/01\/Customized-Washing-Machine-Cleaner-Packaging-1-768x768.webp 768w, https:\/\/www.hyflexpack.com\/wp-content\/uploads\/2026\/01\/Customized-Washing-Machine-Cleaner-Packaging-1-12x12.webp 12w, https:\/\/www.hyflexpack.com\/wp-content\/uploads\/2026\/01\/Customized-Washing-Machine-Cleaner-Packaging-1-285x285.webp 285w, https:\/\/www.hyflexpack.com\/wp-content\/uploads\/2026\/01\/Customized-Washing-Machine-Cleaner-Packaging-1-270x270.webp 270w, https:\/\/www.hyflexpack.com\/wp-content\/uploads\/2026\/01\/Customized-Washing-Machine-Cleaner-Packaging-1-540x540.webp 540w, https:\/\/www.hyflexpack.com\/wp-content\/uploads\/2026\/01\/Customized-Washing-Machine-Cleaner-Packaging-1-660x660.webp 660w\" sizes=\"(max-width: 1000px) 100vw, 1000px\" \/><\/figure>\n<\/div>\n<\/div>","protected":false},"excerpt":{"rendered":"<p>As nossas embalagens personalizadas de detergente para m\u00e1quinas de lavar roupa concebidas com bolsas ziplock compostas oferecem uma solu\u00e7\u00e3o fi\u00e1vel, \u00e0 prova de humidade e resistente a produtos qu\u00edmicos para detergentes para m\u00e1quinas de lavar roupa em p\u00f3, comprimidos e gr\u00e2nulos. Com estruturas de materiais flex\u00edveis e op\u00e7\u00f5es de impress\u00e3o personalizadas, estas bolsas ziplock para m\u00e1quinas de lavar roupa ajudam as marcas a melhorar a presen\u00e7a nas prateleiras, a prote\u00e7\u00e3o do produto e a efici\u00eancia da embalagem para aplica\u00e7\u00f5es grossistas e OEM. Contacte-nos hoje para obter um or\u00e7amento. Estamos empenhados em fornecer uma solu\u00e7\u00e3o de embalagem de desinfetante \u00fanica, ecol\u00f3gica e de alta qualidade.\u00a0<\/p>\n<h2><strong>Vantagens do fornecedor de embalagens de produtos de limpeza para m\u00e1quinas de lavar roupa<\/strong><\/h2>\n<ul>\n<li><strong>Design personalizado:<\/strong>\u00a0Fornecemos servi\u00e7o de sacos de embalagem de vestu\u00e1rio personalizados, incluindo material, tamanho e personaliza\u00e7\u00e3o do padr\u00e3o de impress\u00e3o para atender \u00e0s necessidades do cliente, e apoiamos OEM e ODM.<\/li>\n<li><strong>Fabrico<\/strong>: Com equipamento e tecnologia avan\u00e7ados, podemos concluir a produ\u00e7\u00e3o da encomenda com elevada efici\u00eancia e alta qualidade, e podemos entregar a tempo.<\/li>\n<li><strong>Inspe\u00e7\u00e3o da qualidade<\/strong>: Seguir rigorosamente as normas de qualidade e os requisitos de seguran\u00e7a alimentar para a produ\u00e7\u00e3o, para garantir que os produtos cumprem as normas.<\/li>\n<li><strong>Servi\u00e7o ao cliente<\/strong>: 24 horas para fornecer uma resposta r\u00e1pida e um servi\u00e7o de apoio ao cliente atencioso.<\/li>\n<li><strong>Amostra gr\u00e1tis:\u00a0<\/strong>Fornecer servi\u00e7o de amostra gr\u00e1tis para avaliar os produtos.<\/li>\n<\/ul>\n<p>A Huiyang Packaging est\u00e1 empenhada em fornecer aos clientes sacos de embalagem de vestu\u00e1rio personalizados e de alta qualidade para os ajudar a melhorar a imagem dos seus produtos e a aumentar a competitividade no mercado.<\/p>","protected":false},"featured_media":9052,"comment_status":"closed","ping_status":"closed","template":"","meta":[],"product_brand":[],"product_cat":[52],"product_tag":[116,124],"class_list":{"0":"post-9063","1":"product","2":"type-product","3":"status-publish","4":"has-post-thumbnail","6":"product_cat-custom-daily-chemical-packaging","7":"product_tag-stand-up-pouch-manufacturer","8":"product_tag-zipper-pouch-manufacturer","10":"first","11":"instock","12":"shipping-taxable","13":"product-type-simple"},"_links":{"self":[{"href":"https:\/\/www.hyflexpack.com\/pt\/wp-json\/wp\/v2\/product\/9063","targetHints":{"allow":["GET"]}}],"collection":[{"href":"https:\/\/www.hyflexpack.com\/pt\/wp-json\/wp\/v2\/product"}],"about":[{"href":"https:\/\/www.hyflexpack.com\/pt\/wp-json\/wp\/v2\/types\/product"}],"replies":[{"embeddable":true,"href":"https:\/\/www.hyflexpack.com\/pt\/wp-json\/wp\/v2\/comments?post=9063"}],"wp:featuredmedia":[{"embeddable":true,"href":"https:\/\/www.hyflexpack.com\/pt\/wp-json\/wp\/v2\/media\/9052"}],"wp:attachment":[{"href":"https:\/\/www.hyflexpack.com\/pt\/wp-json\/wp\/v2\/media?parent=9063"}],"wp:term":[{"taxonomy":"product_brand","embeddable":true,"href":"https:\/\/www.hyflexpack.com\/pt\/wp-json\/wp\/v2\/product_brand?post=9063"},{"taxonomy":"product_cat","embeddable":true,"href":"https:\/\/www.hyflexpack.com\/pt\/wp-json\/wp\/v2\/product_cat?post=9063"},{"taxonomy":"product_tag","embeddable":true,"href":"https:\/\/www.hyflexpack.com\/pt\/wp-json\/wp\/v2\/product_tag?post=9063"}],"curies":[{"name":"wp","href":"https:\/\/api.w.org\/{rel}","templated":true}]}}