{"id":8757,"date":"2025-12-19T08:29:51","date_gmt":"2025-12-19T08:29:51","guid":{"rendered":"https:\/\/www.hyflexpack.com\/?post_type=product&#038;p=8757"},"modified":"2025-12-31T07:31:33","modified_gmt":"2025-12-31T07:31:33","slug":"wholesale-custom-dog-food-stand-up-bags","status":"publish","type":"product","link":"https:\/\/www.hyflexpack.com\/pt\/product\/wholesale-custom-dog-food-stand-up-bags\/","title":{"rendered":"Sacos de comida de c\u00e3o personalizados por atacado com fecho de correr, saco de pl\u00e1stico reciclado para comida"},"content":{"rendered":"<div class=\"wp-block-columns is-layout-flex wp-container-core-columns-is-layout-9d6595d7 wp-block-columns-is-layout-flex\">\n<div class=\"wp-block-column is-layout-flow wp-block-column-is-layout-flow\">\n<h2 class=\"wp-block-heading\">Custom Dog Food Stand-Up Bags Features <\/h2>\n\n\n\n<ul class=\"wp-block-list\">\n<li>Food Grad Custom Dog Food Stand-Up Bagse Laminated Pouch\uff1aMade from food grade laminated materials, safe for direct contact with dog food and pet food packaging.<\/li>\n\n\n\n<li>High Barrier Dog Food Packaging\uff1aProvides protection against moisture and air to help maintain dog food freshness.<\/li>\n\n\n\n<li>Stand-Up Pouch Design\uff1aStand-up pouch structure allows easy shelf display and convenient storage.<\/li>\n\n\n\n<li>Custom Printed with Logo\uff1aCustom printed dog food stand-up pouches with logo, artwork, and brand colors available.<\/li>\n\n\n\n<li>Multiple Sizes Available\uff1aSuitable for different dog food weights and various pet food packaging applications.<\/li>\n\n\n\n<li>Optional Packaging Features\uff1aZipper closure, tear notch, and matte or glossy finish can be added as needed.<\/li>\n<\/ul>\n<\/div>\n\n\n\n<div class=\"wp-block-column is-layout-flow wp-block-column-is-layout-flow\">\n<figure class=\"wp-block-image size-full\"><img fetchpriority=\"high\" decoding=\"async\" width=\"1000\" height=\"1000\" src=\"https:\/\/www.hyflexpack.com\/wp-content\/uploads\/2025\/12\/Wholesale-Custom-Dog-Food-Stand-Up-Bags-with-Zipper-1.webp\" alt=\"Sacos com fecho de correr para comida de c\u00e3o personalizados por atacado\" class=\"wp-image-8752\" srcset=\"https:\/\/www.hyflexpack.com\/wp-content\/uploads\/2025\/12\/Wholesale-Custom-Dog-Food-Stand-Up-Bags-with-Zipper-1.webp 1000w, https:\/\/www.hyflexpack.com\/wp-content\/uploads\/2025\/12\/Wholesale-Custom-Dog-Food-Stand-Up-Bags-with-Zipper-1-300x300.webp 300w, https:\/\/www.hyflexpack.com\/wp-content\/uploads\/2025\/12\/Wholesale-Custom-Dog-Food-Stand-Up-Bags-with-Zipper-1-150x150.webp 150w, https:\/\/www.hyflexpack.com\/wp-content\/uploads\/2025\/12\/Wholesale-Custom-Dog-Food-Stand-Up-Bags-with-Zipper-1-768x768.webp 768w, https:\/\/www.hyflexpack.com\/wp-content\/uploads\/2025\/12\/Wholesale-Custom-Dog-Food-Stand-Up-Bags-with-Zipper-1-12x12.webp 12w, https:\/\/www.hyflexpack.com\/wp-content\/uploads\/2025\/12\/Wholesale-Custom-Dog-Food-Stand-Up-Bags-with-Zipper-1-285x285.webp 285w, https:\/\/www.hyflexpack.com\/wp-content\/uploads\/2025\/12\/Wholesale-Custom-Dog-Food-Stand-Up-Bags-with-Zipper-1-270x270.webp 270w, https:\/\/www.hyflexpack.com\/wp-content\/uploads\/2025\/12\/Wholesale-Custom-Dog-Food-Stand-Up-Bags-with-Zipper-1-540x540.webp 540w, https:\/\/www.hyflexpack.com\/wp-content\/uploads\/2025\/12\/Wholesale-Custom-Dog-Food-Stand-Up-Bags-with-Zipper-1-660x660.webp 660w\" sizes=\"(max-width: 1000px) 100vw, 1000px\" \/><\/figure>\n<\/div>\n<\/div>","protected":false},"excerpt":{"rendered":"<p>Custom Printed Dog Food Stand-Up Pouches with Logo are made from food grade laminated pouch materials and designed for reliable dog food packaging and pet food packaging. The stand-up pouch structure offers good shelf display, while the laminated layers help protect dog food from moisture and air. Custom logo and artwork printing are available to match different brand needs.Contact us today to get pricing and a custom packaging solution for your pet food brand.\u00a0<\/p>\n<h3>Advantages of Custom Dog Food Stand-Up Bags<\/h3>\n<ul>\n<li><strong>Design personalizado<\/strong>: We provide customized design coffee bag services, offering customized sizes, colors, designs, and printing according to customers\u2019 needs. This ensures the product is unique and highlights the brand image, supporting both OEM and ODM.<\/li>\n<li><strong>Equipa de design profissional<\/strong>: Dispomos de uma equipa experiente de I&amp;D e de design para fornecer aos clientes solu\u00e7\u00f5es de design inovadoras e pr\u00e1ticas.<\/li>\n<li><strong>Resposta r\u00e1pida<\/strong>: Efficient operation, quick response to customer needs, ensuring timely delivery of satisfactory solutions.<\/li>\n<li><strong>Garantia de qualidade<\/strong>: Strictly follow the international quality management standards, high-quality materials, and advanced technology to ensure stable and reliable product quality.<\/li>\n<li><strong>Servi\u00e7o p\u00f3s-venda abrangente<\/strong>: Ouvimos ativamente o feedback dos clientes, melhoramos continuamente os nossos produtos e servi\u00e7os e estabelecemos rela\u00e7\u00f5es de coopera\u00e7\u00e3o est\u00e1veis e a longo prazo.<\/li>\n<\/ul>\n<p><a href=\"https:\/\/www.hyflexpack.com\/pt\/\"><strong>Embalagens Huiyang<\/strong><\/a> is committed to providing customers with high-quality and custom dog food stand-up bags to help customers improve their product image and enhance market competitiveness.<\/p>","protected":false},"featured_media":8752,"comment_status":"closed","ping_status":"closed","template":"","meta":[],"product_brand":[],"product_cat":[56,51],"product_tag":[116],"class_list":{"0":"post-8757","1":"product","2":"type-product","3":"status-publish","4":"has-post-thumbnail","6":"product_cat-custom-pet-food-packaging","7":"product_cat-custom-food-packaging-bags","8":"product_tag-stand-up-pouch-manufacturer","10":"first","11":"instock","12":"shipping-taxable","13":"product-type-simple"},"_links":{"self":[{"href":"https:\/\/www.hyflexpack.com\/pt\/wp-json\/wp\/v2\/product\/8757","targetHints":{"allow":["GET"]}}],"collection":[{"href":"https:\/\/www.hyflexpack.com\/pt\/wp-json\/wp\/v2\/product"}],"about":[{"href":"https:\/\/www.hyflexpack.com\/pt\/wp-json\/wp\/v2\/types\/product"}],"replies":[{"embeddable":true,"href":"https:\/\/www.hyflexpack.com\/pt\/wp-json\/wp\/v2\/comments?post=8757"}],"wp:featuredmedia":[{"embeddable":true,"href":"https:\/\/www.hyflexpack.com\/pt\/wp-json\/wp\/v2\/media\/8752"}],"wp:attachment":[{"href":"https:\/\/www.hyflexpack.com\/pt\/wp-json\/wp\/v2\/media?parent=8757"}],"wp:term":[{"taxonomy":"product_brand","embeddable":true,"href":"https:\/\/www.hyflexpack.com\/pt\/wp-json\/wp\/v2\/product_brand?post=8757"},{"taxonomy":"product_cat","embeddable":true,"href":"https:\/\/www.hyflexpack.com\/pt\/wp-json\/wp\/v2\/product_cat?post=8757"},{"taxonomy":"product_tag","embeddable":true,"href":"https:\/\/www.hyflexpack.com\/pt\/wp-json\/wp\/v2\/product_tag?post=8757"}],"curies":[{"name":"wp","href":"https:\/\/api.w.org\/{rel}","templated":true}]}}