{"id":8756,"date":"2025-12-19T09:15:45","date_gmt":"2025-12-19T09:15:45","guid":{"rendered":"https:\/\/www.hyflexpack.com\/?post_type=product&#038;p=8756"},"modified":"2025-12-31T07:16:18","modified_gmt":"2025-12-31T07:16:18","slug":"custom-printed-dog-food-pouches","status":"publish","type":"product","link":"https:\/\/www.hyflexpack.com\/pt\/product\/custom-printed-dog-food-pouches\/","title":{"rendered":"Bolsas para comida de c\u00e3o com impress\u00e3o personalizada e log\u00f3tipo, fornecedor de bolsas laminadas de qualidade alimentar"},"content":{"rendered":"<div class=\"wp-block-columns is-layout-flex wp-container-core-columns-is-layout-9d6595d7 wp-block-columns-is-layout-flex\">\n<div class=\"wp-block-column is-layout-flow wp-block-column-is-layout-flow\">\n<h2 class=\"wp-block-heading\">Bolsas para alimentos para c\u00e3es com impress\u00e3o personalizada Carater\u00edsticas<\/h2>\n\n\n\n<ul class=\"wp-block-list\">\n<li>Aprenda a conhecer os nossos Stand Up Pouches impressos personalizados para comida de c\u00e3o s\u00e3o feitos de material de bolsa laminado de qualidade alimentar, adequado para comida de c\u00e3o e outras embalagens de comida para animais de estima\u00e7\u00e3o.<\/li>\n\n\n\n<li>Prote\u00e7\u00e3o de barreira fi\u00e1vel<\/li>\n\n\n\n<li>Ajuda a proteger os alimentos para c\u00e3es da humidade e do ar para manter a frescura durante a conserva\u00e7\u00e3o.<\/li>\n\n\n\n<li>Estrutura da bolsa de p\u00e9<\/li>\n\n\n\n<li>O design vertical permite que a bolsa assente bem nas prateleiras e facilita o manuseamento.<\/li>\n\n\n\n<li>Impress\u00e3o personalizada com log\u00f3tipo<\/li>\n\n\n\n<li>Bolsas stand-up para comida de c\u00e3o impressas \u00e0 medida com log\u00f3tipo, arte e cores da marca dispon\u00edveis.<\/li>\n\n\n\n<li>Adequado para diferentes pesos de alimentos para c\u00e3es e necessidades de embalagem de alimentos para animais de estima\u00e7\u00e3o.<\/li>\n\n\n\n<li>O fecho de correr, o entalhe para rasgar e os acabamentos mate ou brilhante podem ser adicionados com base nos requisitos.<\/li>\n<\/ul>\n<\/div>\n\n\n\n<div class=\"wp-block-column is-layout-flow wp-block-column-is-layout-flow\">\n<figure class=\"wp-block-image size-full\"><img fetchpriority=\"high\" decoding=\"async\" width=\"1000\" height=\"1000\" src=\"https:\/\/www.hyflexpack.com\/wp-content\/uploads\/2025\/12\/Custom-Printed-Dog-Food-Stand-Up-Pouche-1.webp\" alt=\"Bolsa de p\u00e9 para alimentos para c\u00e3es com impress\u00e3o personalizada \" class=\"wp-image-8720\" srcset=\"https:\/\/www.hyflexpack.com\/wp-content\/uploads\/2025\/12\/Custom-Printed-Dog-Food-Stand-Up-Pouche-1.webp 1000w, https:\/\/www.hyflexpack.com\/wp-content\/uploads\/2025\/12\/Custom-Printed-Dog-Food-Stand-Up-Pouche-1-300x300.webp 300w, https:\/\/www.hyflexpack.com\/wp-content\/uploads\/2025\/12\/Custom-Printed-Dog-Food-Stand-Up-Pouche-1-150x150.webp 150w, https:\/\/www.hyflexpack.com\/wp-content\/uploads\/2025\/12\/Custom-Printed-Dog-Food-Stand-Up-Pouche-1-768x768.webp 768w, https:\/\/www.hyflexpack.com\/wp-content\/uploads\/2025\/12\/Custom-Printed-Dog-Food-Stand-Up-Pouche-1-12x12.webp 12w, https:\/\/www.hyflexpack.com\/wp-content\/uploads\/2025\/12\/Custom-Printed-Dog-Food-Stand-Up-Pouche-1-285x285.webp 285w, https:\/\/www.hyflexpack.com\/wp-content\/uploads\/2025\/12\/Custom-Printed-Dog-Food-Stand-Up-Pouche-1-270x270.webp 270w, https:\/\/www.hyflexpack.com\/wp-content\/uploads\/2025\/12\/Custom-Printed-Dog-Food-Stand-Up-Pouche-1-540x540.webp 540w, https:\/\/www.hyflexpack.com\/wp-content\/uploads\/2025\/12\/Custom-Printed-Dog-Food-Stand-Up-Pouche-1-660x660.webp 660w\" sizes=\"(max-width: 1000px) 100vw, 1000px\" \/><\/figure>\n<\/div>\n<\/div>\n\n\n\n<p><\/p>","protected":false},"excerpt":{"rendered":"<p>As bolsas stand-up para comida de c\u00e3o com log\u00f3tipo impresso personalizado s\u00e3o feitas de materiais laminados de qualidade alimentar e s\u00e3o seguras para embalar comida de c\u00e3o. O design da stand-up pouch \u00e9 f\u00e1cil de expor e oferece uma prote\u00e7\u00e3o fi\u00e1vel contra a humidade e o oxig\u00e9nio para manter os alimentos frescos. A impress\u00e3o personalizada do log\u00f3tipo e do trabalho art\u00edstico est\u00e1 dispon\u00edvel para corresponder \u00e0s necessidades da sua marca.\u00a0<\/p>\n<h3>Vantagens do fornecedor de bolsas impressas personalizadas para alimentos para c\u00e3es<\/h3>\n<ul>\n<li><strong>Design personalizado<\/strong>: Fornecemos material personalizado, tamanho e personaliza\u00e7\u00e3o do padr\u00e3o de impress\u00e3o para satisfazer as necessidades dos clientes, e apoiamos OEM e ODM.<\/li>\n<li><strong>Fabrico<\/strong>: Com equipamento e tecnologia avan\u00e7ados, podemos completar a produ\u00e7\u00e3o de encomendas com alta efici\u00eancia e alta qualidade, e entregar a tempo.<\/li>\n<li><strong>Inspe\u00e7\u00e3o da qualidade<\/strong>: Seguir rigorosamente as normas de qualidade e os requisitos de seguran\u00e7a alimentar para garantir que os produtos cumprem as normas.<\/li>\n<li><strong>Equipa de apoio t\u00e9cnico<\/strong>: A nossa equipa tem uma vasta experi\u00eancia na ind\u00fastria e conhecimentos profissionais, e pode fornecer apoio t\u00e9cnico e servi\u00e7o de consultoria 24 horas por dia aos nossos clientes.<\/li>\n<li><strong>Certifica\u00e7\u00e3o\uff1a<\/strong>\u00a0FDA\/BRC\/ISO 9001\/RoHS<\/li>\n<li><strong>Amostra gr\u00e1tis<\/strong>: Fornecer servi\u00e7o de amostra gr\u00e1tis para avaliar os produtos.<\/li>\n<\/ul>\n<p><a href=\"https:\/\/www.hyflexpack.com\/pt\/\"><strong>Embalagens Huiyang<\/strong><\/a> est\u00e1 empenhada em fornecer aos clientes bolsas de alimentos para c\u00e3es personalizadas e de alta qualidade, para os ajudar a melhorar a imagem dos seus produtos e a aumentar a competitividade no mercado.<\/p>","protected":false},"featured_media":8720,"comment_status":"closed","ping_status":"closed","template":"","meta":[],"product_brand":[],"product_cat":[56],"product_tag":[116],"class_list":{"0":"post-8756","1":"product","2":"type-product","3":"status-publish","4":"has-post-thumbnail","6":"product_cat-custom-pet-food-packaging","7":"product_tag-stand-up-pouch-manufacturer","9":"first","10":"instock","11":"shipping-taxable","12":"product-type-simple"},"_links":{"self":[{"href":"https:\/\/www.hyflexpack.com\/pt\/wp-json\/wp\/v2\/product\/8756","targetHints":{"allow":["GET"]}}],"collection":[{"href":"https:\/\/www.hyflexpack.com\/pt\/wp-json\/wp\/v2\/product"}],"about":[{"href":"https:\/\/www.hyflexpack.com\/pt\/wp-json\/wp\/v2\/types\/product"}],"replies":[{"embeddable":true,"href":"https:\/\/www.hyflexpack.com\/pt\/wp-json\/wp\/v2\/comments?post=8756"}],"wp:featuredmedia":[{"embeddable":true,"href":"https:\/\/www.hyflexpack.com\/pt\/wp-json\/wp\/v2\/media\/8720"}],"wp:attachment":[{"href":"https:\/\/www.hyflexpack.com\/pt\/wp-json\/wp\/v2\/media?parent=8756"}],"wp:term":[{"taxonomy":"product_brand","embeddable":true,"href":"https:\/\/www.hyflexpack.com\/pt\/wp-json\/wp\/v2\/product_brand?post=8756"},{"taxonomy":"product_cat","embeddable":true,"href":"https:\/\/www.hyflexpack.com\/pt\/wp-json\/wp\/v2\/product_cat?post=8756"},{"taxonomy":"product_tag","embeddable":true,"href":"https:\/\/www.hyflexpack.com\/pt\/wp-json\/wp\/v2\/product_tag?post=8756"}],"curies":[{"name":"wp","href":"https:\/\/api.w.org\/{rel}","templated":true}]}}