{"id":7647,"date":"2025-08-29T08:14:00","date_gmt":"2025-08-29T08:14:00","guid":{"rendered":"https:\/\/www.hyflexpack.com\/?post_type=product&#038;p=7647"},"modified":"2026-01-03T09:57:22","modified_gmt":"2026-01-03T09:57:22","slug":"wholesale-juice-pouches-factory-supply","status":"publish","type":"product","link":"https:\/\/www.hyflexpack.com\/pt\/product\/wholesale-juice-pouches-factory-supply\/","title":{"rendered":"Saco de suco por atacado Fornecimento de f\u00e1brica Saco de bico Embalagem Folha laminada para ind\u00fastria de bebidas"},"content":{"rendered":"<div class=\"wp-block-columns is-layout-flex wp-container-core-columns-is-layout-9d6595d7 wp-block-columns-is-layout-flex\">\n<div class=\"wp-block-column is-layout-flow wp-block-column-is-layout-flow\">\n<h2 class=\"wp-block-heading\">Bolsas de sumo por atacado Carater\u00edsticas:<\/h2>\n\n\n\n<p><\/p>\n\n\n\n<ul class=\"wp-block-list\">\n<li><strong>Vantagem do fornecimento direto da f\u00e1brica: <\/strong>Permite a compra a granel, beneficiando os fabricantes e distribuidores de sumos atrav\u00e9s da redu\u00e7\u00e3o efectiva dos custos e do aumento da efic\u00e1cia das aquisi\u00e7\u00f5es.<\/li>\n\n\n\n<li><strong>Constru\u00e7\u00e3o em folha de alum\u00ednio de alta resist\u00eancia<\/strong>: A constru\u00e7\u00e3o em folha de alum\u00ednio laminado evita eficazmente as fugas, afasta os raios UV e o oxig\u00e9nio, garantindo a frescura das bebidas e melhorando o prazo de validade.<\/li>\n\n\n\n<li><strong>Op\u00e7\u00f5es de personaliza\u00e7\u00e3o multifacetadas<\/strong>: Ajustes personalizados ao tamanho da bolsa, forma, coloca\u00e7\u00e3o do bico e gr\u00e1ficos de impress\u00e3o para acomodar v\u00e1rias necessidades de embalagem de produtos de sumo.<\/li>\n\n\n\n<li><strong>Constru\u00e7\u00e3o resistente e port\u00e1til:<\/strong> Constru\u00e7\u00e3o dur\u00e1vel mas leve, ideal para bebidas prontas a beber e conveni\u00eancia em viagem.<\/li>\n\n\n\n<li><strong>Confian\u00e7a no com\u00e9rcio grossista e valor da marca:<\/strong> Confi\u00e1vel para grossistas e transformadores de bebidas como a escolha preferida a longo prazo para o fornecimento garantido de bolsas de sumo por atacado.<\/li>\n\n\n\n<li><strong>Estabilidade do fundo plano<\/strong>: O design de fundo plano evita a queda, melhora a beleza da prateleira e facilita o empilhamento e o transporte.<\/li>\n\n\n\n<li><strong>Economia de custos ecol\u00f3gica<\/strong>: A escolha de materiais amigos do ambiente permite solu\u00e7\u00f5es de embalagem rent\u00e1veis, permitindo aos clientes alcan\u00e7ar uma gest\u00e3o ambiental e rent\u00e1vel.<\/li>\n\n\n\n<li><strong>Garantia do fabricante<\/strong>: Produzido por um produtor experiente de embalagens de sacos de bico, com consist\u00eancia de qualidade assegurada de acordo com as normas de exporta\u00e7\u00e3o mundiais.<\/li>\n<\/ul>\n<\/div>\n\n\n\n<div class=\"wp-block-column is-layout-flow wp-block-column-is-layout-flow\">\n<figure class=\"wp-block-image size-full\"><img fetchpriority=\"high\" decoding=\"async\" width=\"750\" height=\"750\" src=\"https:\/\/www.hyflexpack.com\/wp-content\/uploads\/2025\/09\/Wholesale-Juice-Pouches-Factory-2.webp\" alt=\"F\u00e1brica de sacos de sumo por atacado (2)\" class=\"wp-image-7666\" srcset=\"https:\/\/www.hyflexpack.com\/wp-content\/uploads\/2025\/09\/Wholesale-Juice-Pouches-Factory-2.webp 750w, https:\/\/www.hyflexpack.com\/wp-content\/uploads\/2025\/09\/Wholesale-Juice-Pouches-Factory-2-300x300.webp 300w, https:\/\/www.hyflexpack.com\/wp-content\/uploads\/2025\/09\/Wholesale-Juice-Pouches-Factory-2-150x150.webp 150w, https:\/\/www.hyflexpack.com\/wp-content\/uploads\/2025\/09\/Wholesale-Juice-Pouches-Factory-2-12x12.webp 12w, https:\/\/www.hyflexpack.com\/wp-content\/uploads\/2025\/09\/Wholesale-Juice-Pouches-Factory-2-285x285.webp 285w, https:\/\/www.hyflexpack.com\/wp-content\/uploads\/2025\/09\/Wholesale-Juice-Pouches-Factory-2-270x270.webp 270w, https:\/\/www.hyflexpack.com\/wp-content\/uploads\/2025\/09\/Wholesale-Juice-Pouches-Factory-2-540x540.webp 540w, https:\/\/www.hyflexpack.com\/wp-content\/uploads\/2025\/09\/Wholesale-Juice-Pouches-Factory-2-660x660.webp 660w\" sizes=\"(max-width: 750px) 100vw, 750px\" \/><\/figure>\n<\/div>\n<\/div>\n\n\n\n<div class=\"wp-block-columns is-layout-flex wp-container-core-columns-is-layout-9d6595d7 wp-block-columns-is-layout-flex\">\n<div class=\"wp-block-column is-layout-flow wp-block-column-is-layout-flow\">\n<figure class=\"wp-block-image size-full\"><img decoding=\"async\" width=\"750\" height=\"750\" src=\"https:\/\/www.hyflexpack.com\/wp-content\/uploads\/2025\/09\/Wholesale-Juice-Pouches-Factory-4.webp\" alt=\"F\u00e1brica de sacos de sumo por atacado (4)\" class=\"wp-image-7668\" srcset=\"https:\/\/www.hyflexpack.com\/wp-content\/uploads\/2025\/09\/Wholesale-Juice-Pouches-Factory-4.webp 750w, https:\/\/www.hyflexpack.com\/wp-content\/uploads\/2025\/09\/Wholesale-Juice-Pouches-Factory-4-300x300.webp 300w, https:\/\/www.hyflexpack.com\/wp-content\/uploads\/2025\/09\/Wholesale-Juice-Pouches-Factory-4-150x150.webp 150w, https:\/\/www.hyflexpack.com\/wp-content\/uploads\/2025\/09\/Wholesale-Juice-Pouches-Factory-4-12x12.webp 12w, https:\/\/www.hyflexpack.com\/wp-content\/uploads\/2025\/09\/Wholesale-Juice-Pouches-Factory-4-285x285.webp 285w, https:\/\/www.hyflexpack.com\/wp-content\/uploads\/2025\/09\/Wholesale-Juice-Pouches-Factory-4-270x270.webp 270w, https:\/\/www.hyflexpack.com\/wp-content\/uploads\/2025\/09\/Wholesale-Juice-Pouches-Factory-4-540x540.webp 540w, https:\/\/www.hyflexpack.com\/wp-content\/uploads\/2025\/09\/Wholesale-Juice-Pouches-Factory-4-660x660.webp 660w\" sizes=\"(max-width: 750px) 100vw, 750px\" \/><\/figure>\n<\/div>\n\n\n\n<div class=\"wp-block-column is-layout-flow wp-block-column-is-layout-flow\">\n<figure class=\"wp-block-image size-full\"><img decoding=\"async\" width=\"750\" height=\"750\" src=\"https:\/\/www.hyflexpack.com\/wp-content\/uploads\/2025\/09\/Wholesale-Juice-Pouches-Factory-Supply-Spout-Bag-1.webp\" alt=\"Sacos de sumo por atacado Fornecimento da f\u00e1brica Saco com bico (1)\" class=\"wp-image-7669\" srcset=\"https:\/\/www.hyflexpack.com\/wp-content\/uploads\/2025\/09\/Wholesale-Juice-Pouches-Factory-Supply-Spout-Bag-1.webp 750w, https:\/\/www.hyflexpack.com\/wp-content\/uploads\/2025\/09\/Wholesale-Juice-Pouches-Factory-Supply-Spout-Bag-1-300x300.webp 300w, https:\/\/www.hyflexpack.com\/wp-content\/uploads\/2025\/09\/Wholesale-Juice-Pouches-Factory-Supply-Spout-Bag-1-150x150.webp 150w, https:\/\/www.hyflexpack.com\/wp-content\/uploads\/2025\/09\/Wholesale-Juice-Pouches-Factory-Supply-Spout-Bag-1-12x12.webp 12w, https:\/\/www.hyflexpack.com\/wp-content\/uploads\/2025\/09\/Wholesale-Juice-Pouches-Factory-Supply-Spout-Bag-1-285x285.webp 285w, https:\/\/www.hyflexpack.com\/wp-content\/uploads\/2025\/09\/Wholesale-Juice-Pouches-Factory-Supply-Spout-Bag-1-270x270.webp 270w, https:\/\/www.hyflexpack.com\/wp-content\/uploads\/2025\/09\/Wholesale-Juice-Pouches-Factory-Supply-Spout-Bag-1-540x540.webp 540w, https:\/\/www.hyflexpack.com\/wp-content\/uploads\/2025\/09\/Wholesale-Juice-Pouches-Factory-Supply-Spout-Bag-1-660x660.webp 660w\" sizes=\"(max-width: 750px) 100vw, 750px\" \/><\/figure>\n<\/div>\n<\/div>\n\n\n\n<p><\/p>","protected":false},"excerpt":{"rendered":"<p>Bolsas de sumo por atacado de folha de alum\u00ednio laminado fi\u00e1veis e diretas da f\u00e1brica, concebidas para a ind\u00fastria das bebidas. Forte, personaliz\u00e1vel e ecol\u00f3gico, fornecido por um fabricante confi\u00e1vel de embalagens de saco de bico com op\u00e7\u00f5es de pedido em massa. Contacte-nos hoje.<\/p>\n<h3>Vantagens da f\u00e1brica de sacos de sumo<\/h3>\n<ul>\n<li><strong>Design personalizado<\/strong>: Oferecemos servi\u00e7os de bolsa de sumo de design personalizado, incluindo material, tamanho e personaliza\u00e7\u00e3o do padr\u00e3o de impress\u00e3o para atender \u00e0s necessidades dos clientes, suportando OEM e ODM.<\/li>\n<li><strong>Entrega r\u00e1pida<\/strong>: Um processo de produ\u00e7\u00e3o eficiente e um sistema de gest\u00e3o da cadeia de abastecimento podem responder rapidamente \u00e0s encomendas dos clientes e garantir uma entrega atempada.<\/li>\n<li><strong>Inspe\u00e7\u00e3o da qualidade<\/strong>: Seguir rigorosamente as normas de qualidade e os requisitos de seguran\u00e7a alimentar para garantir que os produtos cumprem as normas.<\/li>\n<li><strong>Equipa de apoio t\u00e9cnico<\/strong>: A nossa equipa tem uma vasta experi\u00eancia na ind\u00fastria e conhecimentos profissionais, e pode fornecer apoio t\u00e9cnico e servi\u00e7os de consultoria 24 horas por dia aos clientes.<\/li>\n<li><strong>Amostra gr\u00e1tis<\/strong>: Fornecer um servi\u00e7o de amostra gr\u00e1tis para que possa avaliar os produtos.<\/li>\n<li><strong class=\"skrollable skrollable-between\" data-start=\"760\" data-end=\"772\">Baixo MOQ:<\/strong>\u00a0Apoiamos quantidades m\u00ednimas de encomenda reduzidas, ajudando os clientes a iniciarem os seus projectos de forma flex\u00edvel e a reduzirem a press\u00e3o do invent\u00e1rio.<\/li>\n<li><strong class=\"skrollable skrollable-between\" data-start=\"895\" data-end=\"917\">Pre\u00e7o competitivo:<\/strong>\u00a0Com uma capacidade de produ\u00e7\u00e3o em grande escala e uma gest\u00e3o eficiente em termos de custos, oferecemos pre\u00e7os competitivos sem comprometer a qualidade do produto.<\/li>\n<\/ul>\n<p><a href=\"https:\/\/www.hyflexpack.com\/pt\/\"><strong>Embalagens Huiyang<\/strong><\/a> est\u00e1 empenhada em fornecer aos clientes sacos de sumo por grosso de alta qualidade, para os ajudar a melhorar a imagem dos seus produtos e a aumentar a competitividade no mercado.<\/p>","protected":false},"featured_media":7666,"comment_status":"open","ping_status":"closed","template":"","meta":[],"product_brand":[],"product_cat":[103],"product_tag":[115],"class_list":{"0":"post-7647","1":"product","2":"type-product","3":"status-publish","4":"has-post-thumbnail","6":"product_cat-beverage-packaging-bags-supplier","7":"product_tag-spout-pouch-manufacturer","9":"first","10":"instock","11":"shipping-taxable","12":"product-type-simple"},"_links":{"self":[{"href":"https:\/\/www.hyflexpack.com\/pt\/wp-json\/wp\/v2\/product\/7647","targetHints":{"allow":["GET"]}}],"collection":[{"href":"https:\/\/www.hyflexpack.com\/pt\/wp-json\/wp\/v2\/product"}],"about":[{"href":"https:\/\/www.hyflexpack.com\/pt\/wp-json\/wp\/v2\/types\/product"}],"replies":[{"embeddable":true,"href":"https:\/\/www.hyflexpack.com\/pt\/wp-json\/wp\/v2\/comments?post=7647"}],"wp:featuredmedia":[{"embeddable":true,"href":"https:\/\/www.hyflexpack.com\/pt\/wp-json\/wp\/v2\/media\/7666"}],"wp:attachment":[{"href":"https:\/\/www.hyflexpack.com\/pt\/wp-json\/wp\/v2\/media?parent=7647"}],"wp:term":[{"taxonomy":"product_brand","embeddable":true,"href":"https:\/\/www.hyflexpack.com\/pt\/wp-json\/wp\/v2\/product_brand?post=7647"},{"taxonomy":"product_cat","embeddable":true,"href":"https:\/\/www.hyflexpack.com\/pt\/wp-json\/wp\/v2\/product_cat?post=7647"},{"taxonomy":"product_tag","embeddable":true,"href":"https:\/\/www.hyflexpack.com\/pt\/wp-json\/wp\/v2\/product_tag?post=7647"}],"curies":[{"name":"wp","href":"https:\/\/api.w.org\/{rel}","templated":true}]}}