{"id":7646,"date":"2025-08-29T02:52:47","date_gmt":"2025-08-29T02:52:47","guid":{"rendered":"https:\/\/www.hyflexpack.com\/?post_type=product&#038;p=7646"},"modified":"2026-01-03T09:57:41","modified_gmt":"2026-01-03T09:57:41","slug":"oem-juice-pouches-wholesale","status":"publish","type":"product","link":"https:\/\/www.hyflexpack.com\/pt\/product\/oem-juice-pouches-wholesale\/","title":{"rendered":"Bolsas de suco OEM por atacado, sacos de folha de alum\u00ednio com bico de fundo plano personalizado"},"content":{"rendered":"<div class=\"wp-block-columns is-layout-flex wp-container-core-columns-is-layout-9d6595d7 wp-block-columns-is-layout-flex\">\n<div class=\"wp-block-column is-layout-flow wp-block-column-is-layout-flow\">\n<h2 class=\"wp-block-heading\">Bolsas de Sumo de Alta Qualidade Carater\u00edsticas por atacado:<\/h2>\n\n\n\n<ul class=\"wp-block-list\">\n<li><strong>Design de bico de p\u00e9<\/strong>: Adequado para voltar a selar e verter, ideal para embalagens de bebidas de grande capacidade para aumentar a comodidade do utilizador.<\/li>\n\n\n\n<li><strong>Impress\u00e3o personalizada da marca<\/strong>: Adequado para log\u00f3tipos de marcas, desenhos personalizados pr\u00f3prios e exposi\u00e7\u00e3o de embalagens comerciais para aumentar a atra\u00e7\u00e3o nas prateleiras.<\/li>\n\n\n\n<li><strong>Material da bolsa composto por folha de alum\u00ednio:<\/strong> Mant\u00e9m adequadamente a frescura, o sabor e o aroma do sumo, ao mesmo tempo que oferece resist\u00eancia \u00e0 humidade, \u00e0 luz e \u00e0 oxida\u00e7\u00e3o.<\/li>\n\n\n\n<li><strong>Dur\u00e1vel e flex\u00edvel:<\/strong> Material resistente adequado para produ\u00e7\u00e3o em massa, embalagem para exporta\u00e7\u00e3o e transporte de longa dist\u00e2ncia.<\/li>\n\n\n\n<li><strong>Adequado para grossistas e marcas<\/strong>: Especificamente desenvolvido para empresas de sumos de marca pr\u00f3pria, f\u00e1bricas de bebidas e grossistas de sacos de sumo para satisfazer as necessidades de compras a granel.<\/li>\n\n\n\n<li><strong>Design de estabilidade de fundo plano<\/strong>: O fundo plano evita a inclina\u00e7\u00e3o, o que facilita a exposi\u00e7\u00e3o e o armazenamento empilhado.<\/li>\n\n\n\n<li><strong>Verde e econ\u00f3mico<\/strong>: A solu\u00e7\u00e3o de embalagem recicl\u00e1vel e ecol\u00f3gica permite reduzir os custos e respeitar as normas ambientais.<\/li>\n\n\n\n<li><strong>Garantia garantida do fornecedor<\/strong>: Produzido por uma f\u00e1brica profissional de sacos com bico de fundo plano na China, garante alta qualidade e uniformidade para aplica\u00e7\u00f5es comerciais.<\/li>\n<\/ul>\n<\/div>\n\n\n\n<div class=\"wp-block-column is-layout-flow wp-block-column-is-layout-flow\">\n<figure class=\"wp-block-image size-full\"><img fetchpriority=\"high\" decoding=\"async\" width=\"750\" height=\"750\" src=\"https:\/\/www.hyflexpack.com\/wp-content\/uploads\/2025\/09\/Juice-Pouches-Wholesale-Manufacturer-3.webp\" alt=\"Sacos de sumo Fabricante por atacado (3)\" class=\"wp-image-7660\" srcset=\"https:\/\/www.hyflexpack.com\/wp-content\/uploads\/2025\/09\/Juice-Pouches-Wholesale-Manufacturer-3.webp 750w, https:\/\/www.hyflexpack.com\/wp-content\/uploads\/2025\/09\/Juice-Pouches-Wholesale-Manufacturer-3-300x300.webp 300w, https:\/\/www.hyflexpack.com\/wp-content\/uploads\/2025\/09\/Juice-Pouches-Wholesale-Manufacturer-3-150x150.webp 150w, https:\/\/www.hyflexpack.com\/wp-content\/uploads\/2025\/09\/Juice-Pouches-Wholesale-Manufacturer-3-12x12.webp 12w, https:\/\/www.hyflexpack.com\/wp-content\/uploads\/2025\/09\/Juice-Pouches-Wholesale-Manufacturer-3-285x285.webp 285w, https:\/\/www.hyflexpack.com\/wp-content\/uploads\/2025\/09\/Juice-Pouches-Wholesale-Manufacturer-3-270x270.webp 270w, https:\/\/www.hyflexpack.com\/wp-content\/uploads\/2025\/09\/Juice-Pouches-Wholesale-Manufacturer-3-540x540.webp 540w, https:\/\/www.hyflexpack.com\/wp-content\/uploads\/2025\/09\/Juice-Pouches-Wholesale-Manufacturer-3-660x660.webp 660w\" sizes=\"(max-width: 750px) 100vw, 750px\" \/><\/figure>\n<\/div>\n<\/div>\n\n\n\n<div class=\"wp-block-columns is-layout-flex wp-container-core-columns-is-layout-9d6595d7 wp-block-columns-is-layout-flex\">\n<div class=\"wp-block-column is-layout-flow wp-block-column-is-layout-flow\">\n<figure class=\"wp-block-image size-full\"><img decoding=\"async\" width=\"750\" height=\"750\" src=\"https:\/\/www.hyflexpack.com\/wp-content\/uploads\/2025\/09\/Juice-Pouches-Wholesale-Manufacturer-2.webp\" alt=\"Sacos de sumo Fabricante por atacado (2)\" class=\"wp-image-7659\" srcset=\"https:\/\/www.hyflexpack.com\/wp-content\/uploads\/2025\/09\/Juice-Pouches-Wholesale-Manufacturer-2.webp 750w, https:\/\/www.hyflexpack.com\/wp-content\/uploads\/2025\/09\/Juice-Pouches-Wholesale-Manufacturer-2-300x300.webp 300w, https:\/\/www.hyflexpack.com\/wp-content\/uploads\/2025\/09\/Juice-Pouches-Wholesale-Manufacturer-2-150x150.webp 150w, https:\/\/www.hyflexpack.com\/wp-content\/uploads\/2025\/09\/Juice-Pouches-Wholesale-Manufacturer-2-12x12.webp 12w, https:\/\/www.hyflexpack.com\/wp-content\/uploads\/2025\/09\/Juice-Pouches-Wholesale-Manufacturer-2-285x285.webp 285w, https:\/\/www.hyflexpack.com\/wp-content\/uploads\/2025\/09\/Juice-Pouches-Wholesale-Manufacturer-2-270x270.webp 270w, https:\/\/www.hyflexpack.com\/wp-content\/uploads\/2025\/09\/Juice-Pouches-Wholesale-Manufacturer-2-540x540.webp 540w, https:\/\/www.hyflexpack.com\/wp-content\/uploads\/2025\/09\/Juice-Pouches-Wholesale-Manufacturer-2-660x660.webp 660w\" sizes=\"(max-width: 750px) 100vw, 750px\" \/><\/figure>\n<\/div>\n\n\n\n<div class=\"wp-block-column is-layout-flow wp-block-column-is-layout-flow\">\n<figure class=\"wp-block-image size-full\"><img decoding=\"async\" width=\"750\" height=\"750\" src=\"https:\/\/www.hyflexpack.com\/wp-content\/uploads\/2025\/09\/Juice-Pouches-Wholesale-Manufacturer-1.webp\" alt=\"Sacos de sumo Fabricante por atacado (1)\" class=\"wp-image-7658\" srcset=\"https:\/\/www.hyflexpack.com\/wp-content\/uploads\/2025\/09\/Juice-Pouches-Wholesale-Manufacturer-1.webp 750w, https:\/\/www.hyflexpack.com\/wp-content\/uploads\/2025\/09\/Juice-Pouches-Wholesale-Manufacturer-1-300x300.webp 300w, https:\/\/www.hyflexpack.com\/wp-content\/uploads\/2025\/09\/Juice-Pouches-Wholesale-Manufacturer-1-150x150.webp 150w, https:\/\/www.hyflexpack.com\/wp-content\/uploads\/2025\/09\/Juice-Pouches-Wholesale-Manufacturer-1-12x12.webp 12w, https:\/\/www.hyflexpack.com\/wp-content\/uploads\/2025\/09\/Juice-Pouches-Wholesale-Manufacturer-1-285x285.webp 285w, https:\/\/www.hyflexpack.com\/wp-content\/uploads\/2025\/09\/Juice-Pouches-Wholesale-Manufacturer-1-270x270.webp 270w, https:\/\/www.hyflexpack.com\/wp-content\/uploads\/2025\/09\/Juice-Pouches-Wholesale-Manufacturer-1-540x540.webp 540w, https:\/\/www.hyflexpack.com\/wp-content\/uploads\/2025\/09\/Juice-Pouches-Wholesale-Manufacturer-1-660x660.webp 660w\" sizes=\"(max-width: 750px) 100vw, 750px\" \/><\/figure>\n<\/div>\n<\/div>","protected":false},"excerpt":{"rendered":"<p>Bolsas de sumo a granel de qualidade superior por atacado com impress\u00e3o personalizada. As bolsas com bico em folha de alum\u00ednio oferecem uma vida \u00fatil prolongada e uma prote\u00e7\u00e3o superior das bebidas. Solu\u00e7\u00f5es de embalagem ecol\u00f3gicas e de alta qualidade num s\u00f3 local. Contacte-nos para obter um or\u00e7amento.<\/p>\n<h3>Vantagens do grossista de sacos de sumo<\/h3>\n<ul>\n<li><strong>Design personalizado<\/strong>: Fornecemos um servi\u00e7o de bolsas de sumo de design personalizado, incluindo material, tamanho e personaliza\u00e7\u00e3o do padr\u00e3o de impress\u00e3o para satisfazer as necessidades dos clientes, apoiando OEM e ODM.<\/li>\n<li><strong>Entrega r\u00e1pida<\/strong>: Um processo de produ\u00e7\u00e3o eficiente e um sistema de gest\u00e3o da cadeia de abastecimento podem responder rapidamente \u00e0s encomendas dos clientes e garantir uma entrega atempada.<\/li>\n<li><strong>Inspe\u00e7\u00e3o da qualidade<\/strong>: Seguir rigorosamente as normas de qualidade e os requisitos de seguran\u00e7a alimentar para garantir que os produtos cumprem as normas.<\/li>\n<li><strong>Equipa de apoio t\u00e9cnico<\/strong>: A nossa equipa tem uma vasta experi\u00eancia na ind\u00fastria e conhecimentos profissionais, e pode fornecer apoio t\u00e9cnico e servi\u00e7os de consultoria 24 horas por dia aos clientes.<\/li>\n<li><strong>Amostra gr\u00e1tis<\/strong>: Fornecer um servi\u00e7o de amostra gr\u00e1tis para que possa avaliar os produtos.<\/li>\n<li><strong class=\"skrollable skrollable-between\" data-start=\"760\" data-end=\"772\">Baixo MOQ:<\/strong>\u00a0Apoiamos quantidades m\u00ednimas de encomenda reduzidas, ajudando os clientes a iniciarem os seus projectos de forma flex\u00edvel e a reduzirem a press\u00e3o do invent\u00e1rio.<\/li>\n<li><strong class=\"skrollable skrollable-between\" data-start=\"895\" data-end=\"917\">Pre\u00e7o competitivo:<\/strong>\u00a0Com uma capacidade de produ\u00e7\u00e3o em grande escala e uma gest\u00e3o eficiente em termos de custos, oferecemos pre\u00e7os competitivos sem comprometer a qualidade do produto.<\/li>\n<\/ul>\n<p><a href=\"https:\/\/www.hyflexpack.com\/pt\/\"><strong>Embalagens Huiyang<\/strong><\/a> est\u00e1 empenhada em fornecer aos clientes sacos de sumo personalizados e de alta qualidade para os ajudar a melhorar a imagem dos seus produtos e a aumentar a competitividade no mercado.<\/p>","protected":false},"featured_media":7660,"comment_status":"open","ping_status":"closed","template":"","meta":[],"product_brand":[],"product_cat":[103],"product_tag":[115],"class_list":{"0":"post-7646","1":"product","2":"type-product","3":"status-publish","4":"has-post-thumbnail","6":"product_cat-beverage-packaging-bags-supplier","7":"product_tag-spout-pouch-manufacturer","9":"first","10":"instock","11":"shipping-taxable","12":"product-type-simple"},"_links":{"self":[{"href":"https:\/\/www.hyflexpack.com\/pt\/wp-json\/wp\/v2\/product\/7646","targetHints":{"allow":["GET"]}}],"collection":[{"href":"https:\/\/www.hyflexpack.com\/pt\/wp-json\/wp\/v2\/product"}],"about":[{"href":"https:\/\/www.hyflexpack.com\/pt\/wp-json\/wp\/v2\/types\/product"}],"replies":[{"embeddable":true,"href":"https:\/\/www.hyflexpack.com\/pt\/wp-json\/wp\/v2\/comments?post=7646"}],"wp:featuredmedia":[{"embeddable":true,"href":"https:\/\/www.hyflexpack.com\/pt\/wp-json\/wp\/v2\/media\/7660"}],"wp:attachment":[{"href":"https:\/\/www.hyflexpack.com\/pt\/wp-json\/wp\/v2\/media?parent=7646"}],"wp:term":[{"taxonomy":"product_brand","embeddable":true,"href":"https:\/\/www.hyflexpack.com\/pt\/wp-json\/wp\/v2\/product_brand?post=7646"},{"taxonomy":"product_cat","embeddable":true,"href":"https:\/\/www.hyflexpack.com\/pt\/wp-json\/wp\/v2\/product_cat?post=7646"},{"taxonomy":"product_tag","embeddable":true,"href":"https:\/\/www.hyflexpack.com\/pt\/wp-json\/wp\/v2\/product_tag?post=7646"}],"curies":[{"name":"wp","href":"https:\/\/api.w.org\/{rel}","templated":true}]}}