{"id":7645,"date":"2025-08-29T02:00:54","date_gmt":"2025-08-29T02:00:54","guid":{"rendered":"https:\/\/www.hyflexpack.com\/?post_type=product&#038;p=7645"},"modified":"2026-01-03T09:58:04","modified_gmt":"2026-01-03T09:58:04","slug":"custom-juice-spout-pouch-wholesaler","status":"publish","type":"product","link":"https:\/\/www.hyflexpack.com\/pt\/product\/custom-juice-spout-pouch-wholesaler\/","title":{"rendered":"Saco de embalagem de folha de alum\u00ednio com design \u00e0 prova de fugas, Saco de embalagem de bico de sumo personalizado"},"content":{"rendered":"<div class=\"wp-block-columns is-layout-flex wp-container-core-columns-is-layout-9d6595d7 wp-block-columns-is-layout-flex\">\n<div class=\"wp-block-column is-layout-flow wp-block-column-is-layout-flow\">\n<h2 class=\"wp-block-heading\">Bolsa de bico de sumo por atacado Carater\u00edsticas:<\/h2>\n\n\n\n<ul class=\"wp-block-list\">\n<li><strong>Design de bolsa com bico para sumos personalizada<\/strong>: O design melhorado do bico facilita o consumo e o despejo, adequado para sumo de manga, batidos, bebidas energ\u00e9ticas e v\u00e1rias bebidas l\u00edquidas.<\/li>\n\n\n\n<li><strong>Desempenho de alta barreira das embalagens de folha de alum\u00ednio<\/strong>: Os nossos sacos com bico de sumo possuem uma estrutura composta de folha de alum\u00ednio que bloqueia eficazmente a luz, a humidade e o oxig\u00e9nio, prolongando o prazo de validade das bebidas.<\/li>\n\n\n\n<li><strong>\u00c0 prova de fugas e dur\u00e1vel:<\/strong>  A tecnologia de selagem fi\u00e1vel e a constru\u00e7\u00e3o refor\u00e7ada da bolsa asseguram um transporte seguro, em que os grossistas de bolsas com bico para sumos confiam.<\/li>\n\n\n\n<li><strong>Personaliza\u00e7\u00e3o flex\u00edvel<\/strong>: Escolha entre v\u00e1rias especifica\u00e7\u00f5es, tipos de bico e designs de impress\u00e3o. Suporta a personaliza\u00e7\u00e3o do log\u00f3tipo da marca, OEM e ODM.<\/li>\n\n\n\n<li><strong>Amigo do ambiente e rent\u00e1vel<\/strong>: A Huiyang Packaging oferece solu\u00e7\u00f5es sustent\u00e1veis e econ\u00f3micas, ajudando os fabricantes de sumos a reduzir os custos e a cumprir as normas ambientais.<\/li>\n\n\n\n<li><strong>Ideal para embalagens de sumos de grande volume:<\/strong> Adequado para marcas e distribuidores de bebidas, satisfazendo as exig\u00eancias de embalagem para a produ\u00e7\u00e3o \u00e0 escala comercial.<\/li>\n<\/ul>\n<\/div>\n\n\n\n<div class=\"wp-block-column is-layout-flow wp-block-column-is-layout-flow\">\n<figure class=\"wp-block-image size-full\"><img fetchpriority=\"high\" decoding=\"async\" width=\"750\" height=\"750\" src=\"https:\/\/www.hyflexpack.com\/wp-content\/uploads\/2025\/08\/Custom-Wholesale-Juice-Spout-Pouches-5.webp\" alt=\"Bolsas com bico para sumos personalizadas por grosso\" class=\"wp-image-7639\" srcset=\"https:\/\/www.hyflexpack.com\/wp-content\/uploads\/2025\/08\/Custom-Wholesale-Juice-Spout-Pouches-5.webp 750w, https:\/\/www.hyflexpack.com\/wp-content\/uploads\/2025\/08\/Custom-Wholesale-Juice-Spout-Pouches-5-300x300.webp 300w, https:\/\/www.hyflexpack.com\/wp-content\/uploads\/2025\/08\/Custom-Wholesale-Juice-Spout-Pouches-5-150x150.webp 150w, https:\/\/www.hyflexpack.com\/wp-content\/uploads\/2025\/08\/Custom-Wholesale-Juice-Spout-Pouches-5-12x12.webp 12w, https:\/\/www.hyflexpack.com\/wp-content\/uploads\/2025\/08\/Custom-Wholesale-Juice-Spout-Pouches-5-285x285.webp 285w, https:\/\/www.hyflexpack.com\/wp-content\/uploads\/2025\/08\/Custom-Wholesale-Juice-Spout-Pouches-5-270x270.webp 270w, https:\/\/www.hyflexpack.com\/wp-content\/uploads\/2025\/08\/Custom-Wholesale-Juice-Spout-Pouches-5-540x540.webp 540w, https:\/\/www.hyflexpack.com\/wp-content\/uploads\/2025\/08\/Custom-Wholesale-Juice-Spout-Pouches-5-660x660.webp 660w\" sizes=\"(max-width: 750px) 100vw, 750px\" \/><\/figure>\n<\/div>\n<\/div>\n\n\n\n<div class=\"wp-block-columns is-layout-flex wp-container-core-columns-is-layout-9d6595d7 wp-block-columns-is-layout-flex\">\n<div class=\"wp-block-column is-layout-flow wp-block-column-is-layout-flow\">\n<figure class=\"wp-block-image size-full\"><img decoding=\"async\" width=\"750\" height=\"750\" src=\"https:\/\/www.hyflexpack.com\/wp-content\/uploads\/2025\/08\/Custom-Wholesale-Juice-Spout-Pouches-2.webp\" alt=\"Bolsas com bico para sumos personalizadas por grosso\" class=\"wp-image-7636\" srcset=\"https:\/\/www.hyflexpack.com\/wp-content\/uploads\/2025\/08\/Custom-Wholesale-Juice-Spout-Pouches-2.webp 750w, https:\/\/www.hyflexpack.com\/wp-content\/uploads\/2025\/08\/Custom-Wholesale-Juice-Spout-Pouches-2-300x300.webp 300w, https:\/\/www.hyflexpack.com\/wp-content\/uploads\/2025\/08\/Custom-Wholesale-Juice-Spout-Pouches-2-150x150.webp 150w, https:\/\/www.hyflexpack.com\/wp-content\/uploads\/2025\/08\/Custom-Wholesale-Juice-Spout-Pouches-2-12x12.webp 12w, https:\/\/www.hyflexpack.com\/wp-content\/uploads\/2025\/08\/Custom-Wholesale-Juice-Spout-Pouches-2-285x285.webp 285w, https:\/\/www.hyflexpack.com\/wp-content\/uploads\/2025\/08\/Custom-Wholesale-Juice-Spout-Pouches-2-270x270.webp 270w, https:\/\/www.hyflexpack.com\/wp-content\/uploads\/2025\/08\/Custom-Wholesale-Juice-Spout-Pouches-2-540x540.webp 540w, https:\/\/www.hyflexpack.com\/wp-content\/uploads\/2025\/08\/Custom-Wholesale-Juice-Spout-Pouches-2-660x660.webp 660w\" sizes=\"(max-width: 750px) 100vw, 750px\" \/><figcaption class=\"wp-element-caption\">Bolsa com bico para sumos personalizada com suporte<\/figcaption><\/figure>\n<\/div>\n\n\n\n<div class=\"wp-block-column is-layout-flow wp-block-column-is-layout-flow\">\n<figure class=\"wp-block-image size-full\"><img decoding=\"async\" width=\"750\" height=\"750\" src=\"https:\/\/www.hyflexpack.com\/wp-content\/uploads\/2025\/08\/Custom-Wholesale-Juice-Spout-Pouches-3.webp\" alt=\"Bolsas com bico para sumos personalizadas por grosso\" class=\"wp-image-7637\" srcset=\"https:\/\/www.hyflexpack.com\/wp-content\/uploads\/2025\/08\/Custom-Wholesale-Juice-Spout-Pouches-3.webp 750w, https:\/\/www.hyflexpack.com\/wp-content\/uploads\/2025\/08\/Custom-Wholesale-Juice-Spout-Pouches-3-300x300.webp 300w, https:\/\/www.hyflexpack.com\/wp-content\/uploads\/2025\/08\/Custom-Wholesale-Juice-Spout-Pouches-3-150x150.webp 150w, https:\/\/www.hyflexpack.com\/wp-content\/uploads\/2025\/08\/Custom-Wholesale-Juice-Spout-Pouches-3-12x12.webp 12w, https:\/\/www.hyflexpack.com\/wp-content\/uploads\/2025\/08\/Custom-Wholesale-Juice-Spout-Pouches-3-285x285.webp 285w, https:\/\/www.hyflexpack.com\/wp-content\/uploads\/2025\/08\/Custom-Wholesale-Juice-Spout-Pouches-3-270x270.webp 270w, https:\/\/www.hyflexpack.com\/wp-content\/uploads\/2025\/08\/Custom-Wholesale-Juice-Spout-Pouches-3-540x540.webp 540w, https:\/\/www.hyflexpack.com\/wp-content\/uploads\/2025\/08\/Custom-Wholesale-Juice-Spout-Pouches-3-660x660.webp 660w\" sizes=\"(max-width: 750px) 100vw, 750px\" \/><figcaption class=\"wp-element-caption\">Desenho do bico<\/figcaption><\/figure>\n<\/div>\n<\/div>","protected":false},"excerpt":{"rendered":"<p>Conhe\u00e7a as nossas bolsas de bico de sumo personalizadas de alta qualidade feitas com folha de alum\u00ednio laminado dur\u00e1vel, ideais para embalagens de bebidas a granel. Projetado para compradores de neg\u00f3cios que precisam de prote\u00e7\u00e3o de barreira forte e distribui\u00e7\u00e3o de bico conveniente. Contacte-nos hoje para obter um or\u00e7amento. Estamos empenhados em fornecer solu\u00e7\u00f5es de embalagem \u00fanicas, ecol\u00f3gicas e de alta qualidade.\u00a0<\/p>\n<h3>Vantagens do grossista de sacos de bico de sumo<\/h3>\n<ul>\n<li><strong>Design personalizado<\/strong>: Fornecemos um servi\u00e7o de bolsa de bico de sumo de design personalizado, incluindo material, tamanho e personaliza\u00e7\u00e3o do padr\u00e3o de impress\u00e3o para satisfazer as necessidades dos clientes, apoiando OEM e ODM.<\/li>\n<li><strong>Entrega r\u00e1pida<\/strong>: Um processo de produ\u00e7\u00e3o eficiente e um sistema de gest\u00e3o da cadeia de abastecimento podem responder rapidamente \u00e0s encomendas dos clientes e garantir uma entrega atempada.<\/li>\n<li><strong>Inspe\u00e7\u00e3o da qualidade<\/strong>: Seguir rigorosamente as normas de qualidade e os requisitos de seguran\u00e7a alimentar para garantir que os produtos cumprem as normas.<\/li>\n<li><strong>Equipa de apoio t\u00e9cnico<\/strong>: A nossa equipa tem uma vasta experi\u00eancia na ind\u00fastria e conhecimentos profissionais, e pode fornecer apoio t\u00e9cnico e servi\u00e7os de consultoria 24 horas por dia aos clientes.<\/li>\n<li><strong>Amostra gr\u00e1tis<\/strong>: Fornecer um servi\u00e7o de amostra gr\u00e1tis para que possa avaliar os produtos.<\/li>\n<li><strong data-start=\"760\" data-end=\"772\">Baixo MOQ:<\/strong> Apoiamos quantidades m\u00ednimas de encomenda reduzidas, ajudando os clientes a iniciarem os seus projectos de forma flex\u00edvel e a reduzirem a press\u00e3o do invent\u00e1rio.<\/li>\n<li><strong data-start=\"895\" data-end=\"917\">Pre\u00e7o competitivo:<\/strong> Com uma capacidade de produ\u00e7\u00e3o em grande escala e uma gest\u00e3o eficiente em termos de custos, oferecemos pre\u00e7os competitivos sem comprometer a qualidade do produto.<\/li>\n<\/ul>\n<p><span style=\"color: #3366ff\"><a style=\"color: #3366ff\" href=\"https:\/\/www.hyflexpack.com\/pt\/\"><strong>Embalagens Huiyang<\/strong><\/a> <\/span>est\u00e1 empenhada em fornecer aos clientes sacos de suco de alta qualidade e personalizados para ajudar os clientes a melhorar a sua imagem de produto e aumentar a competitividade do mercado.<\/p>","protected":false},"featured_media":7635,"comment_status":"open","ping_status":"closed","template":"","meta":[],"product_brand":[],"product_cat":[103],"product_tag":[115],"class_list":{"0":"post-7645","1":"product","2":"type-product","3":"status-publish","4":"has-post-thumbnail","6":"product_cat-beverage-packaging-bags-supplier","7":"product_tag-spout-pouch-manufacturer","9":"first","10":"instock","11":"shipping-taxable","12":"product-type-simple"},"_links":{"self":[{"href":"https:\/\/www.hyflexpack.com\/pt\/wp-json\/wp\/v2\/product\/7645","targetHints":{"allow":["GET"]}}],"collection":[{"href":"https:\/\/www.hyflexpack.com\/pt\/wp-json\/wp\/v2\/product"}],"about":[{"href":"https:\/\/www.hyflexpack.com\/pt\/wp-json\/wp\/v2\/types\/product"}],"replies":[{"embeddable":true,"href":"https:\/\/www.hyflexpack.com\/pt\/wp-json\/wp\/v2\/comments?post=7645"}],"wp:featuredmedia":[{"embeddable":true,"href":"https:\/\/www.hyflexpack.com\/pt\/wp-json\/wp\/v2\/media\/7635"}],"wp:attachment":[{"href":"https:\/\/www.hyflexpack.com\/pt\/wp-json\/wp\/v2\/media?parent=7645"}],"wp:term":[{"taxonomy":"product_brand","embeddable":true,"href":"https:\/\/www.hyflexpack.com\/pt\/wp-json\/wp\/v2\/product_brand?post=7645"},{"taxonomy":"product_cat","embeddable":true,"href":"https:\/\/www.hyflexpack.com\/pt\/wp-json\/wp\/v2\/product_cat?post=7645"},{"taxonomy":"product_tag","embeddable":true,"href":"https:\/\/www.hyflexpack.com\/pt\/wp-json\/wp\/v2\/product_tag?post=7645"}],"curies":[{"name":"wp","href":"https:\/\/api.w.org\/{rel}","templated":true}]}}