{"id":7629,"date":"2025-08-29T10:27:22","date_gmt":"2025-08-29T10:27:22","guid":{"rendered":"https:\/\/www.hyflexpack.com\/?post_type=product&#038;p=7629"},"modified":"2026-01-03T09:57:00","modified_gmt":"2026-01-03T09:57:00","slug":"custom-detergent-packaging-bag-supplier","status":"publish","type":"product","link":"https:\/\/www.hyflexpack.com\/pt\/product\/custom-detergent-packaging-bag-supplier\/","title":{"rendered":"Fornecedor de saco de embalagem de detergente personalizado, bolsa de bico de canto para l\u00edquido"},"content":{"rendered":"<div class=\"wp-block-columns is-layout-flex wp-container-core-columns-is-layout-9d6595d7 wp-block-columns-is-layout-flex\">\n<div class=\"wp-block-column is-layout-flow wp-block-column-is-layout-flow\">\n<h2 class=\"wp-block-heading\">Saco de embalagem de detergente personalizado Carater\u00edsticas:<\/h2>\n\n\n\n<ul class=\"wp-block-list\">\n<li><strong>\u00c0 prova de fugas e dur\u00e1vel<\/strong>: Constru\u00edda com pel\u00edculas laminadas resistentes, esta bolsa com bico garante uma arruma\u00e7\u00e3o sem fugas quando \u00e9 transportada e manuseada.<\/li>\n\n\n\n<li><strong>Op\u00e7\u00f5es personaliz\u00e1veis<\/strong>: Oferecido numa gama de tamanhos (500ml-2L) com estilos de impress\u00e3o personalizados, melhorando a visibilidade da marca e a embalagem de detergente l\u00edquido \u00e0 medida.<\/li>\n\n\n\n<li><strong>Design c\u00f3modo do bico<\/strong>: Design de bico simples para reabastecimento sem esfor\u00e7o, ideal para l\u00edquidos de lavagem de roupa e amaciadores de roupa.<\/li>\n\n\n\n<li><strong>Prote\u00e7\u00e3o de alta barreira<\/strong>: Contra a \u00e1gua, o oxig\u00e9nio e a contamina\u00e7\u00e3o externa, garantindo a frescura e a efic\u00e1cia do detergente.<\/li>\n\n\n\n<li><strong>Amigo do ambiente e poupan\u00e7a de custos<\/strong>: Ao contr\u00e1rio das garrafas r\u00edgidas, a recarga de bolsa consome menos material, custos de transporte e impress\u00e3o ecol\u00f3gica.<\/li>\n\n\n\n<li><strong>Vantagem do fornecimento a granel:<\/strong> Adequado para distribuidores e produtores com necessidade de produ\u00e7\u00e3o em massa, fornecimento fi\u00e1vel e garantia de qualidade uniforme.<\/li>\n\n\n\n<li><strong>Fornecedor de confian\u00e7a:<\/strong> Fabricado por um fornecedor profissional de sacos de embalagem de detergente personalizados, com materiais de excelente qualidade e uma garantia de servi\u00e7o de embalagem fi\u00e1vel.<\/li>\n\n\n\n<li><strong>Adequado para prateleiras e para venda a retalho: <\/strong>O fundo plano e o design vertical maximizam a exposi\u00e7\u00e3o na prateleira, a arruma\u00e7\u00e3o e a densidade de empilhamento.<\/li>\n\n\n\n<li><strong>Utiliza\u00e7\u00e3o multifuncional:<\/strong> Adequado para utiliza\u00e7\u00e3o com amaciadores de roupa, detergentes l\u00edquidos e outros l\u00edquidos de limpeza dom\u00e9stica.<\/li>\n<\/ul>\n<\/div>\n\n\n\n<div class=\"wp-block-column is-layout-flow wp-block-column-is-layout-flow\">\n<figure class=\"wp-block-image size-full\"><img fetchpriority=\"high\" decoding=\"async\" width=\"750\" height=\"750\" src=\"https:\/\/www.hyflexpack.com\/wp-content\/uploads\/2025\/09\/Custom-Detergent-Packaging-Bag-Supplier-2.webp\" alt=\"Fornecedor de sacos de embalagem de detergentes personalizados (2)\" class=\"wp-image-7681\" srcset=\"https:\/\/www.hyflexpack.com\/wp-content\/uploads\/2025\/09\/Custom-Detergent-Packaging-Bag-Supplier-2.webp 750w, https:\/\/www.hyflexpack.com\/wp-content\/uploads\/2025\/09\/Custom-Detergent-Packaging-Bag-Supplier-2-300x300.webp 300w, https:\/\/www.hyflexpack.com\/wp-content\/uploads\/2025\/09\/Custom-Detergent-Packaging-Bag-Supplier-2-150x150.webp 150w, https:\/\/www.hyflexpack.com\/wp-content\/uploads\/2025\/09\/Custom-Detergent-Packaging-Bag-Supplier-2-12x12.webp 12w, https:\/\/www.hyflexpack.com\/wp-content\/uploads\/2025\/09\/Custom-Detergent-Packaging-Bag-Supplier-2-285x285.webp 285w, https:\/\/www.hyflexpack.com\/wp-content\/uploads\/2025\/09\/Custom-Detergent-Packaging-Bag-Supplier-2-270x270.webp 270w, https:\/\/www.hyflexpack.com\/wp-content\/uploads\/2025\/09\/Custom-Detergent-Packaging-Bag-Supplier-2-540x540.webp 540w, https:\/\/www.hyflexpack.com\/wp-content\/uploads\/2025\/09\/Custom-Detergent-Packaging-Bag-Supplier-2-660x660.webp 660w\" sizes=\"(max-width: 750px) 100vw, 750px\" \/><\/figure>\n<\/div>\n<\/div>\n\n\n\n<div class=\"wp-block-columns is-layout-flex wp-container-core-columns-is-layout-9d6595d7 wp-block-columns-is-layout-flex\">\n<div class=\"wp-block-column is-layout-flow wp-block-column-is-layout-flow\">\n<figure class=\"wp-block-image size-full\"><img decoding=\"async\" width=\"750\" height=\"750\" src=\"https:\/\/www.hyflexpack.com\/wp-content\/uploads\/2024\/06\/Factory-Price-Liquid-Pouch-3.webp\" alt=\"Bolsa para l\u00edquidos a pre\u00e7o de f\u00e1brica\" class=\"wp-image-4612\" srcset=\"https:\/\/www.hyflexpack.com\/wp-content\/uploads\/2024\/06\/Factory-Price-Liquid-Pouch-3.webp 750w, https:\/\/www.hyflexpack.com\/wp-content\/uploads\/2024\/06\/Factory-Price-Liquid-Pouch-3-300x300.webp 300w, https:\/\/www.hyflexpack.com\/wp-content\/uploads\/2024\/06\/Factory-Price-Liquid-Pouch-3-150x150.webp 150w, https:\/\/www.hyflexpack.com\/wp-content\/uploads\/2024\/06\/Factory-Price-Liquid-Pouch-3-12x12.webp 12w, https:\/\/www.hyflexpack.com\/wp-content\/uploads\/2024\/06\/Factory-Price-Liquid-Pouch-3-285x285.webp 285w, https:\/\/www.hyflexpack.com\/wp-content\/uploads\/2024\/06\/Factory-Price-Liquid-Pouch-3-270x270.webp 270w, https:\/\/www.hyflexpack.com\/wp-content\/uploads\/2024\/06\/Factory-Price-Liquid-Pouch-3-540x540.webp 540w, https:\/\/www.hyflexpack.com\/wp-content\/uploads\/2024\/06\/Factory-Price-Liquid-Pouch-3-660x660.webp 660w\" sizes=\"(max-width: 750px) 100vw, 750px\" \/><\/figure>\n<\/div>\n\n\n\n<div class=\"wp-block-column is-layout-flow wp-block-column-is-layout-flow\">\n<figure class=\"wp-block-image size-full\"><img decoding=\"async\" width=\"358\" height=\"358\" src=\"https:\/\/www.hyflexpack.com\/wp-content\/uploads\/2024\/06\/Factory-Price-Liquid-Pouch-4.webp\" alt=\"Bolsa para l\u00edquidos a pre\u00e7o de f\u00e1brica\" class=\"wp-image-4613\" srcset=\"https:\/\/www.hyflexpack.com\/wp-content\/uploads\/2024\/06\/Factory-Price-Liquid-Pouch-4.webp 358w, https:\/\/www.hyflexpack.com\/wp-content\/uploads\/2024\/06\/Factory-Price-Liquid-Pouch-4-300x300.webp 300w, https:\/\/www.hyflexpack.com\/wp-content\/uploads\/2024\/06\/Factory-Price-Liquid-Pouch-4-150x150.webp 150w, https:\/\/www.hyflexpack.com\/wp-content\/uploads\/2024\/06\/Factory-Price-Liquid-Pouch-4-12x12.webp 12w, https:\/\/www.hyflexpack.com\/wp-content\/uploads\/2024\/06\/Factory-Price-Liquid-Pouch-4-285x285.webp 285w, https:\/\/www.hyflexpack.com\/wp-content\/uploads\/2024\/06\/Factory-Price-Liquid-Pouch-4-270x270.webp 270w\" sizes=\"(max-width: 358px) 100vw, 358px\" \/><\/figure>\n<\/div>\n<\/div>","protected":false},"excerpt":{"rendered":"<p>Saco com bico personalizado de alta qualidade para amaciador de roupa fabricado em pel\u00edcula laminada duradoura. Concebido com um bico \u00e0 prova de fugas e um forte selo t\u00e9rmico, este saco de embalagem de detergente l\u00edquido \u00e9 amigo do ambiente, leve e perfeito para solu\u00e7\u00f5es de recarga flex\u00edveis. Contacte-nos hoje para obter um or\u00e7amento. Estamos empenhados em fornecer solu\u00e7\u00f5es de embalagem \u00fanicas, ecol\u00f3gicas e de alta qualidade.\u00a0<\/p>\n<h3>Vantagens do fornecedor de sacos de embalagem de detergentes<\/h3>\n<ul>\n<li><strong>Design personalizado<\/strong>: Fornecemos servi\u00e7os de design personalizado para sacos para l\u00edquidos, apoiando OEM e ODM, apresentando o log\u00f3tipo da marca e informa\u00e7\u00f5es sobre o produto para aumentar a notoriedade da marca e o apelo do mercado.<\/li>\n<li><strong>Variedade de desenhos<\/strong>: Est\u00e1 dispon\u00edvel uma variedade de modelos e tamanhos para satisfazer as necessidades de diferentes clientes, fornecendo solu\u00e7\u00f5es de embalagem adequadas para uma variedade de produtos l\u00edquidos para lavagem de loi\u00e7a.<\/li>\n<li><strong>Servi\u00e7o ao cliente<\/strong>: Fornecer uma resposta r\u00e1pida e um servi\u00e7o de apoio ao cliente atencioso 24 horas por dia.<\/li>\n<li><strong>Garantia de qualidade<\/strong>: Um sistema de controlo de qualidade rigoroso para garantir a alta qualidade e a consist\u00eancia de cada saco.<\/li>\n<li><strong>Rent\u00e1vel<\/strong>: Em compara\u00e7\u00e3o com as formas de embalagem tradicionais, a conce\u00e7\u00e3o de bolsas \u00e9 mais rent\u00e1vel, reduzindo os custos de embalagem, transporte e armazenamento e melhorando a rentabilidade.<\/li>\n<li><strong>Amostra gr\u00e1tis<\/strong>: Fornecemos um servi\u00e7o de amostra gr\u00e1tis para que possa avaliar o seu produto.<\/li>\n<\/ul>\n<p><a href=\"https:\/\/www.hyflexpack.com\/pt\/\"><strong>Embalagens Huiyang<\/strong><\/a> est\u00e1 empenhada em fornecer aos clientes sacos de embalagem de detergente personalizados de alta qualidade para os ajudar a melhorar a imagem dos seus produtos e a aumentar a competitividade do mercado.<\/p>","protected":false},"featured_media":7682,"comment_status":"open","ping_status":"closed","template":"","meta":[],"product_brand":[],"product_cat":[52],"product_tag":[115],"class_list":{"0":"post-7629","1":"product","2":"type-product","3":"status-publish","4":"has-post-thumbnail","6":"product_cat-custom-daily-chemical-packaging","7":"product_tag-spout-pouch-manufacturer","9":"first","10":"instock","11":"shipping-taxable","12":"product-type-simple"},"_links":{"self":[{"href":"https:\/\/www.hyflexpack.com\/pt\/wp-json\/wp\/v2\/product\/7629","targetHints":{"allow":["GET"]}}],"collection":[{"href":"https:\/\/www.hyflexpack.com\/pt\/wp-json\/wp\/v2\/product"}],"about":[{"href":"https:\/\/www.hyflexpack.com\/pt\/wp-json\/wp\/v2\/types\/product"}],"replies":[{"embeddable":true,"href":"https:\/\/www.hyflexpack.com\/pt\/wp-json\/wp\/v2\/comments?post=7629"}],"wp:featuredmedia":[{"embeddable":true,"href":"https:\/\/www.hyflexpack.com\/pt\/wp-json\/wp\/v2\/media\/7682"}],"wp:attachment":[{"href":"https:\/\/www.hyflexpack.com\/pt\/wp-json\/wp\/v2\/media?parent=7629"}],"wp:term":[{"taxonomy":"product_brand","embeddable":true,"href":"https:\/\/www.hyflexpack.com\/pt\/wp-json\/wp\/v2\/product_brand?post=7629"},{"taxonomy":"product_cat","embeddable":true,"href":"https:\/\/www.hyflexpack.com\/pt\/wp-json\/wp\/v2\/product_cat?post=7629"},{"taxonomy":"product_tag","embeddable":true,"href":"https:\/\/www.hyflexpack.com\/pt\/wp-json\/wp\/v2\/product_tag?post=7629"}],"curies":[{"name":"wp","href":"https:\/\/api.w.org\/{rel}","templated":true}]}}