{"id":7584,"date":"2025-11-04T09:29:51","date_gmt":"2025-11-04T09:29:51","guid":{"rendered":"https:\/\/www.hyflexpack.com\/?post_type=product&#038;p=7584"},"modified":"2025-11-04T09:30:00","modified_gmt":"2025-11-04T09:30:00","slug":"wholesale-vacuum-packaging-bags","status":"publish","type":"product","link":"https:\/\/www.hyflexpack.com\/pt\/product\/wholesale-vacuum-packaging-bags\/","title":{"rendered":"Wholesale Vacuum Packaging Bags for Food Sausage, Vacuum Pouches Manufacturer"},"content":{"rendered":"<div class=\"wp-block-columns is-layout-flex wp-container-core-columns-is-layout-9d6595d7 wp-block-columns-is-layout-flex\">\n<div class=\"wp-block-column is-layout-flow wp-block-column-is-layout-flow\">\n<h2 class=\"wp-block-heading\">Features of Vacuum Packaging Bags <\/h2>\n\n\n\n<ul class=\"wp-block-list\">\n<li><strong>Perfect Air-Tight Fit &#8211; <\/strong>Our Wholesale Laminated Vacuum Packaging Bags are designed to preserve the quality and freshness of cooked foods.<\/li>\n<\/ul>\n\n\n\n<ul class=\"wp-block-list\">\n<li><strong>Custom Printing &#8211;<\/strong> Custom printed vacuum packaging for branding or product information.<\/li>\n<\/ul>\n\n\n\n<ul class=\"wp-block-list\">\n<li><strong>Crystal-Clear Presentation &#8211; <\/strong>The transparent skin showcases the product\u2019s real appearance and freshness, creating a clean, professional look that enhances consumer trust.<\/li>\n<\/ul>\n\n\n\n<ul class=\"wp-block-list\">\n<li><strong>Space-Saving Design &#8211; <\/strong>Flat, compact structure saves storage and transport space while reducing film usage \u2014 efficient and eco-friendly.<\/li>\n<\/ul>\n\n\n\n<ul class=\"wp-block-list\">\n<li><strong>Ideal for<\/strong> sausages, deli meats, prepared meals, and smoked foods.<\/li>\n<\/ul>\n<\/div>\n\n\n\n<div class=\"wp-block-column is-layout-flow wp-block-column-is-layout-flow\">\n<figure class=\"wp-block-image size-full\"><img fetchpriority=\"high\" decoding=\"async\" width=\"750\" height=\"750\" src=\"https:\/\/www.hyflexpack.com\/wp-content\/uploads\/2025\/10\/wholesale-sausage-vacuum-packaging-bags-2.webp\" alt=\"wholesale sausage vacuum packaging bags 2\" class=\"wp-image-8344\" srcset=\"https:\/\/www.hyflexpack.com\/wp-content\/uploads\/2025\/10\/wholesale-sausage-vacuum-packaging-bags-2.webp 750w, https:\/\/www.hyflexpack.com\/wp-content\/uploads\/2025\/10\/wholesale-sausage-vacuum-packaging-bags-2-300x300.webp 300w, https:\/\/www.hyflexpack.com\/wp-content\/uploads\/2025\/10\/wholesale-sausage-vacuum-packaging-bags-2-150x150.webp 150w, https:\/\/www.hyflexpack.com\/wp-content\/uploads\/2025\/10\/wholesale-sausage-vacuum-packaging-bags-2-12x12.webp 12w, https:\/\/www.hyflexpack.com\/wp-content\/uploads\/2025\/10\/wholesale-sausage-vacuum-packaging-bags-2-285x285.webp 285w, https:\/\/www.hyflexpack.com\/wp-content\/uploads\/2025\/10\/wholesale-sausage-vacuum-packaging-bags-2-270x270.webp 270w, https:\/\/www.hyflexpack.com\/wp-content\/uploads\/2025\/10\/wholesale-sausage-vacuum-packaging-bags-2-540x540.webp 540w, https:\/\/www.hyflexpack.com\/wp-content\/uploads\/2025\/10\/wholesale-sausage-vacuum-packaging-bags-2-660x660.webp 660w\" sizes=\"(max-width: 750px) 100vw, 750px\" \/><\/figure>\n<\/div>\n<\/div>\n\n\n\n<p><\/p>","protected":false},"excerpt":{"rendered":"<p>Learn about our Specialized Wholesale Laminated Vacuum Packaging Bags designed for cooked foods like deli meats, sausages, and prepared meals. Available in custom-printed and clear options to keep your products fresh and secure. Contact us today for a quote.\u00a0<\/p>\n<h3>Advantages of Wholesale Vacuum Packaging Bags<\/h3>\n<ul>\n<li><strong>Design personalizado<\/strong>: We offer customized design food vacuum packaging bags services, including material, size, and printing pattern customization to meet customers\u2019 needs, supporting both OEM and ODM.<\/li>\n<li><strong>Entrega r\u00e1pida<\/strong>: Um processo de produ\u00e7\u00e3o eficiente e um sistema de gest\u00e3o da cadeia de abastecimento podem responder rapidamente \u00e0s encomendas dos clientes e garantir uma entrega atempada.<\/li>\n<li><strong>Inspe\u00e7\u00e3o da qualidade<\/strong>: Seguir rigorosamente as normas de qualidade e os requisitos de seguran\u00e7a alimentar para garantir que os produtos cumprem as normas.<\/li>\n<li><strong>Equipa de apoio t\u00e9cnico<\/strong>: Our team boasts rich industry experience and professional expertise, providing technical support and 24-hour consulting services to our customers.<\/li>\n<li><strong>Amostra gr\u00e1tis<\/strong>: Fornecer um servi\u00e7o de amostra gr\u00e1tis para que possa avaliar os produtos.<\/li>\n<li><strong class=\"skrollable skrollable-between\" data-start=\"760\" data-end=\"772\">Baixo MOQ:<\/strong>\u00a0Apoiamos quantidades m\u00ednimas de encomenda reduzidas, ajudando os clientes a iniciarem os seus projectos de forma flex\u00edvel e a reduzirem a press\u00e3o do invent\u00e1rio.<\/li>\n<li><strong class=\"skrollable skrollable-between\" data-start=\"895\" data-end=\"917\">Pre\u00e7o competitivo:<\/strong>\u00a0Com uma capacidade de produ\u00e7\u00e3o em grande escala e uma gest\u00e3o eficiente em termos de custos, oferecemos pre\u00e7os competitivos sem comprometer a qualidade do produto.<\/li>\n<\/ul>\n<p><a href=\"https:\/\/www.hyflexpack.com\/pt\/\"><strong>Embalagens Huiyang<\/strong><\/a> is committed to providing customers with high-quality, wholesale vacuum packaging bags to help customers improve their product image and enhance market competitiveness.<\/p>","protected":false},"featured_media":8344,"comment_status":"open","ping_status":"closed","template":"","meta":[],"product_brand":[],"product_cat":[51,108],"product_tag":[],"class_list":{"0":"post-7584","1":"product","2":"type-product","3":"status-publish","4":"has-post-thumbnail","6":"product_cat-custom-food-packaging-bags","7":"product_cat-vacuum-pouches-wholesale","9":"first","10":"instock","11":"shipping-taxable","12":"product-type-simple"},"_links":{"self":[{"href":"https:\/\/www.hyflexpack.com\/pt\/wp-json\/wp\/v2\/product\/7584","targetHints":{"allow":["GET"]}}],"collection":[{"href":"https:\/\/www.hyflexpack.com\/pt\/wp-json\/wp\/v2\/product"}],"about":[{"href":"https:\/\/www.hyflexpack.com\/pt\/wp-json\/wp\/v2\/types\/product"}],"replies":[{"embeddable":true,"href":"https:\/\/www.hyflexpack.com\/pt\/wp-json\/wp\/v2\/comments?post=7584"}],"wp:featuredmedia":[{"embeddable":true,"href":"https:\/\/www.hyflexpack.com\/pt\/wp-json\/wp\/v2\/media\/8344"}],"wp:attachment":[{"href":"https:\/\/www.hyflexpack.com\/pt\/wp-json\/wp\/v2\/media?parent=7584"}],"wp:term":[{"taxonomy":"product_brand","embeddable":true,"href":"https:\/\/www.hyflexpack.com\/pt\/wp-json\/wp\/v2\/product_brand?post=7584"},{"taxonomy":"product_cat","embeddable":true,"href":"https:\/\/www.hyflexpack.com\/pt\/wp-json\/wp\/v2\/product_cat?post=7584"},{"taxonomy":"product_tag","embeddable":true,"href":"https:\/\/www.hyflexpack.com\/pt\/wp-json\/wp\/v2\/product_tag?post=7584"}],"curies":[{"name":"wp","href":"https:\/\/api.w.org\/{rel}","templated":true}]}}