{"id":7431,"date":"2025-07-30T18:21:11","date_gmt":"2025-07-30T18:21:11","guid":{"rendered":"https:\/\/www.hyflexpack.com\/?post_type=product&#038;p=7431"},"modified":"2026-01-03T10:04:38","modified_gmt":"2026-01-03T10:04:38","slug":"custom-sugar-packaging-bags","status":"publish","type":"product","link":"https:\/\/www.hyflexpack.com\/pt\/product\/custom-sugar-packaging-bags\/","title":{"rendered":"Sacos de embalagem de a\u00e7\u00facar personalizados \uff0c Material laminado de refor\u00e7o lateral Ziplock para B2B"},"content":{"rendered":"<div class=\"wp-block-columns is-layout-flex wp-container-core-columns-is-layout-9d6595d7 wp-block-columns-is-layout-flex\">\n<div class=\"wp-block-column is-layout-flow wp-block-column-is-layout-flow\">\n<h2 class=\"wp-block-heading\">Carater\u00edsticas dos sacos de embalagem de a\u00e7\u00facar personalizados<\/h2>\n\n\n\n<ul class=\"wp-block-list\">\n<li>Os nossos sacos de embalagem personalizados para a\u00e7\u00facar branco adoptam um design de estrutura de veda\u00e7\u00e3o de oito lados, que \u00e9 est\u00e1vel na estrutura, forte na capacidade de carga, mais not\u00e1vel no efeito de exibi\u00e7\u00e3o, e melhora a qualidade do produto.<\/li>\n\n\n\n<li>O fecho de correr \u00e9 pr\u00e1tico de utilizar, pode ser aberto e fechado muitas vezes e mant\u00e9m o produto fresco.<\/li>\n\n\n\n<li>O material comp\u00f3sito amigo do ambiente n\u00e3o tem design de camada met\u00e1lica, \u00e9 leve e tem fortes propriedades de barreira, o que \u00e9 adequado para produtos que s\u00e3o facilmente afectados pela humidade, como o a\u00e7\u00facar.<\/li>\n<\/ul>\n<\/div>\n\n\n\n<div class=\"wp-block-column is-layout-flow wp-block-column-is-layout-flow\">\n<figure class=\"wp-block-image size-full\"><img fetchpriority=\"high\" decoding=\"async\" width=\"750\" height=\"750\" src=\"https:\/\/www.hyflexpack.com\/wp-content\/uploads\/2025\/07\/Custom-Sugar-Packaging-Bags-1.webp\" alt=\"Sacos de embalagem de a\u00e7\u00facar personalizados\" class=\"wp-image-7418\" srcset=\"https:\/\/www.hyflexpack.com\/wp-content\/uploads\/2025\/07\/Custom-Sugar-Packaging-Bags-1.webp 750w, https:\/\/www.hyflexpack.com\/wp-content\/uploads\/2025\/07\/Custom-Sugar-Packaging-Bags-1-300x300.webp 300w, https:\/\/www.hyflexpack.com\/wp-content\/uploads\/2025\/07\/Custom-Sugar-Packaging-Bags-1-150x150.webp 150w, https:\/\/www.hyflexpack.com\/wp-content\/uploads\/2025\/07\/Custom-Sugar-Packaging-Bags-1-12x12.webp 12w, https:\/\/www.hyflexpack.com\/wp-content\/uploads\/2025\/07\/Custom-Sugar-Packaging-Bags-1-285x285.webp 285w, https:\/\/www.hyflexpack.com\/wp-content\/uploads\/2025\/07\/Custom-Sugar-Packaging-Bags-1-270x270.webp 270w, https:\/\/www.hyflexpack.com\/wp-content\/uploads\/2025\/07\/Custom-Sugar-Packaging-Bags-1-540x540.webp 540w, https:\/\/www.hyflexpack.com\/wp-content\/uploads\/2025\/07\/Custom-Sugar-Packaging-Bags-1-660x660.webp 660w\" sizes=\"(max-width: 750px) 100vw, 750px\" \/><\/figure>\n<\/div>\n<\/div>","protected":false},"excerpt":{"rendered":"<p>Os nossos sacos de embalagem de doces personalizados de alta qualidade s\u00e3o feitos de materiais compostos de qualidade alimentar com boa resist\u00eancia \u00e0 humidade e durabilidade. Equipados com fechos de correr, s\u00e3o f\u00e1ceis de reutilizar e adequados \u00e0s necessidades de personaliza\u00e7\u00e3o B-end de v\u00e1rios produtos granulares. Contacte-nos hoje para obter um or\u00e7amento. Estamos empenhados em fornecer solu\u00e7\u00f5es de embalagem \u00fanicas, ecol\u00f3gicas e de alta qualidade. Vantagens dos sacos de embalagem de a\u00e7\u00facar personalizados de alta qualidade \u25cfDesign personalizado: Fornecemos servi\u00e7os personalizados de sacos de embalagem, incluindo material, tamanho e personaliza\u00e7\u00e3o do padr\u00e3o de impress\u00e3o para atender \u00e0s necessidades do cliente, e apoiamos OEM e ODM. Fabrico: Com equipamentos e tecnologia avan\u00e7ados, podemos concluir a produ\u00e7\u00e3o de pedidos de forma eficiente e com alta qualidade, e entregar no prazo. Inspe\u00e7\u00e3o da qualidade: A produ\u00e7\u00e3o \u00e9 realizada em estrita conformidade com os padr\u00f5es de qualidade e requisitos de seguran\u00e7a alimentar para garantir que os produtos atendam aos padr\u00f5es. Atendimento ao cliente: Fornecer resposta r\u00e1pida e suporte atencioso de atendimento ao cliente 24 horas por dia. Amostra gr\u00e1tis: Fornecer servi\u00e7o de amostra gr\u00e1tis para voc\u00ea avaliar o produto. A Huiyang Packaging est\u00e1 empenhada em fornecer aos clientes sacos de embalagem de a\u00e7\u00facar personalizados de alta qualidade, ajudando os clientes a melhorar a imagem de seus produtos e aumentar sua competitividade no mercado.<\/p>","protected":false},"featured_media":7418,"comment_status":"open","ping_status":"closed","template":"","meta":[],"product_brand":[],"product_cat":[66],"product_tag":[122],"class_list":{"0":"post-7431","1":"product","2":"type-product","3":"status-publish","4":"has-post-thumbnail","6":"product_cat-condiment-packaging-custom","7":"product_tag-gusset-pouch-manufacturer","9":"first","10":"instock","11":"shipping-taxable","12":"product-type-simple"},"_links":{"self":[{"href":"https:\/\/www.hyflexpack.com\/pt\/wp-json\/wp\/v2\/product\/7431","targetHints":{"allow":["GET"]}}],"collection":[{"href":"https:\/\/www.hyflexpack.com\/pt\/wp-json\/wp\/v2\/product"}],"about":[{"href":"https:\/\/www.hyflexpack.com\/pt\/wp-json\/wp\/v2\/types\/product"}],"replies":[{"embeddable":true,"href":"https:\/\/www.hyflexpack.com\/pt\/wp-json\/wp\/v2\/comments?post=7431"}],"wp:featuredmedia":[{"embeddable":true,"href":"https:\/\/www.hyflexpack.com\/pt\/wp-json\/wp\/v2\/media\/7418"}],"wp:attachment":[{"href":"https:\/\/www.hyflexpack.com\/pt\/wp-json\/wp\/v2\/media?parent=7431"}],"wp:term":[{"taxonomy":"product_brand","embeddable":true,"href":"https:\/\/www.hyflexpack.com\/pt\/wp-json\/wp\/v2\/product_brand?post=7431"},{"taxonomy":"product_cat","embeddable":true,"href":"https:\/\/www.hyflexpack.com\/pt\/wp-json\/wp\/v2\/product_cat?post=7431"},{"taxonomy":"product_tag","embeddable":true,"href":"https:\/\/www.hyflexpack.com\/pt\/wp-json\/wp\/v2\/product_tag?post=7431"}],"curies":[{"name":"wp","href":"https:\/\/api.w.org\/{rel}","templated":true}]}}