{"id":7366,"date":"2025-11-03T17:30:15","date_gmt":"2025-11-03T17:30:15","guid":{"rendered":"https:\/\/www.hyflexpack.com\/?post_type=product&#038;p=7366"},"modified":"2025-11-03T17:30:26","modified_gmt":"2025-11-03T17:30:26","slug":"custom-printed-shrink-sleeves","status":"publish","type":"product","link":"https:\/\/www.hyflexpack.com\/pt\/product\/custom-printed-shrink-sleeves\/","title":{"rendered":"Mangas retr\u00e1cteis impressas personalizadas para garrafas, latas e contentores"},"content":{"rendered":"<div class=\"wp-block-columns is-layout-flex wp-container-core-columns-is-layout-9d6595d7 wp-block-columns-is-layout-flex\">\n<div class=\"wp-block-column is-layout-flow wp-block-column-is-layout-flow\">\n<h2 class=\"wp-block-heading\">Mangas retr\u00e1cteis personalizadas Carater\u00edsticas:<\/h2>\n\n\n\n<ul class=\"wp-block-list\">\n<li>Impress\u00e3o de corpo inteiro a 360\u00b0 para uma exposi\u00e7\u00e3o m\u00e1xima da marca\u3002<\/li>\n\n\n\n<li>Ajuste perfeito para formas irregulares e superf\u00edcies curvas.<\/li>\n\n\n\n<li>Material amigo do ambiente e op\u00e7\u00f5es de impress\u00e3o sustent\u00e1veis.<\/li>\n\n\n\n<li>Prote\u00e7\u00e3o anti-contrafa\u00e7\u00e3o e estabilidade do r\u00f3tulo melhoradas.<\/li>\n<\/ul>\n<\/div>\n\n\n\n<div class=\"wp-block-column is-layout-flow wp-block-column-is-layout-flow\">\n<figure class=\"wp-block-image size-full\"><img fetchpriority=\"high\" decoding=\"async\" width=\"750\" height=\"750\" src=\"https:\/\/www.hyflexpack.com\/wp-content\/uploads\/2025\/07\/OEM-PVC-PET-Shrink-Film-Roll-1.webp\" alt=\"Rolo de pel\u00edcula retr\u00e1til OEM PVC PET\" class=\"wp-image-7374\" srcset=\"https:\/\/www.hyflexpack.com\/wp-content\/uploads\/2025\/07\/OEM-PVC-PET-Shrink-Film-Roll-1.webp 750w, https:\/\/www.hyflexpack.com\/wp-content\/uploads\/2025\/07\/OEM-PVC-PET-Shrink-Film-Roll-1-300x300.webp 300w, https:\/\/www.hyflexpack.com\/wp-content\/uploads\/2025\/07\/OEM-PVC-PET-Shrink-Film-Roll-1-150x150.webp 150w, https:\/\/www.hyflexpack.com\/wp-content\/uploads\/2025\/07\/OEM-PVC-PET-Shrink-Film-Roll-1-12x12.webp 12w, https:\/\/www.hyflexpack.com\/wp-content\/uploads\/2025\/07\/OEM-PVC-PET-Shrink-Film-Roll-1-285x285.webp 285w, https:\/\/www.hyflexpack.com\/wp-content\/uploads\/2025\/07\/OEM-PVC-PET-Shrink-Film-Roll-1-270x270.webp 270w, https:\/\/www.hyflexpack.com\/wp-content\/uploads\/2025\/07\/OEM-PVC-PET-Shrink-Film-Roll-1-540x540.webp 540w, https:\/\/www.hyflexpack.com\/wp-content\/uploads\/2025\/07\/OEM-PVC-PET-Shrink-Film-Roll-1-660x660.webp 660w\" sizes=\"(max-width: 750px) 100vw, 750px\" \/><\/figure>\n<\/div>\n<\/div>","protected":false},"excerpt":{"rendered":"<p>Melhore a embalagem do seu produto com mangas termorretr\u00e1cteis impressas personalizadas, concebidas para se adaptarem a garrafas, latas e recipientes com formas \u00fanicas. Ideais para alimentos, bebidas, cosm\u00e9ticos, suplementos e aplica\u00e7\u00f5es industriais, estas mangas suportam uma impress\u00e3o de corpo inteiro de 360\u00b0 com gr\u00e1ficos de alta resolu\u00e7\u00e3o para maximizar a visibilidade da marca. Dispon\u00edveis em materiais amigos do ambiente, como PETG, OPS ou PVC, apoiam os objectivos de sustentabilidade. Baixo MOQ dispon\u00edvel para satisfazer diversas necessidades de personaliza\u00e7\u00e3o para marcas de todas as dimens\u00f5es. Contacte-nos hoje para obter pel\u00edcula termorretr\u00e1ctil personalizada feita \u00e0 sua medida!\u00a0<\/p>\n<h3>Vantagens do fornecedor de mangas retr\u00e1cteis<\/h3>\n<ul>\n<li><strong>Design personalizado:<\/strong>\u00a0Fornecemos servi\u00e7os personalizados, incluindo personaliza\u00e7\u00e3o de material, tamanho e padr\u00e3o de impress\u00e3o para atender \u00e0s necessidades do cliente, e oferecemos suporte a OEM e ODM.<\/li>\n<li><strong>Fabrico:<\/strong>\u00a0Com equipamento e tecnologia avan\u00e7ados, podemos completar a produ\u00e7\u00e3o de encomendas de forma eficiente e com alta qualidade, e podemos entregar a tempo.<\/li>\n<li><strong>Inspe\u00e7\u00e3o da qualidade:<\/strong>\u00a0A produ\u00e7\u00e3o \u00e9 efectuada em estrita conformidade com as normas de qualidade e os requisitos de seguran\u00e7a alimentar para garantir que os produtos cumprem as normas.<\/li>\n<li><strong>Certifica\u00e7\u00e3o\uff1a<\/strong>\u00a0FDA\/BRC\/ISO 9001\/RoHS<\/li>\n<li><strong>Servi\u00e7o ao cliente:<\/strong>\u00a024 horas para fornecer uma resposta r\u00e1pida e um servi\u00e7o de apoio ao cliente atencioso.<\/li>\n<li><strong>Amostra gr\u00e1tis:<\/strong>\u00a0Oferecemos um servi\u00e7o de amostras gratuitas para o ajudar a avaliar o produto.<\/li>\n<li><strong class=\"skrollable skrollable-between\" data-start=\"895\" data-end=\"917\">Pre\u00e7o competitivo:<\/strong>\u00a0Com uma capacidade de produ\u00e7\u00e3o em grande escala e uma gest\u00e3o eficiente em termos de custos, oferecemos pre\u00e7os competitivos sem comprometer a qualidade do produto.<\/li>\n<\/ul>\n<p><a href=\"https:\/\/www.hyflexpack.com\/pt\/\"><strong>Embalagens Huiyang<\/strong><\/a> est\u00e1 empenhada em fornecer aos clientes mangas retr\u00e1cteis para os ajudar a melhorar a imagem dos seus produtos e a aumentar a sua competitividade no mercado.<\/p>","protected":false},"featured_media":7374,"comment_status":"open","ping_status":"closed","template":"","meta":[],"product_brand":[],"product_cat":[84,53],"product_tag":[],"class_list":{"0":"post-7366","1":"product","2":"type-product","3":"status-publish","4":"has-post-thumbnail","6":"product_cat-shrink-sleeve-film","7":"product_cat-packaging-film-supplier","9":"first","10":"instock","11":"shipping-taxable","12":"product-type-simple"},"_links":{"self":[{"href":"https:\/\/www.hyflexpack.com\/pt\/wp-json\/wp\/v2\/product\/7366","targetHints":{"allow":["GET"]}}],"collection":[{"href":"https:\/\/www.hyflexpack.com\/pt\/wp-json\/wp\/v2\/product"}],"about":[{"href":"https:\/\/www.hyflexpack.com\/pt\/wp-json\/wp\/v2\/types\/product"}],"replies":[{"embeddable":true,"href":"https:\/\/www.hyflexpack.com\/pt\/wp-json\/wp\/v2\/comments?post=7366"}],"wp:featuredmedia":[{"embeddable":true,"href":"https:\/\/www.hyflexpack.com\/pt\/wp-json\/wp\/v2\/media\/7374"}],"wp:attachment":[{"href":"https:\/\/www.hyflexpack.com\/pt\/wp-json\/wp\/v2\/media?parent=7366"}],"wp:term":[{"taxonomy":"product_brand","embeddable":true,"href":"https:\/\/www.hyflexpack.com\/pt\/wp-json\/wp\/v2\/product_brand?post=7366"},{"taxonomy":"product_cat","embeddable":true,"href":"https:\/\/www.hyflexpack.com\/pt\/wp-json\/wp\/v2\/product_cat?post=7366"},{"taxonomy":"product_tag","embeddable":true,"href":"https:\/\/www.hyflexpack.com\/pt\/wp-json\/wp\/v2\/product_tag?post=7366"}],"curies":[{"name":"wp","href":"https:\/\/api.w.org\/{rel}","templated":true}]}}