{"id":7246,"date":"2025-11-03T17:13:00","date_gmt":"2025-11-03T17:13:00","guid":{"rendered":"https:\/\/www.hyflexpack.com\/?post_type=product&#038;p=7246"},"modified":"2026-01-03T09:42:24","modified_gmt":"2026-01-03T09:42:24","slug":"custom-liquid-detergent-spout-pouch","status":"publish","type":"product","link":"https:\/\/www.hyflexpack.com\/pt\/product\/custom-liquid-detergent-spout-pouch\/","title":{"rendered":"Bolsa personalizada com bico para detergente l\u00edquido - \u00e0 prova de fugas e com marca"},"content":{"rendered":"<div class=\"wp-block-columns is-layout-flex wp-container-core-columns-is-layout-9d6595d7 wp-block-columns-is-layout-flex\">\n<div class=\"wp-block-column is-layout-flow wp-block-column-is-layout-flow\">\n<h2 class=\"wp-block-heading\">Bolsa com bico para detergente l\u00edquido personalizada Carater\u00edsticas:<\/h2>\n\n\n\n<p><\/p>\n\n\n\n<ul class=\"wp-block-list\">\n<li><strong>Estrutura em comp\u00f3sito de alta resist\u00eancia<\/strong>: O nosso <strong>bolsa com bico para detergente l\u00edquido personalizada<\/strong> adopta uma pel\u00edcula laminada co-extrudida de tr\u00eas camadas PET\/AL\/PE (espessura 80-150\u03bcm). Esta estrutura multicamada oferece uma resist\u00eancia mec\u00e2nica superior, resist\u00eancia \u00e0 perfura\u00e7\u00e3o e uma prote\u00e7\u00e3o de alta barreira contra o oxig\u00e9nio, a humidade e a luz.<\/li>\n\n\n\n<li><strong>Excelente compatibilidade qu\u00edmica<\/strong>: A camada interior da pel\u00edcula de PE de qualidade alimentar foi especificamente concebida para a estabilidade qu\u00edmica. Resiste \u00e0 corros\u00e3o \u00e1cida e alcalina, assegurando a n\u00e3o migra\u00e7\u00e3o de subst\u00e2ncias nocivas ou contamina\u00e7\u00e3o por odores - ideal para o armazenamento e transporte seguro de detergentes l\u00edquidos.<\/li>\n\n\n\n<li><strong>Design duplo \u00e0 prova de fugas<\/strong>: Equipado com uma tampa de fecho de rosca e uma pel\u00edcula interna de canal anti-fuga, o nosso <strong>bolsa com bico para detergente l\u00edquido personalizada<\/strong> evita fugas mesmo sob press\u00e3o ou vibra\u00e7\u00e3o durante a log\u00edstica, proporcionando um acondicionamento seguro, limpo e fi\u00e1vel de l\u00edquidos.<\/li>\n\n\n\n<li><strong>Marca e especifica\u00e7\u00f5es personaliz\u00e1veis<\/strong>: Como profissional <strong>fabricante de embalagens de saco com bico<\/strong>, Oferecemos personaliza\u00e7\u00e3o OEM\/ODM - incluindo capacidade da bolsa, forma, tipo de bico (flip\/rosca) e impress\u00e3o de alta defini\u00e7\u00e3o - para ajudar a sua marca a destacar-se na prateleira.<\/li>\n\n\n\n<li><strong>Op\u00e7\u00f5es ecol\u00f3gicas e recicl\u00e1veis<\/strong>: Os materiais de pel\u00edcula recicl\u00e1veis ou biodegrad\u00e1veis opcionais cumprem os requisitos de embalagem sustent\u00e1vel, reduzindo o impacto ambiental e assegurando simultaneamente uma forte durabilidade e desempenho de selagem.<\/li>\n<\/ul>\n<\/div>\n\n\n\n<div class=\"wp-block-column is-layout-flow wp-block-column-is-layout-flow\">\n<figure class=\"wp-block-image size-full\"><img fetchpriority=\"high\" decoding=\"async\" width=\"750\" height=\"750\" src=\"https:\/\/www.hyflexpack.com\/wp-content\/uploads\/2025\/06\/Custom-Laundry-Spout-Pouch-1.webp\" alt=\"Bolsa de bico para lavandaria personalizada\" class=\"wp-image-7227\" srcset=\"https:\/\/www.hyflexpack.com\/wp-content\/uploads\/2025\/06\/Custom-Laundry-Spout-Pouch-1.webp 750w, https:\/\/www.hyflexpack.com\/wp-content\/uploads\/2025\/06\/Custom-Laundry-Spout-Pouch-1-300x300.webp 300w, https:\/\/www.hyflexpack.com\/wp-content\/uploads\/2025\/06\/Custom-Laundry-Spout-Pouch-1-150x150.webp 150w, https:\/\/www.hyflexpack.com\/wp-content\/uploads\/2025\/06\/Custom-Laundry-Spout-Pouch-1-12x12.webp 12w, https:\/\/www.hyflexpack.com\/wp-content\/uploads\/2025\/06\/Custom-Laundry-Spout-Pouch-1-285x285.webp 285w, https:\/\/www.hyflexpack.com\/wp-content\/uploads\/2025\/06\/Custom-Laundry-Spout-Pouch-1-270x270.webp 270w, https:\/\/www.hyflexpack.com\/wp-content\/uploads\/2025\/06\/Custom-Laundry-Spout-Pouch-1-540x540.webp 540w, https:\/\/www.hyflexpack.com\/wp-content\/uploads\/2025\/06\/Custom-Laundry-Spout-Pouch-1-660x660.webp 660w\" sizes=\"(max-width: 750px) 100vw, 750px\" \/><\/figure>\n<\/div>\n<\/div>\n\n\n\n<p><\/p>","protected":false},"excerpt":{"rendered":"<p>O nosso saco com bico para detergente l\u00edquido personalizado \u00e9 feito de pel\u00edcula laminada PET\/AL\/PE dur\u00e1vel com veda\u00e7\u00e3o \u00e0 prova de fugas. Como um fabricante l\u00edder de embalagem de saco de bico, n\u00f3s fornecemos design gratuito, amostras gr\u00e1tis, e pre\u00e7os competitivos de f\u00e1brica por atacado.<\/p>\n<h3>Vantagens do fornecedor de bolsas com bico para detergente l\u00edquido<\/h3>\n<ul>\n<li><strong>Design personalizado:<\/strong>\u00a0Fornecemos servi\u00e7os personalizados, incluindo personaliza\u00e7\u00e3o de material, tamanho e padr\u00e3o de impress\u00e3o para atender \u00e0s necessidades do cliente, e oferecemos suporte a OEM e ODM.<\/li>\n<li><strong>Fabrico:<\/strong>\u00a0Com equipamento e tecnologia avan\u00e7ados, podemos completar a produ\u00e7\u00e3o de encomendas de forma eficiente e com alta qualidade, e podemos entregar a tempo.<\/li>\n<li><strong>Inspe\u00e7\u00e3o da qualidade:<\/strong>\u00a0A produ\u00e7\u00e3o \u00e9 efectuada em estrita conformidade com as normas de qualidade e os requisitos de seguran\u00e7a alimentar para garantir que os produtos cumprem as normas.<\/li>\n<li><strong>Certifica\u00e7\u00e3o\uff1a<\/strong>\u00a0FDA\/BRC\/ISO 9001\/RoHS<\/li>\n<li><strong>Servi\u00e7o ao cliente:<\/strong>\u00a024 horas para fornecer uma resposta r\u00e1pida e um servi\u00e7o de apoio ao cliente atencioso.<\/li>\n<li><strong>Amostra gr\u00e1tis:<\/strong>\u00a0Oferecemos um servi\u00e7o de amostras gratuitas para o ajudar a avaliar o produto.<\/li>\n<li><strong class=\"skrollable skrollable-between\" data-start=\"895\" data-end=\"917\">Pre\u00e7o competitivo:<\/strong>\u00a0Com uma capacidade de produ\u00e7\u00e3o em grande escala e uma gest\u00e3o eficiente em termos de custos, oferecemos pre\u00e7os competitivos sem comprometer a qualidade do produto.<\/li>\n<\/ul>\n<p><a href=\"https:\/\/www.hyflexpack.com\/pt\/\"><strong>Embalagens Huiyang<\/strong><\/a> est\u00e1 empenhada em fornecer aos clientes sacos com bico para detergente l\u00edquido para os ajudar a melhorar a imagem dos seus produtos e a aumentar a sua competitividade no mercado.<\/p>","protected":false},"featured_media":7227,"comment_status":"open","ping_status":"closed","template":"","meta":[],"product_brand":[],"product_cat":[52],"product_tag":[115],"class_list":{"0":"post-7246","1":"product","2":"type-product","3":"status-publish","4":"has-post-thumbnail","6":"product_cat-custom-daily-chemical-packaging","7":"product_tag-spout-pouch-manufacturer","9":"first","10":"instock","11":"shipping-taxable","12":"product-type-simple"},"_links":{"self":[{"href":"https:\/\/www.hyflexpack.com\/pt\/wp-json\/wp\/v2\/product\/7246","targetHints":{"allow":["GET"]}}],"collection":[{"href":"https:\/\/www.hyflexpack.com\/pt\/wp-json\/wp\/v2\/product"}],"about":[{"href":"https:\/\/www.hyflexpack.com\/pt\/wp-json\/wp\/v2\/types\/product"}],"replies":[{"embeddable":true,"href":"https:\/\/www.hyflexpack.com\/pt\/wp-json\/wp\/v2\/comments?post=7246"}],"wp:featuredmedia":[{"embeddable":true,"href":"https:\/\/www.hyflexpack.com\/pt\/wp-json\/wp\/v2\/media\/7227"}],"wp:attachment":[{"href":"https:\/\/www.hyflexpack.com\/pt\/wp-json\/wp\/v2\/media?parent=7246"}],"wp:term":[{"taxonomy":"product_brand","embeddable":true,"href":"https:\/\/www.hyflexpack.com\/pt\/wp-json\/wp\/v2\/product_brand?post=7246"},{"taxonomy":"product_cat","embeddable":true,"href":"https:\/\/www.hyflexpack.com\/pt\/wp-json\/wp\/v2\/product_cat?post=7246"},{"taxonomy":"product_tag","embeddable":true,"href":"https:\/\/www.hyflexpack.com\/pt\/wp-json\/wp\/v2\/product_tag?post=7246"}],"curies":[{"name":"wp","href":"https:\/\/api.w.org\/{rel}","templated":true}]}}