{"id":7067,"date":"2025-06-06T02:02:55","date_gmt":"2025-06-06T02:02:55","guid":{"rendered":"https:\/\/www.hyflexpack.com\/?post_type=product&#038;p=7067"},"modified":"2026-01-07T08:20:42","modified_gmt":"2026-01-07T08:20:42","slug":"350g-oatmeal-packaging-supplier","status":"publish","type":"product","link":"https:\/\/www.hyflexpack.com\/pt\/product\/350g-oatmeal-packaging-supplier\/","title":{"rendered":"Fornecedor de embalagens de farinha de aveia 350g, saco com fecho de correr personalizado - janela transparente, material composto ecol\u00f3gico"},"content":{"rendered":"<div class=\"wp-block-columns is-layout-flex wp-container-core-columns-is-layout-9d6595d7 wp-block-columns-is-layout-flex\">\n<div class=\"wp-block-column is-layout-flow wp-block-column-is-layout-flow\">\n<h2 class=\"wp-block-heading\">Features Of Oat Powder Zipper Bag Custom<\/h2>\n\n\n\n<ul class=\"wp-block-list\">\n<li>Transparent window quality inspection &#8211; food-grade PET window + high-transparency film layer, visually check the powder quality before opening<\/li>\n\n\n\n<li>Environmentally friendly closed-loop design &#8211; 80% recyclable composite material, in line with the EU Packaging Directive (PPWD)<\/li>\n\n\n\n<li>Strengthened sealing structure &#8211; anti-slip double-track zipper + composite structure, moisture resistance is 30% higher than conventional models on the market<\/li>\n<\/ul>\n<\/div>\n\n\n\n<div class=\"wp-block-column is-layout-flow wp-block-column-is-layout-flow\">\n<figure class=\"wp-block-image size-full\"><img fetchpriority=\"high\" decoding=\"async\" width=\"750\" height=\"750\" src=\"https:\/\/www.hyflexpack.com\/wp-content\/uploads\/2025\/05\/Oat-Powder-Zipper-Bag-Custom-1.webp\" alt=\"Oatmeal Packaging Supplier-Huiyang Packaging\" class=\"wp-image-7050\" srcset=\"https:\/\/www.hyflexpack.com\/wp-content\/uploads\/2025\/05\/Oat-Powder-Zipper-Bag-Custom-1.webp 750w, https:\/\/www.hyflexpack.com\/wp-content\/uploads\/2025\/05\/Oat-Powder-Zipper-Bag-Custom-1-300x300.webp 300w, https:\/\/www.hyflexpack.com\/wp-content\/uploads\/2025\/05\/Oat-Powder-Zipper-Bag-Custom-1-150x150.webp 150w, https:\/\/www.hyflexpack.com\/wp-content\/uploads\/2025\/05\/Oat-Powder-Zipper-Bag-Custom-1-12x12.webp 12w, https:\/\/www.hyflexpack.com\/wp-content\/uploads\/2025\/05\/Oat-Powder-Zipper-Bag-Custom-1-285x285.webp 285w, https:\/\/www.hyflexpack.com\/wp-content\/uploads\/2025\/05\/Oat-Powder-Zipper-Bag-Custom-1-270x270.webp 270w, https:\/\/www.hyflexpack.com\/wp-content\/uploads\/2025\/05\/Oat-Powder-Zipper-Bag-Custom-1-540x540.webp 540w, https:\/\/www.hyflexpack.com\/wp-content\/uploads\/2025\/05\/Oat-Powder-Zipper-Bag-Custom-1-660x660.webp 660w\" sizes=\"(max-width: 750px) 100vw, 750px\" \/><\/figure>\n<\/div>\n<\/div>\n\n\n\n<p><\/p>","protected":false},"excerpt":{"rendered":"<p>As a reliable oatmeal packaging supplier, we offer 350g custom zipper bags made with eco-friendly composite materials. Featuring a clear window for visibility and freshness, our pouches are ideal for brands seeking sustainable, attractive, and functional oatmeal packaging solutions.<\/p>\n<h3>Advantages of 350g Oatmeal Packaging Supplier<\/h3>\n<ul>\n<li><strong>Design personalizado<\/strong>: Fornece solu\u00e7\u00f5es de design personalizado, suporta OEM\/ODM, personalizado com diferentes especifica\u00e7\u00f5es, tamanhos, padr\u00f5es de impress\u00e3o, etc.<\/li>\n<li><strong>Garantia de qualidade<\/strong>: Controlar o processo de produ\u00e7\u00e3o, dispor de materiais de alta qualidade e de equipamentos avan\u00e7ados para garantir a qualidade do produto.<\/li>\n<li><strong>Entrega atempada<\/strong>: Otimizar o processo de produ\u00e7\u00e3o e melhorar a efici\u00eancia da produ\u00e7\u00e3o para garantir a entrega atempada e satisfazer as necessidades urgentes dos clientes.<\/li>\n<li><strong>Suporte t\u00e9cnico profissional<\/strong>: A equipa t\u00e9cnica experiente fornece apoio t\u00e9cnico profissional e servi\u00e7o de consultoria p\u00f3s-venda 24 horas por dia.<\/li>\n<li><strong>Amostra gr\u00e1tis<\/strong>: Fornecer servi\u00e7o de amostra gr\u00e1tis para avaliar os produtos.<\/li>\n<\/ul>","protected":false},"featured_media":7050,"comment_status":"open","ping_status":"closed","template":"","meta":[],"product_brand":[],"product_cat":[97],"product_tag":[116,124],"class_list":{"0":"post-7067","1":"product","2":"type-product","3":"status-publish","4":"has-post-thumbnail","6":"product_cat-cereal-packaging-bags","7":"product_tag-stand-up-pouch-manufacturer","8":"product_tag-zipper-pouch-manufacturer","10":"first","11":"instock","12":"shipping-taxable","13":"product-type-simple"},"_links":{"self":[{"href":"https:\/\/www.hyflexpack.com\/pt\/wp-json\/wp\/v2\/product\/7067","targetHints":{"allow":["GET"]}}],"collection":[{"href":"https:\/\/www.hyflexpack.com\/pt\/wp-json\/wp\/v2\/product"}],"about":[{"href":"https:\/\/www.hyflexpack.com\/pt\/wp-json\/wp\/v2\/types\/product"}],"replies":[{"embeddable":true,"href":"https:\/\/www.hyflexpack.com\/pt\/wp-json\/wp\/v2\/comments?post=7067"}],"wp:featuredmedia":[{"embeddable":true,"href":"https:\/\/www.hyflexpack.com\/pt\/wp-json\/wp\/v2\/media\/7050"}],"wp:attachment":[{"href":"https:\/\/www.hyflexpack.com\/pt\/wp-json\/wp\/v2\/media?parent=7067"}],"wp:term":[{"taxonomy":"product_brand","embeddable":true,"href":"https:\/\/www.hyflexpack.com\/pt\/wp-json\/wp\/v2\/product_brand?post=7067"},{"taxonomy":"product_cat","embeddable":true,"href":"https:\/\/www.hyflexpack.com\/pt\/wp-json\/wp\/v2\/product_cat?post=7067"},{"taxonomy":"product_tag","embeddable":true,"href":"https:\/\/www.hyflexpack.com\/pt\/wp-json\/wp\/v2\/product_tag?post=7067"}],"curies":[{"name":"wp","href":"https:\/\/api.w.org\/{rel}","templated":true}]}}