{"id":6983,"date":"2025-05-26T08:20:58","date_gmt":"2025-05-26T08:20:58","guid":{"rendered":"https:\/\/www.hyflexpack.com\/?post_type=product&#038;p=6983"},"modified":"2026-01-07T08:47:22","modified_gmt":"2026-01-07T08:47:22","slug":"custom-aluminum-foil-bags-for-chocolate","status":"publish","type":"product","link":"https:\/\/www.hyflexpack.com\/pt\/product\/custom-aluminum-foil-bags-for-chocolate\/","title":{"rendered":"Sacos de folha de alum\u00ednio personalizados para chocolate, biscoitos sel\u00e1veis em p\u00e9 na f\u00e1brica"},"content":{"rendered":"<div class=\"wp-block-columns is-layout-flex wp-container-core-columns-is-layout-9d6595d7 wp-block-columns-is-layout-flex\">\n<div class=\"wp-block-column is-layout-flow wp-block-column-is-layout-flow\">\n<h3 class=\"wp-block-heading\">Carater\u00edsticas dos Sacos de Folha de Alum\u00ednio Personalizados para Chocolate, Biscoito<\/h3>\n\n\n\n<ul class=\"wp-block-list\">\n<li><strong>Prote\u00e7\u00e3o de folha de alum\u00ednio de alta barreira<\/strong>: Os nossos sacos de folha de alum\u00ednio personalizados para chocolate utilizam uma camada de folha de alum\u00ednio de 12\u03bcm com um forro de PE de qualidade alimentar para bloquear eficazmente a humidade e o oxig\u00e9nio, evitando a oxida\u00e7\u00e3o da gordura e mantendo os chocolates frescos durante mais tempo.<\/li>\n\n\n\n<li><strong>Fecho de correr fi\u00e1vel e sel\u00e1vel<\/strong>: Equipadas com um fecho de correr refor\u00e7ado, estas bolsas podem ser abertas e fechadas mais de 300 vezes sem perderem o selo, o que as torna perfeitas para os chocolates consumidos em por\u00e7\u00f5es, mantendo o sabor e a textura.<\/li>\n\n\n\n<li><strong>Ecr\u00e3 est\u00e1vel e elegante<\/strong>: Concebidos com um fundo plano e espesso, estes sacos mant\u00eam-se na vertical nas prateleiras, oferecendo um aspeto visual e pr\u00e1tico. Ideal para a exposi\u00e7\u00e3o a retalho de produtos de chocolate e bolachas de qualidade superior.<\/li>\n\n\n\n<li><strong>Totalmente personaliz\u00e1vel para a marca<\/strong>: Oferecemos sacos de folha de alum\u00ednio personalizados para chocolate em v\u00e1rios tamanhos com impress\u00e3o de gravura de alta defini\u00e7\u00e3o, correspond\u00eancia de cores Pantone e op\u00e7\u00f5es de log\u00f3tipo - perfeitos para criar identidade de marca e impacto nas prateleiras.<\/li>\n<\/ul>\n<\/div>\n\n\n\n<div class=\"wp-block-column is-layout-flow wp-block-column-is-layout-flow\">\n<figure class=\"wp-block-image size-full\"><img fetchpriority=\"high\" decoding=\"async\" width=\"750\" height=\"750\" src=\"https:\/\/www.hyflexpack.com\/wp-content\/uploads\/2025\/05\/Custom-Flexible-Packaging-Bags-2.webp\" alt=\"Sacos de folha de alum\u00ednio personalizados para chocolate, bolachas e doces\" class=\"wp-image-7025\" srcset=\"https:\/\/www.hyflexpack.com\/wp-content\/uploads\/2025\/05\/Custom-Flexible-Packaging-Bags-2.webp 750w, https:\/\/www.hyflexpack.com\/wp-content\/uploads\/2025\/05\/Custom-Flexible-Packaging-Bags-2-300x300.webp 300w, https:\/\/www.hyflexpack.com\/wp-content\/uploads\/2025\/05\/Custom-Flexible-Packaging-Bags-2-150x150.webp 150w, https:\/\/www.hyflexpack.com\/wp-content\/uploads\/2025\/05\/Custom-Flexible-Packaging-Bags-2-12x12.webp 12w, https:\/\/www.hyflexpack.com\/wp-content\/uploads\/2025\/05\/Custom-Flexible-Packaging-Bags-2-285x285.webp 285w, https:\/\/www.hyflexpack.com\/wp-content\/uploads\/2025\/05\/Custom-Flexible-Packaging-Bags-2-270x270.webp 270w, https:\/\/www.hyflexpack.com\/wp-content\/uploads\/2025\/05\/Custom-Flexible-Packaging-Bags-2-540x540.webp 540w, https:\/\/www.hyflexpack.com\/wp-content\/uploads\/2025\/05\/Custom-Flexible-Packaging-Bags-2-660x660.webp 660w\" sizes=\"(max-width: 750px) 100vw, 750px\" \/><\/figure>\n<\/div>\n<\/div>\n\n\n\n<div class=\"wp-block-columns is-layout-flex wp-container-core-columns-is-layout-9d6595d7 wp-block-columns-is-layout-flex\">\n<div class=\"wp-block-column is-layout-flow wp-block-column-is-layout-flow\">\n<figure class=\"wp-block-image size-full\"><img decoding=\"async\" width=\"750\" height=\"750\" src=\"https:\/\/www.hyflexpack.com\/wp-content\/uploads\/2025\/05\/Custom-Flexible-Packaging-Bags-4.webp\" alt=\"Sacos de folha de alum\u00ednio personalizados para chocolate, bolachas e doces\" class=\"wp-image-7027\" srcset=\"https:\/\/www.hyflexpack.com\/wp-content\/uploads\/2025\/05\/Custom-Flexible-Packaging-Bags-4.webp 750w, https:\/\/www.hyflexpack.com\/wp-content\/uploads\/2025\/05\/Custom-Flexible-Packaging-Bags-4-300x300.webp 300w, https:\/\/www.hyflexpack.com\/wp-content\/uploads\/2025\/05\/Custom-Flexible-Packaging-Bags-4-150x150.webp 150w, https:\/\/www.hyflexpack.com\/wp-content\/uploads\/2025\/05\/Custom-Flexible-Packaging-Bags-4-12x12.webp 12w, https:\/\/www.hyflexpack.com\/wp-content\/uploads\/2025\/05\/Custom-Flexible-Packaging-Bags-4-285x285.webp 285w, https:\/\/www.hyflexpack.com\/wp-content\/uploads\/2025\/05\/Custom-Flexible-Packaging-Bags-4-270x270.webp 270w, https:\/\/www.hyflexpack.com\/wp-content\/uploads\/2025\/05\/Custom-Flexible-Packaging-Bags-4-540x540.webp 540w, https:\/\/www.hyflexpack.com\/wp-content\/uploads\/2025\/05\/Custom-Flexible-Packaging-Bags-4-660x660.webp 660w\" sizes=\"(max-width: 750px) 100vw, 750px\" \/><\/figure>\n<\/div>\n\n\n\n<div class=\"wp-block-column is-layout-flow wp-block-column-is-layout-flow\">\n<figure class=\"wp-block-image size-full\"><img decoding=\"async\" width=\"750\" height=\"750\" src=\"https:\/\/www.hyflexpack.com\/wp-content\/uploads\/2025\/05\/Custom-Flexible-Packaging-Bags-5.webp\" alt=\"Sacos de folha de alum\u00ednio personalizados para chocolate, bolachas e doces\" class=\"wp-image-7028\" srcset=\"https:\/\/www.hyflexpack.com\/wp-content\/uploads\/2025\/05\/Custom-Flexible-Packaging-Bags-5.webp 750w, https:\/\/www.hyflexpack.com\/wp-content\/uploads\/2025\/05\/Custom-Flexible-Packaging-Bags-5-300x300.webp 300w, https:\/\/www.hyflexpack.com\/wp-content\/uploads\/2025\/05\/Custom-Flexible-Packaging-Bags-5-150x150.webp 150w, https:\/\/www.hyflexpack.com\/wp-content\/uploads\/2025\/05\/Custom-Flexible-Packaging-Bags-5-12x12.webp 12w, https:\/\/www.hyflexpack.com\/wp-content\/uploads\/2025\/05\/Custom-Flexible-Packaging-Bags-5-285x285.webp 285w, https:\/\/www.hyflexpack.com\/wp-content\/uploads\/2025\/05\/Custom-Flexible-Packaging-Bags-5-270x270.webp 270w, https:\/\/www.hyflexpack.com\/wp-content\/uploads\/2025\/05\/Custom-Flexible-Packaging-Bags-5-540x540.webp 540w, https:\/\/www.hyflexpack.com\/wp-content\/uploads\/2025\/05\/Custom-Flexible-Packaging-Bags-5-660x660.webp 660w\" sizes=\"(max-width: 750px) 100vw, 750px\" \/><\/figure>\n<\/div>\n<\/div>","protected":false},"excerpt":{"rendered":"<p data-start=\"1288\" data-end=\"1572\">Descubra sacos de folha de alum\u00ednio personalizados de alto desempenho para chocolate com excelente resist\u00eancia \u00e0 humidade e ao oxig\u00e9nio. Com fechos de correr que podem ser fechados novamente, design vertical e personaliza\u00e7\u00e3o total. Perfeitos para embalagens prontas para venda a retalho de chocolates e bolachas. Contacte-nos para obter solu\u00e7\u00f5es \u00e0 medida! Estamos empenhados em fornecer solu\u00e7\u00f5es de embalagem \u00fanicas, ecol\u00f3gicas e de alta qualidade.<\/p>\n<h3 data-start=\"1288\" data-end=\"1572\">Vantagens do fabricante de sacos de folha de alum\u00ednio<\/h3>\n<ul>\n<li data-start=\"1288\" data-end=\"1572\">Design personalizado: Fornecemos servi\u00e7os personalizados de sacos de embalagem, incluindo personaliza\u00e7\u00e3o de material, tamanho e padr\u00e3o de impress\u00e3o para atender \u00e0s necessidades do cliente, e apoiamos OEM e ODM.<\/li>\n<li data-start=\"1288\" data-end=\"1572\">Fabrico: Com equipamento e tecnologia avan\u00e7ados, podemos completar a produ\u00e7\u00e3o de encomendas de forma eficiente e com alta qualidade, e entregar a tempo.<\/li>\n<li data-start=\"1288\" data-end=\"1572\">Controlo de qualidade: A produ\u00e7\u00e3o \u00e9 efectuada em estrita conformidade com as normas de qualidade e os requisitos de seguran\u00e7a alimentar para garantir que os produtos cumprem as normas.<\/li>\n<li data-start=\"1288\" data-end=\"1572\">Servi\u00e7o ao cliente: Fornecer uma resposta r\u00e1pida e um servi\u00e7o de apoio ao cliente atencioso 24 horas por dia.<\/li>\n<li data-start=\"1288\" data-end=\"1572\">Amostra gr\u00e1tis: Fornecer um servi\u00e7o de amostra gr\u00e1tis para que possa avaliar o produto.<\/li>\n<\/ul>\n<p data-start=\"1288\" data-end=\"1572\"><a href=\"https:\/\/www.hyflexpack.com\/pt\/\"><strong>Embalagens Huiyang<\/strong><\/a> est\u00e1 empenhada em fornecer aos clientes sacos de folha de alum\u00ednio personalizados de alta qualidade para os ajudar a melhorar a imagem dos seus produtos e a aumentar a sua competitividade no mercado.<\/p>","protected":false},"featured_media":7024,"comment_status":"open","ping_status":"closed","template":"","meta":[],"product_brand":[],"product_cat":[96],"product_tag":[116,124],"class_list":{"0":"post-6983","1":"product","2":"type-product","3":"status-publish","4":"has-post-thumbnail","6":"product_cat-chocolate-packaging-bags","7":"product_tag-stand-up-pouch-manufacturer","8":"product_tag-zipper-pouch-manufacturer","10":"first","11":"instock","12":"shipping-taxable","13":"product-type-simple"},"_links":{"self":[{"href":"https:\/\/www.hyflexpack.com\/pt\/wp-json\/wp\/v2\/product\/6983","targetHints":{"allow":["GET"]}}],"collection":[{"href":"https:\/\/www.hyflexpack.com\/pt\/wp-json\/wp\/v2\/product"}],"about":[{"href":"https:\/\/www.hyflexpack.com\/pt\/wp-json\/wp\/v2\/types\/product"}],"replies":[{"embeddable":true,"href":"https:\/\/www.hyflexpack.com\/pt\/wp-json\/wp\/v2\/comments?post=6983"}],"wp:featuredmedia":[{"embeddable":true,"href":"https:\/\/www.hyflexpack.com\/pt\/wp-json\/wp\/v2\/media\/7024"}],"wp:attachment":[{"href":"https:\/\/www.hyflexpack.com\/pt\/wp-json\/wp\/v2\/media?parent=6983"}],"wp:term":[{"taxonomy":"product_brand","embeddable":true,"href":"https:\/\/www.hyflexpack.com\/pt\/wp-json\/wp\/v2\/product_brand?post=6983"},{"taxonomy":"product_cat","embeddable":true,"href":"https:\/\/www.hyflexpack.com\/pt\/wp-json\/wp\/v2\/product_cat?post=6983"},{"taxonomy":"product_tag","embeddable":true,"href":"https:\/\/www.hyflexpack.com\/pt\/wp-json\/wp\/v2\/product_tag?post=6983"}],"curies":[{"name":"wp","href":"https:\/\/api.w.org\/{rel}","templated":true}]}}