{"id":6954,"date":"2025-05-28T08:09:14","date_gmt":"2025-05-28T08:09:14","guid":{"rendered":"https:\/\/www.hyflexpack.com\/?post_type=product&#038;p=6954"},"modified":"2025-12-31T07:47:36","modified_gmt":"2025-12-31T07:47:36","slug":"seafood-and-fish-packaging-bag","status":"publish","type":"product","link":"https:\/\/www.hyflexpack.com\/pt\/product\/seafood-and-fish-packaging-bag\/","title":{"rendered":"Saco de embalagem personalizado para frutos do mar e peixes,Saco de pl\u00e1stico reciclado com selagem t\u00e9rmica"},"content":{"rendered":"<div class=\"wp-block-columns is-layout-flex wp-container-core-columns-is-layout-9d6595d7 wp-block-columns-is-layout-flex\">\n<div class=\"wp-block-column is-layout-flow wp-block-column-is-layout-flow\">\n<h2 class=\"wp-block-heading\">Carater\u00edsticas do Saco de embalagem para marisco e peixe<\/h2>\n\n\n\n<p>Como profissional <strong>fornecedor de bolsas para embalagem de produtos do mar<\/strong>, oferecemos <strong>sacos de embalagem de peixe personalizados<\/strong> concebido para cumprir os mais elevados padr\u00f5es de preserva\u00e7\u00e3o, sustentabilidade e imagem de marca.<\/p>\n\n\n\n<ul class=\"wp-block-list\">\n<li><strong>Ecol\u00f3gico e sustent\u00e1vel<\/strong>: Fabricado a partir de materiais recicl\u00e1veis para ajudar a reduzir as pegadas de carbono e apoiar os objectivos de sustentabilidade da sua marca.<\/li>\n\n\n\n<li><strong>Super Barreira e Vida \u00fatil longa<\/strong>: A estrutura selada a quente de v\u00e1rias camadas (por exemplo, PA\/PE) impede a entrada de humidade, ar e contaminantes, prolongando a vida \u00fatil dos mariscos.<\/li>\n\n\n\n<li><strong>Resistente ao \u00f3leo e \u00e0 prova de fugas<\/strong>: Ideal para marisco fumado ou marinado. Evita as fugas e mant\u00e9m a limpeza durante o transporte.<\/li>\n\n\n\n<li><strong>Resistente \u00e0 cadeia de frio at\u00e9 -25\u00b0C<\/strong>: Resiste a temperaturas de congela\u00e7\u00e3o sem rachar ou deformar - ideal para a log\u00edstica de peixe e marisco congelados.<\/li>\n\n\n\n<li><strong>Resistente a furos para um transporte seguro<\/strong>: As camadas refor\u00e7adas resistem a ossos e conchas afiadas, garantindo a seguran\u00e7a do produto durante o transporte.<\/li>\n\n\n\n<li><strong>Janela transparente para visibilidade do produto<\/strong>: A conce\u00e7\u00e3o de uma montra transparente mostra a frescura e cria confian\u00e7a no consumidor.<\/li>\n\n\n\n<li><strong>Design totalmente personaliz\u00e1vel<\/strong>: Oferecemos personaliza\u00e7\u00e3o total em termos de tamanho, forma e impress\u00e3o - ideal para uma marca \u00fanica de <strong>sacos de embalagem de peixe personalizados<\/strong>.<\/li>\n<\/ul>\n\n\n\n<p>Estabelecer uma parceria com uma empresa de confian\u00e7a <strong>fornecedor de bolsas para embalagem de produtos do mar<\/strong> para elevar a sua marca e proteger o seu produto. Contacte-nos agora para iniciar a sua solu\u00e7\u00e3o personalizada!<\/p>\n<\/div>\n\n\n\n<div class=\"wp-block-column is-layout-flow wp-block-column-is-layout-flow\">\n<figure class=\"wp-block-image size-full\"><img fetchpriority=\"high\" decoding=\"async\" width=\"750\" height=\"750\" src=\"https:\/\/www.hyflexpack.com\/wp-content\/uploads\/2025\/05\/Customized-Recycled-Fish-Packaging-Bag-1.jpg\" alt=\"Fornecedor de sacos de embalagem personalizados para marisco e peixe\" class=\"wp-image-6933\" srcset=\"https:\/\/www.hyflexpack.com\/wp-content\/uploads\/2025\/05\/Customized-Recycled-Fish-Packaging-Bag-1.jpg 750w, https:\/\/www.hyflexpack.com\/wp-content\/uploads\/2025\/05\/Customized-Recycled-Fish-Packaging-Bag-1-300x300.jpg 300w, https:\/\/www.hyflexpack.com\/wp-content\/uploads\/2025\/05\/Customized-Recycled-Fish-Packaging-Bag-1-150x150.jpg 150w, https:\/\/www.hyflexpack.com\/wp-content\/uploads\/2025\/05\/Customized-Recycled-Fish-Packaging-Bag-1-12x12.jpg 12w, https:\/\/www.hyflexpack.com\/wp-content\/uploads\/2025\/05\/Customized-Recycled-Fish-Packaging-Bag-1-285x285.jpg 285w, https:\/\/www.hyflexpack.com\/wp-content\/uploads\/2025\/05\/Customized-Recycled-Fish-Packaging-Bag-1-270x270.jpg 270w, https:\/\/www.hyflexpack.com\/wp-content\/uploads\/2025\/05\/Customized-Recycled-Fish-Packaging-Bag-1-540x540.jpg 540w, https:\/\/www.hyflexpack.com\/wp-content\/uploads\/2025\/05\/Customized-Recycled-Fish-Packaging-Bag-1-660x660.jpg 660w\" sizes=\"(max-width: 750px) 100vw, 750px\" \/><\/figure>\n<\/div>\n<\/div>\n\n\n\n<div class=\"wp-block-columns is-layout-flex wp-container-core-columns-is-layout-9d6595d7 wp-block-columns-is-layout-flex\">\n<div class=\"wp-block-column is-layout-flow wp-block-column-is-layout-flow\">\n<figure class=\"wp-block-image size-full\"><img decoding=\"async\" width=\"750\" height=\"750\" src=\"https:\/\/www.hyflexpack.com\/wp-content\/uploads\/2025\/05\/Customized-Recycled-Fish-Packaging-Bag-2.jpg\" alt=\"Saco de embalagem de peixe e marisco personalizado com janela Fornecedor\" class=\"wp-image-6934\" srcset=\"https:\/\/www.hyflexpack.com\/wp-content\/uploads\/2025\/05\/Customized-Recycled-Fish-Packaging-Bag-2.jpg 750w, https:\/\/www.hyflexpack.com\/wp-content\/uploads\/2025\/05\/Customized-Recycled-Fish-Packaging-Bag-2-300x300.jpg 300w, https:\/\/www.hyflexpack.com\/wp-content\/uploads\/2025\/05\/Customized-Recycled-Fish-Packaging-Bag-2-150x150.jpg 150w, https:\/\/www.hyflexpack.com\/wp-content\/uploads\/2025\/05\/Customized-Recycled-Fish-Packaging-Bag-2-12x12.jpg 12w, https:\/\/www.hyflexpack.com\/wp-content\/uploads\/2025\/05\/Customized-Recycled-Fish-Packaging-Bag-2-285x285.jpg 285w, https:\/\/www.hyflexpack.com\/wp-content\/uploads\/2025\/05\/Customized-Recycled-Fish-Packaging-Bag-2-270x270.jpg 270w, https:\/\/www.hyflexpack.com\/wp-content\/uploads\/2025\/05\/Customized-Recycled-Fish-Packaging-Bag-2-540x540.jpg 540w, https:\/\/www.hyflexpack.com\/wp-content\/uploads\/2025\/05\/Customized-Recycled-Fish-Packaging-Bag-2-660x660.jpg 660w\" sizes=\"(max-width: 750px) 100vw, 750px\" \/><\/figure>\n<\/div>\n\n\n\n<div class=\"wp-block-column is-layout-flow wp-block-column-is-layout-flow\">\n<figure class=\"wp-block-image size-full\"><img decoding=\"async\" width=\"750\" height=\"750\" src=\"https:\/\/www.hyflexpack.com\/wp-content\/uploads\/2025\/05\/Customized-Recycled-Fish-Packaging-Bag-3.jpg\" alt=\"Fornecedor de sacos de embalagem personalizados para marisco e peixe\" class=\"wp-image-6935\" srcset=\"https:\/\/www.hyflexpack.com\/wp-content\/uploads\/2025\/05\/Customized-Recycled-Fish-Packaging-Bag-3.jpg 750w, https:\/\/www.hyflexpack.com\/wp-content\/uploads\/2025\/05\/Customized-Recycled-Fish-Packaging-Bag-3-300x300.jpg 300w, https:\/\/www.hyflexpack.com\/wp-content\/uploads\/2025\/05\/Customized-Recycled-Fish-Packaging-Bag-3-150x150.jpg 150w, https:\/\/www.hyflexpack.com\/wp-content\/uploads\/2025\/05\/Customized-Recycled-Fish-Packaging-Bag-3-12x12.jpg 12w, https:\/\/www.hyflexpack.com\/wp-content\/uploads\/2025\/05\/Customized-Recycled-Fish-Packaging-Bag-3-285x285.jpg 285w, https:\/\/www.hyflexpack.com\/wp-content\/uploads\/2025\/05\/Customized-Recycled-Fish-Packaging-Bag-3-270x270.jpg 270w, https:\/\/www.hyflexpack.com\/wp-content\/uploads\/2025\/05\/Customized-Recycled-Fish-Packaging-Bag-3-540x540.jpg 540w, https:\/\/www.hyflexpack.com\/wp-content\/uploads\/2025\/05\/Customized-Recycled-Fish-Packaging-Bag-3-660x660.jpg 660w\" sizes=\"(max-width: 750px) 100vw, 750px\" \/><\/figure>\n<\/div>\n<\/div>","protected":false},"excerpt":{"rendered":"<p>Feito \u00e0 medida <strong data-start=\"12\" data-end=\"51\">sacos de embalagem de peixe reciclados personalizados<\/strong> para mariscos como filetes congelados, fumados e produtos prontos a comer. Fabricados em pl\u00e1stico termossel\u00e1vel amigo do ambiente, estes sacos oferecem um forte desempenho de reten\u00e7\u00e3o de frescura. Permite a personaliza\u00e7\u00e3o do log\u00f3tipo, do padr\u00e3o e do tamanho. Promova a sua marca ecol\u00f3gica e ganhe a confian\u00e7a dos consumidores. <strong data-start=\"317\" data-end=\"391\" data-is-last-node=\"\">Contacte-nos para um or\u00e7amento - o seu fornecedor fi\u00e1vel de bolsas para embalagens de marisco!<\/strong><\/p>\n<h3>Vantagens do fornecedor de sacos de embalagem para marisco e peixe<\/h3>\n<ul>\n<li>Design personalizado: Fornecemos servi\u00e7os personalizados de sacos de embalagem, incluindo personaliza\u00e7\u00e3o de material, tamanho e padr\u00e3o de impress\u00e3o para atender \u00e0s necessidades do cliente, e apoiamos OEM e ODM.<\/li>\n<li>Fabrico: Com equipamento e tecnologia avan\u00e7ados, podemos completar a produ\u00e7\u00e3o de encomendas de forma eficiente e com alta qualidade, e entregar a tempo.<\/li>\n<li>Controlo de qualidade: A produ\u00e7\u00e3o \u00e9 efectuada em estrita conformidade com as normas de qualidade e os requisitos de seguran\u00e7a alimentar para garantir que os produtos cumprem as normas.<\/li>\n<li>Servi\u00e7o ao cliente: Fornecer uma resposta r\u00e1pida e um servi\u00e7o de apoio ao cliente atencioso 24 horas por dia.<\/li>\n<li>Amostra gr\u00e1tis: Fornecer um servi\u00e7o de amostra gr\u00e1tis para que possa avaliar o produto.<\/li>\n<\/ul>\n<p><strong>Embalagens Huiyang<\/strong> est\u00e1 empenhada em fornecer aos clientes sacos de embalagem de peixe e marisco personalizados de alta qualidade para os ajudar a melhorar a imagem dos seus produtos e a aumentar a sua competitividade no mercado.<\/p>","protected":false},"featured_media":6938,"comment_status":"open","ping_status":"closed","template":"","meta":[],"product_brand":[],"product_cat":[60],"product_tag":[123],"class_list":{"0":"post-6954","1":"product","2":"type-product","3":"status-publish","4":"has-post-thumbnail","6":"product_cat-custom-frozen-food-packaging","7":"product_tag-three-side-seal-pouch-manufacturer","9":"first","10":"instock","11":"shipping-taxable","12":"product-type-simple"},"_links":{"self":[{"href":"https:\/\/www.hyflexpack.com\/pt\/wp-json\/wp\/v2\/product\/6954","targetHints":{"allow":["GET"]}}],"collection":[{"href":"https:\/\/www.hyflexpack.com\/pt\/wp-json\/wp\/v2\/product"}],"about":[{"href":"https:\/\/www.hyflexpack.com\/pt\/wp-json\/wp\/v2\/types\/product"}],"replies":[{"embeddable":true,"href":"https:\/\/www.hyflexpack.com\/pt\/wp-json\/wp\/v2\/comments?post=6954"}],"wp:featuredmedia":[{"embeddable":true,"href":"https:\/\/www.hyflexpack.com\/pt\/wp-json\/wp\/v2\/media\/6938"}],"wp:attachment":[{"href":"https:\/\/www.hyflexpack.com\/pt\/wp-json\/wp\/v2\/media?parent=6954"}],"wp:term":[{"taxonomy":"product_brand","embeddable":true,"href":"https:\/\/www.hyflexpack.com\/pt\/wp-json\/wp\/v2\/product_brand?post=6954"},{"taxonomy":"product_cat","embeddable":true,"href":"https:\/\/www.hyflexpack.com\/pt\/wp-json\/wp\/v2\/product_cat?post=6954"},{"taxonomy":"product_tag","embeddable":true,"href":"https:\/\/www.hyflexpack.com\/pt\/wp-json\/wp\/v2\/product_tag?post=6954"}],"curies":[{"name":"wp","href":"https:\/\/api.w.org\/{rel}","templated":true}]}}