{"id":6952,"date":"2025-05-27T07:22:16","date_gmt":"2025-05-27T07:22:16","guid":{"rendered":"https:\/\/www.hyflexpack.com\/?post_type=product&#038;p=6952"},"modified":"2025-10-23T08:05:05","modified_gmt":"2025-10-23T08:05:05","slug":"custom-dumpling-packaging-bags","status":"publish","type":"product","link":"https:\/\/www.hyflexpack.com\/pt\/product\/custom-dumpling-packaging-bags\/","title":{"rendered":"Sacos de embalagem de bolinho de massa congelados personalizados por atacado, fornecedor de bolsa de embalagem laminada com selo de calor de pl\u00e1stico"},"content":{"rendered":"<div class=\"wp-block-columns is-layout-flex wp-container-core-columns-is-layout-9d6595d7 wp-block-columns-is-layout-flex\">\n<div class=\"wp-block-column is-layout-flow wp-block-column-is-layout-flow\">\n<h2 class=\"wp-block-heading\">Carater\u00edsticas dos sacos de embalagem personalizados para bolinhos de massa congelados<\/h2>\n\n\n\n<ul class=\"wp-block-list\">\n<li>Personaliza\u00e7\u00e3o profunda da marca<br>Suporta design personalizado de log\u00f3tipo, cor e padr\u00e3o para melhorar o reconhecimento da marca.<br>Adapta-se de forma flex\u00edvel a v\u00e1rios tamanhos de bolinhos (tais como bolinhos fritos, bolinhos cozidos a vapor e bolinhos ultracongelados).<\/li>\n\n\n\n<li>Tecnologia de lamina\u00e7\u00e3o de selagem a quente de v\u00e1rias camadas<br>Material comp\u00f3sito PET\/PE, \u00e0 prova de perfura\u00e7\u00e3o, de alta barreira e isolado do vapor de \u00e1gua e da penetra\u00e7\u00e3o de gorduras.<br>A borda selada a quente \u00e9 firmemente selada, e os bolinhos de sopa e os bolinhos manchados de \u00f3leo s\u00e3o embalados sem preocupa\u00e7\u00f5es.<\/li>\n\n\n\n<li>Resistente ao congelamento e a baixas temperaturas<br>Pode suportar um ambiente de congelamento de -30 \u2103, o material \u00e9 flex\u00edvel e n\u00e3o quebradi\u00e7o.<br>Alguns modelos suportam o aquecimento por micro-ondas, o que \u00e9 conveniente para chegar diretamente \u00e0 mesa.<\/li>\n\n\n\n<li>Garantia de certifica\u00e7\u00e3o ambiental<br>Fornecer op\u00e7\u00f5es de materiais recicl\u00e1veis, em conformidade com as normas de qualidade alimentar da FDA\/BRC.<br>Prolongar o prazo de validade, reduzir o desperd\u00edcio alimentar e praticar o desenvolvimento sustent\u00e1vel.<\/li>\n<\/ul>\n<\/div>\n\n\n\n<div class=\"wp-block-column is-layout-flow wp-block-column-is-layout-flow\">\n<figure class=\"wp-block-image size-full\"><img fetchpriority=\"high\" decoding=\"async\" width=\"750\" height=\"750\" src=\"https:\/\/www.hyflexpack.com\/wp-content\/uploads\/2025\/05\/Customized-Dumpling-Packaging-Bags-1.jpg\" alt=\"Sacos de embalagem personalizados para bolinhos de massa congelados\" class=\"wp-image-6928\" srcset=\"https:\/\/www.hyflexpack.com\/wp-content\/uploads\/2025\/05\/Customized-Dumpling-Packaging-Bags-1.jpg 750w, https:\/\/www.hyflexpack.com\/wp-content\/uploads\/2025\/05\/Customized-Dumpling-Packaging-Bags-1-300x300.jpg 300w, https:\/\/www.hyflexpack.com\/wp-content\/uploads\/2025\/05\/Customized-Dumpling-Packaging-Bags-1-150x150.jpg 150w, https:\/\/www.hyflexpack.com\/wp-content\/uploads\/2025\/05\/Customized-Dumpling-Packaging-Bags-1-12x12.jpg 12w, https:\/\/www.hyflexpack.com\/wp-content\/uploads\/2025\/05\/Customized-Dumpling-Packaging-Bags-1-285x285.jpg 285w, https:\/\/www.hyflexpack.com\/wp-content\/uploads\/2025\/05\/Customized-Dumpling-Packaging-Bags-1-270x270.jpg 270w, https:\/\/www.hyflexpack.com\/wp-content\/uploads\/2025\/05\/Customized-Dumpling-Packaging-Bags-1-540x540.jpg 540w, https:\/\/www.hyflexpack.com\/wp-content\/uploads\/2025\/05\/Customized-Dumpling-Packaging-Bags-1-660x660.jpg 660w\" sizes=\"(max-width: 750px) 100vw, 750px\" \/><\/figure>\n<\/div>\n<\/div>\n\n\n\n<p><\/p>","protected":false},"excerpt":{"rendered":"<p>Somos fornecedores e grossistas profissionais de sacos de embalagem de bolinhos de massa congelados personalizados, oferecendo sacos de embalagem de qualidade alimentar congelados e adequados com carater\u00edsticas \u00e0 prova de humidade, anticongelantes e termossel\u00e1veis. Apoiamos a impress\u00e3o personalizada, tamanho diferente e personaliza\u00e7\u00e3o de estrutura para alimentos congelados, como bolinhos, bolinhos de sopa, siu mai e assim por diante. Fornecer servi\u00e7o OEM\/ODM, fornecimento est\u00e1vel de lotes, exportar para todo o mundo, bem-vindo para discutir a coopera\u00e7\u00e3o!<\/p>\n<h3>Vantagens do fornecedor de sacos de embalagem para bolinhos de massa congelados<\/h3>\n<ul>\n<li><strong>Design personalizado<\/strong>: Fornecer solu\u00e7\u00f5es de design personalizadas para satisfazer diferentes especifica\u00e7\u00f5es, tamanhos e requisitos de impress\u00e3o at\u00e9 10 cores de acordo com as necessidades do cliente, apoiar a personaliza\u00e7\u00e3o OEM e ODM.<\/li>\n<li><strong>Garantia de qualidade<\/strong>: Controlo rigoroso do processo de produ\u00e7\u00e3o, utilizando mat\u00e9rias-primas de alta qualidade e equipamento de produ\u00e7\u00e3o avan\u00e7ado para garantir uma qualidade de produto est\u00e1vel e fi\u00e1vel.<\/li>\n<li><strong>Suporte t\u00e9cnico profissional<\/strong>: Com uma equipa t\u00e9cnica experiente, fornecemos apoio t\u00e9cnico profissional e servi\u00e7o p\u00f3s-venda para garantir que as necessidades dos clientes s\u00e3o prontamente respondidas e resolvidas.<\/li>\n<li><strong>Amostra gr\u00e1tis<\/strong>: Fornecer um servi\u00e7o de amostra gr\u00e1tis para que possa avaliar os produtos.<\/li>\n<\/ul>\n<p>A Huiyang Packaging dedica-se a oferecer sacos de embalagem de bolinhos de massa congelados personalizados de alta qualidade que melhoram a imagem do produto e aumentam a competitividade do mercado para os nossos clientes.<\/p>","protected":false},"featured_media":6928,"comment_status":"open","ping_status":"closed","template":"","meta":[],"product_brand":[],"product_cat":[60],"product_tag":[],"class_list":{"0":"post-6952","1":"product","2":"type-product","3":"status-publish","4":"has-post-thumbnail","6":"product_cat-custom-frozen-food-packaging","8":"first","9":"instock","10":"shipping-taxable","11":"product-type-simple"},"_links":{"self":[{"href":"https:\/\/www.hyflexpack.com\/pt\/wp-json\/wp\/v2\/product\/6952","targetHints":{"allow":["GET"]}}],"collection":[{"href":"https:\/\/www.hyflexpack.com\/pt\/wp-json\/wp\/v2\/product"}],"about":[{"href":"https:\/\/www.hyflexpack.com\/pt\/wp-json\/wp\/v2\/types\/product"}],"replies":[{"embeddable":true,"href":"https:\/\/www.hyflexpack.com\/pt\/wp-json\/wp\/v2\/comments?post=6952"}],"wp:featuredmedia":[{"embeddable":true,"href":"https:\/\/www.hyflexpack.com\/pt\/wp-json\/wp\/v2\/media\/6928"}],"wp:attachment":[{"href":"https:\/\/www.hyflexpack.com\/pt\/wp-json\/wp\/v2\/media?parent=6952"}],"wp:term":[{"taxonomy":"product_brand","embeddable":true,"href":"https:\/\/www.hyflexpack.com\/pt\/wp-json\/wp\/v2\/product_brand?post=6952"},{"taxonomy":"product_cat","embeddable":true,"href":"https:\/\/www.hyflexpack.com\/pt\/wp-json\/wp\/v2\/product_cat?post=6952"},{"taxonomy":"product_tag","embeddable":true,"href":"https:\/\/www.hyflexpack.com\/pt\/wp-json\/wp\/v2\/product_tag?post=6952"}],"curies":[{"name":"wp","href":"https:\/\/api.w.org\/{rel}","templated":true}]}}