{"id":6806,"date":"2025-05-13T06:57:45","date_gmt":"2025-05-13T06:57:45","guid":{"rendered":"https:\/\/www.hyflexpack.com\/?post_type=product&#038;p=6806"},"modified":"2026-01-07T08:56:41","modified_gmt":"2026-01-07T08:56:41","slug":"custom-rotisserie-chicken-bag","status":"publish","type":"product","link":"https:\/\/www.hyflexpack.com\/pt\/product\/custom-rotisserie-chicken-bag\/","title":{"rendered":"Saco de Frango Assado Personalizado, Embalagem Doypack com Log\u00f3tipo, Fabricante de Sacos de Frango Assado"},"content":{"rendered":"<div class=\"wp-block-columns is-layout-flex wp-container-core-columns-is-layout-9d6595d7 wp-block-columns-is-layout-flex\">\n<div class=\"wp-block-column is-layout-flow wp-block-column-is-layout-flow\">\n<h2 class=\"wp-block-heading\">Carater\u00edsticas do Saco de Frango para Assar Personalizado<\/h2>\n\n\n\n<ul class=\"wp-block-list\">\n<li><strong>Op\u00e7\u00f5es de marca personalizada<\/strong>: Sendo um fabricante experiente de doypack, oferecemos op\u00e7\u00f5es completas de OEM. Qualquer embalagem personalizada de frango assado pode ter o nome e a marca da sua empresa impressos para proporcionar visibilidade do produto e reconhecimento da marca nos segmentos de retalho e de servi\u00e7os alimentares.<\/li>\n\n\n\n<li><strong>Materiais resistentes e seguros<\/strong>: Constru\u00edda a partir de pl\u00e1stico de qualidade alimentar com excelente resist\u00eancia e durabilidade, a nossa embalagem de frango assado laminado sem BPA promete limpeza, seguran\u00e7a e longevidade durante a armazenagem e o transporte.<\/li>\n\n\n\n<li><strong>Frescura e prote\u00e7\u00e3o<\/strong>: O nosso saco para frango assado \u00e9 especialmente formulado para manter a temperatura, a humidade e a frescura do frango assado e evitar a contamina\u00e7\u00e3o e as fugas.<\/li>\n\n\n\n<li><strong>F\u00e1cil de manusear e c\u00f3modo<\/strong>: Concebido para facilitar a comodidade do cliente, o nosso saco tipo doypack \u00e9 leve, resistente ao calor e inclui pegas ou um fecho de correr (opcional) para facilitar o transporte e o reaquecimento quando necess\u00e1rio.<\/li>\n\n\n\n<li><strong>Design est\u00e1vel em p\u00e9<\/strong>: Como produtor fi\u00e1vel de doypack, oferecemos formatos de stand-up pouch muito vis\u00edveis na prateleira e est\u00e1veis, ideais para a exposi\u00e7\u00e3o em supermercados ou balc\u00f5es de takeaway.<\/li>\n<\/ul>\n<\/div>\n\n\n\n<div class=\"wp-block-column is-layout-flow wp-block-column-is-layout-flow\">\n<figure class=\"wp-block-image size-full\"><img fetchpriority=\"high\" decoding=\"async\" width=\"750\" height=\"750\" src=\"https:\/\/www.hyflexpack.com\/wp-content\/uploads\/2025\/04\/Custom-Plastic-Chicken-Packaging-Bags-5.webp\" alt=\"Fabricante de sacos de frango para assar personalizados\" class=\"wp-image-6785\" srcset=\"https:\/\/www.hyflexpack.com\/wp-content\/uploads\/2025\/04\/Custom-Plastic-Chicken-Packaging-Bags-5.webp 750w, https:\/\/www.hyflexpack.com\/wp-content\/uploads\/2025\/04\/Custom-Plastic-Chicken-Packaging-Bags-5-300x300.webp 300w, https:\/\/www.hyflexpack.com\/wp-content\/uploads\/2025\/04\/Custom-Plastic-Chicken-Packaging-Bags-5-150x150.webp 150w, https:\/\/www.hyflexpack.com\/wp-content\/uploads\/2025\/04\/Custom-Plastic-Chicken-Packaging-Bags-5-12x12.webp 12w, https:\/\/www.hyflexpack.com\/wp-content\/uploads\/2025\/04\/Custom-Plastic-Chicken-Packaging-Bags-5-285x285.webp 285w, https:\/\/www.hyflexpack.com\/wp-content\/uploads\/2025\/04\/Custom-Plastic-Chicken-Packaging-Bags-5-270x270.webp 270w, https:\/\/www.hyflexpack.com\/wp-content\/uploads\/2025\/04\/Custom-Plastic-Chicken-Packaging-Bags-5-540x540.webp 540w, https:\/\/www.hyflexpack.com\/wp-content\/uploads\/2025\/04\/Custom-Plastic-Chicken-Packaging-Bags-5-660x660.webp 660w\" sizes=\"(max-width: 750px) 100vw, 750px\" \/><\/figure>\n<\/div>\n<\/div>","protected":false},"excerpt":{"rendered":"<p>Saiba como os nossos sacos de pl\u00e1stico personalizados para frango grelhado s\u00e3o fabricados com pel\u00edcula de embalagem composta de qualidade alimentar amiga do ambiente. Os sacos de pl\u00e1stico personalizados com log\u00f3tipos s\u00e3o especialmente concebidos para embalar frango grelhado. Este saco de embalagem pode n\u00e3o s\u00f3 embalar bem o frango grelhado, mas tamb\u00e9m melhorar a imagem da marca com log\u00f3tipos personalizados, e \u00e9 conveniente para transportar e exibir produtos de frango grelhado. \u00c9 uma escolha de embalagem ideal para comerciantes de frango grelhado. Contacte-nos hoje para obter um or\u00e7amento. Estamos empenhados em fornecer solu\u00e7\u00f5es de embalagem de alta qualidade e amigas do ambiente.<\/p>\n<h3>Vantagens do fabricante de sacos para frango assado<\/h3>\n<p>Design personalizado: Fornecemos servi\u00e7os personalizados de sacos de embalagem, incluindo material, tamanho e personaliza\u00e7\u00e3o do padr\u00e3o de impress\u00e3o para atender \u00e0s necessidades do cliente, e apoiamos OEM e ODM.<\/p>\n<p>Fabrico: Com equipamento e tecnologia avan\u00e7ados, podemos concluir a produ\u00e7\u00e3o de pedidos de forma eficiente e com alta qualidade, e entregar a tempo.<\/p>\n<p>Inspe\u00e7\u00e3o da qualidade: A produ\u00e7\u00e3o \u00e9 efectuada em estrita conformidade com as normas de qualidade e os requisitos de seguran\u00e7a alimentar para garantir que os produtos cumprem as normas.<\/p>\n<p>Servi\u00e7o ao cliente: Fornecer resposta r\u00e1pida e suporte atencioso ao servi\u00e7o ao cliente 24 horas por dia.<\/p>\n<p>Amostra gr\u00e1tis: Fornecer servi\u00e7o de amostra gr\u00e1tis para avaliar o produto.<\/p>\n<p>A Huiyang Packaging est\u00e1 empenhada em fornecer aos clientes sacos de pl\u00e1stico para embalagem de frango personalizados de alta qualidade, ajudando os clientes a melhorar a imagem dos seus produtos e a aumentar a sua competitividade no mercado.<\/p>","protected":false},"featured_media":6785,"comment_status":"open","ping_status":"closed","template":"","meta":[],"product_brand":[],"product_cat":[88],"product_tag":[124],"class_list":{"0":"post-6806","1":"product","2":"type-product","3":"status-publish","4":"has-post-thumbnail","6":"product_cat-roast-chicken-packaging-bag","7":"product_tag-zipper-pouch-manufacturer","9":"first","10":"instock","11":"shipping-taxable","12":"product-type-simple"},"_links":{"self":[{"href":"https:\/\/www.hyflexpack.com\/pt\/wp-json\/wp\/v2\/product\/6806","targetHints":{"allow":["GET"]}}],"collection":[{"href":"https:\/\/www.hyflexpack.com\/pt\/wp-json\/wp\/v2\/product"}],"about":[{"href":"https:\/\/www.hyflexpack.com\/pt\/wp-json\/wp\/v2\/types\/product"}],"replies":[{"embeddable":true,"href":"https:\/\/www.hyflexpack.com\/pt\/wp-json\/wp\/v2\/comments?post=6806"}],"wp:featuredmedia":[{"embeddable":true,"href":"https:\/\/www.hyflexpack.com\/pt\/wp-json\/wp\/v2\/media\/6785"}],"wp:attachment":[{"href":"https:\/\/www.hyflexpack.com\/pt\/wp-json\/wp\/v2\/media?parent=6806"}],"wp:term":[{"taxonomy":"product_brand","embeddable":true,"href":"https:\/\/www.hyflexpack.com\/pt\/wp-json\/wp\/v2\/product_brand?post=6806"},{"taxonomy":"product_cat","embeddable":true,"href":"https:\/\/www.hyflexpack.com\/pt\/wp-json\/wp\/v2\/product_cat?post=6806"},{"taxonomy":"product_tag","embeddable":true,"href":"https:\/\/www.hyflexpack.com\/pt\/wp-json\/wp\/v2\/product_tag?post=6806"}],"curies":[{"name":"wp","href":"https:\/\/api.w.org\/{rel}","templated":true}]}}