{"id":6722,"date":"2025-06-06T01:51:36","date_gmt":"2025-06-06T01:51:36","guid":{"rendered":"https:\/\/www.hyflexpack.com\/?post_type=product&#038;p=6722"},"modified":"2026-01-07T08:21:30","modified_gmt":"2026-01-07T08:21:30","slug":"oem-food-pouch-for-dried-mulberry","status":"publish","type":"product","link":"https:\/\/www.hyflexpack.com\/pt\/product\/oem-food-pouch-for-dried-mulberry\/","title":{"rendered":"Bolsa de pl\u00e1stico para alimentos OEM para amora seca \uff0c Bolsa laminada reciclada com z\u00edper"},"content":{"rendered":"<div class=\"wp-block-columns is-layout-flex wp-container-core-columns-is-layout-9d6595d7 wp-block-columns-is-layout-flex\">\n<div class=\"wp-block-column is-layout-flow wp-block-column-is-layout-flow\">\n<h2 class=\"wp-block-heading\">Carater\u00edsticas da bolsa pl\u00e1stica para alimentos OEM para amora seca<\/h2>\n\n\n\n<ul class=\"wp-block-list\">\n<li>Estrutura composta: O processo composto de v\u00e1rias camadas \u00e9 adotado para que o saco de embalagem tenha boas propriedades de barreira, o que pode bloquear eficazmente o oxig\u00e9nio, a humidade, o odor, etc., prolongar o prazo de validade das amoras secas e mant\u00ea-las secas e frescas.<\/li>\n\n\n\n<li>Materiais recicl\u00e1veis: Responder ativamente ao conceito de prote\u00e7\u00e3o ambiental, utilizar materiais recicl\u00e1veis para fabricar sacos de embalagem e reduzir o impacto no ambiente.<\/li>\n\n\n\n<li>Aut\u00f3nomo: A estrutura aut\u00f3noma \u00fanica permite que o saco de embalagem permane\u00e7a na vertical quando colocado, atraindo a aten\u00e7\u00e3o dos consumidores, ao mesmo tempo que poupa espa\u00e7o de armazenamento, facilitando a exposi\u00e7\u00e3o e a gest\u00e3o dos produtos por parte dos comerciantes.<\/li>\n\n\n\n<li>Fecho de correr: Equipado com um design de fecho de correr, \u00e9 conveniente para os consumidores abrirem e fecharem o saco de embalagem v\u00e1rias vezes, assegurando que, ap\u00f3s cada utiliza\u00e7\u00e3o de amoras secas, os restantes produtos no saco podem ainda ser bem selados e preservados para evitar a humidade e a deteriora\u00e7\u00e3o.<\/li>\n<\/ul>\n<\/div>\n\n\n\n<div class=\"wp-block-column is-layout-flow wp-block-column-is-layout-flow\">\n<figure class=\"wp-block-image size-full\"><img fetchpriority=\"high\" decoding=\"async\" width=\"750\" height=\"750\" src=\"https:\/\/www.hyflexpack.com\/wp-content\/uploads\/2025\/04\/OEM-Plastic-Food-Pouch-for-Dried-Mulberry1.webp\" alt=\"Bolsa de pl\u00e1stico para alimentos OEM para amora seca\" class=\"wp-image-6708\" srcset=\"https:\/\/www.hyflexpack.com\/wp-content\/uploads\/2025\/04\/OEM-Plastic-Food-Pouch-for-Dried-Mulberry1.webp 750w, https:\/\/www.hyflexpack.com\/wp-content\/uploads\/2025\/04\/OEM-Plastic-Food-Pouch-for-Dried-Mulberry1-300x300.webp 300w, https:\/\/www.hyflexpack.com\/wp-content\/uploads\/2025\/04\/OEM-Plastic-Food-Pouch-for-Dried-Mulberry1-150x150.webp 150w, https:\/\/www.hyflexpack.com\/wp-content\/uploads\/2025\/04\/OEM-Plastic-Food-Pouch-for-Dried-Mulberry1-12x12.webp 12w, https:\/\/www.hyflexpack.com\/wp-content\/uploads\/2025\/04\/OEM-Plastic-Food-Pouch-for-Dried-Mulberry1-285x285.webp 285w, https:\/\/www.hyflexpack.com\/wp-content\/uploads\/2025\/04\/OEM-Plastic-Food-Pouch-for-Dried-Mulberry1-270x270.webp 270w, https:\/\/www.hyflexpack.com\/wp-content\/uploads\/2025\/04\/OEM-Plastic-Food-Pouch-for-Dried-Mulberry1-540x540.webp 540w, https:\/\/www.hyflexpack.com\/wp-content\/uploads\/2025\/04\/OEM-Plastic-Food-Pouch-for-Dried-Mulberry1-660x660.webp 660w\" sizes=\"(max-width: 750px) 100vw, 750px\" \/><\/figure>\n<\/div>\n<\/div>\n\n\n\n<p><\/p>","protected":false},"excerpt":{"rendered":"<p>Este \u00e9 um saco de pl\u00e1stico personalizado para embalagem de frutos secos. Trata-se de um saco flex\u00edvel para embalagem de alimentos com fecho de correr. Foi concebido para conter frutos secos. O saco \u00e9 feito de pl\u00e1stico, o que o torna forte e leve. O design aut\u00f3nomo \u00e9 conveniente para exposi\u00e7\u00e3o e armazenamento. O fecho de correr proporciona uma forma conveniente de abrir e fechar o saco, mantendo os frutos secos frescos. Pode ser personalizado de acordo com as necessidades espec\u00edficas do cliente, como a adi\u00e7\u00e3o de um log\u00f3tipo ou design. Contacte-nos hoje para obter um or\u00e7amento. Estamos empenhados em fornecer solu\u00e7\u00f5es de embalagem \u00fanicas, ecol\u00f3gicas e de alta qualidade.<\/p>\n<h3>Vantagens da bolsa de pl\u00e1stico para frutos secos personalizada de alta qualidade<\/h3>\n<ul>\n<li>Design personalizado: Fornecemos servi\u00e7os personalizados de sacos de embalagem, incluindo personaliza\u00e7\u00e3o de material, tamanho e padr\u00e3o de impress\u00e3o para atender \u00e0s necessidades do cliente, e apoiamos OEM e ODM.<\/li>\n<li>Fabrico: Com equipamento e tecnologia avan\u00e7ados, podemos completar a produ\u00e7\u00e3o de encomendas de forma eficiente e com alta qualidade, e entregar a tempo.<\/li>\n<li>Controlo de qualidade: A produ\u00e7\u00e3o \u00e9 efectuada em estrita conformidade com as normas de qualidade e os requisitos de seguran\u00e7a alimentar para garantir que os produtos cumprem as normas.<\/li>\n<li>Servi\u00e7o ao cliente: Fornecer uma resposta r\u00e1pida e um servi\u00e7o de apoio ao cliente atencioso 24 horas por dia.<\/li>\n<li>Amostra gr\u00e1tis: Fornecer um servi\u00e7o de amostra gr\u00e1tis para que possa avaliar o produto.<\/li>\n<\/ul>\n<p>A Huiyang Packaging est\u00e1 empenhada em fornecer aos clientes sacos de pl\u00e1stico para frutos secos personalizados de alta qualidade, ajudando-os a melhorar a imagem dos seus produtos e a aumentar a sua competitividade no mercado.<\/p>","protected":false},"featured_media":6708,"comment_status":"open","ping_status":"closed","template":"","meta":[],"product_brand":[],"product_cat":[87],"product_tag":[116,124],"class_list":{"0":"post-6722","1":"product","2":"type-product","3":"status-publish","4":"has-post-thumbnail","6":"product_cat-dried-fruit-packaging-bags-wholesale","7":"product_tag-stand-up-pouch-manufacturer","8":"product_tag-zipper-pouch-manufacturer","10":"first","11":"instock","12":"shipping-taxable","13":"product-type-simple"},"_links":{"self":[{"href":"https:\/\/www.hyflexpack.com\/pt\/wp-json\/wp\/v2\/product\/6722","targetHints":{"allow":["GET"]}}],"collection":[{"href":"https:\/\/www.hyflexpack.com\/pt\/wp-json\/wp\/v2\/product"}],"about":[{"href":"https:\/\/www.hyflexpack.com\/pt\/wp-json\/wp\/v2\/types\/product"}],"replies":[{"embeddable":true,"href":"https:\/\/www.hyflexpack.com\/pt\/wp-json\/wp\/v2\/comments?post=6722"}],"wp:featuredmedia":[{"embeddable":true,"href":"https:\/\/www.hyflexpack.com\/pt\/wp-json\/wp\/v2\/media\/6708"}],"wp:attachment":[{"href":"https:\/\/www.hyflexpack.com\/pt\/wp-json\/wp\/v2\/media?parent=6722"}],"wp:term":[{"taxonomy":"product_brand","embeddable":true,"href":"https:\/\/www.hyflexpack.com\/pt\/wp-json\/wp\/v2\/product_brand?post=6722"},{"taxonomy":"product_cat","embeddable":true,"href":"https:\/\/www.hyflexpack.com\/pt\/wp-json\/wp\/v2\/product_cat?post=6722"},{"taxonomy":"product_tag","embeddable":true,"href":"https:\/\/www.hyflexpack.com\/pt\/wp-json\/wp\/v2\/product_tag?post=6722"}],"curies":[{"name":"wp","href":"https:\/\/api.w.org\/{rel}","templated":true}]}}