{"id":6523,"date":"2025-04-09T19:14:00","date_gmt":"2025-04-09T19:14:00","guid":{"rendered":"https:\/\/www.hyflexpack.com\/?post_type=product&#038;p=6523"},"modified":"2025-11-04T09:20:12","modified_gmt":"2025-11-04T09:20:12","slug":"custom-printed-pvc-heat-shrink-film","status":"publish","type":"product","link":"https:\/\/www.hyflexpack.com\/pt\/product\/custom-printed-pvc-heat-shrink-film\/","title":{"rendered":"Pel\u00edcula termorretr\u00e1ctil de PVC com impress\u00e3o personalizada para v\u00e1rios produtos"},"content":{"rendered":"<div class=\"wp-block-columns is-layout-flex wp-container-core-columns-is-layout-9d6595d7 wp-block-columns-is-layout-flex\">\n<div class=\"wp-block-column is-layout-flow wp-block-column-is-layout-flow\">\n<h2 class=\"wp-block-heading\">Carater\u00edsticas da pel\u00edcula termorretr\u00e1til de PVC com impress\u00e3o personalizada<\/h2>\n\n\n\n<ul class=\"wp-block-list\">\n<li>A nossa pel\u00edcula termorretr\u00e1ctil de PVC com impress\u00e3o personalizada \u00e9 feita de PVC de alta qualidade com excelente flexibilidade e durabilidade. Tem uma vasta gama de aplica\u00e7\u00f5es e pode ser adaptada a todos os tipos de produtos. A pel\u00edcula termorretr\u00e1ctil utiliza tecnologia de impress\u00e3o avan\u00e7ada para conseguir uma impress\u00e3o personalizada eficiente, precisa e colorida, apresentando claramente padr\u00f5es e log\u00f3tipos exclusivos. Ao mesmo tempo, tem um excelente desempenho de prote\u00e7\u00e3o, pode resistir ao impacto externo, humidade e poeira, e proteger eficazmente o produto. Al\u00e9m disso, tamb\u00e9m fornecemos op\u00e7\u00f5es amigas do ambiente, ao mesmo tempo que satisfazemos as necessidades de embalagem, tendo em conta os conceitos de prote\u00e7\u00e3o ambiental, fornecendo uma gama completa de solu\u00e7\u00f5es personalizadas e amigas do ambiente para a embalagem do seu produto<\/li>\n<\/ul>\n<\/div>\n\n\n\n<div class=\"wp-block-column is-layout-flow wp-block-column-is-layout-flow\">\n<figure class=\"wp-block-image size-full\"><img fetchpriority=\"high\" decoding=\"async\" width=\"750\" height=\"750\" src=\"https:\/\/www.hyflexpack.com\/wp-content\/uploads\/2025\/03\/Custom-Printed-PVC-Heat-Shrink-Film1.webp\" alt=\"Pel\u00edcula termo-retr\u00e1til de PVC com impress\u00e3o personalizada\" class=\"wp-image-6497\" srcset=\"https:\/\/www.hyflexpack.com\/wp-content\/uploads\/2025\/03\/Custom-Printed-PVC-Heat-Shrink-Film1.webp 750w, https:\/\/www.hyflexpack.com\/wp-content\/uploads\/2025\/03\/Custom-Printed-PVC-Heat-Shrink-Film1-300x300.webp 300w, https:\/\/www.hyflexpack.com\/wp-content\/uploads\/2025\/03\/Custom-Printed-PVC-Heat-Shrink-Film1-150x150.webp 150w, https:\/\/www.hyflexpack.com\/wp-content\/uploads\/2025\/03\/Custom-Printed-PVC-Heat-Shrink-Film1-12x12.webp 12w, https:\/\/www.hyflexpack.com\/wp-content\/uploads\/2025\/03\/Custom-Printed-PVC-Heat-Shrink-Film1-285x285.webp 285w, https:\/\/www.hyflexpack.com\/wp-content\/uploads\/2025\/03\/Custom-Printed-PVC-Heat-Shrink-Film1-270x270.webp 270w, https:\/\/www.hyflexpack.com\/wp-content\/uploads\/2025\/03\/Custom-Printed-PVC-Heat-Shrink-Film1-540x540.webp 540w, https:\/\/www.hyflexpack.com\/wp-content\/uploads\/2025\/03\/Custom-Printed-PVC-Heat-Shrink-Film1-660x660.webp 660w\" sizes=\"(max-width: 750px) 100vw, 750px\" \/><\/figure>\n<\/div>\n<\/div>\n\n\n\n<p><\/p>","protected":false},"excerpt":{"rendered":"<p>A nossa pel\u00edcula termorretr\u00e1ctil de PVC com impress\u00e3o personalizada \u00e9 feita de material de PVC de alta qualidade com excelente desempenho de encolhimento. Pode encaixar o produto firmemente e fornecer prote\u00e7\u00e3o de embalagem completa. A boa transpar\u00eancia permite que o produto seja claramente exibido, aumentando o apelo visual. Esta pel\u00edcula termorretr\u00e1ctil n\u00e3o \u00e9 apenas forte e dur\u00e1vel, mas pode suportar certos impactos externos e fric\u00e7\u00e3o, protegendo eficazmente o produto de danos durante o transporte e armazenamento. Tem tamb\u00e9m uma vasta gama de aplica\u00e7\u00f5es. Quer se trate de alimentos, necessidades di\u00e1rias ou produtos electr\u00f3nicos, pode ser utilizada para obter uma embalagem perfeita e melhorar a qualidade geral e a competitividade do produto no mercado. Contacte-nos hoje e deixe-nos personalizar a sua embalagem alimentar exclusiva! Vantagens do filme termoencolh\u00edvel de PVC impresso personalizado de alta qualidade \u25cfDesign personalizado: N\u00f3s fornecemos servi\u00e7os personalizados, incluindo material, tamanho e personaliza\u00e7\u00e3o do padr\u00e3o de impress\u00e3o para atender \u00e0s necessidades do cliente, e suporte OEM e ODM. Fabrico: Adoptamos linhas de produ\u00e7\u00e3o de comp\u00f3sitos avan\u00e7adas internacionalmente e sistemas de controlo autom\u00e1tico para garantir processos de produ\u00e7\u00e3o eficientes e est\u00e1veis e entrega atempada. Inspe\u00e7\u00e3o da qualidade: Produzir rigorosamente de acordo com os padr\u00f5es de qualidade e requisitos de seguran\u00e7a alimentar para garantir que os produtos atendam aos padr\u00f5es. Servi\u00e7o ao cliente: Fornecer resposta r\u00e1pida e suporte atencioso de atendimento ao cliente 24 horas por dia. Amostras gr\u00e1tis: Fa\u00e7a pequenas amostras de lote para os clientes experimentarem e avaliarem A Huiyang Packaging est\u00e1 empenhada em fornecer aos clientes filme termoencolh\u00edvel de PVC impresso personalizado de alta qualidade para ajud\u00e1-los a melhorar a imagem de seus produtos e aumentar sua competitividade no mercado.<\/p>","protected":false},"featured_media":6497,"comment_status":"open","ping_status":"closed","template":"","meta":[],"product_brand":[],"product_cat":[84,53],"product_tag":[],"class_list":{"0":"post-6523","1":"product","2":"type-product","3":"status-publish","4":"has-post-thumbnail","6":"product_cat-shrink-sleeve-film","7":"product_cat-packaging-film-supplier","9":"first","10":"instock","11":"shipping-taxable","12":"product-type-simple"},"_links":{"self":[{"href":"https:\/\/www.hyflexpack.com\/pt\/wp-json\/wp\/v2\/product\/6523","targetHints":{"allow":["GET"]}}],"collection":[{"href":"https:\/\/www.hyflexpack.com\/pt\/wp-json\/wp\/v2\/product"}],"about":[{"href":"https:\/\/www.hyflexpack.com\/pt\/wp-json\/wp\/v2\/types\/product"}],"replies":[{"embeddable":true,"href":"https:\/\/www.hyflexpack.com\/pt\/wp-json\/wp\/v2\/comments?post=6523"}],"wp:featuredmedia":[{"embeddable":true,"href":"https:\/\/www.hyflexpack.com\/pt\/wp-json\/wp\/v2\/media\/6497"}],"wp:attachment":[{"href":"https:\/\/www.hyflexpack.com\/pt\/wp-json\/wp\/v2\/media?parent=6523"}],"wp:term":[{"taxonomy":"product_brand","embeddable":true,"href":"https:\/\/www.hyflexpack.com\/pt\/wp-json\/wp\/v2\/product_brand?post=6523"},{"taxonomy":"product_cat","embeddable":true,"href":"https:\/\/www.hyflexpack.com\/pt\/wp-json\/wp\/v2\/product_cat?post=6523"},{"taxonomy":"product_tag","embeddable":true,"href":"https:\/\/www.hyflexpack.com\/pt\/wp-json\/wp\/v2\/product_tag?post=6523"}],"curies":[{"name":"wp","href":"https:\/\/api.w.org\/{rel}","templated":true}]}}