{"id":6492,"date":"2025-06-05T20:07:54","date_gmt":"2025-06-05T20:07:54","guid":{"rendered":"https:\/\/www.hyflexpack.com\/?post_type=product&#038;p=6492"},"modified":"2025-12-31T07:45:56","modified_gmt":"2025-12-31T07:45:56","slug":"custom-coffee-powder-packaging-bag","status":"publish","type":"product","link":"https:\/\/www.hyflexpack.com\/pt\/product\/custom-coffee-powder-packaging-bag\/","title":{"rendered":"Saco de embalagem de caf\u00e9 em p\u00f3 personalizado, Saco de folha de alum\u00ednio com refor\u00e7o lateral laminado de pl\u00e1stico"},"content":{"rendered":"<div class=\"wp-block-columns is-layout-flex wp-container-core-columns-is-layout-9d6595d7 wp-block-columns-is-layout-flex\">\n<div class=\"wp-block-column is-layout-flow wp-block-column-is-layout-flow\">\n<h2 class=\"wp-block-heading\">Carater\u00edsticas do saco de embalagem de caf\u00e9 em p\u00f3 personalizado<\/h2>\n\n\n\n<ul class=\"wp-block-list\">\n<li>O nosso saco exterior de saqueta de caf\u00e9 em p\u00f3 personalizado utiliza um design de inser\u00e7\u00e3o lateral na forma do saco, o que n\u00e3o s\u00f3 aumenta a capacidade do saco e pode conter mais p\u00f3 de caf\u00e9, mas tamb\u00e9m torna o saco mais est\u00e1vel quando colocado, e \u00e9 muito apelativo quando exposto na prateleira.<\/li>\n\n\n\n<li>O material \u00e9 uma folha de alum\u00ednio composta por pl\u00e1stico, o que torna o saco potente. A parte da folha de alum\u00ednio pode bloquear eficazmente o oxig\u00e9nio, a humidade e a luz, evitar a oxida\u00e7\u00e3o, a humidade e a deteriora\u00e7\u00e3o do caf\u00e9 e reter ao m\u00e1ximo o aroma e o sabor do caf\u00e9; a camada de pl\u00e1stico aumenta a flexibilidade e a durabilidade do saco e n\u00e3o \u00e9 f\u00e1cil de partir.<\/li>\n\n\n\n<li>O tamanho permite a personaliza\u00e7\u00e3o e pode ser ajustado de forma flex\u00edvel de acordo com as necessidades do cliente. Quer se trate de uma \u00fanica embalagem pequena ou de um tamanho grande para uso familiar, pode satisfazer as necessidades e adaptar-se a uma variedade de cen\u00e1rios e canais de venda.<\/li>\n<\/ul>\n<\/div>\n\n\n\n<div class=\"wp-block-column is-layout-flow wp-block-column-is-layout-flow\">\n<figure class=\"wp-block-image size-full\"><img fetchpriority=\"high\" decoding=\"async\" width=\"750\" height=\"750\" src=\"https:\/\/www.hyflexpack.com\/wp-content\/uploads\/2025\/03\/Custom-Coffee-Powder-Sachet-Outer-Bag-2.webp\" alt=\"Saco exterior personalizado para saquetas de caf\u00e9 em p\u00f3\" class=\"wp-image-6464\" srcset=\"https:\/\/www.hyflexpack.com\/wp-content\/uploads\/2025\/03\/Custom-Coffee-Powder-Sachet-Outer-Bag-2.webp 750w, https:\/\/www.hyflexpack.com\/wp-content\/uploads\/2025\/03\/Custom-Coffee-Powder-Sachet-Outer-Bag-2-300x300.webp 300w, https:\/\/www.hyflexpack.com\/wp-content\/uploads\/2025\/03\/Custom-Coffee-Powder-Sachet-Outer-Bag-2-150x150.webp 150w, https:\/\/www.hyflexpack.com\/wp-content\/uploads\/2025\/03\/Custom-Coffee-Powder-Sachet-Outer-Bag-2-12x12.webp 12w, https:\/\/www.hyflexpack.com\/wp-content\/uploads\/2025\/03\/Custom-Coffee-Powder-Sachet-Outer-Bag-2-285x285.webp 285w, https:\/\/www.hyflexpack.com\/wp-content\/uploads\/2025\/03\/Custom-Coffee-Powder-Sachet-Outer-Bag-2-270x270.webp 270w, https:\/\/www.hyflexpack.com\/wp-content\/uploads\/2025\/03\/Custom-Coffee-Powder-Sachet-Outer-Bag-2-540x540.webp 540w, https:\/\/www.hyflexpack.com\/wp-content\/uploads\/2025\/03\/Custom-Coffee-Powder-Sachet-Outer-Bag-2-660x660.webp 660w\" sizes=\"(max-width: 750px) 100vw, 750px\" \/><\/figure>\n<\/div>\n<\/div>","protected":false},"excerpt":{"rendered":"<p>Explore os nossos sacos de embalagem de caf\u00e9 em p\u00f3, a aplica\u00e7\u00e3o de material composto pode proporcionar uma boa fun\u00e7\u00e3o anti-humidade e anti-est\u00e1tica, e um elevado desempenho de barreira para garantir que o caf\u00e9 est\u00e1 seco e seguro, e que os gr\u00e3os de caf\u00e9 n\u00e3o se estragam com a humidade. O fundo mais largo torna todo o saco mais inclusivo. Contacte-nos hoje para obter um or\u00e7amento gratuito, estamos empenhados em fornecer solu\u00e7\u00f5es de embalagem \u00fanicas, ecol\u00f3gicas e de qualidade.<\/p>\n<h3>Vantagens do fornecedor de sacos de embalagem de caf\u00e9<\/h3>\n<ul>\n<li><strong>Design personalizado<\/strong>: Fornecer solu\u00e7\u00f5es de design personalizadas para satisfazer diferentes especifica\u00e7\u00f5es, tamanhos e requisitos de impress\u00e3o at\u00e9 10 cores de acordo com as necessidades do cliente, apoiar a personaliza\u00e7\u00e3o OEM e ODM.<\/li>\n<li><strong>Garantia de qualidade<\/strong>: Controlo rigoroso do processo de produ\u00e7\u00e3o, utilizando mat\u00e9rias-primas de alta qualidade e equipamento de produ\u00e7\u00e3o avan\u00e7ado para garantir uma qualidade de produto est\u00e1vel e fi\u00e1vel.<\/li>\n<li><strong>Suporte t\u00e9cnico profissional<\/strong>: Com a nossa equipa t\u00e9cnica experiente, fornecemos apoio t\u00e9cnico profissional e servi\u00e7o p\u00f3s-venda para garantir que as necessidades dos clientes s\u00e3o prontamente respondidas e resolvidas.<\/li>\n<li><strong>Amostra gr\u00e1tis<\/strong>: Fornecer servi\u00e7o de amostra gr\u00e1tis para avaliar os produtos.<\/li>\n<\/ul>\n<p>A Huiyang Packaging dedica-se a oferecer sacos de embalagem de caf\u00e9 personalizados e de alta qualidade que melhoram a imagem do produto e aumentam a competitividade do mercado para os nossos clientes.<\/p>","protected":false},"featured_media":6463,"comment_status":"open","ping_status":"closed","template":"","meta":[],"product_brand":[],"product_cat":[55],"product_tag":[122,118],"class_list":{"0":"post-6492","1":"product","2":"type-product","3":"status-publish","4":"has-post-thumbnail","6":"product_cat-custom-coffee-packaging","7":"product_tag-gusset-pouch-manufacturer","8":"product_tag-quad-seal-bag-manufacturer","10":"first","11":"instock","12":"shipping-taxable","13":"product-type-simple"},"_links":{"self":[{"href":"https:\/\/www.hyflexpack.com\/pt\/wp-json\/wp\/v2\/product\/6492","targetHints":{"allow":["GET"]}}],"collection":[{"href":"https:\/\/www.hyflexpack.com\/pt\/wp-json\/wp\/v2\/product"}],"about":[{"href":"https:\/\/www.hyflexpack.com\/pt\/wp-json\/wp\/v2\/types\/product"}],"replies":[{"embeddable":true,"href":"https:\/\/www.hyflexpack.com\/pt\/wp-json\/wp\/v2\/comments?post=6492"}],"wp:featuredmedia":[{"embeddable":true,"href":"https:\/\/www.hyflexpack.com\/pt\/wp-json\/wp\/v2\/media\/6463"}],"wp:attachment":[{"href":"https:\/\/www.hyflexpack.com\/pt\/wp-json\/wp\/v2\/media?parent=6492"}],"wp:term":[{"taxonomy":"product_brand","embeddable":true,"href":"https:\/\/www.hyflexpack.com\/pt\/wp-json\/wp\/v2\/product_brand?post=6492"},{"taxonomy":"product_cat","embeddable":true,"href":"https:\/\/www.hyflexpack.com\/pt\/wp-json\/wp\/v2\/product_cat?post=6492"},{"taxonomy":"product_tag","embeddable":true,"href":"https:\/\/www.hyflexpack.com\/pt\/wp-json\/wp\/v2\/product_tag?post=6492"}],"curies":[{"name":"wp","href":"https:\/\/api.w.org\/{rel}","templated":true}]}}