{"id":6423,"date":"2025-03-14T10:09:17","date_gmt":"2025-03-14T10:09:17","guid":{"rendered":"https:\/\/www.hyflexpack.com\/?post_type=product&#038;p=6423"},"modified":"2025-03-14T10:09:19","modified_gmt":"2025-03-14T10:09:19","slug":"custom-coffee-bean-bags-wholesale","status":"publish","type":"product","link":"https:\/\/www.hyflexpack.com\/pt\/product\/custom-coffee-bean-bags-wholesale\/","title":{"rendered":"Sacos de caf\u00e9 em gr\u00e3o personalizados Saco de papel kraft por atacado Saco de pl\u00e1stico com v\u00e1lvula"},"content":{"rendered":"<div class=\"wp-block-columns is-layout-flex wp-container-core-columns-is-layout-9d6595d7 wp-block-columns-is-layout-flex\">\n<div class=\"wp-block-column is-layout-flow wp-block-column-is-layout-flow\">\n<h2 class=\"wp-block-heading\">Carater\u00edsticas dos sacos de caf\u00e9 em gr\u00e3o personalizados com v\u00e1lvula<\/h2>\n\n\n\n<ul class=\"wp-block-list\">\n<li>Materiais amigos do ambiente: O nosso saco de caf\u00e9 em gr\u00e3o personalizado com v\u00e1lvula \u00e9 fabricado em polietileno de alta densidade (HDPE) de qualidade alimentar ou folha de alum\u00ednio e papel kraft para garantir a estanquicidade e a durabilidade do saco. <\/li>\n\n\n\n<li>O saco est\u00e1 equipado com uma v\u00e1lvula de ar para facilitar o controlo da press\u00e3o do ar durante a prepara\u00e7\u00e3o e garantir o sabor e a solubilidade dos gr\u00e3os de caf\u00e9. <\/li>\n\n\n\n<li>Fecho de correr: O fecho de correr incorporado \u00e9 pr\u00e1tico para abrir o selo v\u00e1rias vezes e manter o caf\u00e9 seco e seguro. <\/li>\n\n\n\n<li>Fornecer uma variedade de modelos de sacos: Personalizar o tipo de saco de acordo com o posicionamento no mercado.<\/li>\n<\/ul>\n<\/div>\n\n\n\n<div class=\"wp-block-column is-layout-flow wp-block-column-is-layout-flow\">\n<figure class=\"wp-block-image size-full\"><img fetchpriority=\"high\" decoding=\"async\" width=\"750\" height=\"750\" src=\"https:\/\/www.hyflexpack.com\/wp-content\/uploads\/2025\/03\/3424.jpg\" alt=\"Saco de caf\u00e9 em gr\u00e3o personalizado com v\u00e1lvula\" class=\"wp-image-6403\" srcset=\"https:\/\/www.hyflexpack.com\/wp-content\/uploads\/2025\/03\/3424.jpg 750w, https:\/\/www.hyflexpack.com\/wp-content\/uploads\/2025\/03\/3424-300x300.jpg 300w, https:\/\/www.hyflexpack.com\/wp-content\/uploads\/2025\/03\/3424-150x150.jpg 150w, https:\/\/www.hyflexpack.com\/wp-content\/uploads\/2025\/03\/3424-12x12.jpg 12w, https:\/\/www.hyflexpack.com\/wp-content\/uploads\/2025\/03\/3424-285x285.jpg 285w, https:\/\/www.hyflexpack.com\/wp-content\/uploads\/2025\/03\/3424-270x270.jpg 270w, https:\/\/www.hyflexpack.com\/wp-content\/uploads\/2025\/03\/3424-540x540.jpg 540w, https:\/\/www.hyflexpack.com\/wp-content\/uploads\/2025\/03\/3424-660x660.jpg 660w\" sizes=\"(max-width: 750px) 100vw, 750px\" \/><\/figure>\n<\/div>\n<\/div>\n\n\n\n<p><\/p>","protected":false},"excerpt":{"rendered":"<p>Conhe\u00e7a o nosso saco de caf\u00e9 em gr\u00e3o personalizado com v\u00e1lvula. Feito de pl\u00e1stico, papel kraft e folha de alum\u00ednio, proporciona boas propriedades de barreira para o saco. O design de fundo plano tem excelente estabilidade e resist\u00eancia, adequado para uma variedade de produtos, incluindo caf\u00e9. A superf\u00edcie \u00e9 tratada com um composto de pl\u00e1stico, que \u00e9 \u00e0 prova de humidade, resistente \u00e0 abras\u00e3o e dur\u00e1vel. Esta embalagem pode ser adaptada para satisfazer as necessidades espec\u00edficas da empresa em termos de marca, fun\u00e7\u00e3o ou aspeto. Contacte-nos hoje para obter um or\u00e7amento. Estamos empenhados em fornecer solu\u00e7\u00f5es de embalagem \u00fanicas, ecol\u00f3gicas e de alta qualidade.<\/p>\n<h2>Vantagens do grossista de sacos de caf\u00e9 em gr\u00e3o personalizados<\/h2>\n<ul>\n<li>Design personalizado: Fornecemos servi\u00e7os personalizados de sacos de embalagem, incluindo personaliza\u00e7\u00e3o de material, tamanho e padr\u00e3o de impress\u00e3o para atender \u00e0s necessidades do cliente, e apoiamos OEM e ODM.<\/li>\n<li>Fabrico: Com equipamento e tecnologia avan\u00e7ados, podemos concluir a produ\u00e7\u00e3o de pedidos de forma eficiente e com alta qualidade, e entregar a tempo. Inspe\u00e7\u00e3o da qualidade: A produ\u00e7\u00e3o \u00e9 efectuada em estrita conformidade com as normas de qualidade e os requisitos de seguran\u00e7a alimentar para garantir que os produtos cumprem as normas.<\/li>\n<li>Servi\u00e7o ao cliente: Fornecer uma resposta r\u00e1pida e um servi\u00e7o de apoio ao cliente atencioso 24 horas por dia.<\/li>\n<li>Amostra gr\u00e1tis: Fornecer um servi\u00e7o de amostra gr\u00e1tis para que possa avaliar o produto.<\/li>\n<\/ul>\n<p>A Huiyang Packaging est\u00e1 empenhada em fornecer aos clientes sacos de caf\u00e9 em gr\u00e3o personalizados de alta qualidade com v\u00e1lvulas, ajudando-os a melhorar a imagem dos seus produtos e a aumentar a sua competitividade no mercado.<\/p>","protected":false},"featured_media":6403,"comment_status":"open","ping_status":"closed","template":"","meta":[],"product_brand":[],"product_cat":[55],"product_tag":[83],"class_list":{"0":"post-6423","1":"product","2":"type-product","3":"status-publish","4":"has-post-thumbnail","6":"product_cat-custom-coffee-packaging","7":"product_tag-coffee-bags-with-valve-wholesale","9":"first","10":"instock","11":"shipping-taxable","12":"product-type-simple"},"_links":{"self":[{"href":"https:\/\/www.hyflexpack.com\/pt\/wp-json\/wp\/v2\/product\/6423","targetHints":{"allow":["GET"]}}],"collection":[{"href":"https:\/\/www.hyflexpack.com\/pt\/wp-json\/wp\/v2\/product"}],"about":[{"href":"https:\/\/www.hyflexpack.com\/pt\/wp-json\/wp\/v2\/types\/product"}],"replies":[{"embeddable":true,"href":"https:\/\/www.hyflexpack.com\/pt\/wp-json\/wp\/v2\/comments?post=6423"}],"wp:featuredmedia":[{"embeddable":true,"href":"https:\/\/www.hyflexpack.com\/pt\/wp-json\/wp\/v2\/media\/6403"}],"wp:attachment":[{"href":"https:\/\/www.hyflexpack.com\/pt\/wp-json\/wp\/v2\/media?parent=6423"}],"wp:term":[{"taxonomy":"product_brand","embeddable":true,"href":"https:\/\/www.hyflexpack.com\/pt\/wp-json\/wp\/v2\/product_brand?post=6423"},{"taxonomy":"product_cat","embeddable":true,"href":"https:\/\/www.hyflexpack.com\/pt\/wp-json\/wp\/v2\/product_cat?post=6423"},{"taxonomy":"product_tag","embeddable":true,"href":"https:\/\/www.hyflexpack.com\/pt\/wp-json\/wp\/v2\/product_tag?post=6423"}],"curies":[{"name":"wp","href":"https:\/\/api.w.org\/{rel}","templated":true}]}}