{"id":6422,"date":"2025-03-14T18:28:23","date_gmt":"2025-03-14T18:28:23","guid":{"rendered":"https:\/\/www.hyflexpack.com\/?post_type=product&#038;p=6422"},"modified":"2025-04-09T19:15:56","modified_gmt":"2025-04-09T19:15:56","slug":"custom-flat-bottom-coffee-bags-supplier","status":"publish","type":"product","link":"https:\/\/www.hyflexpack.com\/pt\/product\/custom-flat-bottom-coffee-bags-supplier\/","title":{"rendered":"Sacos de caf\u00e9 com fundo plano personalizado,Embalagem pl\u00e1stica laminada para alimentos"},"content":{"rendered":"<div class=\"wp-block-columns is-layout-flex wp-container-core-columns-is-layout-9d6595d7 wp-block-columns-is-layout-flex\">\n<div class=\"wp-block-column is-layout-flow wp-block-column-is-layout-flow\">\n<h2 class=\"wp-block-heading\">Carater\u00edsticas do saco de caf\u00e9 com fundo plano personalizado<\/h2>\n\n\n\n<ul class=\"wp-block-list\">\n<li>Materiais amigos do ambiente: O nosso saco de caf\u00e9 com fundo plano personalizado \u00e9 feito de polietileno de alta densidade (HDPE) de qualidade alimentar ou outros materiais amigos do ambiente para garantir seguran\u00e7a e durabilidade. 2. Materiais de alta barreira de qualidade alimentar: Os sacos de embalagem macia personalizados s\u00e3o feitos de materiais antiest\u00e1ticos de alta barreira ecol\u00f3gicos, como PET, PE, folha de alum\u00ednio, etc., para garantir a secura e a seguran\u00e7a do produto, \u00e0 prova de humidade, anti-oxida\u00e7\u00e3o e prolongar a vida \u00fatil. 3. Fecho de correr: Fecho de correr incorporado, conveniente para abrir o fecho v\u00e1rias vezes, manter o caf\u00e9 seco e seguro. 4. Fornecer uma variedade de designs de sacos: Personalizar os tipos de sacos de acordo com o posicionamento no mercado.<\/li>\n<\/ul>\n<\/div>\n\n\n\n<div class=\"wp-block-column is-layout-flow wp-block-column-is-layout-flow\">\n<figure class=\"wp-block-image size-full\"><img fetchpriority=\"high\" decoding=\"async\" width=\"750\" height=\"750\" src=\"https:\/\/www.hyflexpack.com\/wp-content\/uploads\/2025\/03\/Custom-Flat-Bottom-Coffee-Bag-1.jpg\" alt=\"Saco de caf\u00e9 com fundo plano personalizado\" class=\"wp-image-6397\" srcset=\"https:\/\/www.hyflexpack.com\/wp-content\/uploads\/2025\/03\/Custom-Flat-Bottom-Coffee-Bag-1.jpg 750w, https:\/\/www.hyflexpack.com\/wp-content\/uploads\/2025\/03\/Custom-Flat-Bottom-Coffee-Bag-1-300x300.jpg 300w, https:\/\/www.hyflexpack.com\/wp-content\/uploads\/2025\/03\/Custom-Flat-Bottom-Coffee-Bag-1-150x150.jpg 150w, https:\/\/www.hyflexpack.com\/wp-content\/uploads\/2025\/03\/Custom-Flat-Bottom-Coffee-Bag-1-12x12.jpg 12w, https:\/\/www.hyflexpack.com\/wp-content\/uploads\/2025\/03\/Custom-Flat-Bottom-Coffee-Bag-1-285x285.jpg 285w, https:\/\/www.hyflexpack.com\/wp-content\/uploads\/2025\/03\/Custom-Flat-Bottom-Coffee-Bag-1-270x270.jpg 270w, https:\/\/www.hyflexpack.com\/wp-content\/uploads\/2025\/03\/Custom-Flat-Bottom-Coffee-Bag-1-540x540.jpg 540w, https:\/\/www.hyflexpack.com\/wp-content\/uploads\/2025\/03\/Custom-Flat-Bottom-Coffee-Bag-1-660x660.jpg 660w\" sizes=\"(max-width: 750px) 100vw, 750px\" \/><\/figure>\n<\/div>\n<\/div>\n\n\n\n<p><\/p>","protected":false},"excerpt":{"rendered":"<p>Saiba como o nosso saco de caf\u00e9 de fundo plano personalizado \u00e9 fabricado com pel\u00edcula de embalagem composta de qualidade alimentar amiga do ambiente. O design de fundo plano tem excelente estabilidade e resist\u00eancia, adequado para uma variedade de produtos, incluindo caf\u00e9. A superf\u00edcie \u00e9 tratada com um composto de pl\u00e1stico, que \u00e9 \u00e0 prova de humidade, resistente \u00e0 abras\u00e3o e dur\u00e1vel. Esta embalagem pode ser adaptada para satisfazer as necessidades espec\u00edficas da empresa em termos de marca, fun\u00e7\u00e3o ou aspeto. Contacte-nos hoje para obter um or\u00e7amento. Estamos empenhados em fornecer solu\u00e7\u00f5es de embalagem \u00fanicas, ecol\u00f3gicas e de alta qualidade. Vantagens do saco de caf\u00e9 de fundo plano personalizado de alta qualidade \u25cf Design personalizado: Fornecemos servi\u00e7os personalizados de sacos de embalagem, incluindo material, tamanho e personaliza\u00e7\u00e3o do padr\u00e3o de impress\u00e3o para atender \u00e0s necessidades do cliente e oferecer suporte a OEM e ODM. Fabrico: Com equipamentos e tecnologia avan\u00e7ados, podemos concluir a produ\u00e7\u00e3o de pedidos de forma eficiente e com alta qualidade, e entregar no prazo. Inspe\u00e7\u00e3o de qualidade: A produ\u00e7\u00e3o \u00e9 realizada em estrita conformidade com os padr\u00f5es de qualidade e requisitos de seguran\u00e7a alimentar para garantir que os produtos atendam aos padr\u00f5es. Atendimento ao cliente: Fornecer resposta r\u00e1pida e suporte atencioso de atendimento ao cliente 24 horas por dia. Amostra gr\u00e1tis: Fornecer servi\u00e7o de amostra gr\u00e1tis para voc\u00ea avaliar o produto. A Huiyang Packaging est\u00e1 empenhada em fornecer aos clientes sacos de caf\u00e9 de fundo plano personalizados de alta qualidade, ajudando os clientes a melhorar a imagem de seus produtos e aumentar sua competitividade no mercado.<\/p>","protected":false},"featured_media":6397,"comment_status":"open","ping_status":"closed","template":"","meta":[],"product_brand":[],"product_cat":[55],"product_tag":[],"class_list":{"0":"post-6422","1":"product","2":"type-product","3":"status-publish","4":"has-post-thumbnail","6":"product_cat-custom-coffee-packaging","8":"first","9":"instock","10":"shipping-taxable","11":"product-type-simple"},"_links":{"self":[{"href":"https:\/\/www.hyflexpack.com\/pt\/wp-json\/wp\/v2\/product\/6422","targetHints":{"allow":["GET"]}}],"collection":[{"href":"https:\/\/www.hyflexpack.com\/pt\/wp-json\/wp\/v2\/product"}],"about":[{"href":"https:\/\/www.hyflexpack.com\/pt\/wp-json\/wp\/v2\/types\/product"}],"replies":[{"embeddable":true,"href":"https:\/\/www.hyflexpack.com\/pt\/wp-json\/wp\/v2\/comments?post=6422"}],"wp:featuredmedia":[{"embeddable":true,"href":"https:\/\/www.hyflexpack.com\/pt\/wp-json\/wp\/v2\/media\/6397"}],"wp:attachment":[{"href":"https:\/\/www.hyflexpack.com\/pt\/wp-json\/wp\/v2\/media?parent=6422"}],"wp:term":[{"taxonomy":"product_brand","embeddable":true,"href":"https:\/\/www.hyflexpack.com\/pt\/wp-json\/wp\/v2\/product_brand?post=6422"},{"taxonomy":"product_cat","embeddable":true,"href":"https:\/\/www.hyflexpack.com\/pt\/wp-json\/wp\/v2\/product_cat?post=6422"},{"taxonomy":"product_tag","embeddable":true,"href":"https:\/\/www.hyflexpack.com\/pt\/wp-json\/wp\/v2\/product_tag?post=6422"}],"curies":[{"name":"wp","href":"https:\/\/api.w.org\/{rel}","templated":true}]}}