{"id":6363,"date":"2025-03-01T06:30:35","date_gmt":"2025-03-01T06:30:35","guid":{"rendered":"https:\/\/www.hyflexpack.com\/?post_type=product&#038;p=6363"},"modified":"2025-10-23T08:17:19","modified_gmt":"2025-10-23T08:17:19","slug":"custom-heat-seal-bags","status":"publish","type":"product","link":"https:\/\/www.hyflexpack.com\/pt\/product\/custom-heat-seal-bags\/","title":{"rendered":"Sacos t\u00e9rmicos selados personalizados,Embalagem de biscoitos de chocolate,Bolsa de refor\u00e7o lateral"},"content":{"rendered":"<div class=\"wp-block-columns is-layout-flex wp-container-core-columns-is-layout-9d6595d7 wp-block-columns-is-layout-flex\">\n<div class=\"wp-block-column is-layout-flow wp-block-column-is-layout-flow\">\n<h3 class=\"wp-block-heading\">Carater\u00edsticas dos sacos Heat Seal personalizados<\/h3>\n\n\n\n<ul class=\"wp-block-list\">\n<li><strong>Design de refor\u00e7o lateral<\/strong>: O design do refor\u00e7o lateral \u00e9 uma das carater\u00edsticas que distinguem os sacos de selagem t\u00e9rmica personalizados, o que proporciona espa\u00e7o extra, e os sacos podem conter mais produtos, ao contr\u00e1rio dos sacos tradicionais, o design do bolso lateral pode simplesmente aumentar a capacidade de armazenamento, melhorar a estabilidade e o aspeto da embalagem.<\/li>\n\n\n\n<li><strong>Design da pega<\/strong>: O saco de embalagem personalizado para bolachas de chocolate \u00e9 fornecido com uma pega pr\u00e1tica, satisfazendo as exig\u00eancias da vida contempor\u00e2nea e sendo c\u00f3modo de transportar e utilizar em movimento.<\/li>\n\n\n\n<li><strong>Fun\u00e7\u00e3o de selagem t\u00e9rmica<\/strong>: Tem uma boca aberta, que pode ser facilmente utilizada pelos clientes com a m\u00e1quina de selagem a quente para selagem autom\u00e1tica. Os clientes podem auto-selar os sacos quando necess\u00e1rio para manter a frescura e a seguran\u00e7a dos alimentos, especialmente no caso de embalagens a granel ou de abertura frequente.<\/li>\n\n\n\n<li><strong>Material de selagem t\u00e9rmica de alta qualidade<\/strong>: Os sacos de selagem a quente s\u00e3o feitos de materiais compostos de alta qualidade e o processo de selagem a quente proporciona aos sacos uma selagem apertada, resist\u00eancia ao rasgamento e \u00e0 abras\u00e3o para garantir a seguran\u00e7a das bolachas de chocolate e outros alimentos durante o armazenamento e o transporte.<\/li>\n\n\n\n<li><strong>Prote\u00e7\u00e3o ambiental e sustentabilidade<\/strong>: Utilizamos apenas materiais recicl\u00e1veis que cumprem as normas ambientais e concebemos sistematicamente solu\u00e7\u00f5es de embalagem ecol\u00f3gicas para reduzir a utiliza\u00e7\u00e3o de pl\u00e1sticos e apoiar as marcas na sua transforma\u00e7\u00e3o ecol\u00f3gica, em conformidade com as normas ambientais internacionais.<\/li>\n\n\n\n<li><strong>Variedade de tamanhos e flexibilidade<\/strong>: Como fornecedor de embalagens de bolachas de chocolate, fornecemos aos nossos clientes sacos de diferentes tamanhos e capacidades, de acordo com as necessidades de embalagem variadas.<\/li>\n<\/ul>\n<\/div>\n\n\n\n<div class=\"wp-block-column is-layout-flow wp-block-column-is-layout-flow\">\n<figure class=\"wp-block-image size-full\"><img fetchpriority=\"high\" decoding=\"async\" width=\"750\" height=\"750\" src=\"https:\/\/www.hyflexpack.com\/wp-content\/uploads\/2025\/03\/Custom-Chocolate-Cookies-Bag-2.webp\" alt=\"Saco de chocolate personalizado-2\" class=\"wp-image-6375\" srcset=\"https:\/\/www.hyflexpack.com\/wp-content\/uploads\/2025\/03\/Custom-Chocolate-Cookies-Bag-2.webp 750w, https:\/\/www.hyflexpack.com\/wp-content\/uploads\/2025\/03\/Custom-Chocolate-Cookies-Bag-2-300x300.webp 300w, https:\/\/www.hyflexpack.com\/wp-content\/uploads\/2025\/03\/Custom-Chocolate-Cookies-Bag-2-150x150.webp 150w, https:\/\/www.hyflexpack.com\/wp-content\/uploads\/2025\/03\/Custom-Chocolate-Cookies-Bag-2-12x12.webp 12w, https:\/\/www.hyflexpack.com\/wp-content\/uploads\/2025\/03\/Custom-Chocolate-Cookies-Bag-2-285x285.webp 285w, https:\/\/www.hyflexpack.com\/wp-content\/uploads\/2025\/03\/Custom-Chocolate-Cookies-Bag-2-270x270.webp 270w, https:\/\/www.hyflexpack.com\/wp-content\/uploads\/2025\/03\/Custom-Chocolate-Cookies-Bag-2-540x540.webp 540w, https:\/\/www.hyflexpack.com\/wp-content\/uploads\/2025\/03\/Custom-Chocolate-Cookies-Bag-2-660x660.webp 660w\" sizes=\"(max-width: 750px) 100vw, 750px\" \/><\/figure>\n<\/div>\n<\/div>\n\n\n\n<p><\/p>","protected":false},"excerpt":{"rendered":"<p>A Huiyang Packaging oferece sacos de embalagem de bolachas com pepitas de chocolate personalizados com design de bolso lateral com pega de transporte e fun\u00e7\u00e3o de auto-selagem por calor. Material amigo do ambiente para melhorar a imagem da marca. Contacte-nos hoje para obter amostras gr\u00e1tis de sacos de selagem t\u00e9rmica personalizados!<\/p>\n<h3>Especifica\u00e7\u00e3o dos sacos de selagem a quente<\/h3>\n<p>Material: PLA, BOPP PE, PP, EVOH, etc<br \/>Tamanho: Personalizado dispon\u00edvel<br \/>Tipo: Bolsa com refor\u00e7o lateral \uff0c Saco com fecho traseiro e pega de transporte<br \/>Cor: Personalizada<br \/>Encomenda personalizada: <a href=\"https:\/\/www.hyflexpack.com\/pt\/embalagens-flexiveis-personalizadas\/\"><strong>Aceita OEM e ODM<\/strong><\/a><br \/>Manuseamento de superf\u00edcies: Impress\u00e3o em rotogravura<br \/>Certifica\u00e7\u00e3o: Certificado ISO, BRC, FDA<br \/>Amostra gr\u00e1tis: Suporte<br \/>MOQ:10000psc<\/p>","protected":false},"featured_media":6374,"comment_status":"open","ping_status":"closed","template":"","meta":[],"product_brand":[],"product_cat":[57],"product_tag":[],"class_list":{"0":"post-6363","1":"product","2":"type-product","3":"status-publish","4":"has-post-thumbnail","6":"product_cat-snack-packaging-bags-wholesale","8":"first","9":"instock","10":"shipping-taxable","11":"product-type-simple"},"_links":{"self":[{"href":"https:\/\/www.hyflexpack.com\/pt\/wp-json\/wp\/v2\/product\/6363","targetHints":{"allow":["GET"]}}],"collection":[{"href":"https:\/\/www.hyflexpack.com\/pt\/wp-json\/wp\/v2\/product"}],"about":[{"href":"https:\/\/www.hyflexpack.com\/pt\/wp-json\/wp\/v2\/types\/product"}],"replies":[{"embeddable":true,"href":"https:\/\/www.hyflexpack.com\/pt\/wp-json\/wp\/v2\/comments?post=6363"}],"wp:featuredmedia":[{"embeddable":true,"href":"https:\/\/www.hyflexpack.com\/pt\/wp-json\/wp\/v2\/media\/6374"}],"wp:attachment":[{"href":"https:\/\/www.hyflexpack.com\/pt\/wp-json\/wp\/v2\/media?parent=6363"}],"wp:term":[{"taxonomy":"product_brand","embeddable":true,"href":"https:\/\/www.hyflexpack.com\/pt\/wp-json\/wp\/v2\/product_brand?post=6363"},{"taxonomy":"product_cat","embeddable":true,"href":"https:\/\/www.hyflexpack.com\/pt\/wp-json\/wp\/v2\/product_cat?post=6363"},{"taxonomy":"product_tag","embeddable":true,"href":"https:\/\/www.hyflexpack.com\/pt\/wp-json\/wp\/v2\/product_tag?post=6363"}],"curies":[{"name":"wp","href":"https:\/\/api.w.org\/{rel}","templated":true}]}}