{"id":6351,"date":"2025-03-14T10:37:48","date_gmt":"2025-03-14T10:37:48","guid":{"rendered":"https:\/\/www.hyflexpack.com\/?post_type=product&#038;p=6351"},"modified":"2025-03-28T08:44:03","modified_gmt":"2025-03-28T08:44:03","slug":"custom-tortilla-chips-bags","status":"publish","type":"product","link":"https:\/\/www.hyflexpack.com\/pt\/product\/custom-tortilla-chips-bags\/","title":{"rendered":"Sacos de pl\u00e1stico personalizados para chips de tortilla por atacado, fornecedor de bolsa plana laminada com selagem a quente"},"content":{"rendered":"<div class=\"wp-block-columns is-layout-flex wp-container-core-columns-is-layout-9d6595d7 wp-block-columns-is-layout-flex\">\n<div class=\"wp-block-column is-layout-flow wp-block-column-is-layout-flow\">\n<h2 class=\"wp-block-heading\">Carater\u00edsticas dos Sacos de pl\u00e1stico para chips de tortilha por atacado<\/h2>\n\n\n\n<p><\/p>\n\n\n\n<ul class=\"wp-block-list\">\n<li><strong>Material de alta qualidade<\/strong>: Os nossos sacos de pl\u00e1stico para batatas fritas por atacado s\u00e3o feitos de material composto de alta qualidade, o que garante que o produto \u00e9 dur\u00e1vel e resistente \u00e0 humidade, mantendo o sabor fresco das batatas fritas de milho.<\/li>\n\n\n\n<li><strong>Desenhos personaliz\u00e1veis<\/strong>: O fornecedor de bolsas planas oferece uma vasta gama de op\u00e7\u00f5es de impress\u00e3o e design para tornar a imagem da sua marca mais proeminente e satisfazer todos os tipos de exig\u00eancias do mercado.<\/li>\n\n\n\n<li><strong>Design de selagem a quente<\/strong>: O fornecedor de bolsas planas coloca os sacos de batatas fritas com tecnologia de selagem a quente para garantir uma boa selagem e evitar fugas ou humidade no produto.<\/li>\n\n\n\n<li><strong>Utiliza\u00e7\u00e3o multifuncional<\/strong>: A bolsa plana personalizada \u00e9 adequada para todos os tipos de embalagens de alimentos, tais como tortilhas, snacks, etc., tanto bonitas como pr\u00e1ticas.<\/li>\n\n\n\n<li><strong>Fornecimento grossista<\/strong>: Somos um grossista profissional de sacos de batatas fritas, apoiando encomendas a granel para satisfazer as necessidades de diferentes comerciantes.<\/li>\n<\/ul>\n\n\n\n<p>A Huiyang Packaging est\u00e1 empenhada em fornecer aos clientes sacos de tortilha com log\u00f3tipo personalizado de alta qualidade, ajudando-os a melhorar a imagem dos seus produtos e a aumentar a sua competitividade no mercado.<\/p>\n<\/div>\n\n\n\n<div class=\"wp-block-column is-layout-flow wp-block-column-is-layout-flow\">\n<figure class=\"wp-block-image size-full\"><img fetchpriority=\"high\" decoding=\"async\" width=\"750\" height=\"750\" src=\"https:\/\/www.hyflexpack.com\/wp-content\/uploads\/2025\/02\/Custom-Plastic-Tortilla-Chips-Bag-1.jpg\" alt=\"Sacos de Tortilla Chips personalizados por atacado\" class=\"wp-image-6329\" srcset=\"https:\/\/www.hyflexpack.com\/wp-content\/uploads\/2025\/02\/Custom-Plastic-Tortilla-Chips-Bag-1.jpg 750w, https:\/\/www.hyflexpack.com\/wp-content\/uploads\/2025\/02\/Custom-Plastic-Tortilla-Chips-Bag-1-300x300.jpg 300w, https:\/\/www.hyflexpack.com\/wp-content\/uploads\/2025\/02\/Custom-Plastic-Tortilla-Chips-Bag-1-150x150.jpg 150w, https:\/\/www.hyflexpack.com\/wp-content\/uploads\/2025\/02\/Custom-Plastic-Tortilla-Chips-Bag-1-12x12.jpg 12w, https:\/\/www.hyflexpack.com\/wp-content\/uploads\/2025\/02\/Custom-Plastic-Tortilla-Chips-Bag-1-285x285.jpg 285w, https:\/\/www.hyflexpack.com\/wp-content\/uploads\/2025\/02\/Custom-Plastic-Tortilla-Chips-Bag-1-270x270.jpg 270w, https:\/\/www.hyflexpack.com\/wp-content\/uploads\/2025\/02\/Custom-Plastic-Tortilla-Chips-Bag-1-540x540.jpg 540w, https:\/\/www.hyflexpack.com\/wp-content\/uploads\/2025\/02\/Custom-Plastic-Tortilla-Chips-Bag-1-660x660.jpg 660w\" sizes=\"(max-width: 750px) 100vw, 750px\" \/><\/figure>\n<\/div>\n<\/div>","protected":false},"excerpt":{"rendered":"<p>Saiba mais sobre os nossos sacos de pl\u00e1stico personalizados para tortilhas por atacado, que s\u00e3o feitos de material polim\u00e9rico com uma estrutura composta de camada dupla para prevenir eficazmente a humidade e manter o produto fresco. Suporta personaliza\u00e7\u00e3o de impress\u00e3o, e um log\u00f3tipo ou padr\u00e3o pode ser adicionado de acordo com as necessidades da marca. Adequado para ind\u00fastrias de processamento de alimentos, servi\u00e7os alimentares e retalho, proporcionando op\u00e7\u00f5es de embalagem pr\u00e1ticas e amigas do ambiente. Contacte-nos hoje para obter um or\u00e7amento, estamos empenhados em fornecer solu\u00e7\u00f5es de embalagem ecol\u00f3gicas e de alta qualidade.<\/p>\n<h3>Vantagens do grossista de sacos de chips de tortilha personalizados<\/h3>\n<ul>\n<li>Design personalizado: Fornecemos servi\u00e7os personalizados de sacos de embalagem, incluindo personaliza\u00e7\u00e3o de material, tamanho e padr\u00e3o de impress\u00e3o para atender \u00e0s necessidades do cliente, e apoiamos OEM e ODM.<\/li>\n<li>Fabrico: Com equipamento e tecnologia avan\u00e7ados, podemos completar a produ\u00e7\u00e3o de encomendas de forma eficiente e com alta qualidade, e entregar a tempo.<\/li>\n<li>Controlo de qualidade: A produ\u00e7\u00e3o \u00e9 efectuada em estrita conformidade com as normas de qualidade e os requisitos de seguran\u00e7a alimentar para garantir que os produtos cumprem as normas.<\/li>\n<li>Servi\u00e7o ao cliente: Fornecer uma resposta r\u00e1pida e um servi\u00e7o de apoio ao cliente atencioso 24 horas por dia.<\/li>\n<li>Amostra gr\u00e1tis: Fornecer servi\u00e7o de amostra gr\u00e1tis para avaliar o produto.<\/li>\n<\/ul>\n<p>&nbsp;<\/p>","protected":false},"featured_media":6329,"comment_status":"open","ping_status":"closed","template":"","meta":[],"product_brand":[],"product_cat":[57],"product_tag":[],"class_list":{"0":"post-6351","1":"product","2":"type-product","3":"status-publish","4":"has-post-thumbnail","6":"product_cat-snack-packaging-bags-wholesale","8":"first","9":"instock","10":"shipping-taxable","11":"product-type-simple"},"_links":{"self":[{"href":"https:\/\/www.hyflexpack.com\/pt\/wp-json\/wp\/v2\/product\/6351","targetHints":{"allow":["GET"]}}],"collection":[{"href":"https:\/\/www.hyflexpack.com\/pt\/wp-json\/wp\/v2\/product"}],"about":[{"href":"https:\/\/www.hyflexpack.com\/pt\/wp-json\/wp\/v2\/types\/product"}],"replies":[{"embeddable":true,"href":"https:\/\/www.hyflexpack.com\/pt\/wp-json\/wp\/v2\/comments?post=6351"}],"wp:featuredmedia":[{"embeddable":true,"href":"https:\/\/www.hyflexpack.com\/pt\/wp-json\/wp\/v2\/media\/6329"}],"wp:attachment":[{"href":"https:\/\/www.hyflexpack.com\/pt\/wp-json\/wp\/v2\/media?parent=6351"}],"wp:term":[{"taxonomy":"product_brand","embeddable":true,"href":"https:\/\/www.hyflexpack.com\/pt\/wp-json\/wp\/v2\/product_brand?post=6351"},{"taxonomy":"product_cat","embeddable":true,"href":"https:\/\/www.hyflexpack.com\/pt\/wp-json\/wp\/v2\/product_cat?post=6351"},{"taxonomy":"product_tag","embeddable":true,"href":"https:\/\/www.hyflexpack.com\/pt\/wp-json\/wp\/v2\/product_tag?post=6351"}],"curies":[{"name":"wp","href":"https:\/\/api.w.org\/{rel}","templated":true}]}}