{"id":6221,"date":"2025-02-28T09:32:11","date_gmt":"2025-02-28T09:32:11","guid":{"rendered":"https:\/\/www.hyflexpack.com\/?post_type=product&#038;p=6221"},"modified":"2025-10-23T08:17:38","modified_gmt":"2025-10-23T08:17:38","slug":"bespoke-dog-food-packaging-bag","status":"publish","type":"product","link":"https:\/\/www.hyflexpack.com\/pt\/product\/bespoke-dog-food-packaging-bag\/","title":{"rendered":"Saco de embalagem de alimentos para c\u00e3es sob medida, fabricante de bolsas recicl\u00e1veis Stand Up Pouch"},"content":{"rendered":"<div class=\"wp-block-columns is-layout-flex wp-container-core-columns-is-layout-9d6595d7 wp-block-columns-is-layout-flex\">\n<div class=\"wp-block-column is-layout-flow wp-block-column-is-layout-flow\">\n<h3 class=\"wp-block-heading\">Carater\u00edsticas do saco de embalagem de alimentos para c\u00e3es Bespoke<\/h3>\n\n\n\n<ul class=\"wp-block-list\">\n<li><strong>Material recicl\u00e1vel<\/strong>: A utiliza\u00e7\u00e3o de material recicl\u00e1vel de alta qualidade cumpre as normas ambientais, fazendo com que o saco de embalagem de comida para c\u00e3o personalizado capte consumidores mais conscientes do ambiente.<\/li>\n<\/ul>\n\n\n\n<p><\/p>\n\n\n\n<ul class=\"wp-block-list\">\n<li><strong>Durabilidade e prote\u00e7\u00e3o<\/strong>: A utiliza\u00e7\u00e3o de material composto de v\u00e1rias camadas tem uma excelente resist\u00eancia ao rasgo, \u00e0 humidade e \u00e0 oxida\u00e7\u00e3o, protegendo eficazmente a frescura e a qualidade dos alimentos para c\u00e3es durante o transporte e a armazenagem.<\/li>\n<\/ul>\n\n\n\n<p><\/p>\n\n\n\n<ul class=\"wp-block-list\">\n<li><strong>Cumprem as normas de seguran\u00e7a de qualidade alimentar<\/strong>: Os materiais aplicados s\u00e3o rigorosamente testados e passam as normas de seguran\u00e7a em contacto com os alimentos, de modo a que a embalagem personalizada de alimentos para c\u00e3es n\u00e3o seja t\u00f3xica.<\/li>\n<\/ul>\n\n\n\n<p><\/p>\n\n\n\n<ul class=\"wp-block-list\">\n<li><strong>F\u00e1cil de abrir e selar<\/strong>: Equipado com um fecho de correr de alta qualidade, os utilizadores podem voltar a selar facilmente ap\u00f3s a abertura, promovendo a facilidade de utiliza\u00e7\u00e3o e a experi\u00eancia do consumidor.<\/li>\n<\/ul>\n\n\n\n<p><\/p>\n\n\n\n<ul class=\"wp-block-list\">\n<li><strong>Conce\u00e7\u00e3o Stand-Up<\/strong>: O design do saco de p\u00e9 pode proporcionar melhores efeitos de exposi\u00e7\u00e3o e poupan\u00e7a de espa\u00e7o nas prateleiras.<\/li>\n<\/ul>\n<\/div>\n\n\n\n<div class=\"wp-block-column is-layout-flow wp-block-column-is-layout-flow\">\n<figure class=\"wp-block-image size-full\"><img fetchpriority=\"high\" decoding=\"async\" width=\"750\" height=\"750\" src=\"https:\/\/www.hyflexpack.com\/wp-content\/uploads\/2025\/02\/Bespoke-Dog-Food-Packaging-Bag-1.webp\" alt=\"Saco de embalagem de comida para c\u00e3o \u00e0 medida\" class=\"wp-image-6191\" srcset=\"https:\/\/www.hyflexpack.com\/wp-content\/uploads\/2025\/02\/Bespoke-Dog-Food-Packaging-Bag-1.webp 750w, https:\/\/www.hyflexpack.com\/wp-content\/uploads\/2025\/02\/Bespoke-Dog-Food-Packaging-Bag-1-300x300.webp 300w, https:\/\/www.hyflexpack.com\/wp-content\/uploads\/2025\/02\/Bespoke-Dog-Food-Packaging-Bag-1-150x150.webp 150w, https:\/\/www.hyflexpack.com\/wp-content\/uploads\/2025\/02\/Bespoke-Dog-Food-Packaging-Bag-1-12x12.webp 12w, https:\/\/www.hyflexpack.com\/wp-content\/uploads\/2025\/02\/Bespoke-Dog-Food-Packaging-Bag-1-285x285.webp 285w, https:\/\/www.hyflexpack.com\/wp-content\/uploads\/2025\/02\/Bespoke-Dog-Food-Packaging-Bag-1-270x270.webp 270w, https:\/\/www.hyflexpack.com\/wp-content\/uploads\/2025\/02\/Bespoke-Dog-Food-Packaging-Bag-1-540x540.webp 540w, https:\/\/www.hyflexpack.com\/wp-content\/uploads\/2025\/02\/Bespoke-Dog-Food-Packaging-Bag-1-660x660.webp 660w\" sizes=\"(max-width: 750px) 100vw, 750px\" \/><\/figure>\n<\/div>\n<\/div>\n\n\n\n<p><\/p>","protected":false},"excerpt":{"rendered":"<p>Conhe\u00e7a os nossos sacos de embalagem personalizados para alimentos para animais de estima\u00e7\u00e3o feitos de folha de alum\u00ednio e papel kraft. \u00c9 um saco de embalagem de alimentos para animais de estima\u00e7\u00e3o personalizado feito de materiais recicl\u00e1veis e com a forma de um design de p\u00e9 para f\u00e1cil transporte. Contacte a nossa equipa de profissionais agora para obter um or\u00e7amento detalhado, iremos servi-lo de todo o cora\u00e7\u00e3o!<\/p>\n<h3>Vantagens do fabricante de sacos de embalagem de alimentos para c\u00e3es \u00e0 medida de alta qualidade<\/h3>\n<ul>\n<li><strong>Servi\u00e7o personalizado<\/strong>: A Huiyang Packaging \u00e9 especializada em fornecer aos clientes servi\u00e7os de embalagem personalizados e profissionalizados, desde a conce\u00e7\u00e3o do produto at\u00e9 \u00e0 produ\u00e7\u00e3o.<\/li>\n<li><strong>Conceito de prote\u00e7\u00e3o do ambiente<\/strong>: A Huiyang tem o prazer de fornecer aos clientes materiais de embalagem ecol\u00f3gicos e de utilizar materiais recicl\u00e1veis para satisfazer a necessidade global de embalagens ecol\u00f3gicas.<\/li>\n<li><strong>Excelente controlo de qualidade<\/strong>: A Huiyang utiliza m\u00e1quinas avan\u00e7adas envolvidas no processo de fabrico juntamente com sistemas de controlo de qualidade rigorosos para garantir padr\u00f5es de alta qualidade em cada lote de material de embalagem.<\/li>\n<li><strong>Inova\u00e7\u00e3o e adapta\u00e7\u00e3o do mercado<\/strong>: Sendo l\u00edder de mercado, a Huiyang n\u00e3o p\u00e1ra de inovar e de produzir embalagens que acompanham as tend\u00eancias do mercado e os gostos dos consumidores.<\/li>\n<\/ul>\n<p>A Huiyang Packaging est\u00e1 empenhada em fornecer aos clientes sacos de embalagem de alimentos para c\u00e3es de alta qualidade, feitos \u00e0 medida, para os ajudar a melhorar a imagem dos seus produtos e a aumentar a sua competitividade no mercado.<\/p>","protected":false},"featured_media":6191,"comment_status":"open","ping_status":"closed","template":"","meta":[],"product_brand":[],"product_cat":[56],"product_tag":[],"class_list":{"0":"post-6221","1":"product","2":"type-product","3":"status-publish","4":"has-post-thumbnail","6":"product_cat-custom-pet-food-packaging","8":"first","9":"instock","10":"shipping-taxable","11":"product-type-simple"},"_links":{"self":[{"href":"https:\/\/www.hyflexpack.com\/pt\/wp-json\/wp\/v2\/product\/6221","targetHints":{"allow":["GET"]}}],"collection":[{"href":"https:\/\/www.hyflexpack.com\/pt\/wp-json\/wp\/v2\/product"}],"about":[{"href":"https:\/\/www.hyflexpack.com\/pt\/wp-json\/wp\/v2\/types\/product"}],"replies":[{"embeddable":true,"href":"https:\/\/www.hyflexpack.com\/pt\/wp-json\/wp\/v2\/comments?post=6221"}],"wp:featuredmedia":[{"embeddable":true,"href":"https:\/\/www.hyflexpack.com\/pt\/wp-json\/wp\/v2\/media\/6191"}],"wp:attachment":[{"href":"https:\/\/www.hyflexpack.com\/pt\/wp-json\/wp\/v2\/media?parent=6221"}],"wp:term":[{"taxonomy":"product_brand","embeddable":true,"href":"https:\/\/www.hyflexpack.com\/pt\/wp-json\/wp\/v2\/product_brand?post=6221"},{"taxonomy":"product_cat","embeddable":true,"href":"https:\/\/www.hyflexpack.com\/pt\/wp-json\/wp\/v2\/product_cat?post=6221"},{"taxonomy":"product_tag","embeddable":true,"href":"https:\/\/www.hyflexpack.com\/pt\/wp-json\/wp\/v2\/product_tag?post=6221"}],"curies":[{"name":"wp","href":"https:\/\/api.w.org\/{rel}","templated":true}]}}