{"id":6083,"date":"2025-02-13T04:11:05","date_gmt":"2025-02-13T04:11:05","guid":{"rendered":"https:\/\/www.hyflexpack.com\/?post_type=product&#038;p=6083"},"modified":"2025-11-04T09:20:21","modified_gmt":"2025-11-04T09:20:21","slug":"custom-popsicle-packaging-film","status":"publish","type":"product","link":"https:\/\/www.hyflexpack.com\/pt\/product\/custom-popsicle-packaging-film\/","title":{"rendered":"Sacos de embalagem personalizados para picol\u00e9,Filme para barra de sorvete"},"content":{"rendered":"<div class=\"wp-block-columns is-layout-flex wp-container-core-columns-is-layout-9d6595d7 wp-block-columns-is-layout-flex\">\n<div class=\"wp-block-column is-layout-flow wp-block-column-is-layout-flow\">\n<h3 class=\"wp-block-heading\">Carater\u00edsticas da pel\u00edcula personalizada para embalagem de gelados<\/h3>\n\n\n\n<ul class=\"wp-block-list\">\n<li><strong>Pel\u00edcula de pl\u00e1stico de qualidade alimentar de alta qualidade<\/strong>: conformidade das embalagens de picol\u00e9s personalizadas e elevados padr\u00f5es com as certifica\u00e7\u00f5es FDA, BRC e ISO para garantir a seguran\u00e7a e a higiene das embalagens.<\/li>\n\n\n\n<li><strong>Adequado para equipamento de embalagem autom\u00e1tica<\/strong>: Melhora a efici\u00eancia da produ\u00e7\u00e3o, o design suave do rolo de pel\u00edcula evita o encravamento do papel durante a embalagem a alta velocidade.<\/li>\n\n\n\n<li><strong>Boa resist\u00eancia \u00e0 humidade e \u00e0 oxida\u00e7\u00e3o<\/strong>: Uma estrutura de v\u00e1rias camadas especialmente concebida impede eficazmente a penetra\u00e7\u00e3o de humidade e a intrus\u00e3o de oxig\u00e9nio, garantindo a frescura e o sabor dos gelados e das barras de gelado.<\/li>\n\n\n\n<li><strong>Materiais de embalagem sustent\u00e1veis<\/strong>: Em resposta \u00e0 tend\u00eancia global de consumo ecol\u00f3gico, oferecemos op\u00e7\u00f5es ecol\u00f3gicas para embalagens de gelados biodegrad\u00e1veis ou outras embalagens de gelados ecol\u00f3gicas para minimizar o impacto negativo no ambiente.<\/li>\n\n\n\n<li><strong>Poupar espa\u00e7o de armazenamento<\/strong>: Os rolos de pel\u00edcula composta para embalagem de gelados s\u00e3o f\u00e1ceis de armazenar e manobrar, convenientes de utilizar e aumentam a efici\u00eancia do trabalho.<\/li>\n<\/ul>\n<\/div>\n\n\n\n<div class=\"wp-block-column is-layout-flow wp-block-column-is-layout-flow\">\n<figure class=\"wp-block-image size-full\"><img fetchpriority=\"high\" decoding=\"async\" width=\"750\" height=\"750\" src=\"https:\/\/www.hyflexpack.com\/wp-content\/uploads\/2025\/01\/Custom-popsicle-ice-cream-bar-packaging-film\uff081\uff09-1.webp\" alt=\"pel\u00edcula personalizada para embalagem de gelados\" class=\"wp-image-6039\" srcset=\"https:\/\/www.hyflexpack.com\/wp-content\/uploads\/2025\/01\/Custom-popsicle-ice-cream-bar-packaging-film\uff081\uff09-1.webp 750w, https:\/\/www.hyflexpack.com\/wp-content\/uploads\/2025\/01\/Custom-popsicle-ice-cream-bar-packaging-film\uff081\uff09-1-300x300.webp 300w, https:\/\/www.hyflexpack.com\/wp-content\/uploads\/2025\/01\/Custom-popsicle-ice-cream-bar-packaging-film\uff081\uff09-1-150x150.webp 150w, https:\/\/www.hyflexpack.com\/wp-content\/uploads\/2025\/01\/Custom-popsicle-ice-cream-bar-packaging-film\uff081\uff09-1-12x12.webp 12w, https:\/\/www.hyflexpack.com\/wp-content\/uploads\/2025\/01\/Custom-popsicle-ice-cream-bar-packaging-film\uff081\uff09-1-285x285.webp 285w, https:\/\/www.hyflexpack.com\/wp-content\/uploads\/2025\/01\/Custom-popsicle-ice-cream-bar-packaging-film\uff081\uff09-1-270x270.webp 270w, https:\/\/www.hyflexpack.com\/wp-content\/uploads\/2025\/01\/Custom-popsicle-ice-cream-bar-packaging-film\uff081\uff09-1-540x540.webp 540w, https:\/\/www.hyflexpack.com\/wp-content\/uploads\/2025\/01\/Custom-popsicle-ice-cream-bar-packaging-film\uff081\uff09-1-660x660.webp 660w\" sizes=\"(max-width: 750px) 100vw, 750px\" \/><\/figure>\n<\/div>\n<\/div>","protected":false},"excerpt":{"rendered":"<p>Explore a nossa pel\u00edcula personalizada para embalagem de picol\u00e9 com excelente resist\u00eancia \u00e0 humidade, oxida\u00e7\u00e3o e odor, que protege eficazmente o gelado do ambiente externo e mant\u00e9m a sua frescura e sabor. Al\u00e9m disso, a pel\u00edcula impressa personalizada para embalagem de gelados mant\u00e9m uma boa resist\u00eancia f\u00edsica e flexibilidade em condi\u00e7\u00f5es de congela\u00e7\u00e3o e n\u00e3o se torna fr\u00e1gil ou racha devido a altera\u00e7\u00f5es de temperatura, evitando fugas ou contamina\u00e7\u00e3o do produto. Contacte-nos hoje para obter desenhos e amostras gratuitas e comparar os produtos certos para a sua marca.<\/p>\n<h3>Vantagens do fornecedor de embalagens de gelados<\/h3>\n<p><strong>Produtos Forma<\/strong>: Embalagem de rolos de pel\u00edcula por atacado para alimentos congelados<br \/><strong>Tamanho e materiais<\/strong>: Personaliz\u00e1vel<br \/><strong>Impress\u00e3o<\/strong>Impress\u00e3o de gravura a 10 cores<br \/><strong>MOQ<\/strong>:10 000pcs MOQ para sacos e bolsas<br \/><strong>Amostras<\/strong>: Oferta gratuita de amostras de bolsas de fundo plano de stock<br \/><strong>Certificado<\/strong>: FDA, ISO, BRC, Sedex<br \/><strong>Original<\/strong>: Guangdong, China<br \/><strong>Prazo de execu\u00e7\u00e3o<\/strong>:15 dias \u00fateis, negociado dispon\u00edvel<br \/><strong>Colo personalizado<\/strong>r: Cor personalizada dispon\u00edvel, Pantone e CMYK<\/p>\n<p>Como uma f\u00e1brica profissional de embalagens de picol\u00e9s impressas na China, <a href=\"https:\/\/www.hyflexpack.com\/pt\/\"><strong>Embalagens Huiyang<\/strong><\/a> concentra-se no fabrico de embalagens flex\u00edveis para as ind\u00fastrias alimentar, de bebidas e de sumos. Temos vindo a fornecer com sucesso grandes e pequenas marcas com <a href=\"https:\/\/www.hyflexpack.com\/pt\/categoria-do-produto\/sacos-de-embalagem-personalizados-para-alimentos\/\"><strong>sacos de embalagem personalizados para alimentos<\/strong> <\/a>e solu\u00e7\u00f5es de pel\u00edculas h\u00e1 mais de 26 anos, gra\u00e7as a um vasto conhecimento e experi\u00eancia.<\/p>","protected":false},"featured_media":6039,"comment_status":"open","ping_status":"closed","template":"","meta":[],"product_brand":[],"product_cat":[53,86],"product_tag":[],"class_list":{"0":"post-6083","1":"product","2":"type-product","3":"status-publish","4":"has-post-thumbnail","6":"product_cat-packaging-film-supplier","7":"product_cat-cold-seal-film","9":"first","10":"instock","11":"shipping-taxable","12":"product-type-simple"},"_links":{"self":[{"href":"https:\/\/www.hyflexpack.com\/pt\/wp-json\/wp\/v2\/product\/6083","targetHints":{"allow":["GET"]}}],"collection":[{"href":"https:\/\/www.hyflexpack.com\/pt\/wp-json\/wp\/v2\/product"}],"about":[{"href":"https:\/\/www.hyflexpack.com\/pt\/wp-json\/wp\/v2\/types\/product"}],"replies":[{"embeddable":true,"href":"https:\/\/www.hyflexpack.com\/pt\/wp-json\/wp\/v2\/comments?post=6083"}],"wp:featuredmedia":[{"embeddable":true,"href":"https:\/\/www.hyflexpack.com\/pt\/wp-json\/wp\/v2\/media\/6039"}],"wp:attachment":[{"href":"https:\/\/www.hyflexpack.com\/pt\/wp-json\/wp\/v2\/media?parent=6083"}],"wp:term":[{"taxonomy":"product_brand","embeddable":true,"href":"https:\/\/www.hyflexpack.com\/pt\/wp-json\/wp\/v2\/product_brand?post=6083"},{"taxonomy":"product_cat","embeddable":true,"href":"https:\/\/www.hyflexpack.com\/pt\/wp-json\/wp\/v2\/product_cat?post=6083"},{"taxonomy":"product_tag","embeddable":true,"href":"https:\/\/www.hyflexpack.com\/pt\/wp-json\/wp\/v2\/product_tag?post=6083"}],"curies":[{"name":"wp","href":"https:\/\/api.w.org\/{rel}","templated":true}]}}