{"id":6082,"date":"2025-02-12T18:18:09","date_gmt":"2025-02-12T18:18:09","guid":{"rendered":"https:\/\/www.hyflexpack.com\/?post_type=product&#038;p=6082"},"modified":"2025-02-13T03:18:14","modified_gmt":"2025-02-13T03:18:14","slug":"custom-popcorn-packaging-film-wholesale","status":"publish","type":"product","link":"https:\/\/www.hyflexpack.com\/pt\/product\/custom-popcorn-packaging-film-wholesale\/","title":{"rendered":"1oz 2oz filme de embalagem de pipoca por atacado, f\u00e1brica de estoque de rolo de arroz tufado"},"content":{"rendered":"<div class=\"wp-block-columns is-layout-flex wp-container-core-columns-is-layout-9d6595d7 wp-block-columns-is-layout-flex\">\n<div class=\"wp-block-column is-layout-flow wp-block-column-is-layout-flow\">\n<h3 class=\"wp-block-heading\">Carater\u00edsticas da pel\u00edcula de embalagem de pipocas OEM<\/h3>\n\n\n\n<ul class=\"wp-block-list\">\n<li><strong>Grande espa\u00e7o de expans\u00e3o<\/strong>: O design \u00fanico confere ao saco um espa\u00e7o interno maior ap\u00f3s a expans\u00e3o, garantindo o m\u00e1ximo rebentamento do milho.<\/li>\n<\/ul>\n\n\n\n<p><\/p>\n\n\n\n<ul class=\"wp-block-list\">\n<li><strong>Higi\u00e9nico e amigo do ambiente<\/strong>: A pel\u00edcula de embalagem de pipocas por grosso \u00e9 feita de materiais que cumprem as normas de seguran\u00e7a alimentar para garantir que o produto \u00e9 higi\u00e9nico e inofensivo.<\/li>\n<\/ul>\n\n\n\n<p><\/p>\n\n\n\n<ul class=\"wp-block-list\">\n<li><strong>Resistente a altas e baixas temperaturas<\/strong>Capacidade de resistir a temperaturas elevadas durante o aquecimento por micro-ondas, garantindo que a embalagem n\u00e3o se deforma ou rompe durante o processo de aquecimento.<\/li>\n<\/ul>\n\n\n\n<p><\/p>\n\n\n\n<ul class=\"wp-block-list\">\n<li><strong>\u00c0 prova de \u00f3leo e \u00e0 prova de \u00e1gua<\/strong>: A pel\u00edcula de embalagem de pipocas por grosso \u00e9 \u00e0 prova de \u00f3leo e \u00e0 prova de \u00e1gua, impedindo a penetra\u00e7\u00e3o de gordura e mantendo a embalagem seca.<\/li>\n<\/ul>\n\n\n\n<p><\/p>\n\n\n\n<ul class=\"wp-block-list\">\n<li><strong>Bloqueio da luz<\/strong>: Possui carater\u00edsticas opacas e de bloqueio da luz para evitar que a luz afecte a qualidade das pipocas.<\/li>\n<\/ul>\n\n\n\n<p><\/p>\n\n\n\n<ul class=\"wp-block-list\">\n<li><strong>Reten\u00e7\u00e3o do aroma e aus\u00eancia de odor<\/strong>O material de embalagem flex\u00edvel de alta qualidade n\u00e3o tem odor, o que pode efetivamente manter o aroma das pipocas.<\/li>\n<\/ul>\n<\/div>\n\n\n\n<div class=\"wp-block-column is-layout-flow wp-block-column-is-layout-flow\">\n<figure class=\"wp-block-image size-full\"><img fetchpriority=\"high\" decoding=\"async\" width=\"750\" height=\"750\" src=\"https:\/\/www.hyflexpack.com\/wp-content\/uploads\/2025\/01\/OEM-Puffed-Rice-Packaging-Roll-Film-3.webp\" alt=\"Rolo de pel\u00edcula para embalagem de pipocas por atacado\" class=\"wp-image-6074\" srcset=\"https:\/\/www.hyflexpack.com\/wp-content\/uploads\/2025\/01\/OEM-Puffed-Rice-Packaging-Roll-Film-3.webp 750w, https:\/\/www.hyflexpack.com\/wp-content\/uploads\/2025\/01\/OEM-Puffed-Rice-Packaging-Roll-Film-3-300x300.webp 300w, https:\/\/www.hyflexpack.com\/wp-content\/uploads\/2025\/01\/OEM-Puffed-Rice-Packaging-Roll-Film-3-150x150.webp 150w, https:\/\/www.hyflexpack.com\/wp-content\/uploads\/2025\/01\/OEM-Puffed-Rice-Packaging-Roll-Film-3-12x12.webp 12w, https:\/\/www.hyflexpack.com\/wp-content\/uploads\/2025\/01\/OEM-Puffed-Rice-Packaging-Roll-Film-3-285x285.webp 285w, https:\/\/www.hyflexpack.com\/wp-content\/uploads\/2025\/01\/OEM-Puffed-Rice-Packaging-Roll-Film-3-270x270.webp 270w, https:\/\/www.hyflexpack.com\/wp-content\/uploads\/2025\/01\/OEM-Puffed-Rice-Packaging-Roll-Film-3-540x540.webp 540w, https:\/\/www.hyflexpack.com\/wp-content\/uploads\/2025\/01\/OEM-Puffed-Rice-Packaging-Roll-Film-3-660x660.webp 660w\" sizes=\"(max-width: 750px) 100vw, 750px\" \/><\/figure>\n<\/div>\n<\/div>\n\n\n\n<h2 class=\"wp-block-heading has-text-align-center\">Design de embalagens de pipocas com uma variedade de designs<\/h2>\n\n\n\n<p><\/p>\n\n\n\n<p>Quer seja para proteger contra a humidade e o oxig\u00e9nio ou para manter a textura estaladi\u00e7a das suas pipocas, as nossas solu\u00e7\u00f5es de embalagem garantem resultados perfeitos no transporte e armazenamento. Contacte-nos hoje para obter pel\u00edcula de embalagem de pipocas por atacado ou para personalizar a sua embalagem de pipocas exclusiva!<\/p>\n\n\n\n<div class=\"wp-block-columns is-layout-flex wp-container-core-columns-is-layout-9d6595d7 wp-block-columns-is-layout-flex\">\n<div class=\"wp-block-column is-layout-flow wp-block-column-is-layout-flow\">\n<figure class=\"wp-block-image size-full\"><img decoding=\"async\" width=\"750\" height=\"750\" src=\"https:\/\/www.hyflexpack.com\/wp-content\/uploads\/2024\/12\/Custom-Potato-Chip-Packaging-bag\uff081\uff09.webp\" alt=\"F\u00e1brica de sacos de embalagem de pipocas personalizados\" class=\"wp-image-5937\" srcset=\"https:\/\/www.hyflexpack.com\/wp-content\/uploads\/2024\/12\/Custom-Potato-Chip-Packaging-bag\uff081\uff09.webp 750w, https:\/\/www.hyflexpack.com\/wp-content\/uploads\/2024\/12\/Custom-Potato-Chip-Packaging-bag\uff081\uff09-300x300.webp 300w, https:\/\/www.hyflexpack.com\/wp-content\/uploads\/2024\/12\/Custom-Potato-Chip-Packaging-bag\uff081\uff09-150x150.webp 150w, https:\/\/www.hyflexpack.com\/wp-content\/uploads\/2024\/12\/Custom-Potato-Chip-Packaging-bag\uff081\uff09-12x12.webp 12w, https:\/\/www.hyflexpack.com\/wp-content\/uploads\/2024\/12\/Custom-Potato-Chip-Packaging-bag\uff081\uff09-285x285.webp 285w, https:\/\/www.hyflexpack.com\/wp-content\/uploads\/2024\/12\/Custom-Potato-Chip-Packaging-bag\uff081\uff09-270x270.webp 270w, https:\/\/www.hyflexpack.com\/wp-content\/uploads\/2024\/12\/Custom-Potato-Chip-Packaging-bag\uff081\uff09-540x540.webp 540w, https:\/\/www.hyflexpack.com\/wp-content\/uploads\/2024\/12\/Custom-Potato-Chip-Packaging-bag\uff081\uff09-660x660.webp 660w\" sizes=\"(max-width: 750px) 100vw, 750px\" \/><\/figure>\n<\/div>\n\n\n\n<div class=\"wp-block-column is-layout-flow wp-block-column-is-layout-flow\">\n<figure class=\"wp-block-image size-full\"><img decoding=\"async\" width=\"750\" height=\"750\" src=\"https:\/\/www.hyflexpack.com\/wp-content\/uploads\/2024\/12\/Custom-Potato-Chip-Packaging-bag\uff083\uff09.webp\" alt=\"Bolsa de embalagem de pipocas personalizada\" class=\"wp-image-5939\" srcset=\"https:\/\/www.hyflexpack.com\/wp-content\/uploads\/2024\/12\/Custom-Potato-Chip-Packaging-bag\uff083\uff09.webp 750w, https:\/\/www.hyflexpack.com\/wp-content\/uploads\/2024\/12\/Custom-Potato-Chip-Packaging-bag\uff083\uff09-300x300.webp 300w, https:\/\/www.hyflexpack.com\/wp-content\/uploads\/2024\/12\/Custom-Potato-Chip-Packaging-bag\uff083\uff09-150x150.webp 150w, https:\/\/www.hyflexpack.com\/wp-content\/uploads\/2024\/12\/Custom-Potato-Chip-Packaging-bag\uff083\uff09-12x12.webp 12w, https:\/\/www.hyflexpack.com\/wp-content\/uploads\/2024\/12\/Custom-Potato-Chip-Packaging-bag\uff083\uff09-285x285.webp 285w, https:\/\/www.hyflexpack.com\/wp-content\/uploads\/2024\/12\/Custom-Potato-Chip-Packaging-bag\uff083\uff09-270x270.webp 270w, https:\/\/www.hyflexpack.com\/wp-content\/uploads\/2024\/12\/Custom-Potato-Chip-Packaging-bag\uff083\uff09-540x540.webp 540w, https:\/\/www.hyflexpack.com\/wp-content\/uploads\/2024\/12\/Custom-Potato-Chip-Packaging-bag\uff083\uff09-660x660.webp 660w\" sizes=\"(max-width: 750px) 100vw, 750px\" \/><\/figure>\n<\/div>\n\n\n\n<div class=\"wp-block-column is-layout-flow wp-block-column-is-layout-flow\">\n<figure class=\"wp-block-image size-full\"><img loading=\"lazy\" decoding=\"async\" width=\"750\" height=\"750\" src=\"https:\/\/www.hyflexpack.com\/wp-content\/uploads\/2024\/12\/Custom-Popcorn-Packaging-Bag2.webp\" alt=\"Pel\u00edcula de embalagem de pipocas por atacado \" class=\"wp-image-5882\" srcset=\"https:\/\/www.hyflexpack.com\/wp-content\/uploads\/2024\/12\/Custom-Popcorn-Packaging-Bag2.webp 750w, https:\/\/www.hyflexpack.com\/wp-content\/uploads\/2024\/12\/Custom-Popcorn-Packaging-Bag2-300x300.webp 300w, https:\/\/www.hyflexpack.com\/wp-content\/uploads\/2024\/12\/Custom-Popcorn-Packaging-Bag2-150x150.webp 150w, https:\/\/www.hyflexpack.com\/wp-content\/uploads\/2024\/12\/Custom-Popcorn-Packaging-Bag2-12x12.webp 12w, https:\/\/www.hyflexpack.com\/wp-content\/uploads\/2024\/12\/Custom-Popcorn-Packaging-Bag2-285x285.webp 285w, https:\/\/www.hyflexpack.com\/wp-content\/uploads\/2024\/12\/Custom-Popcorn-Packaging-Bag2-270x270.webp 270w, https:\/\/www.hyflexpack.com\/wp-content\/uploads\/2024\/12\/Custom-Popcorn-Packaging-Bag2-540x540.webp 540w, https:\/\/www.hyflexpack.com\/wp-content\/uploads\/2024\/12\/Custom-Popcorn-Packaging-Bag2-660x660.webp 660w\" sizes=\"(max-width: 750px) 100vw, 750px\" \/><\/figure>\n<\/div>\n<\/div>\n\n\n\n<p><\/p>","protected":false},"excerpt":{"rendered":"<p>Descubra a nossa pel\u00edcula de embalagem de pipocas OEM, fabricada com materiais de alta qualidade para uma prote\u00e7\u00e3o de barreira ideal contra o oxig\u00e9nio, a humidade e a luz. A sua excelente veda\u00e7\u00e3o t\u00e9rmica garante a integridade do produto durante o transporte e o armazenamento, prolongando a frescura e o prazo de validade. Contacte-nos para personalizar a sua embalagem alimentar ideal!<\/p>\n<h2>Vantagens do grossista de pel\u00edcula de embalagem de pipocas<\/h2>\n<p>&nbsp;<\/p>\n<p>Forma do saco: Filme em rolo personalizado para pipocas, bolsas<br \/>Tamanho e materiais: <a href=\"https:\/\/www.hyflexpack.com\/pt\/embalagens-flexiveis-personalizadas\/\"><strong>Personaliz\u00e1vel<\/strong><\/a><br \/>Impress\u00e3o:Impress\u00e3o de gravura a 10 cores<br \/>Espessura: 50-200 microns, personalizada<br \/>Amostras: Amostras GR\u00c1TIS de bolsas de stock oferecidas<br \/>Certificado: Sem BPA, BRC e certificado ISO<br \/>Porto:Shantou , Shenzhen<br \/>Termos comerciais: EXW, CIF, CFR, FOB<\/p>","protected":false},"featured_media":6074,"comment_status":"open","ping_status":"closed","template":"","meta":[],"product_brand":[],"product_cat":[53],"product_tag":[],"class_list":{"0":"post-6082","1":"product","2":"type-product","3":"status-publish","4":"has-post-thumbnail","6":"product_cat-packaging-film-supplier","8":"first","9":"instock","10":"shipping-taxable","11":"product-type-simple"},"_links":{"self":[{"href":"https:\/\/www.hyflexpack.com\/pt\/wp-json\/wp\/v2\/product\/6082","targetHints":{"allow":["GET"]}}],"collection":[{"href":"https:\/\/www.hyflexpack.com\/pt\/wp-json\/wp\/v2\/product"}],"about":[{"href":"https:\/\/www.hyflexpack.com\/pt\/wp-json\/wp\/v2\/types\/product"}],"replies":[{"embeddable":true,"href":"https:\/\/www.hyflexpack.com\/pt\/wp-json\/wp\/v2\/comments?post=6082"}],"wp:featuredmedia":[{"embeddable":true,"href":"https:\/\/www.hyflexpack.com\/pt\/wp-json\/wp\/v2\/media\/6074"}],"wp:attachment":[{"href":"https:\/\/www.hyflexpack.com\/pt\/wp-json\/wp\/v2\/media?parent=6082"}],"wp:term":[{"taxonomy":"product_brand","embeddable":true,"href":"https:\/\/www.hyflexpack.com\/pt\/wp-json\/wp\/v2\/product_brand?post=6082"},{"taxonomy":"product_cat","embeddable":true,"href":"https:\/\/www.hyflexpack.com\/pt\/wp-json\/wp\/v2\/product_cat?post=6082"},{"taxonomy":"product_tag","embeddable":true,"href":"https:\/\/www.hyflexpack.com\/pt\/wp-json\/wp\/v2\/product_tag?post=6082"}],"curies":[{"name":"wp","href":"https:\/\/api.w.org\/{rel}","templated":true}]}}