{"id":6037,"date":"2025-01-15T20:16:55","date_gmt":"2025-01-15T20:16:55","guid":{"rendered":"https:\/\/www.hyflexpack.com\/?post_type=product&#038;p=6037"},"modified":"2025-10-25T20:23:31","modified_gmt":"2025-10-25T20:23:31","slug":"truffle-chip-bag-packaging-supplier","status":"publish","type":"product","link":"https:\/\/www.hyflexpack.com\/pt\/product\/truffle-chip-bag-packaging-supplier\/","title":{"rendered":"Fornecedor de embalagens de sacos de trufas a granel, embalagens de snacks, sacos com fecho de correr"},"content":{"rendered":"<div class=\"wp-block-columns is-layout-flex wp-container-core-columns-is-layout-9d6595d7 wp-block-columns-is-layout-flex\">\n<div class=\"wp-block-column is-layout-flow wp-block-column-is-layout-flow\">\n<h2 class=\"wp-block-heading\">Bulk Truffle Chip Bag Packaging Features:<\/h2>\n\n\n\n<p><\/p>\n\n\n\n<ul class=\"wp-block-list\">\n<li><strong>Reliable Custom Potato Chip Bag Supplier <\/strong>\u2014 Being an experienced custom potato chip bag supplier, we specialize in OEM snack packaging solutions that maintain your product integrity, extend shelf life, and promote brand visibility for your potato chip and nut food products.<\/li>\n\n\n\n<li><strong>Premium Material Choice <\/strong>\u2014 Our bags are made of high-quality, food-grade plastic or laminated composite films that have excellent moisture-proof, oxygen-blocking, and light-resistant qualities. These materials ensure product safety, freshness, and flavor retention even after long-distance journeys.<\/li>\n\n\n\n<li><strong>Customized Design Flexibility<\/strong> \u2014 We offer OEM\/ODM customization options for size, shape, printing pattern, and functionality. Whether you need matte finishes, clear windows, or resealable zippers, our professional design team can tailor your packaging to meet specific market needs.<\/li>\n\n\n\n<li><strong>Enhanced Structural Stability <\/strong>\u2014 The reinforced stand-up bottom design provides superior shelf presentation, helping your chips or snacks attract more consumer attention and increasing retail visibility.<\/li>\n\n\n\n<li><strong>High-Definition Printing &amp; Branding<\/strong> \u2014 With modern rotogravure printing technology, we offer high-quality rich colors and precise logo presentation that project a greater company image and promote better visibility of products on supermarket shelves.<\/li>\n\n\n\n<li><strong>Factory-Direct Wholesale Support<\/strong> \u2014 Reduce procurement costs with factory-direct prices, low Minimum Order Quantity, and rapid turnaround cycles. Our simplified supply chain offers reliability of quality and timely delivery for bulk orders of snack packaging.<\/li>\n\n\n\n<li><strong>Green &amp; Safe Packaging Options <\/strong>\u2014 Available in recyclable and biodegradable packaging, with a preference for those companies that emphasize eco-friendly and sustainable packaging solutions.<\/li>\n<\/ul>\n<\/div>\n\n\n\n<div class=\"wp-block-column is-layout-flow wp-block-column-is-layout-flow\">\n<figure class=\"wp-block-image size-full\"><img fetchpriority=\"high\" decoding=\"async\" width=\"750\" height=\"750\" src=\"https:\/\/www.hyflexpack.com\/wp-content\/uploads\/2025\/10\/Truffle-Chip-Bag-Packaging-Supplier-Huiyang-1.webp\" alt=\"Truffle Chip Bag Packaging Supplier - Huiyang (1)\" class=\"wp-image-8215\" srcset=\"https:\/\/www.hyflexpack.com\/wp-content\/uploads\/2025\/10\/Truffle-Chip-Bag-Packaging-Supplier-Huiyang-1.webp 750w, https:\/\/www.hyflexpack.com\/wp-content\/uploads\/2025\/10\/Truffle-Chip-Bag-Packaging-Supplier-Huiyang-1-300x300.webp 300w, https:\/\/www.hyflexpack.com\/wp-content\/uploads\/2025\/10\/Truffle-Chip-Bag-Packaging-Supplier-Huiyang-1-150x150.webp 150w, https:\/\/www.hyflexpack.com\/wp-content\/uploads\/2025\/10\/Truffle-Chip-Bag-Packaging-Supplier-Huiyang-1-12x12.webp 12w, https:\/\/www.hyflexpack.com\/wp-content\/uploads\/2025\/10\/Truffle-Chip-Bag-Packaging-Supplier-Huiyang-1-285x285.webp 285w, https:\/\/www.hyflexpack.com\/wp-content\/uploads\/2025\/10\/Truffle-Chip-Bag-Packaging-Supplier-Huiyang-1-270x270.webp 270w, https:\/\/www.hyflexpack.com\/wp-content\/uploads\/2025\/10\/Truffle-Chip-Bag-Packaging-Supplier-Huiyang-1-540x540.webp 540w, https:\/\/www.hyflexpack.com\/wp-content\/uploads\/2025\/10\/Truffle-Chip-Bag-Packaging-Supplier-Huiyang-1-660x660.webp 660w\" sizes=\"(max-width: 750px) 100vw, 750px\" \/><\/figure>\n<\/div>\n<\/div>\n\n\n\n<p><\/p>","protected":false},"excerpt":{"rendered":"<p>Bem-vindo \u00e0 compra <strong data-start=\"194\" data-end=\"224\">bulk truffle chip bag packaging <\/strong>solutions from a reliable <strong data-start=\"251\" data-end=\"285\">truffle chip bag supplier<\/strong>. We offer <strong data-start=\"296\" data-end=\"325\">desenho gratuito, amostras gratuitas<\/strong>, e <strong data-start=\"331\" data-end=\"359\">pre\u00e7os grossistas de f\u00e1brica<\/strong> with food-grade materials, strong barrier protection, and OEM customization for premium truffle freshness and branding.<\/p>\n<h3>Advantages of Truffle Chip Bag Packaging\u00a0Supplier<\/h3>\n<ul>\n<li><strong>Design personalizado:<\/strong>\u00a0Fornecemos servi\u00e7os personalizados, incluindo personaliza\u00e7\u00e3o de material, tamanho e padr\u00e3o de impress\u00e3o para atender \u00e0s necessidades do cliente, e oferecemos suporte a OEM e ODM.<\/li>\n<li><strong>Fabrico:<\/strong>\u00a0Com equipamento e tecnologia avan\u00e7ados, podemos completar a produ\u00e7\u00e3o de encomendas de forma eficiente e com alta qualidade, e podemos entregar a tempo.<\/li>\n<li><strong>Inspe\u00e7\u00e3o da qualidade:<\/strong>\u00a0A produ\u00e7\u00e3o \u00e9 efectuada em estrita conformidade com as normas de qualidade e os requisitos de seguran\u00e7a alimentar para garantir que os produtos cumprem as normas.<\/li>\n<li><strong>Certifica\u00e7\u00e3o\uff1a<\/strong>\u00a0FDA\/BRC\/ISO 9001\/RoHS<\/li>\n<li><strong>Servi\u00e7o ao cliente:<\/strong>\u00a024 horas para fornecer uma resposta r\u00e1pida e um servi\u00e7o de apoio ao cliente atencioso.<\/li>\n<li><strong>Amostra gr\u00e1tis:<\/strong>\u00a0Fornecer um servi\u00e7o de amostras gr\u00e1tis para que possa avaliar o produto.<\/li>\n<\/ul>\n<p><strong>Embalagens Huiyang<\/strong>\u00a0est\u00e1 empenhada em fornecer aos clientes\u00a0<strong>de qualidade alimentar<\/strong> <strong data-start=\"194\" data-end=\"224\">truffle chip bag packaging<\/strong> para ajudar os clientes a melhorar a imagem dos seus produtos e a aumentar a sua competitividade no mercado.<\/p>","protected":false},"featured_media":8216,"comment_status":"open","ping_status":"closed","template":"","meta":[],"product_brand":[],"product_cat":[57,51],"product_tag":[],"class_list":{"0":"post-6037","1":"product","2":"type-product","3":"status-publish","4":"has-post-thumbnail","6":"product_cat-snack-packaging-bags-wholesale","7":"product_cat-custom-food-packaging-bags","9":"first","10":"instock","11":"shipping-taxable","12":"product-type-simple"},"_links":{"self":[{"href":"https:\/\/www.hyflexpack.com\/pt\/wp-json\/wp\/v2\/product\/6037","targetHints":{"allow":["GET"]}}],"collection":[{"href":"https:\/\/www.hyflexpack.com\/pt\/wp-json\/wp\/v2\/product"}],"about":[{"href":"https:\/\/www.hyflexpack.com\/pt\/wp-json\/wp\/v2\/types\/product"}],"replies":[{"embeddable":true,"href":"https:\/\/www.hyflexpack.com\/pt\/wp-json\/wp\/v2\/comments?post=6037"}],"wp:featuredmedia":[{"embeddable":true,"href":"https:\/\/www.hyflexpack.com\/pt\/wp-json\/wp\/v2\/media\/8216"}],"wp:attachment":[{"href":"https:\/\/www.hyflexpack.com\/pt\/wp-json\/wp\/v2\/media?parent=6037"}],"wp:term":[{"taxonomy":"product_brand","embeddable":true,"href":"https:\/\/www.hyflexpack.com\/pt\/wp-json\/wp\/v2\/product_brand?post=6037"},{"taxonomy":"product_cat","embeddable":true,"href":"https:\/\/www.hyflexpack.com\/pt\/wp-json\/wp\/v2\/product_cat?post=6037"},{"taxonomy":"product_tag","embeddable":true,"href":"https:\/\/www.hyflexpack.com\/pt\/wp-json\/wp\/v2\/product_tag?post=6037"}],"curies":[{"name":"wp","href":"https:\/\/api.w.org\/{rel}","templated":true}]}}